{"id":12683,"date":"2021-03-24T09:52:11","date_gmt":"2021-03-24T09:52:11","guid":{"rendered":"https:\/\/elleerre.it\/elleerre-people\/"},"modified":"2026-03-31T08:51:13","modified_gmt":"2026-03-31T08:51:13","slug":"elleerre-people","status":"publish","type":"page","link":"https:\/\/elleerre.it\/de\/elleerre-people\/","title":{"rendered":"ElleErre People"},"content":{"rendered":"<div class=\"wpb-content-wrapper\"><p>[vc_row full_width=&#8220;stretch_row_content_no_spaces&#8220; el_class=&#8220;ctm_first_section&#8220;][vc_column width=&#8220;1\/4&#8243; el_class=&#8220;ctm_full_left&#8220;][vc_custom_heading text=&#8220;UNSERE<br \/>\nPROJEKTE&#8220; font_container=&#8220;tag:h1|text_align:left&#8220; use_theme_fonts=&#8220;yes&#8220; css=&#8220;.vc_custom_1678181178694{background-color: #000000 !important;}&#8220; el_class=&#8220;cmt_black_h1&#8243;][vc_column_text css=&#8220;.vc_custom_1739435528248{padding-right: 15px !important;}&#8220; el_class=&#8220;ctm_cnt&#8220;]Sport war schon immer ein Teil von ElleErre, wir glauben fest an sportliche Aktivit\u00e4ten und f\u00f6rdern sie sogar. Wir haben ein Running-Team (Elle Erre Asd) gegr\u00fcndet und unterst\u00fctzen Sportveranstaltungen aller Art, von Radrennen \u00fcber Motorradrennen, Laufen, Skifahren usw., sowie Projekte um die Umwelt und die Outdoor-Welt.[\/vc_column_text][vc_custom_heading text=&#8220;UNSER<br \/>\nTEAM&#8220; font_container=&#8220;tag:h3|text_align:left|color:%23000000&#8243; use_theme_fonts=&#8220;yes&#8220; el_class=&#8220;ctm_yellow_h3&#8243;][\/vc_column][vc_column width=&#8220;3\/4&#8243; el_class=&#8220;ctm_full_img&#8220;][vc_single_image image=&#8220;17124&#8243; img_size=&#8220;full&#8220; alignment=&#8220;right&#8220;][\/vc_column][\/vc_row][vc_row][vc_column][vc_empty_space height=&#8220;50px&#8220;][\/vc_column][\/vc_row][vc_row el_class=&#8220;ctm_right_align&#8220;][vc_column width=&#8220;1\/2&#8243;][vc_custom_heading text=&#8220;ELLE ERRE ASD&#8220; font_container=&#8220;tag:h2|text_align:left|color:%23e6ff00&#8243; use_theme_fonts=&#8220;yes&#8220; css=&#8220;.vc_custom_1741779159184{background-color: #000000 !important;}&#8220; el_class=&#8220;cmt_black_h2&#8243;][vc_gallery type=&#8220;flexslider_slide&#8220; interval=&#8220;3&#8243; images=&#8220;17128,17132,17138,17141,19079&#8243; img_size=&#8220;1200&#215;800&#8243; onclick=&#8220;&#8220; css=&#8220;&#8220;][\/vc_column][vc_column width=&#8220;1\/2&#8243;][vc_empty_space height=&#8220;100px&#8220; el_class=&#8220;d-none d-md-block&#8220;][vc_column_text]Im Jahr 2015 wurde das heutige <strong>Elle Erre ASD<\/strong> gegr\u00fcndet, parallel zur ersten Ausgabe des Orobie Ultra Trail, an dem 10 Teilnehmer teilnahmen. Heute besteht das Team aus \u00fcber <strong>80 Athleten<\/strong>, mit denen Elle Erre die Leidenschaft f\u00fcr das Laufen, Trailrunning und Sport teilt&#8230; aber auch f\u00fcr den sogenannten &#8222;dritten Halbzeit&#8220;, indem nach Wettk\u00e4mpfen und Trainingseinheiten gemeinsame Momente der Geselligkeit geteilt werden, mit dem Ziel, das Teamgef\u00fchl und die Freundschaft immer weiter zu st\u00e4rken.[\/vc_column_text][vc_empty_space height=&#8220;50px&#8220;][\/vc_column][\/vc_row][vc_row el_class=&#8220;ctm_right_align&#8220;][vc_column width=&#8220;1\/2&#8243;][vc_empty_space height=&#8220;100px&#8220; el_class=&#8220;d-none d-md-block&#8220;][vc_column_text]Die <strong>InSuper-Abili<\/strong> sind ein integraler Bestandteil des Teams Elle Erre ASD, eine Gruppe von jungen Menschen mit unterschiedlichen Behinderungen, die den Sport mit Leidenschaft und Freude leben. Sie nehmen an Wettk\u00e4mpfen und Wanderungen teil und zeigen, dass Sport ein grundlegender Bezugspunkt f\u00fcr Inklusion und Wachstum ist.[\/vc_column_text][vc_empty_space height=&#8220;50px&#8220;][\/vc_column][vc_column width=&#8220;1\/2&#8243;][vc_custom_heading text=&#8220;Die InSuper-Abili&#8220; font_container=&#8220;tag:h2|text_align:left|color:%23e6ff00&#8243; use_theme_fonts=&#8220;yes&#8220; css=&#8220;.vc_custom_1741778833567{background-color: #000000 !important;}&#8220; el_class=&#8220;cmt_black_h2&#8243;][vc_gallery type=&#8220;flexslider_slide&#8220; interval=&#8220;3&#8243; images=&#8220;17279,17276&#8243; img_size=&#8220;1200&#215;800&#8243; onclick=&#8220;&#8220;][\/vc_column][\/vc_row][vc_row el_class=&#8220;ctm_right_align&#8220;][vc_column width=&#8220;1\/2&#8243;][vc_custom_heading text=&#8220;MICHELA MOIOLI&#8220; font_container=&#8220;tag:h2|text_align:left|color:%23e6ff00&#8243; use_theme_fonts=&#8220;yes&#8220; css=&#8220;.vc_custom_1741779176106{background-color: #000000 !important;}&#8220; el_class=&#8220;cmt_black_h2&#8243;][vc_gallery type=&#8220;flexslider_slide&#8220; interval=&#8220;3&#8243; images=&#8220;17225,17236,17231,17228&#8243; img_size=&#8220;1200&#215;800&#8243; onclick=&#8220;&#8220;][\/vc_column][vc_column width=&#8220;1\/2&#8243;][vc_empty_space height=&#8220;100px&#8220; el_class=&#8220;d-none d-md-block&#8220;][vc_column_text css=&#8220;&#8220;]<\/p>\n<p data-start=\"0\" data-end=\"319\">Seit 2023 besteht eine Sponsoring-Partnerschaft zwischen Elle-Erre und <strong>Michela Moioli<\/strong>, Olympiasiegerin im Snowboard Cross. Goldmedaillengewinnerin bei den Olympischen Spielen <strong>PyeongChang 2018<\/strong>, Silbermedaillengewinnerin im Teamwettbewerb bei den Olympischen <strong>Spielen Peking 2022<\/strong> sowie zweifache Medaillengewinnerin bei den Olympischen Spielen <strong>Milano Cortina 2026<\/strong> mit Bronze im Einzel und Silber im Team \u2013 ihre Erfolge stehen f\u00fcr einen Weg der Exzellenz, der die gemeinsamen Werte von Entschlossenheit, Leistungsbereitschaft und Leidenschaft widerspiegelt, die Elle-Erre auszeichnen.<\/p>\n<p data-start=\"321\" data-end=\"544\" data-is-last-node=\"\" data-is-only-node=\"\">An der Seite einer so hochkar\u00e4tigen Athletin zu stehen, ist eine gro\u00dfe Ehre f\u00fcr das Unternehmen. Zudem teilen wir mit Michela eine starke Verbindung zum Heimatgebiet, da auch wir beide Wurzeln in Alzano Lombardo (Bg) haben.<\/p>\n<p>[\/vc_column_text][vc_empty_space height=&#8220;50px&#8220;][\/vc_column][\/vc_row][vc_row el_class=&#8220;ctm_right_align&#8220;][vc_column width=&#8220;1\/2&#8243;][vc_empty_space height=&#8220;100px&#8220; el_class=&#8220;d-none d-md-block&#8220;][vc_column_text]<\/p>\n<p data-start=\"0\" data-end=\"113\">Ab der Saison 2024-2025 und f\u00fcr die n\u00e4chsten f\u00fcnf Jahre wird Elle-Erre Hauptsponsor von <strong>Seriana Basket \u2013 Serie C.<\/strong><\/p>\n<p data-start=\"115\" data-end=\"482\">Ein Engagement, das \u00fcber den Sport hinausgeht und eine wertvolle Entscheidung darstellt, die unsere Verbindung mit der Gemeinschaft st\u00e4rkt. Das Team, unter der Leitung von <strong>Marco Plenezio<\/strong>, besteht aus einer eingespielten Gruppe von Athleten, die unsere Leidenschaft, Entschlossenheit und Teamgeist teilen \u2013 dieselben Prinzipien, die unser Unternehmen jeden Tag leiten.<\/p>\n<p data-start=\"484\" data-end=\"630\" data-is-last-node=\"\" data-is-only-node=\"\">Die Unterst\u00fctzung des lokalen Sports bedeutet, in Menschen, in junge Talente und in die Werte zu investieren, die unser Gebiet einzigartig machen.<\/p>\n<p>[\/vc_column_text][vc_empty_space height=&#8220;50px&#8220;][\/vc_column][vc_column width=&#8220;1\/2&#8243;][vc_custom_heading text=&#8220;Seriana Basket \u2013 Serie C&#8220; font_container=&#8220;tag:h2|text_align:left|color:%23e6ff00&#8243; use_theme_fonts=&#8220;yes&#8220; css=&#8220;.vc_custom_1741779110643{background-color: #000000 !important;}&#8220; el_class=&#8220;cmt_black_h2&#8243;][vc_gallery type=&#8220;flexslider_slide&#8220; interval=&#8220;3&#8243; images=&#8220;18976,17252,17246,17249,17255&#8243; img_size=&#8220;1200&#215;800&#8243; onclick=&#8220;&#8220; css=&#8220;&#8220;][\/vc_column][\/vc_row][vc_row el_class=&#8220;ctm_right_align&#8220;][vc_column width=&#8220;1\/2&#8243;][vc_custom_heading text=&#8220;ADVENTURE CHALLENGE&#8220; font_container=&#8220;tag:h2|text_align:left|color:%23e6ff00&#8243; use_theme_fonts=&#8220;yes&#8220; css=&#8220;.vc_custom_1741779199180{background-color: #000000 !important;}&#8220; el_class=&#8220;cmt_black_h2&#8243;][vc_gallery type=&#8220;flexslider_slide&#8220; interval=&#8220;3&#8243; images=&#8220;18968,17252,17246,17249,17255&#8243; img_size=&#8220;1200&#215;800&#8243; onclick=&#8220;&#8220; css=&#8220;&#8220;][\/vc_column][vc_column width=&#8220;1\/2&#8243;][vc_empty_space height=&#8220;100px&#8220; el_class=&#8220;d-none d-md-block&#8220;][vc_column_text]<\/p>\n<article class=\"w-full text-token-text-primary focus-visible:outline-2 focus-visible:outline-offset-[-4px]\" dir=\"auto\" data-testid=\"conversation-turn-19\" data-scroll-anchor=\"true\">\n<div class=\"text-base my-auto mx-auto py-[18px] px-6\">\n<div class=\"mx-auto flex flex-1 text-base gap-4 md:gap-5 lg:gap-6 md:max-w-3xl\">\n<div class=\"group\/conversation-turn relative flex w-full min-w-0 flex-col agent-turn @xs\/thread:px-0 @sm\/thread:px-1.5 @md\/thread:px-4\">\n<div class=\"flex-col gap-1 md:gap-3\">\n<div class=\"flex max-w-full flex-col flex-grow\">\n<div class=\"min-h-8 text-message relative flex w-full flex-col items-end gap-2 whitespace-normal break-words text-start [.text-message+&amp;]:mt-5\" dir=\"auto\" data-message-author-role=\"assistant\" data-message-id=\"14474b16-c66f-4cf9-a7da-87a6c3a15a52\" data-message-model-slug=\"gpt-4o-mini\">\n<div class=\"flex w-full flex-col gap-1 empty:hidden first:pt-[3px]\">\n<div class=\"markdown prose w-full break-words dark:prose-invert dark\">\n<p data-start=\"0\" data-end=\"259\"><strong>Adventure Challenge<\/strong> ist ein Wettbewerb f\u00fcr diejenigen, die Reisen in ein Abenteuer verwandeln und Traum und Realit\u00e4t vereinen. Er richtet sich an Reisende, Kreative und Storyteller und pr\u00e4miert Projekte, die Erlebnisse \u00fcber soziale Medien oder Blogs erz\u00e4hlen.<\/p>\n<p data-start=\"261\" data-end=\"419\" data-is-last-node=\"\" data-is-only-node=\"\">Das Ziel ist es, diejenigen zu unterst\u00fctzen, die die Welt mit Leidenschaft erkunden, die Natur respektieren und Emotionen, Begegnungen und Geschichten teilen.<\/p>\n<\/div>\n<\/div>\n<\/div>\n<\/div>\n<div class=\"mb-2 flex gap-3 -ml-2\" tabindex=\"0\">\n<div class=\"flex items-center justify-start rounded-xl p-1\">\n<div class=\"flex items-center\"><\/div>\n<\/div>\n<\/div>\n<div class=\"mt-3 w-full empty:hidden\">\n<div class=\"text-center\"><\/div>\n<\/div>\n<\/div>\n<div class=\"absolute\">\n<div class=\"flex items-center justify-center\"><\/div>\n<\/div>\n<\/div>\n<\/div>\n<\/div>\n<\/article>\n<div class=\"pointer-events-none h-px w-px\" aria-hidden=\"true\" data-edge=\"true\"><\/div>\n<p>[\/vc_column_text][vc_empty_space height=&#8220;50px&#8220;][\/vc_column][\/vc_row][vc_row full_width=&#8220;stretch_row&#8220; css=&#8220;.vc_custom_1616057488488{background-color: #f2f2f2 !important;}&#8220; el_class=&#8220;ctm_contact_heading&#8220;][vc_column][vc_custom_heading text=&#8220;KONTAKTIEREN SIE UNS&#8220; font_container=&#8220;tag:h2|text_align:center&#8220; use_theme_fonts=&#8220;yes&#8220;][\/vc_column][\/vc_row][vc_row el_class=&#8220;ctm_contact_section&#8220;][vc_column]\n<div class=\"wpcf7 no-js\" id=\"wpcf7-f12687-o1\" lang=\"it-IT\" dir=\"ltr\" data-wpcf7-id=\"12687\">\n<div class=\"screen-reader-response\"><p role=\"status\" aria-live=\"polite\" aria-atomic=\"true\"><\/p> <ul><\/ul><\/div>\n<form action=\"\/de\/wp-json\/wp\/v2\/pages\/12683#wpcf7-f12687-o1\" method=\"post\" class=\"wpcf7-form init\" aria-label=\"Modulo di contatto\" novalidate=\"novalidate\" data-status=\"init\">\n<fieldset class=\"hidden-fields-container\"><input type=\"hidden\" name=\"_wpcf7\" value=\"12687\" \/><input type=\"hidden\" name=\"_wpcf7_version\" value=\"6.1.5\" \/><input type=\"hidden\" name=\"_wpcf7_locale\" value=\"it_IT\" \/><input type=\"hidden\" name=\"_wpcf7_unit_tag\" value=\"wpcf7-f12687-o1\" \/><input type=\"hidden\" name=\"_wpcf7_container_post\" value=\"0\" \/><input type=\"hidden\" name=\"_wpcf7_posted_data_hash\" value=\"\" \/>\n<\/fieldset>\n<div class=\"wpcf7-turnstile cf-turnstile\" data-sitekey=\"0x4AAAAAACZk62Jk-TPb2Q-_\" data-response-field-name=\"_wpcf7_turnstile_response\"><\/div>\n\n<label> Name* <span class=\"wpcf7-form-control-wrap\" data-name=\"your-name\"><input size=\"40\" maxlength=\"400\" class=\"wpcf7-form-control wpcf7-text wpcf7-validates-as-required\" aria-required=\"true\" aria-invalid=\"false\" value=\"\" type=\"text\" name=\"your-name\" \/><\/span> <\/label>\n<label> Nachname* <span class=\"wpcf7-form-control-wrap\" data-name=\"your-cognome\"><input size=\"40\" maxlength=\"400\" class=\"wpcf7-form-control wpcf7-text wpcf7-validates-as-required\" aria-required=\"true\" aria-invalid=\"false\" value=\"\" type=\"text\" name=\"your-cognome\" \/><\/span> <\/label>\n<label> Unternehmen <span class=\"wpcf7-form-control-wrap\" data-name=\"your-azienda\"><input size=\"40\" maxlength=\"400\" class=\"wpcf7-form-control wpcf7-text wpcf7-validates-as-required\" aria-required=\"true\" aria-invalid=\"false\" value=\"\" type=\"text\" name=\"your-azienda\" \/><\/span> <\/label>\n<label> Telefon* <span class=\"wpcf7-form-control-wrap\" data-name=\"tel-telefono\"><input size=\"40\" maxlength=\"400\" class=\"wpcf7-form-control wpcf7-tel wpcf7-validates-as-required wpcf7-text wpcf7-validates-as-tel\" aria-required=\"true\" aria-invalid=\"false\" value=\"\" type=\"tel\" name=\"tel-telefono\" \/><\/span> <\/label>\n<label> Ihre E-Mail* <span class=\"wpcf7-form-control-wrap\" data-name=\"your-email\"><input size=\"40\" maxlength=\"400\" class=\"wpcf7-form-control wpcf7-email wpcf7-validates-as-required wpcf7-text wpcf7-validates-as-email\" aria-required=\"true\" aria-invalid=\"false\" value=\"\" type=\"email\" name=\"your-email\" \/><\/span> <\/label>\n<label> Ihre Nachricht* <span class=\"wpcf7-form-control-wrap\" data-name=\"your-message\"><textarea cols=\"40\" rows=\"10\" maxlength=\"2000\" class=\"wpcf7-form-control wpcf7-textarea\" aria-invalid=\"false\" name=\"your-message\"><\/textarea><\/span> <\/label>\n<label class=\"accept_terms\"> <span class=\"wpcf7-form-control-wrap\" data-name=\"checkbox-958\"><span class=\"wpcf7-form-control wpcf7-checkbox wpcf7-validates-as-required\"><span class=\"wpcf7-list-item first last\"><label><input type=\"checkbox\" name=\"checkbox-958[]\" value=\"Hiermit best\u00e4tige ich, dass ich die Bedingungen der Datenschutzerkl\u00e4rung gelesen habe und akzeptiere.\" \/><span class=\"wpcf7-list-item-label\">Hiermit best\u00e4tige ich, dass ich die Bedingungen der Datenschutzerkl\u00e4rung gelesen habe und akzeptiere.<\/span><\/label><\/span><\/span><\/span> <div class=\"cf-turnstile-wrap\" style=\"padding:10px 0 10px 0\"><div  class=\"cf-turnstile\" data-sitekey=\"0x4AAAAAACZk62Jk-TPb2Q-_\" data-theme=\"auto\"><\/div><\/div><span class='wpcf7-form-control-wrap' data-name='aiowps-captcha'><\/span><input class=\"wpcf7-form-control wpcf7-submit has-spinner\" type=\"submit\" value=\"Senden\" \/><\/label><p style=\"display: none !important;\" class=\"akismet-fields-container\" data-prefix=\"_wpcf7_ak_\"><label>&#916;<textarea name=\"_wpcf7_ak_hp_textarea\" cols=\"45\" rows=\"8\" maxlength=\"100\"><\/textarea><\/label><input type=\"hidden\" id=\"ak_js_1\" name=\"_wpcf7_ak_js\" value=\"100\"\/><script>document.getElementById( \"ak_js_1\" ).setAttribute( \"value\", ( new Date() ).getTime() );<\/script><\/p><div class=\"wpcf7-response-output\" aria-hidden=\"true\"><\/div>\n<\/form>\n<\/div>\n[\/vc_column][\/vc_row]<\/p>\n<\/div>","protected":false},"excerpt":{"rendered":"<p>[vc_row full_width=&#8220;stretch_row_content_no_spaces&#8220; el_class=&#8220;ctm_first_section&#8220;][vc_column width=&#8220;1\/4&#8243; el_class=&#8220;ctm_full_left&#8220;][vc_custom_heading text=&#8220;UNSERE PROJEKTE&#8220; font_container=&#8220;tag:h1|text_align:left&#8220; use_theme_fonts=&#8220;yes&#8220; css=&#8220;.vc_custom_1678181178694{background-color: #000000 !important;}&#8220; el_class=&#8220;cmt_black_h1&#8243;][vc_column_text css=&#8220;.vc_custom_1739435528248{padding-right: 15px !important;}&#8220; el_class=&#8220;ctm_cnt&#8220;]Sport war schon immer ein Teil von ElleErre, wir glauben fest an sportliche Aktivit\u00e4ten und f\u00f6rdern sie sogar. Wir haben ein Running-Team (Elle Erre Asd) gegr\u00fcndet und unterst\u00fctzen Sportveranstaltungen aller Art, von Radrennen \u00fcber Motorradrennen, Laufen, Skifahren usw., sowie [&hellip;]<\/p>\n","protected":false},"author":2,"featured_media":0,"parent":0,"menu_order":0,"comment_status":"closed","ping_status":"closed","template":"","meta":{"_acf_changed":false,"inline_featured_image":false,"footnotes":""},"class_list":["post-12683","page","type-page","status-publish","hentry"],"acf":[],"yoast_head":"<!-- This site is optimized with the Yoast SEO plugin v27.3 - https:\/\/yoast.com\/product\/yoast-seo-wordpress\/ -->\n<title>ElleErre People - ElleErre Shop online<\/title>\n<meta name=\"description\" content=\"Lo sport \u00e8 parte di ElleErre da sempre, crediamo fortemente nell\u2019attivit\u00e0 sportiva al punto di promuoverla.\" \/>\n<meta name=\"robots\" content=\"index, follow, max-snippet:-1, max-image-preview:large, max-video-preview:-1\" \/>\n<link rel=\"canonical\" href=\"https:\/\/elleerre.it\/de\/elleerre-people\/\" \/>\n<meta property=\"og:locale\" content=\"de_DE\" \/>\n<meta property=\"og:type\" content=\"article\" \/>\n<meta property=\"og:title\" content=\"ElleErre People - ElleErre Shop online\" \/>\n<meta property=\"og:description\" content=\"Lo sport \u00e8 parte di ElleErre da sempre, crediamo fortemente nell\u2019attivit\u00e0 sportiva al punto di promuoverla.\" \/>\n<meta property=\"og:url\" content=\"https:\/\/elleerre.it\/de\/elleerre-people\/\" \/>\n<meta property=\"og:site_name\" content=\"ElleErre\" \/>\n<meta property=\"article:publisher\" content=\"https:\/\/www.facebook.com\/ElleErre.it\" \/>\n<meta property=\"article:modified_time\" content=\"2026-03-31T08:51:13+00:00\" \/>\n<meta name=\"twitter:card\" content=\"summary_large_image\" \/>\n<meta name=\"twitter:label1\" content=\"Gesch\u00e4tzte Lesezeit\" \/>\n\t<meta name=\"twitter:data1\" content=\"8\u00a0Minuten\" \/>\n<script type=\"application\/ld+json\" class=\"yoast-schema-graph\">{\"@context\":\"https:\\\/\\\/schema.org\",\"@graph\":[{\"@type\":\"WebPage\",\"@id\":\"https:\\\/\\\/elleerre.it\\\/de\\\/elleerre-people\\\/\",\"url\":\"https:\\\/\\\/elleerre.it\\\/de\\\/elleerre-people\\\/\",\"name\":\"ElleErre People - ElleErre Shop online\",\"isPartOf\":{\"@id\":\"https:\\\/\\\/elleerre.it\\\/#website\"},\"datePublished\":\"2021-03-24T09:52:11+00:00\",\"dateModified\":\"2026-03-31T08:51:13+00:00\",\"description\":\"Lo sport \u00e8 parte di ElleErre da sempre, crediamo fortemente nell\u2019attivit\u00e0 sportiva al punto di promuoverla.\",\"breadcrumb\":{\"@id\":\"https:\\\/\\\/elleerre.it\\\/de\\\/elleerre-people\\\/#breadcrumb\"},\"inLanguage\":\"de\",\"potentialAction\":[{\"@type\":\"ReadAction\",\"target\":[\"https:\\\/\\\/elleerre.it\\\/de\\\/elleerre-people\\\/\"]}]},{\"@type\":\"BreadcrumbList\",\"@id\":\"https:\\\/\\\/elleerre.it\\\/de\\\/elleerre-people\\\/#breadcrumb\",\"itemListElement\":[{\"@type\":\"ListItem\",\"position\":1,\"name\":\"Home\",\"item\":\"https:\\\/\\\/elleerre.it\\\/de\\\/\"},{\"@type\":\"ListItem\",\"position\":2,\"name\":\"ElleErre People\"}]},{\"@type\":\"WebSite\",\"@id\":\"https:\\\/\\\/elleerre.it\\\/#website\",\"url\":\"https:\\\/\\\/elleerre.it\\\/\",\"name\":\"ElleErre\",\"description\":\"Abbigliamento sportivo personalizzato\",\"publisher\":{\"@id\":\"https:\\\/\\\/elleerre.it\\\/#organization\"},\"potentialAction\":[{\"@type\":\"SearchAction\",\"target\":{\"@type\":\"EntryPoint\",\"urlTemplate\":\"https:\\\/\\\/elleerre.it\\\/?s={search_term_string}\"},\"query-input\":{\"@type\":\"PropertyValueSpecification\",\"valueRequired\":true,\"valueName\":\"search_term_string\"}}],\"inLanguage\":\"de\"},{\"@type\":\"Organization\",\"@id\":\"https:\\\/\\\/elleerre.it\\\/#organization\",\"name\":\"ElleErre\",\"url\":\"https:\\\/\\\/elleerre.it\\\/\",\"logo\":{\"@type\":\"ImageObject\",\"inLanguage\":\"de\",\"@id\":\"https:\\\/\\\/elleerre.it\\\/#\\\/schema\\\/logo\\\/image\\\/\",\"url\":\"https:\\\/\\\/elleerre.it\\\/wp-content\\\/uploads\\\/2021\\\/04\\\/fettuccia_elleerre_var.jpg\",\"contentUrl\":\"https:\\\/\\\/elleerre.it\\\/wp-content\\\/uploads\\\/2021\\\/04\\\/fettuccia_elleerre_var.jpg\",\"width\":300,\"height\":300,\"caption\":\"ElleErre\"},\"image\":{\"@id\":\"https:\\\/\\\/elleerre.it\\\/#\\\/schema\\\/logo\\\/image\\\/\"},\"sameAs\":[\"https:\\\/\\\/www.facebook.com\\\/ElleErre.it\",\"https:\\\/\\\/www.instagram.com\\\/elleerre.it\\\/\",\"https:\\\/\\\/www.youtube.com\\\/user\\\/EasyFlag\"]}]}<\/script>\n<!-- \/ Yoast SEO plugin. -->","yoast_head_json":{"title":"ElleErre People - ElleErre Shop online","description":"Lo sport \u00e8 parte di ElleErre da sempre, crediamo fortemente nell\u2019attivit\u00e0 sportiva al punto di promuoverla.","robots":{"index":"index","follow":"follow","max-snippet":"max-snippet:-1","max-image-preview":"max-image-preview:large","max-video-preview":"max-video-preview:-1"},"canonical":"https:\/\/elleerre.it\/de\/elleerre-people\/","og_locale":"de_DE","og_type":"article","og_title":"ElleErre People - ElleErre Shop online","og_description":"Lo sport \u00e8 parte di ElleErre da sempre, crediamo fortemente nell\u2019attivit\u00e0 sportiva al punto di promuoverla.","og_url":"https:\/\/elleerre.it\/de\/elleerre-people\/","og_site_name":"ElleErre","article_publisher":"https:\/\/www.facebook.com\/ElleErre.it","article_modified_time":"2026-03-31T08:51:13+00:00","twitter_card":"summary_large_image","twitter_misc":{"Gesch\u00e4tzte Lesezeit":"8\u00a0Minuten"},"schema":{"@context":"https:\/\/schema.org","@graph":[{"@type":"WebPage","@id":"https:\/\/elleerre.it\/de\/elleerre-people\/","url":"https:\/\/elleerre.it\/de\/elleerre-people\/","name":"ElleErre People - ElleErre Shop online","isPartOf":{"@id":"https:\/\/elleerre.it\/#website"},"datePublished":"2021-03-24T09:52:11+00:00","dateModified":"2026-03-31T08:51:13+00:00","description":"Lo sport \u00e8 parte di ElleErre da sempre, crediamo fortemente nell\u2019attivit\u00e0 sportiva al punto di promuoverla.","breadcrumb":{"@id":"https:\/\/elleerre.it\/de\/elleerre-people\/#breadcrumb"},"inLanguage":"de","potentialAction":[{"@type":"ReadAction","target":["https:\/\/elleerre.it\/de\/elleerre-people\/"]}]},{"@type":"BreadcrumbList","@id":"https:\/\/elleerre.it\/de\/elleerre-people\/#breadcrumb","itemListElement":[{"@type":"ListItem","position":1,"name":"Home","item":"https:\/\/elleerre.it\/de\/"},{"@type":"ListItem","position":2,"name":"ElleErre People"}]},{"@type":"WebSite","@id":"https:\/\/elleerre.it\/#website","url":"https:\/\/elleerre.it\/","name":"ElleErre","description":"Abbigliamento sportivo personalizzato","publisher":{"@id":"https:\/\/elleerre.it\/#organization"},"potentialAction":[{"@type":"SearchAction","target":{"@type":"EntryPoint","urlTemplate":"https:\/\/elleerre.it\/?s={search_term_string}"},"query-input":{"@type":"PropertyValueSpecification","valueRequired":true,"valueName":"search_term_string"}}],"inLanguage":"de"},{"@type":"Organization","@id":"https:\/\/elleerre.it\/#organization","name":"ElleErre","url":"https:\/\/elleerre.it\/","logo":{"@type":"ImageObject","inLanguage":"de","@id":"https:\/\/elleerre.it\/#\/schema\/logo\/image\/","url":"https:\/\/elleerre.it\/wp-content\/uploads\/2021\/04\/fettuccia_elleerre_var.jpg","contentUrl":"https:\/\/elleerre.it\/wp-content\/uploads\/2021\/04\/fettuccia_elleerre_var.jpg","width":300,"height":300,"caption":"ElleErre"},"image":{"@id":"https:\/\/elleerre.it\/#\/schema\/logo\/image\/"},"sameAs":["https:\/\/www.facebook.com\/ElleErre.it","https:\/\/www.instagram.com\/elleerre.it\/","https:\/\/www.youtube.com\/user\/EasyFlag"]}]}},"_links":{"self":[{"href":"https:\/\/elleerre.it\/de\/wp-json\/wp\/v2\/pages\/12683","targetHints":{"allow":["GET"]}}],"collection":[{"href":"https:\/\/elleerre.it\/de\/wp-json\/wp\/v2\/pages"}],"about":[{"href":"https:\/\/elleerre.it\/de\/wp-json\/wp\/v2\/types\/page"}],"author":[{"embeddable":true,"href":"https:\/\/elleerre.it\/de\/wp-json\/wp\/v2\/users\/2"}],"replies":[{"embeddable":true,"href":"https:\/\/elleerre.it\/de\/wp-json\/wp\/v2\/comments?post=12683"}],"version-history":[{"count":15,"href":"https:\/\/elleerre.it\/de\/wp-json\/wp\/v2\/pages\/12683\/revisions"}],"predecessor-version":[{"id":20376,"href":"https:\/\/elleerre.it\/de\/wp-json\/wp\/v2\/pages\/12683\/revisions\/20376"}],"wp:attachment":[{"href":"https:\/\/elleerre.it\/de\/wp-json\/wp\/v2\/media?parent=12683"}],"curies":[{"name":"wp","href":"https:\/\/api.w.org\/{rel}","templated":true}]}}