{"id":12711,"date":"2021-04-20T15:12:22","date_gmt":"2021-04-20T15:12:22","guid":{"rendered":"https:\/\/elleerre.it\/unkategorisiert\/chair\/"},"modified":"2023-03-21T16:42:39","modified_gmt":"2023-03-21T16:42:39","slug":"chair","status":"publish","type":"product","link":"https:\/\/elleerre.it\/de\/personalisierte-sitzplatze\/chair\/","title":{"rendered":"STUHL"},"content":{"rendered":"<p>Personalisierter Klappstuhl mit R\u00fcckenlehne, gepolsterten Armlehnen und Sitzfl\u00e4che, der dank eines sehr hochwertigen Digitaldrucks mit Grafiken und Fotos personalisiert werden kann. Gedruckt auf wasserabweisendem, feuerfestem Polyestergewebe. Maximale Personalisierung f\u00fcr den Bannerstuhl, perfekt f\u00fcr Events und Messen.<\/p>\n<p>Aluminium Struktur<br \/>\n\u2219 Abmessungen 47 x 57 x 58 cm<br \/>\n\u2219 Leich zu transportieren<br \/>\n\u2219 Gepolsterte Sitze und Armlehnen<br \/>\n\u2219 Digitaldruck<br \/>\n\u2219 Wasserabweisendes, feuerbest\u00e4ndiges Polyestergewebe Klasse 1<br \/>\n\u2219 Leichtigkeit<br \/>\n\u2219 100 % personalisierbare Grafik<\/p>\n","protected":false},"excerpt":{"rendered":"<p>Klappstuhl mit R\u00fcckenlehne, Armlehnen und Sitzfl\u00e4che, die dank eines sehr hochwertigen Digitaldrucks mit Grafiken und Fotos personalisiert werden k\u00f6nnen.<\/p>\n","protected":false},"featured_media":11446,"template":"","meta":{"_acf_changed":false,"inline_featured_image":false},"product_brand":[],"product_cat":[1562],"product_tag":[],"class_list":{"0":"post-12711","1":"product","2":"type-product","3":"status-publish","4":"has-post-thumbnail","6":"product_cat-personalisierte-sitzplatze","8":"first","9":"instock","10":"taxable","11":"shipping-taxable","12":"purchasable","13":"product-type-variable","14":"has-default-attributes"},"acf":[],"yoast_head":"<!-- This site is optimized with the Yoast SEO plugin v27.1.1 - https:\/\/yoast.com\/product\/yoast-seo-wordpress\/ -->\n<title>STUHL - Shop online ElleErre<\/title>\n<meta name=\"robots\" content=\"index, follow, max-snippet:-1, max-image-preview:large, max-video-preview:-1\" \/>\n<link rel=\"canonical\" href=\"https:\/\/elleerre.it\/de\/personalisierte-sitzplatze\/chair\/\" \/>\n<meta property=\"og:locale\" content=\"de_DE\" \/>\n<meta property=\"og:type\" content=\"article\" \/>\n<meta property=\"og:title\" content=\"STUHL - Shop online ElleErre\" \/>\n<meta property=\"og:url\" content=\"https:\/\/elleerre.it\/de\/personalisierte-sitzplatze\/chair\/\" \/>\n<meta property=\"og:site_name\" content=\"ElleErre\" \/>\n<meta property=\"article:publisher\" content=\"https:\/\/www.facebook.com\/ElleErre.it\" \/>\n<meta property=\"article:modified_time\" content=\"2023-03-21T16:42:39+00:00\" \/>\n<meta property=\"og:image\" content=\"https:\/\/elleerre.it\/wp-content\/uploads\/2021\/04\/sedia-regista-personalizzata.jpg\" \/>\n\t<meta property=\"og:image:width\" content=\"1200\" \/>\n\t<meta property=\"og:image:height\" content=\"800\" \/>\n\t<meta property=\"og:image:type\" content=\"image\/jpeg\" \/>\n<meta name=\"twitter:card\" content=\"summary_large_image\" \/>\n<meta name=\"twitter:label1\" content=\"Gesch\u00e4tzte Lesezeit\" \/>\n\t<meta name=\"twitter:data1\" content=\"1\u00a0Minute\" \/>\n<script type=\"application\/ld+json\" class=\"yoast-schema-graph\">{\"@context\":\"https:\/\/schema.org\",\"@graph\":[{\"@type\":\"WebPage\",\"@id\":\"https:\/\/elleerre.it\/de\/personalisierte-sitzplatze\/chair\/\",\"url\":\"https:\/\/elleerre.it\/de\/personalisierte-sitzplatze\/chair\/\",\"name\":\"STUHL - Shop online ElleErre\",\"isPartOf\":{\"@id\":\"https:\/\/elleerre.it\/#website\"},\"primaryImageOfPage\":{\"@id\":\"https:\/\/elleerre.it\/de\/personalisierte-sitzplatze\/chair\/#primaryimage\"},\"image\":{\"@id\":\"https:\/\/elleerre.it\/de\/personalisierte-sitzplatze\/chair\/#primaryimage\"},\"thumbnailUrl\":\"https:\/\/elleerre.it\/wp-content\/uploads\/2021\/04\/sedia-regista-personalizzata.jpg\",\"datePublished\":\"2021-04-20T15:12:22+00:00\",\"dateModified\":\"2023-03-21T16:42:39+00:00\",\"breadcrumb\":{\"@id\":\"https:\/\/elleerre.it\/de\/personalisierte-sitzplatze\/chair\/#breadcrumb\"},\"inLanguage\":\"de\",\"potentialAction\":[{\"@type\":\"ReadAction\",\"target\":[\"https:\/\/elleerre.it\/de\/personalisierte-sitzplatze\/chair\/\"]}]},{\"@type\":\"ImageObject\",\"inLanguage\":\"de\",\"@id\":\"https:\/\/elleerre.it\/de\/personalisierte-sitzplatze\/chair\/#primaryimage\",\"url\":\"https:\/\/elleerre.it\/wp-content\/uploads\/2021\/04\/sedia-regista-personalizzata.jpg\",\"contentUrl\":\"https:\/\/elleerre.it\/wp-content\/uploads\/2021\/04\/sedia-regista-personalizzata.jpg\",\"width\":1200,\"height\":800},{\"@type\":\"BreadcrumbList\",\"@id\":\"https:\/\/elleerre.it\/de\/personalisierte-sitzplatze\/chair\/#breadcrumb\",\"itemListElement\":[{\"@type\":\"ListItem\",\"position\":1,\"name\":\"Home\",\"item\":\"https:\/\/elleerre.it\/de\/\"},{\"@type\":\"ListItem\",\"position\":2,\"name\":\"Shop\",\"item\":\"https:\/\/elleerre.it\/shop\/\"},{\"@type\":\"ListItem\",\"position\":3,\"name\":\"STUHL\"}]},{\"@type\":\"WebSite\",\"@id\":\"https:\/\/elleerre.it\/#website\",\"url\":\"https:\/\/elleerre.it\/\",\"name\":\"ElleErre\",\"description\":\"Abbigliamento sportivo personalizzato\",\"publisher\":{\"@id\":\"https:\/\/elleerre.it\/#organization\"},\"potentialAction\":[{\"@type\":\"SearchAction\",\"target\":{\"@type\":\"EntryPoint\",\"urlTemplate\":\"https:\/\/elleerre.it\/?s={search_term_string}\"},\"query-input\":{\"@type\":\"PropertyValueSpecification\",\"valueRequired\":true,\"valueName\":\"search_term_string\"}}],\"inLanguage\":\"de\"},{\"@type\":\"Organization\",\"@id\":\"https:\/\/elleerre.it\/#organization\",\"name\":\"ElleErre\",\"url\":\"https:\/\/elleerre.it\/\",\"logo\":{\"@type\":\"ImageObject\",\"inLanguage\":\"de\",\"@id\":\"https:\/\/elleerre.it\/#\/schema\/logo\/image\/\",\"url\":\"https:\/\/elleerre.it\/wp-content\/uploads\/2021\/04\/fettuccia_elleerre_var.jpg\",\"contentUrl\":\"https:\/\/elleerre.it\/wp-content\/uploads\/2021\/04\/fettuccia_elleerre_var.jpg\",\"width\":300,\"height\":300,\"caption\":\"ElleErre\"},\"image\":{\"@id\":\"https:\/\/elleerre.it\/#\/schema\/logo\/image\/\"},\"sameAs\":[\"https:\/\/www.facebook.com\/ElleErre.it\",\"https:\/\/www.instagram.com\/elleerre.it\/\",\"https:\/\/www.youtube.com\/user\/EasyFlag\"]}]}<\/script>\n<!-- \/ Yoast SEO plugin. -->","yoast_head_json":{"title":"STUHL - Shop online ElleErre","robots":{"index":"index","follow":"follow","max-snippet":"max-snippet:-1","max-image-preview":"max-image-preview:large","max-video-preview":"max-video-preview:-1"},"canonical":"https:\/\/elleerre.it\/de\/personalisierte-sitzplatze\/chair\/","og_locale":"de_DE","og_type":"article","og_title":"STUHL - Shop online ElleErre","og_url":"https:\/\/elleerre.it\/de\/personalisierte-sitzplatze\/chair\/","og_site_name":"ElleErre","article_publisher":"https:\/\/www.facebook.com\/ElleErre.it","article_modified_time":"2023-03-21T16:42:39+00:00","og_image":[{"width":1200,"height":800,"url":"https:\/\/elleerre.it\/wp-content\/uploads\/2021\/04\/sedia-regista-personalizzata.jpg","type":"image\/jpeg"}],"twitter_card":"summary_large_image","twitter_misc":{"Gesch\u00e4tzte Lesezeit":"1\u00a0Minute"},"schema":{"@context":"https:\/\/schema.org","@graph":[{"@type":"WebPage","@id":"https:\/\/elleerre.it\/de\/personalisierte-sitzplatze\/chair\/","url":"https:\/\/elleerre.it\/de\/personalisierte-sitzplatze\/chair\/","name":"STUHL - Shop online ElleErre","isPartOf":{"@id":"https:\/\/elleerre.it\/#website"},"primaryImageOfPage":{"@id":"https:\/\/elleerre.it\/de\/personalisierte-sitzplatze\/chair\/#primaryimage"},"image":{"@id":"https:\/\/elleerre.it\/de\/personalisierte-sitzplatze\/chair\/#primaryimage"},"thumbnailUrl":"https:\/\/elleerre.it\/wp-content\/uploads\/2021\/04\/sedia-regista-personalizzata.jpg","datePublished":"2021-04-20T15:12:22+00:00","dateModified":"2023-03-21T16:42:39+00:00","breadcrumb":{"@id":"https:\/\/elleerre.it\/de\/personalisierte-sitzplatze\/chair\/#breadcrumb"},"inLanguage":"de","potentialAction":[{"@type":"ReadAction","target":["https:\/\/elleerre.it\/de\/personalisierte-sitzplatze\/chair\/"]}]},{"@type":"ImageObject","inLanguage":"de","@id":"https:\/\/elleerre.it\/de\/personalisierte-sitzplatze\/chair\/#primaryimage","url":"https:\/\/elleerre.it\/wp-content\/uploads\/2021\/04\/sedia-regista-personalizzata.jpg","contentUrl":"https:\/\/elleerre.it\/wp-content\/uploads\/2021\/04\/sedia-regista-personalizzata.jpg","width":1200,"height":800},{"@type":"BreadcrumbList","@id":"https:\/\/elleerre.it\/de\/personalisierte-sitzplatze\/chair\/#breadcrumb","itemListElement":[{"@type":"ListItem","position":1,"name":"Home","item":"https:\/\/elleerre.it\/de\/"},{"@type":"ListItem","position":2,"name":"Shop","item":"https:\/\/elleerre.it\/shop\/"},{"@type":"ListItem","position":3,"name":"STUHL"}]},{"@type":"WebSite","@id":"https:\/\/elleerre.it\/#website","url":"https:\/\/elleerre.it\/","name":"ElleErre","description":"Abbigliamento sportivo personalizzato","publisher":{"@id":"https:\/\/elleerre.it\/#organization"},"potentialAction":[{"@type":"SearchAction","target":{"@type":"EntryPoint","urlTemplate":"https:\/\/elleerre.it\/?s={search_term_string}"},"query-input":{"@type":"PropertyValueSpecification","valueRequired":true,"valueName":"search_term_string"}}],"inLanguage":"de"},{"@type":"Organization","@id":"https:\/\/elleerre.it\/#organization","name":"ElleErre","url":"https:\/\/elleerre.it\/","logo":{"@type":"ImageObject","inLanguage":"de","@id":"https:\/\/elleerre.it\/#\/schema\/logo\/image\/","url":"https:\/\/elleerre.it\/wp-content\/uploads\/2021\/04\/fettuccia_elleerre_var.jpg","contentUrl":"https:\/\/elleerre.it\/wp-content\/uploads\/2021\/04\/fettuccia_elleerre_var.jpg","width":300,"height":300,"caption":"ElleErre"},"image":{"@id":"https:\/\/elleerre.it\/#\/schema\/logo\/image\/"},"sameAs":["https:\/\/www.facebook.com\/ElleErre.it","https:\/\/www.instagram.com\/elleerre.it\/","https:\/\/www.youtube.com\/user\/EasyFlag"]}]}},"_links":{"self":[{"href":"https:\/\/elleerre.it\/de\/wp-json\/wp\/v2\/product\/12711","targetHints":{"allow":["GET"]}}],"collection":[{"href":"https:\/\/elleerre.it\/de\/wp-json\/wp\/v2\/product"}],"about":[{"href":"https:\/\/elleerre.it\/de\/wp-json\/wp\/v2\/types\/product"}],"wp:featuredmedia":[{"embeddable":true,"href":"https:\/\/elleerre.it\/de\/wp-json\/wp\/v2\/media\/11446"}],"wp:attachment":[{"href":"https:\/\/elleerre.it\/de\/wp-json\/wp\/v2\/media?parent=12711"}],"wp:term":[{"taxonomy":"product_brand","embeddable":true,"href":"https:\/\/elleerre.it\/de\/wp-json\/wp\/v2\/product_brand?post=12711"},{"taxonomy":"product_cat","embeddable":true,"href":"https:\/\/elleerre.it\/de\/wp-json\/wp\/v2\/product_cat?post=12711"},{"taxonomy":"product_tag","embeddable":true,"href":"https:\/\/elleerre.it\/de\/wp-json\/wp\/v2\/product_tag?post=12711"}],"curies":[{"name":"wp","href":"https:\/\/api.w.org\/{rel}","templated":true}]}}