{"id":12715,"date":"2021-04-13T15:22:00","date_gmt":"2021-04-13T15:22:00","guid":{"rendered":"https:\/\/elleerre.it\/unkategorisiert\/sport-bottle\/"},"modified":"2023-03-07T10:53:09","modified_gmt":"2023-03-07T10:53:09","slug":"wasserflasche","status":"publish","type":"product","link":"https:\/\/elleerre.it\/de\/sportzubehoer\/personalisierte-sportflaschen\/wasserflasche\/","title":{"rendered":"WASSERFLASCHE"},"content":{"rendered":"<p>Die ElleErre-Wasserflasche zeichnet sich durch ihr sportliches und funktionelles Design aus und hat einen Standarddurchmesser von 74 mm, so dass sie bequem in alle markt\u00fcblichen Flaschenhalterungen passt.<br \/>\nOben ist der K\u00f6rper der Wasserflasche mit einer Einkerbung versehen, die das Greifen erleichtert: keine rutschigen Flaschen mehr, wenn Sie durstig sind und Fl\u00fcssigkeit brauchen!<br \/>\nDie Kappe hat ein ergonomisches Design mit einem Push-Pull-Ventil aus weichem Gummi, das ein leichtes \u00d6ffnen und Schlie\u00dfen sowie eine einfache Fl\u00fcssigkeitsabgabe erm\u00f6glicht.<br \/>\nDie ElleErre-Wasserflasche verf\u00fcgt \u00fcber eine schnell Abschrauben \u00d6ffnung f\u00fcr eine einfache Reinigung (sogar in der Sp\u00fclmaschine) und ein bequemes Einf\u00fcllen von Nahrungserg\u00e4nzungsmitteln und Getr\u00e4nken.<\/p>\n<p>Entspricht den europ\u00e4ischen CE- und amerikanischen FDA-Normen f\u00fcr den Kontakt mit Lebensmitteln.<br \/>\nFassungsverm\u00f6gen: 600 ml<br \/>\nDurchmesser: 74 mm (600ml)<br \/>\nGewicht: 83 g (600ml)<br \/>\nH\u00f6he: 200 mm<br \/>\nSp\u00fclmaschinengeeignet (T. max. = 40\u00b0C).<br \/>\nMaximale Fl\u00fcssigkeitstemperatur 40\u00b0C<\/p>\n","protected":false},"excerpt":{"rendered":"<p>ElleErre Wasserflasche: der perfekte Begleiter f\u00fcr Ihre au\u00dfergew\u00f6hnlichen Abenteuer!<\/p>\n","protected":false},"featured_media":10696,"template":"","meta":{"_acf_changed":false,"inline_featured_image":false},"product_brand":[],"product_cat":[1308,1307],"product_tag":[],"class_list":{"0":"post-12715","1":"product","2":"type-product","3":"status-publish","4":"has-post-thumbnail","6":"product_cat-personalisierte-sportflaschen","7":"product_cat-sportzubehoer","9":"first","10":"instock","11":"taxable","12":"shipping-taxable","13":"purchasable","14":"product-type-simple"},"acf":[],"yoast_head":"<!-- This site is optimized with the Yoast SEO plugin v27.3 - https:\/\/yoast.com\/product\/yoast-seo-wordpress\/ -->\n<title>WASSERFLASCHE - Shop online ElleErre<\/title>\n<meta name=\"robots\" content=\"index, follow, max-snippet:-1, max-image-preview:large, max-video-preview:-1\" \/>\n<link rel=\"canonical\" href=\"https:\/\/elleerre.it\/de\/sportzubehoer\/personalisierte-sportflaschen\/wasserflasche\/\" \/>\n<meta property=\"og:locale\" content=\"de_DE\" \/>\n<meta property=\"og:type\" content=\"article\" \/>\n<meta property=\"og:title\" content=\"WASSERFLASCHE - Shop online ElleErre\" \/>\n<meta property=\"og:url\" content=\"https:\/\/elleerre.it\/de\/sportzubehoer\/personalisierte-sportflaschen\/wasserflasche\/\" \/>\n<meta property=\"og:site_name\" content=\"ElleErre\" \/>\n<meta property=\"article:publisher\" content=\"https:\/\/www.facebook.com\/ElleErre.it\" \/>\n<meta property=\"article:modified_time\" content=\"2023-03-07T10:53:09+00:00\" \/>\n<meta property=\"og:image\" content=\"https:\/\/elleerre.it\/wp-content\/uploads\/2021\/03\/borraccia-elleerre.jpg\" \/>\n\t<meta property=\"og:image:width\" content=\"1200\" \/>\n\t<meta property=\"og:image:height\" content=\"1200\" \/>\n\t<meta property=\"og:image:type\" content=\"image\/jpeg\" \/>\n<meta name=\"twitter:card\" content=\"summary_large_image\" \/>\n<meta name=\"twitter:label1\" content=\"Gesch\u00e4tzte Lesezeit\" \/>\n\t<meta name=\"twitter:data1\" content=\"1\u00a0Minute\" \/>\n<script type=\"application\/ld+json\" class=\"yoast-schema-graph\">{\"@context\":\"https:\\\/\\\/schema.org\",\"@graph\":[{\"@type\":\"WebPage\",\"@id\":\"https:\\\/\\\/elleerre.it\\\/de\\\/sportzubehoer\\\/personalisierte-sportflaschen\\\/wasserflasche\\\/\",\"url\":\"https:\\\/\\\/elleerre.it\\\/de\\\/sportzubehoer\\\/personalisierte-sportflaschen\\\/wasserflasche\\\/\",\"name\":\"WASSERFLASCHE - Shop online ElleErre\",\"isPartOf\":{\"@id\":\"https:\\\/\\\/elleerre.it\\\/#website\"},\"primaryImageOfPage\":{\"@id\":\"https:\\\/\\\/elleerre.it\\\/de\\\/sportzubehoer\\\/personalisierte-sportflaschen\\\/wasserflasche\\\/#primaryimage\"},\"image\":{\"@id\":\"https:\\\/\\\/elleerre.it\\\/de\\\/sportzubehoer\\\/personalisierte-sportflaschen\\\/wasserflasche\\\/#primaryimage\"},\"thumbnailUrl\":\"https:\\\/\\\/elleerre.it\\\/wp-content\\\/uploads\\\/2021\\\/03\\\/borraccia-elleerre.jpg\",\"datePublished\":\"2021-04-13T15:22:00+00:00\",\"dateModified\":\"2023-03-07T10:53:09+00:00\",\"breadcrumb\":{\"@id\":\"https:\\\/\\\/elleerre.it\\\/de\\\/sportzubehoer\\\/personalisierte-sportflaschen\\\/wasserflasche\\\/#breadcrumb\"},\"inLanguage\":\"de\",\"potentialAction\":[{\"@type\":\"ReadAction\",\"target\":[\"https:\\\/\\\/elleerre.it\\\/de\\\/sportzubehoer\\\/personalisierte-sportflaschen\\\/wasserflasche\\\/\"]}]},{\"@type\":\"ImageObject\",\"inLanguage\":\"de\",\"@id\":\"https:\\\/\\\/elleerre.it\\\/de\\\/sportzubehoer\\\/personalisierte-sportflaschen\\\/wasserflasche\\\/#primaryimage\",\"url\":\"https:\\\/\\\/elleerre.it\\\/wp-content\\\/uploads\\\/2021\\\/03\\\/borraccia-elleerre.jpg\",\"contentUrl\":\"https:\\\/\\\/elleerre.it\\\/wp-content\\\/uploads\\\/2021\\\/03\\\/borraccia-elleerre.jpg\",\"width\":1200,\"height\":1200},{\"@type\":\"BreadcrumbList\",\"@id\":\"https:\\\/\\\/elleerre.it\\\/de\\\/sportzubehoer\\\/personalisierte-sportflaschen\\\/wasserflasche\\\/#breadcrumb\",\"itemListElement\":[{\"@type\":\"ListItem\",\"position\":1,\"name\":\"Home\",\"item\":\"https:\\\/\\\/elleerre.it\\\/de\\\/\"},{\"@type\":\"ListItem\",\"position\":2,\"name\":\"Shop\",\"item\":\"https:\\\/\\\/elleerre.it\\\/shop\\\/\"},{\"@type\":\"ListItem\",\"position\":3,\"name\":\"WASSERFLASCHE\"}]},{\"@type\":\"WebSite\",\"@id\":\"https:\\\/\\\/elleerre.it\\\/#website\",\"url\":\"https:\\\/\\\/elleerre.it\\\/\",\"name\":\"ElleErre\",\"description\":\"Abbigliamento sportivo personalizzato\",\"publisher\":{\"@id\":\"https:\\\/\\\/elleerre.it\\\/#organization\"},\"potentialAction\":[{\"@type\":\"SearchAction\",\"target\":{\"@type\":\"EntryPoint\",\"urlTemplate\":\"https:\\\/\\\/elleerre.it\\\/?s={search_term_string}\"},\"query-input\":{\"@type\":\"PropertyValueSpecification\",\"valueRequired\":true,\"valueName\":\"search_term_string\"}}],\"inLanguage\":\"de\"},{\"@type\":\"Organization\",\"@id\":\"https:\\\/\\\/elleerre.it\\\/#organization\",\"name\":\"ElleErre\",\"url\":\"https:\\\/\\\/elleerre.it\\\/\",\"logo\":{\"@type\":\"ImageObject\",\"inLanguage\":\"de\",\"@id\":\"https:\\\/\\\/elleerre.it\\\/#\\\/schema\\\/logo\\\/image\\\/\",\"url\":\"https:\\\/\\\/elleerre.it\\\/wp-content\\\/uploads\\\/2021\\\/04\\\/fettuccia_elleerre_var.jpg\",\"contentUrl\":\"https:\\\/\\\/elleerre.it\\\/wp-content\\\/uploads\\\/2021\\\/04\\\/fettuccia_elleerre_var.jpg\",\"width\":300,\"height\":300,\"caption\":\"ElleErre\"},\"image\":{\"@id\":\"https:\\\/\\\/elleerre.it\\\/#\\\/schema\\\/logo\\\/image\\\/\"},\"sameAs\":[\"https:\\\/\\\/www.facebook.com\\\/ElleErre.it\",\"https:\\\/\\\/www.instagram.com\\\/elleerre.it\\\/\",\"https:\\\/\\\/www.youtube.com\\\/user\\\/EasyFlag\"]}]}<\/script>\n<!-- \/ Yoast SEO plugin. -->","yoast_head_json":{"title":"WASSERFLASCHE - Shop online ElleErre","robots":{"index":"index","follow":"follow","max-snippet":"max-snippet:-1","max-image-preview":"max-image-preview:large","max-video-preview":"max-video-preview:-1"},"canonical":"https:\/\/elleerre.it\/de\/sportzubehoer\/personalisierte-sportflaschen\/wasserflasche\/","og_locale":"de_DE","og_type":"article","og_title":"WASSERFLASCHE - Shop online ElleErre","og_url":"https:\/\/elleerre.it\/de\/sportzubehoer\/personalisierte-sportflaschen\/wasserflasche\/","og_site_name":"ElleErre","article_publisher":"https:\/\/www.facebook.com\/ElleErre.it","article_modified_time":"2023-03-07T10:53:09+00:00","og_image":[{"width":1200,"height":1200,"url":"https:\/\/elleerre.it\/wp-content\/uploads\/2021\/03\/borraccia-elleerre.jpg","type":"image\/jpeg"}],"twitter_card":"summary_large_image","twitter_misc":{"Gesch\u00e4tzte Lesezeit":"1\u00a0Minute"},"schema":{"@context":"https:\/\/schema.org","@graph":[{"@type":"WebPage","@id":"https:\/\/elleerre.it\/de\/sportzubehoer\/personalisierte-sportflaschen\/wasserflasche\/","url":"https:\/\/elleerre.it\/de\/sportzubehoer\/personalisierte-sportflaschen\/wasserflasche\/","name":"WASSERFLASCHE - Shop online ElleErre","isPartOf":{"@id":"https:\/\/elleerre.it\/#website"},"primaryImageOfPage":{"@id":"https:\/\/elleerre.it\/de\/sportzubehoer\/personalisierte-sportflaschen\/wasserflasche\/#primaryimage"},"image":{"@id":"https:\/\/elleerre.it\/de\/sportzubehoer\/personalisierte-sportflaschen\/wasserflasche\/#primaryimage"},"thumbnailUrl":"https:\/\/elleerre.it\/wp-content\/uploads\/2021\/03\/borraccia-elleerre.jpg","datePublished":"2021-04-13T15:22:00+00:00","dateModified":"2023-03-07T10:53:09+00:00","breadcrumb":{"@id":"https:\/\/elleerre.it\/de\/sportzubehoer\/personalisierte-sportflaschen\/wasserflasche\/#breadcrumb"},"inLanguage":"de","potentialAction":[{"@type":"ReadAction","target":["https:\/\/elleerre.it\/de\/sportzubehoer\/personalisierte-sportflaschen\/wasserflasche\/"]}]},{"@type":"ImageObject","inLanguage":"de","@id":"https:\/\/elleerre.it\/de\/sportzubehoer\/personalisierte-sportflaschen\/wasserflasche\/#primaryimage","url":"https:\/\/elleerre.it\/wp-content\/uploads\/2021\/03\/borraccia-elleerre.jpg","contentUrl":"https:\/\/elleerre.it\/wp-content\/uploads\/2021\/03\/borraccia-elleerre.jpg","width":1200,"height":1200},{"@type":"BreadcrumbList","@id":"https:\/\/elleerre.it\/de\/sportzubehoer\/personalisierte-sportflaschen\/wasserflasche\/#breadcrumb","itemListElement":[{"@type":"ListItem","position":1,"name":"Home","item":"https:\/\/elleerre.it\/de\/"},{"@type":"ListItem","position":2,"name":"Shop","item":"https:\/\/elleerre.it\/shop\/"},{"@type":"ListItem","position":3,"name":"WASSERFLASCHE"}]},{"@type":"WebSite","@id":"https:\/\/elleerre.it\/#website","url":"https:\/\/elleerre.it\/","name":"ElleErre","description":"Abbigliamento sportivo personalizzato","publisher":{"@id":"https:\/\/elleerre.it\/#organization"},"potentialAction":[{"@type":"SearchAction","target":{"@type":"EntryPoint","urlTemplate":"https:\/\/elleerre.it\/?s={search_term_string}"},"query-input":{"@type":"PropertyValueSpecification","valueRequired":true,"valueName":"search_term_string"}}],"inLanguage":"de"},{"@type":"Organization","@id":"https:\/\/elleerre.it\/#organization","name":"ElleErre","url":"https:\/\/elleerre.it\/","logo":{"@type":"ImageObject","inLanguage":"de","@id":"https:\/\/elleerre.it\/#\/schema\/logo\/image\/","url":"https:\/\/elleerre.it\/wp-content\/uploads\/2021\/04\/fettuccia_elleerre_var.jpg","contentUrl":"https:\/\/elleerre.it\/wp-content\/uploads\/2021\/04\/fettuccia_elleerre_var.jpg","width":300,"height":300,"caption":"ElleErre"},"image":{"@id":"https:\/\/elleerre.it\/#\/schema\/logo\/image\/"},"sameAs":["https:\/\/www.facebook.com\/ElleErre.it","https:\/\/www.instagram.com\/elleerre.it\/","https:\/\/www.youtube.com\/user\/EasyFlag"]}]}},"_links":{"self":[{"href":"https:\/\/elleerre.it\/de\/wp-json\/wp\/v2\/product\/12715","targetHints":{"allow":["GET"]}}],"collection":[{"href":"https:\/\/elleerre.it\/de\/wp-json\/wp\/v2\/product"}],"about":[{"href":"https:\/\/elleerre.it\/de\/wp-json\/wp\/v2\/types\/product"}],"wp:featuredmedia":[{"embeddable":true,"href":"https:\/\/elleerre.it\/de\/wp-json\/wp\/v2\/media\/10696"}],"wp:attachment":[{"href":"https:\/\/elleerre.it\/de\/wp-json\/wp\/v2\/media?parent=12715"}],"wp:term":[{"taxonomy":"product_brand","embeddable":true,"href":"https:\/\/elleerre.it\/de\/wp-json\/wp\/v2\/product_brand?post=12715"},{"taxonomy":"product_cat","embeddable":true,"href":"https:\/\/elleerre.it\/de\/wp-json\/wp\/v2\/product_cat?post=12715"},{"taxonomy":"product_tag","embeddable":true,"href":"https:\/\/elleerre.it\/de\/wp-json\/wp\/v2\/product_tag?post=12715"}],"curies":[{"name":"wp","href":"https:\/\/api.w.org\/{rel}","templated":true}]}}