{"id":12721,"date":"2021-04-20T15:11:52","date_gmt":"2021-04-20T15:11:52","guid":{"rendered":"https:\/\/elleerre.it\/unkategorisiert\/shoe-bag\/"},"modified":"2024-11-04T22:52:00","modified_gmt":"2024-11-04T22:52:00","slug":"schuhtasche","status":"publish","type":"product","link":"https:\/\/elleerre.it\/de\/sportzubehoer\/sportbekleidungsbeutel\/schuhtasche\/","title":{"rendered":"SCHUHTASCHE"},"content":{"rendered":"<p>Wer Triathlon oder eine andere Sportart betreibt, bei der die Ausr\u00fcstung gewechselt werden muss, braucht auch Schuhe zum Wechseln: Der ElleErre-Schuhbeutel ist n\u00fctzlich, um sie vor und nach jeder Trainingseinheit zu transportieren und getrennt vom Rest aufzubewahren.<br \/>\nDie ElleErre-Tasche verf\u00fcgt \u00fcber einen doppelten Rei\u00dfverschluss zum einfachen \u00d6ffnen, einen praktischen Tragegriff und eine verst\u00e4rkte Schlaufe, die den Luftaustausch im Inneren erm\u00f6glicht. Die hohe Druckqualit\u00e4t und die leuchtenden Farben machen es unverwechselbar! Die Schuhs\u00e4cke bestehen aus feuerfestem Polyestergewebe und sind wasserdicht.<\/p>\n<p>Abmessungen: 34x18x16cm<\/p>\n","protected":false},"excerpt":{"rendered":"<p>Wer Triathlon oder eine andere Sportart betreibt, bei der die Ausr\u00fcstung gewechselt werden muss, braucht auch Schuhe zum Wechseln<\/p>\n","protected":false},"featured_media":11442,"template":"","meta":{"_acf_changed":false,"inline_featured_image":false},"product_brand":[],"product_cat":[1309,1307],"product_tag":[],"class_list":{"0":"post-12721","1":"product","2":"type-product","3":"status-publish","4":"has-post-thumbnail","6":"product_cat-sportbekleidungsbeutel","7":"product_cat-sportzubehoer","9":"first","10":"instock","11":"taxable","12":"shipping-taxable","13":"purchasable","14":"product-type-variable","15":"has-default-attributes"},"acf":[],"yoast_head":"<!-- This site is optimized with the Yoast SEO plugin v27.3 - https:\/\/yoast.com\/product\/yoast-seo-wordpress\/ -->\n<title>SCHUHTASCHE - Shop online ElleErre<\/title>\n<meta name=\"robots\" content=\"index, follow, max-snippet:-1, max-image-preview:large, max-video-preview:-1\" \/>\n<link rel=\"canonical\" href=\"https:\/\/elleerre.it\/de\/sportzubehoer\/sportbekleidungsbeutel\/schuhtasche\/\" \/>\n<meta property=\"og:locale\" content=\"de_DE\" \/>\n<meta property=\"og:type\" content=\"article\" \/>\n<meta property=\"og:title\" content=\"SCHUHTASCHE - Shop online ElleErre\" \/>\n<meta property=\"og:url\" content=\"https:\/\/elleerre.it\/de\/sportzubehoer\/sportbekleidungsbeutel\/schuhtasche\/\" \/>\n<meta property=\"og:site_name\" content=\"ElleErre\" \/>\n<meta property=\"article:publisher\" content=\"https:\/\/www.facebook.com\/ElleErre.it\" \/>\n<meta property=\"article:modified_time\" content=\"2024-11-04T22:52:00+00:00\" \/>\n<meta property=\"og:image\" content=\"https:\/\/elleerre.it\/wp-content\/uploads\/2021\/04\/sacca-porta-scarpe-elleerre.jpg\" \/>\n\t<meta property=\"og:image:width\" content=\"1200\" \/>\n\t<meta property=\"og:image:height\" content=\"1200\" \/>\n\t<meta property=\"og:image:type\" content=\"image\/jpeg\" \/>\n<meta name=\"twitter:card\" content=\"summary_large_image\" \/>\n<meta name=\"twitter:label1\" content=\"Gesch\u00e4tzte Lesezeit\" \/>\n\t<meta name=\"twitter:data1\" content=\"1\u00a0Minute\" \/>\n<script type=\"application\/ld+json\" class=\"yoast-schema-graph\">{\"@context\":\"https:\\\/\\\/schema.org\",\"@graph\":[{\"@type\":\"WebPage\",\"@id\":\"https:\\\/\\\/elleerre.it\\\/de\\\/sportzubehoer\\\/sportbekleidungsbeutel\\\/schuhtasche\\\/\",\"url\":\"https:\\\/\\\/elleerre.it\\\/de\\\/sportzubehoer\\\/sportbekleidungsbeutel\\\/schuhtasche\\\/\",\"name\":\"SCHUHTASCHE - Shop online ElleErre\",\"isPartOf\":{\"@id\":\"https:\\\/\\\/elleerre.it\\\/#website\"},\"primaryImageOfPage\":{\"@id\":\"https:\\\/\\\/elleerre.it\\\/de\\\/sportzubehoer\\\/sportbekleidungsbeutel\\\/schuhtasche\\\/#primaryimage\"},\"image\":{\"@id\":\"https:\\\/\\\/elleerre.it\\\/de\\\/sportzubehoer\\\/sportbekleidungsbeutel\\\/schuhtasche\\\/#primaryimage\"},\"thumbnailUrl\":\"https:\\\/\\\/elleerre.it\\\/wp-content\\\/uploads\\\/2021\\\/04\\\/sacca-porta-scarpe-elleerre.jpg\",\"datePublished\":\"2021-04-20T15:11:52+00:00\",\"dateModified\":\"2024-11-04T22:52:00+00:00\",\"breadcrumb\":{\"@id\":\"https:\\\/\\\/elleerre.it\\\/de\\\/sportzubehoer\\\/sportbekleidungsbeutel\\\/schuhtasche\\\/#breadcrumb\"},\"inLanguage\":\"de\",\"potentialAction\":[{\"@type\":\"ReadAction\",\"target\":[\"https:\\\/\\\/elleerre.it\\\/de\\\/sportzubehoer\\\/sportbekleidungsbeutel\\\/schuhtasche\\\/\"]}]},{\"@type\":\"ImageObject\",\"inLanguage\":\"de\",\"@id\":\"https:\\\/\\\/elleerre.it\\\/de\\\/sportzubehoer\\\/sportbekleidungsbeutel\\\/schuhtasche\\\/#primaryimage\",\"url\":\"https:\\\/\\\/elleerre.it\\\/wp-content\\\/uploads\\\/2021\\\/04\\\/sacca-porta-scarpe-elleerre.jpg\",\"contentUrl\":\"https:\\\/\\\/elleerre.it\\\/wp-content\\\/uploads\\\/2021\\\/04\\\/sacca-porta-scarpe-elleerre.jpg\",\"width\":1200,\"height\":1200},{\"@type\":\"BreadcrumbList\",\"@id\":\"https:\\\/\\\/elleerre.it\\\/de\\\/sportzubehoer\\\/sportbekleidungsbeutel\\\/schuhtasche\\\/#breadcrumb\",\"itemListElement\":[{\"@type\":\"ListItem\",\"position\":1,\"name\":\"Home\",\"item\":\"https:\\\/\\\/elleerre.it\\\/de\\\/\"},{\"@type\":\"ListItem\",\"position\":2,\"name\":\"Shop\",\"item\":\"https:\\\/\\\/elleerre.it\\\/shop\\\/\"},{\"@type\":\"ListItem\",\"position\":3,\"name\":\"SCHUHTASCHE\"}]},{\"@type\":\"WebSite\",\"@id\":\"https:\\\/\\\/elleerre.it\\\/#website\",\"url\":\"https:\\\/\\\/elleerre.it\\\/\",\"name\":\"ElleErre\",\"description\":\"Abbigliamento sportivo personalizzato\",\"publisher\":{\"@id\":\"https:\\\/\\\/elleerre.it\\\/#organization\"},\"potentialAction\":[{\"@type\":\"SearchAction\",\"target\":{\"@type\":\"EntryPoint\",\"urlTemplate\":\"https:\\\/\\\/elleerre.it\\\/?s={search_term_string}\"},\"query-input\":{\"@type\":\"PropertyValueSpecification\",\"valueRequired\":true,\"valueName\":\"search_term_string\"}}],\"inLanguage\":\"de\"},{\"@type\":\"Organization\",\"@id\":\"https:\\\/\\\/elleerre.it\\\/#organization\",\"name\":\"ElleErre\",\"url\":\"https:\\\/\\\/elleerre.it\\\/\",\"logo\":{\"@type\":\"ImageObject\",\"inLanguage\":\"de\",\"@id\":\"https:\\\/\\\/elleerre.it\\\/#\\\/schema\\\/logo\\\/image\\\/\",\"url\":\"https:\\\/\\\/elleerre.it\\\/wp-content\\\/uploads\\\/2021\\\/04\\\/fettuccia_elleerre_var.jpg\",\"contentUrl\":\"https:\\\/\\\/elleerre.it\\\/wp-content\\\/uploads\\\/2021\\\/04\\\/fettuccia_elleerre_var.jpg\",\"width\":300,\"height\":300,\"caption\":\"ElleErre\"},\"image\":{\"@id\":\"https:\\\/\\\/elleerre.it\\\/#\\\/schema\\\/logo\\\/image\\\/\"},\"sameAs\":[\"https:\\\/\\\/www.facebook.com\\\/ElleErre.it\",\"https:\\\/\\\/www.instagram.com\\\/elleerre.it\\\/\",\"https:\\\/\\\/www.youtube.com\\\/user\\\/EasyFlag\"]}]}<\/script>\n<!-- \/ Yoast SEO plugin. -->","yoast_head_json":{"title":"SCHUHTASCHE - Shop online ElleErre","robots":{"index":"index","follow":"follow","max-snippet":"max-snippet:-1","max-image-preview":"max-image-preview:large","max-video-preview":"max-video-preview:-1"},"canonical":"https:\/\/elleerre.it\/de\/sportzubehoer\/sportbekleidungsbeutel\/schuhtasche\/","og_locale":"de_DE","og_type":"article","og_title":"SCHUHTASCHE - Shop online ElleErre","og_url":"https:\/\/elleerre.it\/de\/sportzubehoer\/sportbekleidungsbeutel\/schuhtasche\/","og_site_name":"ElleErre","article_publisher":"https:\/\/www.facebook.com\/ElleErre.it","article_modified_time":"2024-11-04T22:52:00+00:00","og_image":[{"width":1200,"height":1200,"url":"https:\/\/elleerre.it\/wp-content\/uploads\/2021\/04\/sacca-porta-scarpe-elleerre.jpg","type":"image\/jpeg"}],"twitter_card":"summary_large_image","twitter_misc":{"Gesch\u00e4tzte Lesezeit":"1\u00a0Minute"},"schema":{"@context":"https:\/\/schema.org","@graph":[{"@type":"WebPage","@id":"https:\/\/elleerre.it\/de\/sportzubehoer\/sportbekleidungsbeutel\/schuhtasche\/","url":"https:\/\/elleerre.it\/de\/sportzubehoer\/sportbekleidungsbeutel\/schuhtasche\/","name":"SCHUHTASCHE - Shop online ElleErre","isPartOf":{"@id":"https:\/\/elleerre.it\/#website"},"primaryImageOfPage":{"@id":"https:\/\/elleerre.it\/de\/sportzubehoer\/sportbekleidungsbeutel\/schuhtasche\/#primaryimage"},"image":{"@id":"https:\/\/elleerre.it\/de\/sportzubehoer\/sportbekleidungsbeutel\/schuhtasche\/#primaryimage"},"thumbnailUrl":"https:\/\/elleerre.it\/wp-content\/uploads\/2021\/04\/sacca-porta-scarpe-elleerre.jpg","datePublished":"2021-04-20T15:11:52+00:00","dateModified":"2024-11-04T22:52:00+00:00","breadcrumb":{"@id":"https:\/\/elleerre.it\/de\/sportzubehoer\/sportbekleidungsbeutel\/schuhtasche\/#breadcrumb"},"inLanguage":"de","potentialAction":[{"@type":"ReadAction","target":["https:\/\/elleerre.it\/de\/sportzubehoer\/sportbekleidungsbeutel\/schuhtasche\/"]}]},{"@type":"ImageObject","inLanguage":"de","@id":"https:\/\/elleerre.it\/de\/sportzubehoer\/sportbekleidungsbeutel\/schuhtasche\/#primaryimage","url":"https:\/\/elleerre.it\/wp-content\/uploads\/2021\/04\/sacca-porta-scarpe-elleerre.jpg","contentUrl":"https:\/\/elleerre.it\/wp-content\/uploads\/2021\/04\/sacca-porta-scarpe-elleerre.jpg","width":1200,"height":1200},{"@type":"BreadcrumbList","@id":"https:\/\/elleerre.it\/de\/sportzubehoer\/sportbekleidungsbeutel\/schuhtasche\/#breadcrumb","itemListElement":[{"@type":"ListItem","position":1,"name":"Home","item":"https:\/\/elleerre.it\/de\/"},{"@type":"ListItem","position":2,"name":"Shop","item":"https:\/\/elleerre.it\/shop\/"},{"@type":"ListItem","position":3,"name":"SCHUHTASCHE"}]},{"@type":"WebSite","@id":"https:\/\/elleerre.it\/#website","url":"https:\/\/elleerre.it\/","name":"ElleErre","description":"Abbigliamento sportivo personalizzato","publisher":{"@id":"https:\/\/elleerre.it\/#organization"},"potentialAction":[{"@type":"SearchAction","target":{"@type":"EntryPoint","urlTemplate":"https:\/\/elleerre.it\/?s={search_term_string}"},"query-input":{"@type":"PropertyValueSpecification","valueRequired":true,"valueName":"search_term_string"}}],"inLanguage":"de"},{"@type":"Organization","@id":"https:\/\/elleerre.it\/#organization","name":"ElleErre","url":"https:\/\/elleerre.it\/","logo":{"@type":"ImageObject","inLanguage":"de","@id":"https:\/\/elleerre.it\/#\/schema\/logo\/image\/","url":"https:\/\/elleerre.it\/wp-content\/uploads\/2021\/04\/fettuccia_elleerre_var.jpg","contentUrl":"https:\/\/elleerre.it\/wp-content\/uploads\/2021\/04\/fettuccia_elleerre_var.jpg","width":300,"height":300,"caption":"ElleErre"},"image":{"@id":"https:\/\/elleerre.it\/#\/schema\/logo\/image\/"},"sameAs":["https:\/\/www.facebook.com\/ElleErre.it","https:\/\/www.instagram.com\/elleerre.it\/","https:\/\/www.youtube.com\/user\/EasyFlag"]}]}},"_links":{"self":[{"href":"https:\/\/elleerre.it\/de\/wp-json\/wp\/v2\/product\/12721","targetHints":{"allow":["GET"]}}],"collection":[{"href":"https:\/\/elleerre.it\/de\/wp-json\/wp\/v2\/product"}],"about":[{"href":"https:\/\/elleerre.it\/de\/wp-json\/wp\/v2\/types\/product"}],"wp:featuredmedia":[{"embeddable":true,"href":"https:\/\/elleerre.it\/de\/wp-json\/wp\/v2\/media\/11442"}],"wp:attachment":[{"href":"https:\/\/elleerre.it\/de\/wp-json\/wp\/v2\/media?parent=12721"}],"wp:term":[{"taxonomy":"product_brand","embeddable":true,"href":"https:\/\/elleerre.it\/de\/wp-json\/wp\/v2\/product_brand?post=12721"},{"taxonomy":"product_cat","embeddable":true,"href":"https:\/\/elleerre.it\/de\/wp-json\/wp\/v2\/product_cat?post=12721"},{"taxonomy":"product_tag","embeddable":true,"href":"https:\/\/elleerre.it\/de\/wp-json\/wp\/v2\/product_tag?post=12721"}],"curies":[{"name":"wp","href":"https:\/\/api.w.org\/{rel}","templated":true}]}}