{"id":12752,"date":"2021-04-20T15:23:49","date_gmt":"2021-04-20T15:23:49","guid":{"rendered":"https:\/\/elleerre.it\/unkategorisiert\/light-cap-pattern\/"},"modified":"2024-11-06T08:44:08","modified_gmt":"2024-11-06T08:44:08","slug":"light-cap-pattern","status":"publish","type":"product","link":"https:\/\/elleerre.it\/de\/sportzubehoer\/personalisierte-muetzen-light-cap\/light-cap-pattern\/","title":{"rendered":"LIGHT CAP Pattern"},"content":{"rendered":"<p>Personalisierte Fahrradm\u00fctze f\u00fcr das ganze Team! Das unverzichtbare Accessoire f\u00fcr Ihre Radtouren, mit Ihren Farben, Ihrem Logo, Ihrem Namen, Ihrem Lieblingsspruch.<br \/>\nMinimum f\u00fcr die Personalisierung: 20 St\u00fcck!<\/p>\n<p>Light Cap ElleErre besteht aus einem perforierten Stretchgewebe, das die W\u00e4rmeableitung erleichtert und die bestm\u00f6gliche Atmungsaktivit\u00e4t und Leichtigkeit garantiert.<br \/>\nHauptmerkmale: atmungsaktiv, elastisch, leicht und waschmaschinenfest.<\/p>\n<p>Steifes, gegenl\u00e4ufiges Visier, das auch f\u00fcr die Verwendung unter einem Helm geeignet ist.<\/p>\n<p>TECHNISCHE MERKMALE:<br \/>\n&#8211; Gewicht: 25 g<br \/>\n&#8211; Material: 76% Polyester &#8211; 24% Elastan, STANDARD 100 von OEKO-TEX\u00ae<br \/>\n&#8211; Schwarzes inneres Schwei\u00dfband&#8220; aus Stretch-Polyester<br \/>\n&#8211; Steifes, abnehmbares Visier aus Polyester<br \/>\n&#8211; Maschinenwaschbar bis zu 40\u00b0 C<br \/>\n&#8211; Einheitsgr\u00f6\u00dfe<\/p>\n<p><img loading=\"lazy\" decoding=\"async\" class=\"aligncenter wp-image-6608 size-large\" src=\"https:\/\/elleerre.it\/wp-content\/uploads\/2021\/04\/light-cap-grafica-eng-1024x1024.jpg\" alt=\"\" width=\"640\" height=\"640\" srcset=\"https:\/\/elleerre.it\/wp-content\/uploads\/2021\/04\/light-cap-grafica-eng-1024x1024.jpg 1024w, https:\/\/elleerre.it\/wp-content\/uploads\/2021\/04\/light-cap-grafica-eng-800x800.jpg 800w, https:\/\/elleerre.it\/wp-content\/uploads\/2021\/04\/light-cap-grafica-eng-500x500.jpg 500w, https:\/\/elleerre.it\/wp-content\/uploads\/2021\/04\/light-cap-grafica-eng-64x64.jpg 64w, https:\/\/elleerre.it\/wp-content\/uploads\/2021\/04\/light-cap-grafica-eng-300x300.jpg 300w, https:\/\/elleerre.it\/wp-content\/uploads\/2021\/04\/light-cap-grafica-eng-150x150.jpg 150w, https:\/\/elleerre.it\/wp-content\/uploads\/2021\/04\/light-cap-grafica-eng-768x768.jpg 768w, https:\/\/elleerre.it\/wp-content\/uploads\/2021\/04\/light-cap-grafica-eng.jpg 1200w\" sizes=\"auto, (max-width: 640px) 100vw, 640px\" \/><\/p>\n","protected":false},"excerpt":{"rendered":"<p>Light Cap ist die perfekte M\u00fctze f\u00fcr alle Outdoor-Sportarten: Radfahren, Laufen, Trail, Running, usw.<\/p>\n","protected":false},"featured_media":11318,"template":"","meta":{"_acf_changed":false,"inline_featured_image":false},"product_brand":[],"product_cat":[1311,1307],"product_tag":[],"class_list":{"0":"post-12752","1":"product","2":"type-product","3":"status-publish","4":"has-post-thumbnail","6":"product_cat-personalisierte-muetzen-light-cap","7":"product_cat-sportzubehoer","9":"first","10":"instock","11":"sale","12":"taxable","13":"shipping-taxable","14":"purchasable","15":"product-type-variable","16":"has-default-attributes"},"acf":[],"yoast_head":"<!-- This site is optimized with the Yoast SEO plugin v27.3 - https:\/\/yoast.com\/product\/yoast-seo-wordpress\/ -->\n<title>LIGHT CAP Pattern - Shop online ElleErre<\/title>\n<meta name=\"robots\" content=\"index, follow, max-snippet:-1, max-image-preview:large, max-video-preview:-1\" \/>\n<link rel=\"canonical\" href=\"https:\/\/elleerre.it\/de\/sportzubehoer\/personalisierte-muetzen-light-cap\/light-cap-pattern\/\" \/>\n<meta property=\"og:locale\" content=\"de_DE\" \/>\n<meta property=\"og:type\" content=\"article\" \/>\n<meta property=\"og:title\" content=\"LIGHT CAP Pattern - Shop online ElleErre\" \/>\n<meta property=\"og:url\" content=\"https:\/\/elleerre.it\/de\/sportzubehoer\/personalisierte-muetzen-light-cap\/light-cap-pattern\/\" \/>\n<meta property=\"og:site_name\" content=\"ElleErre\" \/>\n<meta property=\"article:publisher\" content=\"https:\/\/www.facebook.com\/ElleErre.it\" \/>\n<meta property=\"article:modified_time\" content=\"2024-11-06T08:44:08+00:00\" \/>\n<meta property=\"og:image\" content=\"https:\/\/elleerre.it\/wp-content\/uploads\/2021\/04\/light-cap-leopard-c200.jpg\" \/>\n\t<meta property=\"og:image:width\" content=\"1200\" \/>\n\t<meta property=\"og:image:height\" content=\"1200\" \/>\n\t<meta property=\"og:image:type\" content=\"image\/jpeg\" \/>\n<meta name=\"twitter:card\" content=\"summary_large_image\" \/>\n<meta name=\"twitter:label1\" content=\"Gesch\u00e4tzte Lesezeit\" \/>\n\t<meta name=\"twitter:data1\" content=\"1\u00a0Minute\" \/>\n<script type=\"application\/ld+json\" class=\"yoast-schema-graph\">{\"@context\":\"https:\\\/\\\/schema.org\",\"@graph\":[{\"@type\":\"WebPage\",\"@id\":\"https:\\\/\\\/elleerre.it\\\/de\\\/sportzubehoer\\\/personalisierte-muetzen-light-cap\\\/light-cap-pattern\\\/\",\"url\":\"https:\\\/\\\/elleerre.it\\\/de\\\/sportzubehoer\\\/personalisierte-muetzen-light-cap\\\/light-cap-pattern\\\/\",\"name\":\"LIGHT CAP Pattern - Shop online ElleErre\",\"isPartOf\":{\"@id\":\"https:\\\/\\\/elleerre.it\\\/#website\"},\"primaryImageOfPage\":{\"@id\":\"https:\\\/\\\/elleerre.it\\\/de\\\/sportzubehoer\\\/personalisierte-muetzen-light-cap\\\/light-cap-pattern\\\/#primaryimage\"},\"image\":{\"@id\":\"https:\\\/\\\/elleerre.it\\\/de\\\/sportzubehoer\\\/personalisierte-muetzen-light-cap\\\/light-cap-pattern\\\/#primaryimage\"},\"thumbnailUrl\":\"https:\\\/\\\/elleerre.it\\\/wp-content\\\/uploads\\\/2021\\\/04\\\/light-cap-leopard-c200.jpg\",\"datePublished\":\"2021-04-20T15:23:49+00:00\",\"dateModified\":\"2024-11-06T08:44:08+00:00\",\"breadcrumb\":{\"@id\":\"https:\\\/\\\/elleerre.it\\\/de\\\/sportzubehoer\\\/personalisierte-muetzen-light-cap\\\/light-cap-pattern\\\/#breadcrumb\"},\"inLanguage\":\"de\",\"potentialAction\":[{\"@type\":\"ReadAction\",\"target\":[\"https:\\\/\\\/elleerre.it\\\/de\\\/sportzubehoer\\\/personalisierte-muetzen-light-cap\\\/light-cap-pattern\\\/\"]}]},{\"@type\":\"ImageObject\",\"inLanguage\":\"de\",\"@id\":\"https:\\\/\\\/elleerre.it\\\/de\\\/sportzubehoer\\\/personalisierte-muetzen-light-cap\\\/light-cap-pattern\\\/#primaryimage\",\"url\":\"https:\\\/\\\/elleerre.it\\\/wp-content\\\/uploads\\\/2021\\\/04\\\/light-cap-leopard-c200.jpg\",\"contentUrl\":\"https:\\\/\\\/elleerre.it\\\/wp-content\\\/uploads\\\/2021\\\/04\\\/light-cap-leopard-c200.jpg\",\"width\":1200,\"height\":1200},{\"@type\":\"BreadcrumbList\",\"@id\":\"https:\\\/\\\/elleerre.it\\\/de\\\/sportzubehoer\\\/personalisierte-muetzen-light-cap\\\/light-cap-pattern\\\/#breadcrumb\",\"itemListElement\":[{\"@type\":\"ListItem\",\"position\":1,\"name\":\"Home\",\"item\":\"https:\\\/\\\/elleerre.it\\\/de\\\/\"},{\"@type\":\"ListItem\",\"position\":2,\"name\":\"Shop\",\"item\":\"https:\\\/\\\/elleerre.it\\\/shop\\\/\"},{\"@type\":\"ListItem\",\"position\":3,\"name\":\"LIGHT CAP Pattern\"}]},{\"@type\":\"WebSite\",\"@id\":\"https:\\\/\\\/elleerre.it\\\/#website\",\"url\":\"https:\\\/\\\/elleerre.it\\\/\",\"name\":\"ElleErre\",\"description\":\"Abbigliamento sportivo personalizzato\",\"publisher\":{\"@id\":\"https:\\\/\\\/elleerre.it\\\/#organization\"},\"potentialAction\":[{\"@type\":\"SearchAction\",\"target\":{\"@type\":\"EntryPoint\",\"urlTemplate\":\"https:\\\/\\\/elleerre.it\\\/?s={search_term_string}\"},\"query-input\":{\"@type\":\"PropertyValueSpecification\",\"valueRequired\":true,\"valueName\":\"search_term_string\"}}],\"inLanguage\":\"de\"},{\"@type\":\"Organization\",\"@id\":\"https:\\\/\\\/elleerre.it\\\/#organization\",\"name\":\"ElleErre\",\"url\":\"https:\\\/\\\/elleerre.it\\\/\",\"logo\":{\"@type\":\"ImageObject\",\"inLanguage\":\"de\",\"@id\":\"https:\\\/\\\/elleerre.it\\\/#\\\/schema\\\/logo\\\/image\\\/\",\"url\":\"https:\\\/\\\/elleerre.it\\\/wp-content\\\/uploads\\\/2021\\\/04\\\/fettuccia_elleerre_var.jpg\",\"contentUrl\":\"https:\\\/\\\/elleerre.it\\\/wp-content\\\/uploads\\\/2021\\\/04\\\/fettuccia_elleerre_var.jpg\",\"width\":300,\"height\":300,\"caption\":\"ElleErre\"},\"image\":{\"@id\":\"https:\\\/\\\/elleerre.it\\\/#\\\/schema\\\/logo\\\/image\\\/\"},\"sameAs\":[\"https:\\\/\\\/www.facebook.com\\\/ElleErre.it\",\"https:\\\/\\\/www.instagram.com\\\/elleerre.it\\\/\",\"https:\\\/\\\/www.youtube.com\\\/user\\\/EasyFlag\"]}]}<\/script>\n<!-- \/ Yoast SEO plugin. -->","yoast_head_json":{"title":"LIGHT CAP Pattern - Shop online ElleErre","robots":{"index":"index","follow":"follow","max-snippet":"max-snippet:-1","max-image-preview":"max-image-preview:large","max-video-preview":"max-video-preview:-1"},"canonical":"https:\/\/elleerre.it\/de\/sportzubehoer\/personalisierte-muetzen-light-cap\/light-cap-pattern\/","og_locale":"de_DE","og_type":"article","og_title":"LIGHT CAP Pattern - Shop online ElleErre","og_url":"https:\/\/elleerre.it\/de\/sportzubehoer\/personalisierte-muetzen-light-cap\/light-cap-pattern\/","og_site_name":"ElleErre","article_publisher":"https:\/\/www.facebook.com\/ElleErre.it","article_modified_time":"2024-11-06T08:44:08+00:00","og_image":[{"width":1200,"height":1200,"url":"https:\/\/elleerre.it\/wp-content\/uploads\/2021\/04\/light-cap-leopard-c200.jpg","type":"image\/jpeg"}],"twitter_card":"summary_large_image","twitter_misc":{"Gesch\u00e4tzte Lesezeit":"1\u00a0Minute"},"schema":{"@context":"https:\/\/schema.org","@graph":[{"@type":"WebPage","@id":"https:\/\/elleerre.it\/de\/sportzubehoer\/personalisierte-muetzen-light-cap\/light-cap-pattern\/","url":"https:\/\/elleerre.it\/de\/sportzubehoer\/personalisierte-muetzen-light-cap\/light-cap-pattern\/","name":"LIGHT CAP Pattern - Shop online ElleErre","isPartOf":{"@id":"https:\/\/elleerre.it\/#website"},"primaryImageOfPage":{"@id":"https:\/\/elleerre.it\/de\/sportzubehoer\/personalisierte-muetzen-light-cap\/light-cap-pattern\/#primaryimage"},"image":{"@id":"https:\/\/elleerre.it\/de\/sportzubehoer\/personalisierte-muetzen-light-cap\/light-cap-pattern\/#primaryimage"},"thumbnailUrl":"https:\/\/elleerre.it\/wp-content\/uploads\/2021\/04\/light-cap-leopard-c200.jpg","datePublished":"2021-04-20T15:23:49+00:00","dateModified":"2024-11-06T08:44:08+00:00","breadcrumb":{"@id":"https:\/\/elleerre.it\/de\/sportzubehoer\/personalisierte-muetzen-light-cap\/light-cap-pattern\/#breadcrumb"},"inLanguage":"de","potentialAction":[{"@type":"ReadAction","target":["https:\/\/elleerre.it\/de\/sportzubehoer\/personalisierte-muetzen-light-cap\/light-cap-pattern\/"]}]},{"@type":"ImageObject","inLanguage":"de","@id":"https:\/\/elleerre.it\/de\/sportzubehoer\/personalisierte-muetzen-light-cap\/light-cap-pattern\/#primaryimage","url":"https:\/\/elleerre.it\/wp-content\/uploads\/2021\/04\/light-cap-leopard-c200.jpg","contentUrl":"https:\/\/elleerre.it\/wp-content\/uploads\/2021\/04\/light-cap-leopard-c200.jpg","width":1200,"height":1200},{"@type":"BreadcrumbList","@id":"https:\/\/elleerre.it\/de\/sportzubehoer\/personalisierte-muetzen-light-cap\/light-cap-pattern\/#breadcrumb","itemListElement":[{"@type":"ListItem","position":1,"name":"Home","item":"https:\/\/elleerre.it\/de\/"},{"@type":"ListItem","position":2,"name":"Shop","item":"https:\/\/elleerre.it\/shop\/"},{"@type":"ListItem","position":3,"name":"LIGHT CAP Pattern"}]},{"@type":"WebSite","@id":"https:\/\/elleerre.it\/#website","url":"https:\/\/elleerre.it\/","name":"ElleErre","description":"Abbigliamento sportivo personalizzato","publisher":{"@id":"https:\/\/elleerre.it\/#organization"},"potentialAction":[{"@type":"SearchAction","target":{"@type":"EntryPoint","urlTemplate":"https:\/\/elleerre.it\/?s={search_term_string}"},"query-input":{"@type":"PropertyValueSpecification","valueRequired":true,"valueName":"search_term_string"}}],"inLanguage":"de"},{"@type":"Organization","@id":"https:\/\/elleerre.it\/#organization","name":"ElleErre","url":"https:\/\/elleerre.it\/","logo":{"@type":"ImageObject","inLanguage":"de","@id":"https:\/\/elleerre.it\/#\/schema\/logo\/image\/","url":"https:\/\/elleerre.it\/wp-content\/uploads\/2021\/04\/fettuccia_elleerre_var.jpg","contentUrl":"https:\/\/elleerre.it\/wp-content\/uploads\/2021\/04\/fettuccia_elleerre_var.jpg","width":300,"height":300,"caption":"ElleErre"},"image":{"@id":"https:\/\/elleerre.it\/#\/schema\/logo\/image\/"},"sameAs":["https:\/\/www.facebook.com\/ElleErre.it","https:\/\/www.instagram.com\/elleerre.it\/","https:\/\/www.youtube.com\/user\/EasyFlag"]}]}},"_links":{"self":[{"href":"https:\/\/elleerre.it\/de\/wp-json\/wp\/v2\/product\/12752","targetHints":{"allow":["GET"]}}],"collection":[{"href":"https:\/\/elleerre.it\/de\/wp-json\/wp\/v2\/product"}],"about":[{"href":"https:\/\/elleerre.it\/de\/wp-json\/wp\/v2\/types\/product"}],"wp:featuredmedia":[{"embeddable":true,"href":"https:\/\/elleerre.it\/de\/wp-json\/wp\/v2\/media\/11318"}],"wp:attachment":[{"href":"https:\/\/elleerre.it\/de\/wp-json\/wp\/v2\/media?parent=12752"}],"wp:term":[{"taxonomy":"product_brand","embeddable":true,"href":"https:\/\/elleerre.it\/de\/wp-json\/wp\/v2\/product_brand?post=12752"},{"taxonomy":"product_cat","embeddable":true,"href":"https:\/\/elleerre.it\/de\/wp-json\/wp\/v2\/product_cat?post=12752"},{"taxonomy":"product_tag","embeddable":true,"href":"https:\/\/elleerre.it\/de\/wp-json\/wp\/v2\/product_tag?post=12752"}],"curies":[{"name":"wp","href":"https:\/\/api.w.org\/{rel}","templated":true}]}}