{"id":12791,"date":"2021-04-20T15:22:36","date_gmt":"2021-04-20T15:22:36","guid":{"rendered":"https:\/\/elleerre.it\/unkategorisiert\/headband-single-color\/"},"modified":"2023-04-27T09:41:52","modified_gmt":"2023-04-27T09:41:52","slug":"einfarbige-stirnbaender","status":"publish","type":"product","link":"https:\/\/elleerre.it\/de\/sportzubehoer\/stirnbaender\/einfarbige-stirnbaender\/","title":{"rendered":"EINFARBIGE STIRNB\u00c4NDER"},"content":{"rendered":"<p>ElleErre-Stirnb\u00e4nder (von Sportlern auch Headband oder Schwei\u00dfb\u00e4nder genannt) sind das unverzichtbare Accessoire f\u00fcr verschiedene Outdoor-Aktivit\u00e4ten wie Laufen, Radfahren usw. Die elastischen, atmungsaktiven und leichten ElleErre-Stirnb\u00e4nder sind in zwei Versionen erh\u00e4ltlich: f\u00fcr den Sommer mit leichterem Stoff und f\u00fcr den Winter mit innen aufgerautem Material, das den Kopf beim Training warmh\u00e4lt! ElleErre-Stirnb\u00e4nder sind waschmaschinenfest. Entdecken Sie alle Grafiken und Farben online oder fragen Sie uns nach Ihrer personalisierten Variante!<\/p>\n","protected":false},"excerpt":{"rendered":"<p>ElleErre-Stirnb\u00e4nder (von Sportlern auch Headband oder Schwei\u00dfb\u00e4nder genannt) sind das unverzichtbare Accessoire f\u00fcr verschiedene Outdoor-Aktivit\u00e4ten wie Laufen, Radfahren usw.<\/p>\n","protected":false},"featured_media":11355,"template":"","meta":{"_acf_changed":false,"inline_featured_image":false},"product_brand":[],"product_cat":[1307,1314],"product_tag":[],"class_list":{"0":"post-12791","1":"product","2":"type-product","3":"status-publish","4":"has-post-thumbnail","6":"product_cat-sportzubehoer","7":"product_cat-stirnbaender","9":"first","10":"instock","11":"taxable","12":"shipping-taxable","13":"purchasable","14":"product-type-variable","15":"has-default-attributes"},"acf":[],"yoast_head":"<!-- This site is optimized with the Yoast SEO plugin v27.3 - https:\/\/yoast.com\/product\/yoast-seo-wordpress\/ -->\n<title>EINFARBIGE STIRNB\u00c4NDER - Shop online ElleErre<\/title>\n<meta name=\"robots\" content=\"index, follow, max-snippet:-1, max-image-preview:large, max-video-preview:-1\" \/>\n<link rel=\"canonical\" href=\"https:\/\/elleerre.it\/de\/sportzubehoer\/stirnbaender\/einfarbige-stirnbaender\/\" \/>\n<meta property=\"og:locale\" content=\"de_DE\" \/>\n<meta property=\"og:type\" content=\"article\" \/>\n<meta property=\"og:title\" content=\"EINFARBIGE STIRNB\u00c4NDER - Shop online ElleErre\" \/>\n<meta property=\"og:url\" content=\"https:\/\/elleerre.it\/de\/sportzubehoer\/stirnbaender\/einfarbige-stirnbaender\/\" \/>\n<meta property=\"og:site_name\" content=\"ElleErre\" \/>\n<meta property=\"article:publisher\" content=\"https:\/\/www.facebook.com\/ElleErre.it\" \/>\n<meta property=\"article:modified_time\" content=\"2023-04-27T09:41:52+00:00\" \/>\n<meta property=\"og:image\" content=\"https:\/\/elleerre.it\/wp-content\/uploads\/2021\/04\/fascetta-headband-yellow-fluo-29.jpg\" \/>\n\t<meta property=\"og:image:width\" content=\"1200\" \/>\n\t<meta property=\"og:image:height\" content=\"1200\" \/>\n\t<meta property=\"og:image:type\" content=\"image\/jpeg\" \/>\n<meta name=\"twitter:card\" content=\"summary_large_image\" \/>\n<meta name=\"twitter:label1\" content=\"Gesch\u00e4tzte Lesezeit\" \/>\n\t<meta name=\"twitter:data1\" content=\"1\u00a0Minute\" \/>\n<script type=\"application\/ld+json\" class=\"yoast-schema-graph\">{\"@context\":\"https:\\\/\\\/schema.org\",\"@graph\":[{\"@type\":\"WebPage\",\"@id\":\"https:\\\/\\\/elleerre.it\\\/de\\\/sportzubehoer\\\/stirnbaender\\\/einfarbige-stirnbaender\\\/\",\"url\":\"https:\\\/\\\/elleerre.it\\\/de\\\/sportzubehoer\\\/stirnbaender\\\/einfarbige-stirnbaender\\\/\",\"name\":\"EINFARBIGE STIRNB\u00c4NDER - Shop online ElleErre\",\"isPartOf\":{\"@id\":\"https:\\\/\\\/elleerre.it\\\/#website\"},\"primaryImageOfPage\":{\"@id\":\"https:\\\/\\\/elleerre.it\\\/de\\\/sportzubehoer\\\/stirnbaender\\\/einfarbige-stirnbaender\\\/#primaryimage\"},\"image\":{\"@id\":\"https:\\\/\\\/elleerre.it\\\/de\\\/sportzubehoer\\\/stirnbaender\\\/einfarbige-stirnbaender\\\/#primaryimage\"},\"thumbnailUrl\":\"https:\\\/\\\/elleerre.it\\\/wp-content\\\/uploads\\\/2021\\\/04\\\/fascetta-headband-yellow-fluo-29.jpg\",\"datePublished\":\"2021-04-20T15:22:36+00:00\",\"dateModified\":\"2023-04-27T09:41:52+00:00\",\"breadcrumb\":{\"@id\":\"https:\\\/\\\/elleerre.it\\\/de\\\/sportzubehoer\\\/stirnbaender\\\/einfarbige-stirnbaender\\\/#breadcrumb\"},\"inLanguage\":\"de\",\"potentialAction\":[{\"@type\":\"ReadAction\",\"target\":[\"https:\\\/\\\/elleerre.it\\\/de\\\/sportzubehoer\\\/stirnbaender\\\/einfarbige-stirnbaender\\\/\"]}]},{\"@type\":\"ImageObject\",\"inLanguage\":\"de\",\"@id\":\"https:\\\/\\\/elleerre.it\\\/de\\\/sportzubehoer\\\/stirnbaender\\\/einfarbige-stirnbaender\\\/#primaryimage\",\"url\":\"https:\\\/\\\/elleerre.it\\\/wp-content\\\/uploads\\\/2021\\\/04\\\/fascetta-headband-yellow-fluo-29.jpg\",\"contentUrl\":\"https:\\\/\\\/elleerre.it\\\/wp-content\\\/uploads\\\/2021\\\/04\\\/fascetta-headband-yellow-fluo-29.jpg\",\"width\":1200,\"height\":1200},{\"@type\":\"BreadcrumbList\",\"@id\":\"https:\\\/\\\/elleerre.it\\\/de\\\/sportzubehoer\\\/stirnbaender\\\/einfarbige-stirnbaender\\\/#breadcrumb\",\"itemListElement\":[{\"@type\":\"ListItem\",\"position\":1,\"name\":\"Home\",\"item\":\"https:\\\/\\\/elleerre.it\\\/de\\\/\"},{\"@type\":\"ListItem\",\"position\":2,\"name\":\"Shop\",\"item\":\"https:\\\/\\\/elleerre.it\\\/shop\\\/\"},{\"@type\":\"ListItem\",\"position\":3,\"name\":\"EINFARBIGE STIRNB\u00c4NDER\"}]},{\"@type\":\"WebSite\",\"@id\":\"https:\\\/\\\/elleerre.it\\\/#website\",\"url\":\"https:\\\/\\\/elleerre.it\\\/\",\"name\":\"ElleErre\",\"description\":\"Abbigliamento sportivo personalizzato\",\"publisher\":{\"@id\":\"https:\\\/\\\/elleerre.it\\\/#organization\"},\"potentialAction\":[{\"@type\":\"SearchAction\",\"target\":{\"@type\":\"EntryPoint\",\"urlTemplate\":\"https:\\\/\\\/elleerre.it\\\/?s={search_term_string}\"},\"query-input\":{\"@type\":\"PropertyValueSpecification\",\"valueRequired\":true,\"valueName\":\"search_term_string\"}}],\"inLanguage\":\"de\"},{\"@type\":\"Organization\",\"@id\":\"https:\\\/\\\/elleerre.it\\\/#organization\",\"name\":\"ElleErre\",\"url\":\"https:\\\/\\\/elleerre.it\\\/\",\"logo\":{\"@type\":\"ImageObject\",\"inLanguage\":\"de\",\"@id\":\"https:\\\/\\\/elleerre.it\\\/#\\\/schema\\\/logo\\\/image\\\/\",\"url\":\"https:\\\/\\\/elleerre.it\\\/wp-content\\\/uploads\\\/2021\\\/04\\\/fettuccia_elleerre_var.jpg\",\"contentUrl\":\"https:\\\/\\\/elleerre.it\\\/wp-content\\\/uploads\\\/2021\\\/04\\\/fettuccia_elleerre_var.jpg\",\"width\":300,\"height\":300,\"caption\":\"ElleErre\"},\"image\":{\"@id\":\"https:\\\/\\\/elleerre.it\\\/#\\\/schema\\\/logo\\\/image\\\/\"},\"sameAs\":[\"https:\\\/\\\/www.facebook.com\\\/ElleErre.it\",\"https:\\\/\\\/www.instagram.com\\\/elleerre.it\\\/\",\"https:\\\/\\\/www.youtube.com\\\/user\\\/EasyFlag\"]}]}<\/script>\n<!-- \/ Yoast SEO plugin. -->","yoast_head_json":{"title":"EINFARBIGE STIRNB\u00c4NDER - Shop online ElleErre","robots":{"index":"index","follow":"follow","max-snippet":"max-snippet:-1","max-image-preview":"max-image-preview:large","max-video-preview":"max-video-preview:-1"},"canonical":"https:\/\/elleerre.it\/de\/sportzubehoer\/stirnbaender\/einfarbige-stirnbaender\/","og_locale":"de_DE","og_type":"article","og_title":"EINFARBIGE STIRNB\u00c4NDER - Shop online ElleErre","og_url":"https:\/\/elleerre.it\/de\/sportzubehoer\/stirnbaender\/einfarbige-stirnbaender\/","og_site_name":"ElleErre","article_publisher":"https:\/\/www.facebook.com\/ElleErre.it","article_modified_time":"2023-04-27T09:41:52+00:00","og_image":[{"width":1200,"height":1200,"url":"https:\/\/elleerre.it\/wp-content\/uploads\/2021\/04\/fascetta-headband-yellow-fluo-29.jpg","type":"image\/jpeg"}],"twitter_card":"summary_large_image","twitter_misc":{"Gesch\u00e4tzte Lesezeit":"1\u00a0Minute"},"schema":{"@context":"https:\/\/schema.org","@graph":[{"@type":"WebPage","@id":"https:\/\/elleerre.it\/de\/sportzubehoer\/stirnbaender\/einfarbige-stirnbaender\/","url":"https:\/\/elleerre.it\/de\/sportzubehoer\/stirnbaender\/einfarbige-stirnbaender\/","name":"EINFARBIGE STIRNB\u00c4NDER - Shop online ElleErre","isPartOf":{"@id":"https:\/\/elleerre.it\/#website"},"primaryImageOfPage":{"@id":"https:\/\/elleerre.it\/de\/sportzubehoer\/stirnbaender\/einfarbige-stirnbaender\/#primaryimage"},"image":{"@id":"https:\/\/elleerre.it\/de\/sportzubehoer\/stirnbaender\/einfarbige-stirnbaender\/#primaryimage"},"thumbnailUrl":"https:\/\/elleerre.it\/wp-content\/uploads\/2021\/04\/fascetta-headband-yellow-fluo-29.jpg","datePublished":"2021-04-20T15:22:36+00:00","dateModified":"2023-04-27T09:41:52+00:00","breadcrumb":{"@id":"https:\/\/elleerre.it\/de\/sportzubehoer\/stirnbaender\/einfarbige-stirnbaender\/#breadcrumb"},"inLanguage":"de","potentialAction":[{"@type":"ReadAction","target":["https:\/\/elleerre.it\/de\/sportzubehoer\/stirnbaender\/einfarbige-stirnbaender\/"]}]},{"@type":"ImageObject","inLanguage":"de","@id":"https:\/\/elleerre.it\/de\/sportzubehoer\/stirnbaender\/einfarbige-stirnbaender\/#primaryimage","url":"https:\/\/elleerre.it\/wp-content\/uploads\/2021\/04\/fascetta-headband-yellow-fluo-29.jpg","contentUrl":"https:\/\/elleerre.it\/wp-content\/uploads\/2021\/04\/fascetta-headband-yellow-fluo-29.jpg","width":1200,"height":1200},{"@type":"BreadcrumbList","@id":"https:\/\/elleerre.it\/de\/sportzubehoer\/stirnbaender\/einfarbige-stirnbaender\/#breadcrumb","itemListElement":[{"@type":"ListItem","position":1,"name":"Home","item":"https:\/\/elleerre.it\/de\/"},{"@type":"ListItem","position":2,"name":"Shop","item":"https:\/\/elleerre.it\/shop\/"},{"@type":"ListItem","position":3,"name":"EINFARBIGE STIRNB\u00c4NDER"}]},{"@type":"WebSite","@id":"https:\/\/elleerre.it\/#website","url":"https:\/\/elleerre.it\/","name":"ElleErre","description":"Abbigliamento sportivo personalizzato","publisher":{"@id":"https:\/\/elleerre.it\/#organization"},"potentialAction":[{"@type":"SearchAction","target":{"@type":"EntryPoint","urlTemplate":"https:\/\/elleerre.it\/?s={search_term_string}"},"query-input":{"@type":"PropertyValueSpecification","valueRequired":true,"valueName":"search_term_string"}}],"inLanguage":"de"},{"@type":"Organization","@id":"https:\/\/elleerre.it\/#organization","name":"ElleErre","url":"https:\/\/elleerre.it\/","logo":{"@type":"ImageObject","inLanguage":"de","@id":"https:\/\/elleerre.it\/#\/schema\/logo\/image\/","url":"https:\/\/elleerre.it\/wp-content\/uploads\/2021\/04\/fettuccia_elleerre_var.jpg","contentUrl":"https:\/\/elleerre.it\/wp-content\/uploads\/2021\/04\/fettuccia_elleerre_var.jpg","width":300,"height":300,"caption":"ElleErre"},"image":{"@id":"https:\/\/elleerre.it\/#\/schema\/logo\/image\/"},"sameAs":["https:\/\/www.facebook.com\/ElleErre.it","https:\/\/www.instagram.com\/elleerre.it\/","https:\/\/www.youtube.com\/user\/EasyFlag"]}]}},"_links":{"self":[{"href":"https:\/\/elleerre.it\/de\/wp-json\/wp\/v2\/product\/12791","targetHints":{"allow":["GET"]}}],"collection":[{"href":"https:\/\/elleerre.it\/de\/wp-json\/wp\/v2\/product"}],"about":[{"href":"https:\/\/elleerre.it\/de\/wp-json\/wp\/v2\/types\/product"}],"wp:featuredmedia":[{"embeddable":true,"href":"https:\/\/elleerre.it\/de\/wp-json\/wp\/v2\/media\/11355"}],"wp:attachment":[{"href":"https:\/\/elleerre.it\/de\/wp-json\/wp\/v2\/media?parent=12791"}],"wp:term":[{"taxonomy":"product_brand","embeddable":true,"href":"https:\/\/elleerre.it\/de\/wp-json\/wp\/v2\/product_brand?post=12791"},{"taxonomy":"product_cat","embeddable":true,"href":"https:\/\/elleerre.it\/de\/wp-json\/wp\/v2\/product_cat?post=12791"},{"taxonomy":"product_tag","embeddable":true,"href":"https:\/\/elleerre.it\/de\/wp-json\/wp\/v2\/product_tag?post=12791"}],"curies":[{"name":"wp","href":"https:\/\/api.w.org\/{rel}","templated":true}]}}