{"id":12883,"date":"2021-04-20T15:32:40","date_gmt":"2021-04-20T15:32:40","guid":{"rendered":"https:\/\/elleerre.it\/unkategorisiert\/personalized-speed-socks\/"},"modified":"2024-11-04T22:31:52","modified_gmt":"2024-11-04T22:31:52","slug":"personalisierte-speed-socks","status":"publish","type":"product","link":"https:\/\/elleerre.it\/de\/professionelle-sportbekleidung\/atmungsaktive-sportsocken\/personalisierte-speed-socks\/","title":{"rendered":"PERSONALISIERTE SPEED SOCKS"},"content":{"rendered":"<p>Speed Socks schmiegen sich perfekt an Kn\u00f6chel und Wade an: Das Fehlen von Gummiz\u00fcgen f\u00f6rdert die Durchblutung und minimiert die Luftreibung.<br \/>\nDer obere Teil der Socken aus Stretch-Polyestergewebe hat eine technische, senkrechte Rillenstruktur und eine innere Seitennaht zur F\u00f6rderung der Aerodynamik.<br \/>\nDank des Silikonbandes umschlie\u00dft das obere Ende perfekt die Wade und garantiert auch bei l\u00e4ngeren Fahrten einen perfekten Halt der Socke.<br \/>\nDer extrem technische Unterteil besteht aus Carbon Resistex, einem durchgehenden Faden aus leitf\u00e4higem Material aus Aktivkohle und Textilfasern, der die Feuchtigkeitsableitung verbessert und die Schwei\u00dfverdunstung f\u00f6rdert: weniger Feuchtigkeit auf der Haut f\u00fcr mehr Wohlbefinden und Komfort.<br \/>\nKohlenstoff verbessert die elektrische Leistung des K\u00f6rpers durch die F\u00f6rderung einer regelm\u00e4\u00dfigen Durchblutung.<\/p>\n<p>Geeignet f\u00fcr Temperaturen zwischen 10\u00b0 und 40\u00b0.<\/p>\n<p>&#8211; Extrem leuchtende und langhaltende Farben dank hochwertigem Digitaldruck<br \/>\n&#8211; Elegantes Aussehen<br \/>\n&#8211; Faltenfreies Anhaften am Bein<br \/>\n&#8211; Perfekte Passform<br \/>\n&#8211; Minimale N\u00e4hte am Innenbein<br \/>\n&#8211; STANDARD 100 zertifiziertes Gewebe von OEKO-TEX\u00ae<br \/>\n&#8211; Ideal f\u00fcr Zeitfahren, Bahn- und Stra\u00dfenradsport<\/p>\n<p>Textilzusammensetzung:<br \/>\nOberer Teil<br \/>\n&#8211; POLYESTER, ELASTAN<br \/>\nUnterer Teil<br \/>\n&#8211; 55% X-Dry (PP)<br \/>\n&#8211; 35% X-Pro (PA),<br \/>\n&#8211; 6% Kohlenstoff-Resistex,<br \/>\n&#8211; 4% Lycra<\/p>\n","protected":false},"excerpt":{"rendered":"<p>ElleErre Speed Socks: die super-aerodynamische Socke f\u00fcr maximale Leistung und beneidenswerten Look, auch auf dem Fahrrad!<\/p>\n","protected":false},"featured_media":11997,"template":"","meta":{"_acf_changed":false,"inline_featured_image":false},"product_brand":[],"product_cat":[1444,1441],"product_tag":[],"class_list":{"0":"post-12883","1":"product","2":"type-product","3":"status-publish","4":"has-post-thumbnail","6":"product_cat-atmungsaktive-sportsocken","7":"product_cat-professionelle-sportbekleidung","9":"first","10":"instock","11":"taxable","12":"shipping-taxable","13":"purchasable","14":"product-type-variable","15":"has-default-attributes"},"acf":[],"yoast_head":"<!-- This site is optimized with the Yoast SEO plugin v27.3 - https:\/\/yoast.com\/product\/yoast-seo-wordpress\/ -->\n<title>PERSONALISIERTE SPEED SOCKS - Shop online ElleErre<\/title>\n<meta name=\"robots\" content=\"index, follow, max-snippet:-1, max-image-preview:large, max-video-preview:-1\" \/>\n<link rel=\"canonical\" href=\"https:\/\/elleerre.it\/de\/professionelle-sportbekleidung\/atmungsaktive-sportsocken\/personalisierte-speed-socks\/\" \/>\n<meta property=\"og:locale\" content=\"de_DE\" \/>\n<meta property=\"og:type\" content=\"article\" \/>\n<meta property=\"og:title\" content=\"PERSONALISIERTE SPEED SOCKS - Shop online ElleErre\" \/>\n<meta property=\"og:url\" content=\"https:\/\/elleerre.it\/de\/professionelle-sportbekleidung\/atmungsaktive-sportsocken\/personalisierte-speed-socks\/\" \/>\n<meta property=\"og:site_name\" content=\"ElleErre\" \/>\n<meta property=\"article:publisher\" content=\"https:\/\/www.facebook.com\/ElleErre.it\" \/>\n<meta property=\"article:modified_time\" content=\"2024-11-04T22:31:52+00:00\" \/>\n<meta property=\"og:image\" content=\"https:\/\/elleerre.it\/wp-content\/uploads\/2021\/04\/speed-socks-personalizzati-1.jpg\" \/>\n\t<meta property=\"og:image:width\" content=\"1200\" \/>\n\t<meta property=\"og:image:height\" content=\"1200\" \/>\n\t<meta property=\"og:image:type\" content=\"image\/jpeg\" \/>\n<meta name=\"twitter:card\" content=\"summary_large_image\" \/>\n<meta name=\"twitter:label1\" content=\"Gesch\u00e4tzte Lesezeit\" \/>\n\t<meta name=\"twitter:data1\" content=\"2\u00a0Minuten\" \/>\n<script type=\"application\/ld+json\" class=\"yoast-schema-graph\">{\"@context\":\"https:\\\/\\\/schema.org\",\"@graph\":[{\"@type\":\"WebPage\",\"@id\":\"https:\\\/\\\/elleerre.it\\\/de\\\/professionelle-sportbekleidung\\\/atmungsaktive-sportsocken\\\/personalisierte-speed-socks\\\/\",\"url\":\"https:\\\/\\\/elleerre.it\\\/de\\\/professionelle-sportbekleidung\\\/atmungsaktive-sportsocken\\\/personalisierte-speed-socks\\\/\",\"name\":\"PERSONALISIERTE SPEED SOCKS - Shop online ElleErre\",\"isPartOf\":{\"@id\":\"https:\\\/\\\/elleerre.it\\\/#website\"},\"primaryImageOfPage\":{\"@id\":\"https:\\\/\\\/elleerre.it\\\/de\\\/professionelle-sportbekleidung\\\/atmungsaktive-sportsocken\\\/personalisierte-speed-socks\\\/#primaryimage\"},\"image\":{\"@id\":\"https:\\\/\\\/elleerre.it\\\/de\\\/professionelle-sportbekleidung\\\/atmungsaktive-sportsocken\\\/personalisierte-speed-socks\\\/#primaryimage\"},\"thumbnailUrl\":\"https:\\\/\\\/elleerre.it\\\/wp-content\\\/uploads\\\/2021\\\/04\\\/speed-socks-personalizzati-1.jpg\",\"datePublished\":\"2021-04-20T15:32:40+00:00\",\"dateModified\":\"2024-11-04T22:31:52+00:00\",\"breadcrumb\":{\"@id\":\"https:\\\/\\\/elleerre.it\\\/de\\\/professionelle-sportbekleidung\\\/atmungsaktive-sportsocken\\\/personalisierte-speed-socks\\\/#breadcrumb\"},\"inLanguage\":\"de\",\"potentialAction\":[{\"@type\":\"ReadAction\",\"target\":[\"https:\\\/\\\/elleerre.it\\\/de\\\/professionelle-sportbekleidung\\\/atmungsaktive-sportsocken\\\/personalisierte-speed-socks\\\/\"]}]},{\"@type\":\"ImageObject\",\"inLanguage\":\"de\",\"@id\":\"https:\\\/\\\/elleerre.it\\\/de\\\/professionelle-sportbekleidung\\\/atmungsaktive-sportsocken\\\/personalisierte-speed-socks\\\/#primaryimage\",\"url\":\"https:\\\/\\\/elleerre.it\\\/wp-content\\\/uploads\\\/2021\\\/04\\\/speed-socks-personalizzati-1.jpg\",\"contentUrl\":\"https:\\\/\\\/elleerre.it\\\/wp-content\\\/uploads\\\/2021\\\/04\\\/speed-socks-personalizzati-1.jpg\",\"width\":1200,\"height\":1200},{\"@type\":\"BreadcrumbList\",\"@id\":\"https:\\\/\\\/elleerre.it\\\/de\\\/professionelle-sportbekleidung\\\/atmungsaktive-sportsocken\\\/personalisierte-speed-socks\\\/#breadcrumb\",\"itemListElement\":[{\"@type\":\"ListItem\",\"position\":1,\"name\":\"Home\",\"item\":\"https:\\\/\\\/elleerre.it\\\/de\\\/\"},{\"@type\":\"ListItem\",\"position\":2,\"name\":\"Shop\",\"item\":\"https:\\\/\\\/elleerre.it\\\/shop\\\/\"},{\"@type\":\"ListItem\",\"position\":3,\"name\":\"PERSONALISIERTE SPEED SOCKS\"}]},{\"@type\":\"WebSite\",\"@id\":\"https:\\\/\\\/elleerre.it\\\/#website\",\"url\":\"https:\\\/\\\/elleerre.it\\\/\",\"name\":\"ElleErre\",\"description\":\"Abbigliamento sportivo personalizzato\",\"publisher\":{\"@id\":\"https:\\\/\\\/elleerre.it\\\/#organization\"},\"potentialAction\":[{\"@type\":\"SearchAction\",\"target\":{\"@type\":\"EntryPoint\",\"urlTemplate\":\"https:\\\/\\\/elleerre.it\\\/?s={search_term_string}\"},\"query-input\":{\"@type\":\"PropertyValueSpecification\",\"valueRequired\":true,\"valueName\":\"search_term_string\"}}],\"inLanguage\":\"de\"},{\"@type\":\"Organization\",\"@id\":\"https:\\\/\\\/elleerre.it\\\/#organization\",\"name\":\"ElleErre\",\"url\":\"https:\\\/\\\/elleerre.it\\\/\",\"logo\":{\"@type\":\"ImageObject\",\"inLanguage\":\"de\",\"@id\":\"https:\\\/\\\/elleerre.it\\\/#\\\/schema\\\/logo\\\/image\\\/\",\"url\":\"https:\\\/\\\/elleerre.it\\\/wp-content\\\/uploads\\\/2021\\\/04\\\/fettuccia_elleerre_var.jpg\",\"contentUrl\":\"https:\\\/\\\/elleerre.it\\\/wp-content\\\/uploads\\\/2021\\\/04\\\/fettuccia_elleerre_var.jpg\",\"width\":300,\"height\":300,\"caption\":\"ElleErre\"},\"image\":{\"@id\":\"https:\\\/\\\/elleerre.it\\\/#\\\/schema\\\/logo\\\/image\\\/\"},\"sameAs\":[\"https:\\\/\\\/www.facebook.com\\\/ElleErre.it\",\"https:\\\/\\\/www.instagram.com\\\/elleerre.it\\\/\",\"https:\\\/\\\/www.youtube.com\\\/user\\\/EasyFlag\"]}]}<\/script>\n<!-- \/ Yoast SEO plugin. -->","yoast_head_json":{"title":"PERSONALISIERTE SPEED SOCKS - Shop online ElleErre","robots":{"index":"index","follow":"follow","max-snippet":"max-snippet:-1","max-image-preview":"max-image-preview:large","max-video-preview":"max-video-preview:-1"},"canonical":"https:\/\/elleerre.it\/de\/professionelle-sportbekleidung\/atmungsaktive-sportsocken\/personalisierte-speed-socks\/","og_locale":"de_DE","og_type":"article","og_title":"PERSONALISIERTE SPEED SOCKS - Shop online ElleErre","og_url":"https:\/\/elleerre.it\/de\/professionelle-sportbekleidung\/atmungsaktive-sportsocken\/personalisierte-speed-socks\/","og_site_name":"ElleErre","article_publisher":"https:\/\/www.facebook.com\/ElleErre.it","article_modified_time":"2024-11-04T22:31:52+00:00","og_image":[{"width":1200,"height":1200,"url":"https:\/\/elleerre.it\/wp-content\/uploads\/2021\/04\/speed-socks-personalizzati-1.jpg","type":"image\/jpeg"}],"twitter_card":"summary_large_image","twitter_misc":{"Gesch\u00e4tzte Lesezeit":"2\u00a0Minuten"},"schema":{"@context":"https:\/\/schema.org","@graph":[{"@type":"WebPage","@id":"https:\/\/elleerre.it\/de\/professionelle-sportbekleidung\/atmungsaktive-sportsocken\/personalisierte-speed-socks\/","url":"https:\/\/elleerre.it\/de\/professionelle-sportbekleidung\/atmungsaktive-sportsocken\/personalisierte-speed-socks\/","name":"PERSONALISIERTE SPEED SOCKS - Shop online ElleErre","isPartOf":{"@id":"https:\/\/elleerre.it\/#website"},"primaryImageOfPage":{"@id":"https:\/\/elleerre.it\/de\/professionelle-sportbekleidung\/atmungsaktive-sportsocken\/personalisierte-speed-socks\/#primaryimage"},"image":{"@id":"https:\/\/elleerre.it\/de\/professionelle-sportbekleidung\/atmungsaktive-sportsocken\/personalisierte-speed-socks\/#primaryimage"},"thumbnailUrl":"https:\/\/elleerre.it\/wp-content\/uploads\/2021\/04\/speed-socks-personalizzati-1.jpg","datePublished":"2021-04-20T15:32:40+00:00","dateModified":"2024-11-04T22:31:52+00:00","breadcrumb":{"@id":"https:\/\/elleerre.it\/de\/professionelle-sportbekleidung\/atmungsaktive-sportsocken\/personalisierte-speed-socks\/#breadcrumb"},"inLanguage":"de","potentialAction":[{"@type":"ReadAction","target":["https:\/\/elleerre.it\/de\/professionelle-sportbekleidung\/atmungsaktive-sportsocken\/personalisierte-speed-socks\/"]}]},{"@type":"ImageObject","inLanguage":"de","@id":"https:\/\/elleerre.it\/de\/professionelle-sportbekleidung\/atmungsaktive-sportsocken\/personalisierte-speed-socks\/#primaryimage","url":"https:\/\/elleerre.it\/wp-content\/uploads\/2021\/04\/speed-socks-personalizzati-1.jpg","contentUrl":"https:\/\/elleerre.it\/wp-content\/uploads\/2021\/04\/speed-socks-personalizzati-1.jpg","width":1200,"height":1200},{"@type":"BreadcrumbList","@id":"https:\/\/elleerre.it\/de\/professionelle-sportbekleidung\/atmungsaktive-sportsocken\/personalisierte-speed-socks\/#breadcrumb","itemListElement":[{"@type":"ListItem","position":1,"name":"Home","item":"https:\/\/elleerre.it\/de\/"},{"@type":"ListItem","position":2,"name":"Shop","item":"https:\/\/elleerre.it\/shop\/"},{"@type":"ListItem","position":3,"name":"PERSONALISIERTE SPEED SOCKS"}]},{"@type":"WebSite","@id":"https:\/\/elleerre.it\/#website","url":"https:\/\/elleerre.it\/","name":"ElleErre","description":"Abbigliamento sportivo personalizzato","publisher":{"@id":"https:\/\/elleerre.it\/#organization"},"potentialAction":[{"@type":"SearchAction","target":{"@type":"EntryPoint","urlTemplate":"https:\/\/elleerre.it\/?s={search_term_string}"},"query-input":{"@type":"PropertyValueSpecification","valueRequired":true,"valueName":"search_term_string"}}],"inLanguage":"de"},{"@type":"Organization","@id":"https:\/\/elleerre.it\/#organization","name":"ElleErre","url":"https:\/\/elleerre.it\/","logo":{"@type":"ImageObject","inLanguage":"de","@id":"https:\/\/elleerre.it\/#\/schema\/logo\/image\/","url":"https:\/\/elleerre.it\/wp-content\/uploads\/2021\/04\/fettuccia_elleerre_var.jpg","contentUrl":"https:\/\/elleerre.it\/wp-content\/uploads\/2021\/04\/fettuccia_elleerre_var.jpg","width":300,"height":300,"caption":"ElleErre"},"image":{"@id":"https:\/\/elleerre.it\/#\/schema\/logo\/image\/"},"sameAs":["https:\/\/www.facebook.com\/ElleErre.it","https:\/\/www.instagram.com\/elleerre.it\/","https:\/\/www.youtube.com\/user\/EasyFlag"]}]}},"_links":{"self":[{"href":"https:\/\/elleerre.it\/de\/wp-json\/wp\/v2\/product\/12883","targetHints":{"allow":["GET"]}}],"collection":[{"href":"https:\/\/elleerre.it\/de\/wp-json\/wp\/v2\/product"}],"about":[{"href":"https:\/\/elleerre.it\/de\/wp-json\/wp\/v2\/types\/product"}],"wp:featuredmedia":[{"embeddable":true,"href":"https:\/\/elleerre.it\/de\/wp-json\/wp\/v2\/media\/11997"}],"wp:attachment":[{"href":"https:\/\/elleerre.it\/de\/wp-json\/wp\/v2\/media?parent=12883"}],"wp:term":[{"taxonomy":"product_brand","embeddable":true,"href":"https:\/\/elleerre.it\/de\/wp-json\/wp\/v2\/product_brand?post=12883"},{"taxonomy":"product_cat","embeddable":true,"href":"https:\/\/elleerre.it\/de\/wp-json\/wp\/v2\/product_cat?post=12883"},{"taxonomy":"product_tag","embeddable":true,"href":"https:\/\/elleerre.it\/de\/wp-json\/wp\/v2\/product_tag?post=12883"}],"curies":[{"name":"wp","href":"https:\/\/api.w.org\/{rel}","templated":true}]}}