{"id":12903,"date":"2021-04-20T15:24:02","date_gmt":"2021-04-20T15:24:02","guid":{"rendered":"https:\/\/elleerre.it\/unkategorisiert\/personalized-t-shirt\/"},"modified":"2024-11-04T22:34:49","modified_gmt":"2024-11-04T22:34:49","slug":"personalisiertes-t-shirt","status":"publish","type":"product","link":"https:\/\/elleerre.it\/de\/professionelle-sportbekleidung\/personalisierte-sport-t-shirts\/personalisiertes-t-shirt\/","title":{"rendered":"PERSONALISIERTES T-SHIRT"},"content":{"rendered":"<p>Hergestellt aus weichem 100% hypoallergenem, Polyestergewebe. Ideal f\u00fcr alle Sportarten und vollst\u00e4ndig personalisierbar.<\/p>\n<p>Leichtes und atmungsaktives technisches Trikot. Hergestellt aus weichem 100% hypoallergenem, Polyestergewebe.<\/p>\n<p>Made by ElleErre vom Design bis zum Druck, von der Verpackung bis zur Etikettierung.<\/p>\n<p>Die Designer-Trikots k\u00f6nnen mit einer personalisierten Karte versehen werden, die die Geschichte des Trikots, des K\u00fcnstlers oder des relevanten Projekts, erz\u00e4hlt.<\/p>\n","protected":false},"excerpt":{"rendered":"<p>Leichtes und atmungsaktives technisches Trikot. Hergestellt aus weichem 100% hypoallergenem, Polyestergewebe.<\/p>\n","protected":false},"featured_media":12527,"template":"","meta":{"_acf_changed":false,"inline_featured_image":false},"product_brand":[],"product_cat":[1446,1441],"product_tag":[],"class_list":{"0":"post-12903","1":"product","2":"type-product","3":"status-publish","4":"has-post-thumbnail","6":"product_cat-personalisierte-sport-t-shirts","7":"product_cat-professionelle-sportbekleidung","9":"first","10":"instock","11":"taxable","12":"shipping-taxable","13":"purchasable","14":"product-type-variable","15":"has-default-attributes"},"acf":[],"yoast_head":"<!-- This site is optimized with the Yoast SEO plugin v27.3 - https:\/\/yoast.com\/product\/yoast-seo-wordpress\/ -->\n<title>PERSONALISIERTES T-SHIRT - Shop online ElleErre<\/title>\n<meta name=\"robots\" content=\"index, follow, max-snippet:-1, max-image-preview:large, max-video-preview:-1\" \/>\n<link rel=\"canonical\" href=\"https:\/\/elleerre.it\/de\/professionelle-sportbekleidung\/personalisierte-sport-t-shirts\/personalisiertes-t-shirt\/\" \/>\n<meta property=\"og:locale\" content=\"de_DE\" \/>\n<meta property=\"og:type\" content=\"article\" \/>\n<meta property=\"og:title\" content=\"PERSONALISIERTES T-SHIRT - Shop online ElleErre\" \/>\n<meta property=\"og:url\" content=\"https:\/\/elleerre.it\/de\/professionelle-sportbekleidung\/personalisierte-sport-t-shirts\/personalisiertes-t-shirt\/\" \/>\n<meta property=\"og:site_name\" content=\"ElleErre\" \/>\n<meta property=\"article:publisher\" content=\"https:\/\/www.facebook.com\/ElleErre.it\" \/>\n<meta property=\"article:modified_time\" content=\"2024-11-04T22:34:49+00:00\" \/>\n<meta property=\"og:image\" content=\"https:\/\/elleerre.it\/wp-content\/uploads\/2021\/04\/maglietta-dautore-podone-skytrailpersonalizzata.jpg\" \/>\n\t<meta property=\"og:image:width\" content=\"1200\" \/>\n\t<meta property=\"og:image:height\" content=\"800\" \/>\n\t<meta property=\"og:image:type\" content=\"image\/jpeg\" \/>\n<meta name=\"twitter:card\" content=\"summary_large_image\" \/>\n<meta name=\"twitter:label1\" content=\"Gesch\u00e4tzte Lesezeit\" \/>\n\t<meta name=\"twitter:data1\" content=\"1\u00a0Minute\" \/>\n<script type=\"application\/ld+json\" class=\"yoast-schema-graph\">{\"@context\":\"https:\\\/\\\/schema.org\",\"@graph\":[{\"@type\":\"WebPage\",\"@id\":\"https:\\\/\\\/elleerre.it\\\/de\\\/professionelle-sportbekleidung\\\/personalisierte-sport-t-shirts\\\/personalisiertes-t-shirt\\\/\",\"url\":\"https:\\\/\\\/elleerre.it\\\/de\\\/professionelle-sportbekleidung\\\/personalisierte-sport-t-shirts\\\/personalisiertes-t-shirt\\\/\",\"name\":\"PERSONALISIERTES T-SHIRT - Shop online ElleErre\",\"isPartOf\":{\"@id\":\"https:\\\/\\\/elleerre.it\\\/#website\"},\"primaryImageOfPage\":{\"@id\":\"https:\\\/\\\/elleerre.it\\\/de\\\/professionelle-sportbekleidung\\\/personalisierte-sport-t-shirts\\\/personalisiertes-t-shirt\\\/#primaryimage\"},\"image\":{\"@id\":\"https:\\\/\\\/elleerre.it\\\/de\\\/professionelle-sportbekleidung\\\/personalisierte-sport-t-shirts\\\/personalisiertes-t-shirt\\\/#primaryimage\"},\"thumbnailUrl\":\"https:\\\/\\\/elleerre.it\\\/wp-content\\\/uploads\\\/2021\\\/04\\\/maglietta-dautore-podone-skytrailpersonalizzata.jpg\",\"datePublished\":\"2021-04-20T15:24:02+00:00\",\"dateModified\":\"2024-11-04T22:34:49+00:00\",\"breadcrumb\":{\"@id\":\"https:\\\/\\\/elleerre.it\\\/de\\\/professionelle-sportbekleidung\\\/personalisierte-sport-t-shirts\\\/personalisiertes-t-shirt\\\/#breadcrumb\"},\"inLanguage\":\"de\",\"potentialAction\":[{\"@type\":\"ReadAction\",\"target\":[\"https:\\\/\\\/elleerre.it\\\/de\\\/professionelle-sportbekleidung\\\/personalisierte-sport-t-shirts\\\/personalisiertes-t-shirt\\\/\"]}]},{\"@type\":\"ImageObject\",\"inLanguage\":\"de\",\"@id\":\"https:\\\/\\\/elleerre.it\\\/de\\\/professionelle-sportbekleidung\\\/personalisierte-sport-t-shirts\\\/personalisiertes-t-shirt\\\/#primaryimage\",\"url\":\"https:\\\/\\\/elleerre.it\\\/wp-content\\\/uploads\\\/2021\\\/04\\\/maglietta-dautore-podone-skytrailpersonalizzata.jpg\",\"contentUrl\":\"https:\\\/\\\/elleerre.it\\\/wp-content\\\/uploads\\\/2021\\\/04\\\/maglietta-dautore-podone-skytrailpersonalizzata.jpg\",\"width\":1200,\"height\":800},{\"@type\":\"BreadcrumbList\",\"@id\":\"https:\\\/\\\/elleerre.it\\\/de\\\/professionelle-sportbekleidung\\\/personalisierte-sport-t-shirts\\\/personalisiertes-t-shirt\\\/#breadcrumb\",\"itemListElement\":[{\"@type\":\"ListItem\",\"position\":1,\"name\":\"Home\",\"item\":\"https:\\\/\\\/elleerre.it\\\/de\\\/\"},{\"@type\":\"ListItem\",\"position\":2,\"name\":\"Shop\",\"item\":\"https:\\\/\\\/elleerre.it\\\/shop\\\/\"},{\"@type\":\"ListItem\",\"position\":3,\"name\":\"PERSONALISIERTES T-SHIRT\"}]},{\"@type\":\"WebSite\",\"@id\":\"https:\\\/\\\/elleerre.it\\\/#website\",\"url\":\"https:\\\/\\\/elleerre.it\\\/\",\"name\":\"ElleErre\",\"description\":\"Abbigliamento sportivo personalizzato\",\"publisher\":{\"@id\":\"https:\\\/\\\/elleerre.it\\\/#organization\"},\"potentialAction\":[{\"@type\":\"SearchAction\",\"target\":{\"@type\":\"EntryPoint\",\"urlTemplate\":\"https:\\\/\\\/elleerre.it\\\/?s={search_term_string}\"},\"query-input\":{\"@type\":\"PropertyValueSpecification\",\"valueRequired\":true,\"valueName\":\"search_term_string\"}}],\"inLanguage\":\"de\"},{\"@type\":\"Organization\",\"@id\":\"https:\\\/\\\/elleerre.it\\\/#organization\",\"name\":\"ElleErre\",\"url\":\"https:\\\/\\\/elleerre.it\\\/\",\"logo\":{\"@type\":\"ImageObject\",\"inLanguage\":\"de\",\"@id\":\"https:\\\/\\\/elleerre.it\\\/#\\\/schema\\\/logo\\\/image\\\/\",\"url\":\"https:\\\/\\\/elleerre.it\\\/wp-content\\\/uploads\\\/2021\\\/04\\\/fettuccia_elleerre_var.jpg\",\"contentUrl\":\"https:\\\/\\\/elleerre.it\\\/wp-content\\\/uploads\\\/2021\\\/04\\\/fettuccia_elleerre_var.jpg\",\"width\":300,\"height\":300,\"caption\":\"ElleErre\"},\"image\":{\"@id\":\"https:\\\/\\\/elleerre.it\\\/#\\\/schema\\\/logo\\\/image\\\/\"},\"sameAs\":[\"https:\\\/\\\/www.facebook.com\\\/ElleErre.it\",\"https:\\\/\\\/www.instagram.com\\\/elleerre.it\\\/\",\"https:\\\/\\\/www.youtube.com\\\/user\\\/EasyFlag\"]}]}<\/script>\n<!-- \/ Yoast SEO plugin. -->","yoast_head_json":{"title":"PERSONALISIERTES T-SHIRT - Shop online ElleErre","robots":{"index":"index","follow":"follow","max-snippet":"max-snippet:-1","max-image-preview":"max-image-preview:large","max-video-preview":"max-video-preview:-1"},"canonical":"https:\/\/elleerre.it\/de\/professionelle-sportbekleidung\/personalisierte-sport-t-shirts\/personalisiertes-t-shirt\/","og_locale":"de_DE","og_type":"article","og_title":"PERSONALISIERTES T-SHIRT - Shop online ElleErre","og_url":"https:\/\/elleerre.it\/de\/professionelle-sportbekleidung\/personalisierte-sport-t-shirts\/personalisiertes-t-shirt\/","og_site_name":"ElleErre","article_publisher":"https:\/\/www.facebook.com\/ElleErre.it","article_modified_time":"2024-11-04T22:34:49+00:00","og_image":[{"width":1200,"height":800,"url":"https:\/\/elleerre.it\/wp-content\/uploads\/2021\/04\/maglietta-dautore-podone-skytrailpersonalizzata.jpg","type":"image\/jpeg"}],"twitter_card":"summary_large_image","twitter_misc":{"Gesch\u00e4tzte Lesezeit":"1\u00a0Minute"},"schema":{"@context":"https:\/\/schema.org","@graph":[{"@type":"WebPage","@id":"https:\/\/elleerre.it\/de\/professionelle-sportbekleidung\/personalisierte-sport-t-shirts\/personalisiertes-t-shirt\/","url":"https:\/\/elleerre.it\/de\/professionelle-sportbekleidung\/personalisierte-sport-t-shirts\/personalisiertes-t-shirt\/","name":"PERSONALISIERTES T-SHIRT - Shop online ElleErre","isPartOf":{"@id":"https:\/\/elleerre.it\/#website"},"primaryImageOfPage":{"@id":"https:\/\/elleerre.it\/de\/professionelle-sportbekleidung\/personalisierte-sport-t-shirts\/personalisiertes-t-shirt\/#primaryimage"},"image":{"@id":"https:\/\/elleerre.it\/de\/professionelle-sportbekleidung\/personalisierte-sport-t-shirts\/personalisiertes-t-shirt\/#primaryimage"},"thumbnailUrl":"https:\/\/elleerre.it\/wp-content\/uploads\/2021\/04\/maglietta-dautore-podone-skytrailpersonalizzata.jpg","datePublished":"2021-04-20T15:24:02+00:00","dateModified":"2024-11-04T22:34:49+00:00","breadcrumb":{"@id":"https:\/\/elleerre.it\/de\/professionelle-sportbekleidung\/personalisierte-sport-t-shirts\/personalisiertes-t-shirt\/#breadcrumb"},"inLanguage":"de","potentialAction":[{"@type":"ReadAction","target":["https:\/\/elleerre.it\/de\/professionelle-sportbekleidung\/personalisierte-sport-t-shirts\/personalisiertes-t-shirt\/"]}]},{"@type":"ImageObject","inLanguage":"de","@id":"https:\/\/elleerre.it\/de\/professionelle-sportbekleidung\/personalisierte-sport-t-shirts\/personalisiertes-t-shirt\/#primaryimage","url":"https:\/\/elleerre.it\/wp-content\/uploads\/2021\/04\/maglietta-dautore-podone-skytrailpersonalizzata.jpg","contentUrl":"https:\/\/elleerre.it\/wp-content\/uploads\/2021\/04\/maglietta-dautore-podone-skytrailpersonalizzata.jpg","width":1200,"height":800},{"@type":"BreadcrumbList","@id":"https:\/\/elleerre.it\/de\/professionelle-sportbekleidung\/personalisierte-sport-t-shirts\/personalisiertes-t-shirt\/#breadcrumb","itemListElement":[{"@type":"ListItem","position":1,"name":"Home","item":"https:\/\/elleerre.it\/de\/"},{"@type":"ListItem","position":2,"name":"Shop","item":"https:\/\/elleerre.it\/shop\/"},{"@type":"ListItem","position":3,"name":"PERSONALISIERTES T-SHIRT"}]},{"@type":"WebSite","@id":"https:\/\/elleerre.it\/#website","url":"https:\/\/elleerre.it\/","name":"ElleErre","description":"Abbigliamento sportivo personalizzato","publisher":{"@id":"https:\/\/elleerre.it\/#organization"},"potentialAction":[{"@type":"SearchAction","target":{"@type":"EntryPoint","urlTemplate":"https:\/\/elleerre.it\/?s={search_term_string}"},"query-input":{"@type":"PropertyValueSpecification","valueRequired":true,"valueName":"search_term_string"}}],"inLanguage":"de"},{"@type":"Organization","@id":"https:\/\/elleerre.it\/#organization","name":"ElleErre","url":"https:\/\/elleerre.it\/","logo":{"@type":"ImageObject","inLanguage":"de","@id":"https:\/\/elleerre.it\/#\/schema\/logo\/image\/","url":"https:\/\/elleerre.it\/wp-content\/uploads\/2021\/04\/fettuccia_elleerre_var.jpg","contentUrl":"https:\/\/elleerre.it\/wp-content\/uploads\/2021\/04\/fettuccia_elleerre_var.jpg","width":300,"height":300,"caption":"ElleErre"},"image":{"@id":"https:\/\/elleerre.it\/#\/schema\/logo\/image\/"},"sameAs":["https:\/\/www.facebook.com\/ElleErre.it","https:\/\/www.instagram.com\/elleerre.it\/","https:\/\/www.youtube.com\/user\/EasyFlag"]}]}},"_links":{"self":[{"href":"https:\/\/elleerre.it\/de\/wp-json\/wp\/v2\/product\/12903","targetHints":{"allow":["GET"]}}],"collection":[{"href":"https:\/\/elleerre.it\/de\/wp-json\/wp\/v2\/product"}],"about":[{"href":"https:\/\/elleerre.it\/de\/wp-json\/wp\/v2\/types\/product"}],"wp:featuredmedia":[{"embeddable":true,"href":"https:\/\/elleerre.it\/de\/wp-json\/wp\/v2\/media\/12527"}],"wp:attachment":[{"href":"https:\/\/elleerre.it\/de\/wp-json\/wp\/v2\/media?parent=12903"}],"wp:term":[{"taxonomy":"product_brand","embeddable":true,"href":"https:\/\/elleerre.it\/de\/wp-json\/wp\/v2\/product_brand?post=12903"},{"taxonomy":"product_cat","embeddable":true,"href":"https:\/\/elleerre.it\/de\/wp-json\/wp\/v2\/product_cat?post=12903"},{"taxonomy":"product_tag","embeddable":true,"href":"https:\/\/elleerre.it\/de\/wp-json\/wp\/v2\/product_tag?post=12903"}],"curies":[{"name":"wp","href":"https:\/\/api.w.org\/{rel}","templated":true}]}}