{"id":12905,"date":"2021-04-20T15:34:26","date_gmt":"2021-04-20T15:34:26","guid":{"rendered":"https:\/\/elleerre.it\/unkategorisiert\/underwear-gustav\/"},"modified":"2023-04-27T08:29:33","modified_gmt":"2023-04-27T08:29:33","slug":"gustav-unterhemd","status":"publish","type":"product","link":"https:\/\/elleerre.it\/de\/professionelle-sportbekleidung\/sportunterwasche\/gustav-unterhemd\/","title":{"rendered":"GUSTAV UNTERHEMD"},"content":{"rendered":"<p>Dank der besonderen Verarbeitung mit Silber-Ionen ist das Gustav Unterhemd hypoallergen und bietet ein hohes Ma\u00df an Komfort und Hygiene.<br \/>\nDer Schwei\u00df wird abgesondert und h\u00e4lt den K\u00f6rper bei der idealen Temperatur trocken: Diese Eigenschaft macht das Unterhemd ideal f\u00fcr alle Sportarten und geeignet f\u00fcr das Tragen unter jedem anderen Kleidungsst\u00fcck<br \/>\nDieses lang\u00e4rmelige Unterhemd, dass nach einem der h\u00e4rtesten Sportler der Geschichte benannt ist, ist sehr strapazierf\u00e4hig, scheut sich nicht vor zahlreichen W\u00e4schen und bewahrt seine Eigenschaften f\u00fcr lange Zeit.<\/p>\n<p>Hauptmerkmal: ideal f\u00fcr sehr kalte Temperaturen.<\/p>\n<p>Zusammensetzung:<\/p>\n<p>96 % bakteriostatische Mikrofaser mit Silber-Ionen<br \/>\n4 % Elastan<\/p>\n","protected":false},"excerpt":{"rendered":"<p>Dank der besonderen Verarbeitung mit Silber-Ionen ist das Gustav Unterhemd hypoallergen und bietet ein hohes Ma\u00df an Komfort und Hygiene.<\/p>\n","protected":false},"featured_media":11231,"template":"","meta":{"_acf_changed":false,"inline_featured_image":false},"product_brand":[],"product_cat":[1441,1445],"product_tag":[],"class_list":{"0":"post-12905","1":"product","2":"type-product","3":"status-publish","4":"has-post-thumbnail","6":"product_cat-professionelle-sportbekleidung","7":"product_cat-sportunterwasche","9":"first","10":"instock","11":"taxable","12":"shipping-taxable","13":"purchasable","14":"product-type-variable"},"acf":[],"yoast_head":"<!-- This site is optimized with the Yoast SEO plugin v27.3 - https:\/\/yoast.com\/product\/yoast-seo-wordpress\/ -->\n<title>GUSTAV UNTERHEMD - Shop online ElleErre<\/title>\n<meta name=\"robots\" content=\"index, follow, max-snippet:-1, max-image-preview:large, max-video-preview:-1\" \/>\n<link rel=\"canonical\" href=\"https:\/\/elleerre.it\/de\/professionelle-sportbekleidung\/sportunterwasche\/gustav-unterhemd\/\" \/>\n<meta property=\"og:locale\" content=\"de_DE\" \/>\n<meta property=\"og:type\" content=\"article\" \/>\n<meta property=\"og:title\" content=\"GUSTAV UNTERHEMD - Shop online ElleErre\" \/>\n<meta property=\"og:url\" content=\"https:\/\/elleerre.it\/de\/professionelle-sportbekleidung\/sportunterwasche\/gustav-unterhemd\/\" \/>\n<meta property=\"og:site_name\" content=\"ElleErre\" \/>\n<meta property=\"article:publisher\" content=\"https:\/\/www.facebook.com\/ElleErre.it\" \/>\n<meta property=\"article:modified_time\" content=\"2023-04-27T08:29:33+00:00\" \/>\n<meta property=\"og:image\" content=\"https:\/\/elleerre.it\/wp-content\/uploads\/2021\/04\/elleerre-intimo-maglia-termica-gustav-fronte.jpg\" \/>\n\t<meta property=\"og:image:width\" content=\"1200\" \/>\n\t<meta property=\"og:image:height\" content=\"1200\" \/>\n\t<meta property=\"og:image:type\" content=\"image\/jpeg\" \/>\n<meta name=\"twitter:card\" content=\"summary_large_image\" \/>\n<meta name=\"twitter:label1\" content=\"Gesch\u00e4tzte Lesezeit\" \/>\n\t<meta name=\"twitter:data1\" content=\"1\u00a0Minute\" \/>\n<script type=\"application\/ld+json\" class=\"yoast-schema-graph\">{\"@context\":\"https:\\\/\\\/schema.org\",\"@graph\":[{\"@type\":\"WebPage\",\"@id\":\"https:\\\/\\\/elleerre.it\\\/de\\\/professionelle-sportbekleidung\\\/sportunterwasche\\\/gustav-unterhemd\\\/\",\"url\":\"https:\\\/\\\/elleerre.it\\\/de\\\/professionelle-sportbekleidung\\\/sportunterwasche\\\/gustav-unterhemd\\\/\",\"name\":\"GUSTAV UNTERHEMD - Shop online ElleErre\",\"isPartOf\":{\"@id\":\"https:\\\/\\\/elleerre.it\\\/#website\"},\"primaryImageOfPage\":{\"@id\":\"https:\\\/\\\/elleerre.it\\\/de\\\/professionelle-sportbekleidung\\\/sportunterwasche\\\/gustav-unterhemd\\\/#primaryimage\"},\"image\":{\"@id\":\"https:\\\/\\\/elleerre.it\\\/de\\\/professionelle-sportbekleidung\\\/sportunterwasche\\\/gustav-unterhemd\\\/#primaryimage\"},\"thumbnailUrl\":\"https:\\\/\\\/elleerre.it\\\/wp-content\\\/uploads\\\/2021\\\/04\\\/elleerre-intimo-maglia-termica-gustav-fronte.jpg\",\"datePublished\":\"2021-04-20T15:34:26+00:00\",\"dateModified\":\"2023-04-27T08:29:33+00:00\",\"breadcrumb\":{\"@id\":\"https:\\\/\\\/elleerre.it\\\/de\\\/professionelle-sportbekleidung\\\/sportunterwasche\\\/gustav-unterhemd\\\/#breadcrumb\"},\"inLanguage\":\"de\",\"potentialAction\":[{\"@type\":\"ReadAction\",\"target\":[\"https:\\\/\\\/elleerre.it\\\/de\\\/professionelle-sportbekleidung\\\/sportunterwasche\\\/gustav-unterhemd\\\/\"]}]},{\"@type\":\"ImageObject\",\"inLanguage\":\"de\",\"@id\":\"https:\\\/\\\/elleerre.it\\\/de\\\/professionelle-sportbekleidung\\\/sportunterwasche\\\/gustav-unterhemd\\\/#primaryimage\",\"url\":\"https:\\\/\\\/elleerre.it\\\/wp-content\\\/uploads\\\/2021\\\/04\\\/elleerre-intimo-maglia-termica-gustav-fronte.jpg\",\"contentUrl\":\"https:\\\/\\\/elleerre.it\\\/wp-content\\\/uploads\\\/2021\\\/04\\\/elleerre-intimo-maglia-termica-gustav-fronte.jpg\",\"width\":1200,\"height\":1200},{\"@type\":\"BreadcrumbList\",\"@id\":\"https:\\\/\\\/elleerre.it\\\/de\\\/professionelle-sportbekleidung\\\/sportunterwasche\\\/gustav-unterhemd\\\/#breadcrumb\",\"itemListElement\":[{\"@type\":\"ListItem\",\"position\":1,\"name\":\"Home\",\"item\":\"https:\\\/\\\/elleerre.it\\\/de\\\/\"},{\"@type\":\"ListItem\",\"position\":2,\"name\":\"Shop\",\"item\":\"https:\\\/\\\/elleerre.it\\\/shop\\\/\"},{\"@type\":\"ListItem\",\"position\":3,\"name\":\"GUSTAV UNTERHEMD\"}]},{\"@type\":\"WebSite\",\"@id\":\"https:\\\/\\\/elleerre.it\\\/#website\",\"url\":\"https:\\\/\\\/elleerre.it\\\/\",\"name\":\"ElleErre\",\"description\":\"Abbigliamento sportivo personalizzato\",\"publisher\":{\"@id\":\"https:\\\/\\\/elleerre.it\\\/#organization\"},\"potentialAction\":[{\"@type\":\"SearchAction\",\"target\":{\"@type\":\"EntryPoint\",\"urlTemplate\":\"https:\\\/\\\/elleerre.it\\\/?s={search_term_string}\"},\"query-input\":{\"@type\":\"PropertyValueSpecification\",\"valueRequired\":true,\"valueName\":\"search_term_string\"}}],\"inLanguage\":\"de\"},{\"@type\":\"Organization\",\"@id\":\"https:\\\/\\\/elleerre.it\\\/#organization\",\"name\":\"ElleErre\",\"url\":\"https:\\\/\\\/elleerre.it\\\/\",\"logo\":{\"@type\":\"ImageObject\",\"inLanguage\":\"de\",\"@id\":\"https:\\\/\\\/elleerre.it\\\/#\\\/schema\\\/logo\\\/image\\\/\",\"url\":\"https:\\\/\\\/elleerre.it\\\/wp-content\\\/uploads\\\/2021\\\/04\\\/fettuccia_elleerre_var.jpg\",\"contentUrl\":\"https:\\\/\\\/elleerre.it\\\/wp-content\\\/uploads\\\/2021\\\/04\\\/fettuccia_elleerre_var.jpg\",\"width\":300,\"height\":300,\"caption\":\"ElleErre\"},\"image\":{\"@id\":\"https:\\\/\\\/elleerre.it\\\/#\\\/schema\\\/logo\\\/image\\\/\"},\"sameAs\":[\"https:\\\/\\\/www.facebook.com\\\/ElleErre.it\",\"https:\\\/\\\/www.instagram.com\\\/elleerre.it\\\/\",\"https:\\\/\\\/www.youtube.com\\\/user\\\/EasyFlag\"]}]}<\/script>\n<!-- \/ Yoast SEO plugin. -->","yoast_head_json":{"title":"GUSTAV UNTERHEMD - Shop online ElleErre","robots":{"index":"index","follow":"follow","max-snippet":"max-snippet:-1","max-image-preview":"max-image-preview:large","max-video-preview":"max-video-preview:-1"},"canonical":"https:\/\/elleerre.it\/de\/professionelle-sportbekleidung\/sportunterwasche\/gustav-unterhemd\/","og_locale":"de_DE","og_type":"article","og_title":"GUSTAV UNTERHEMD - Shop online ElleErre","og_url":"https:\/\/elleerre.it\/de\/professionelle-sportbekleidung\/sportunterwasche\/gustav-unterhemd\/","og_site_name":"ElleErre","article_publisher":"https:\/\/www.facebook.com\/ElleErre.it","article_modified_time":"2023-04-27T08:29:33+00:00","og_image":[{"width":1200,"height":1200,"url":"https:\/\/elleerre.it\/wp-content\/uploads\/2021\/04\/elleerre-intimo-maglia-termica-gustav-fronte.jpg","type":"image\/jpeg"}],"twitter_card":"summary_large_image","twitter_misc":{"Gesch\u00e4tzte Lesezeit":"1\u00a0Minute"},"schema":{"@context":"https:\/\/schema.org","@graph":[{"@type":"WebPage","@id":"https:\/\/elleerre.it\/de\/professionelle-sportbekleidung\/sportunterwasche\/gustav-unterhemd\/","url":"https:\/\/elleerre.it\/de\/professionelle-sportbekleidung\/sportunterwasche\/gustav-unterhemd\/","name":"GUSTAV UNTERHEMD - Shop online ElleErre","isPartOf":{"@id":"https:\/\/elleerre.it\/#website"},"primaryImageOfPage":{"@id":"https:\/\/elleerre.it\/de\/professionelle-sportbekleidung\/sportunterwasche\/gustav-unterhemd\/#primaryimage"},"image":{"@id":"https:\/\/elleerre.it\/de\/professionelle-sportbekleidung\/sportunterwasche\/gustav-unterhemd\/#primaryimage"},"thumbnailUrl":"https:\/\/elleerre.it\/wp-content\/uploads\/2021\/04\/elleerre-intimo-maglia-termica-gustav-fronte.jpg","datePublished":"2021-04-20T15:34:26+00:00","dateModified":"2023-04-27T08:29:33+00:00","breadcrumb":{"@id":"https:\/\/elleerre.it\/de\/professionelle-sportbekleidung\/sportunterwasche\/gustav-unterhemd\/#breadcrumb"},"inLanguage":"de","potentialAction":[{"@type":"ReadAction","target":["https:\/\/elleerre.it\/de\/professionelle-sportbekleidung\/sportunterwasche\/gustav-unterhemd\/"]}]},{"@type":"ImageObject","inLanguage":"de","@id":"https:\/\/elleerre.it\/de\/professionelle-sportbekleidung\/sportunterwasche\/gustav-unterhemd\/#primaryimage","url":"https:\/\/elleerre.it\/wp-content\/uploads\/2021\/04\/elleerre-intimo-maglia-termica-gustav-fronte.jpg","contentUrl":"https:\/\/elleerre.it\/wp-content\/uploads\/2021\/04\/elleerre-intimo-maglia-termica-gustav-fronte.jpg","width":1200,"height":1200},{"@type":"BreadcrumbList","@id":"https:\/\/elleerre.it\/de\/professionelle-sportbekleidung\/sportunterwasche\/gustav-unterhemd\/#breadcrumb","itemListElement":[{"@type":"ListItem","position":1,"name":"Home","item":"https:\/\/elleerre.it\/de\/"},{"@type":"ListItem","position":2,"name":"Shop","item":"https:\/\/elleerre.it\/shop\/"},{"@type":"ListItem","position":3,"name":"GUSTAV UNTERHEMD"}]},{"@type":"WebSite","@id":"https:\/\/elleerre.it\/#website","url":"https:\/\/elleerre.it\/","name":"ElleErre","description":"Abbigliamento sportivo personalizzato","publisher":{"@id":"https:\/\/elleerre.it\/#organization"},"potentialAction":[{"@type":"SearchAction","target":{"@type":"EntryPoint","urlTemplate":"https:\/\/elleerre.it\/?s={search_term_string}"},"query-input":{"@type":"PropertyValueSpecification","valueRequired":true,"valueName":"search_term_string"}}],"inLanguage":"de"},{"@type":"Organization","@id":"https:\/\/elleerre.it\/#organization","name":"ElleErre","url":"https:\/\/elleerre.it\/","logo":{"@type":"ImageObject","inLanguage":"de","@id":"https:\/\/elleerre.it\/#\/schema\/logo\/image\/","url":"https:\/\/elleerre.it\/wp-content\/uploads\/2021\/04\/fettuccia_elleerre_var.jpg","contentUrl":"https:\/\/elleerre.it\/wp-content\/uploads\/2021\/04\/fettuccia_elleerre_var.jpg","width":300,"height":300,"caption":"ElleErre"},"image":{"@id":"https:\/\/elleerre.it\/#\/schema\/logo\/image\/"},"sameAs":["https:\/\/www.facebook.com\/ElleErre.it","https:\/\/www.instagram.com\/elleerre.it\/","https:\/\/www.youtube.com\/user\/EasyFlag"]}]}},"_links":{"self":[{"href":"https:\/\/elleerre.it\/de\/wp-json\/wp\/v2\/product\/12905","targetHints":{"allow":["GET"]}}],"collection":[{"href":"https:\/\/elleerre.it\/de\/wp-json\/wp\/v2\/product"}],"about":[{"href":"https:\/\/elleerre.it\/de\/wp-json\/wp\/v2\/types\/product"}],"wp:featuredmedia":[{"embeddable":true,"href":"https:\/\/elleerre.it\/de\/wp-json\/wp\/v2\/media\/11231"}],"wp:attachment":[{"href":"https:\/\/elleerre.it\/de\/wp-json\/wp\/v2\/media?parent=12905"}],"wp:term":[{"taxonomy":"product_brand","embeddable":true,"href":"https:\/\/elleerre.it\/de\/wp-json\/wp\/v2\/product_brand?post=12905"},{"taxonomy":"product_cat","embeddable":true,"href":"https:\/\/elleerre.it\/de\/wp-json\/wp\/v2\/product_cat?post=12905"},{"taxonomy":"product_tag","embeddable":true,"href":"https:\/\/elleerre.it\/de\/wp-json\/wp\/v2\/product_tag?post=12905"}],"curies":[{"name":"wp","href":"https:\/\/api.w.org\/{rel}","templated":true}]}}