{"id":12985,"date":"2021-04-20T15:11:42","date_gmt":"2021-04-20T15:11:42","guid":{"rendered":"https:\/\/elleerre.it\/unkategorisiert\/short-sleeve-tri-suit\/"},"modified":"2023-04-27T08:35:34","modified_gmt":"2023-04-27T08:35:34","slug":"tri-bodysuit-mit-halbem-aermel","status":"publish","type":"product","link":"https:\/\/elleerre.it\/de\/professionelle-sportbekleidung\/triathlon-bekleidung\/tri-bodysuit-mit-halbem-aermel\/","title":{"rendered":"TRI BODYSUIT MIT HALBEM \u00c4RMEL"},"content":{"rendered":"<p>Die Bequemlichkeit dieses Trikots ist sein auszeichnendes Merkmal. Die vordere \u00d6ffnung erleichtert eine korrekte K\u00f6rperhaltung, physiologische Pausen und die Bel\u00fcftung an hei\u00dfen Tagen.<br \/>\nDie Gewebe trocknen schnell, sind leicht und k\u00fchl. Das Polster ist bequem auf dem Fahrrad, aber klein genug, so dass es w\u00e4hrend der Fahrt nicht zu sp\u00fcren ist.<br \/>\nDie beiden flachen R\u00fcckentaschen quellen nicht mit Wasser auf, sind aber gro\u00df genug, um Gel und Riegel aufzunehmen.<br \/>\nDer Schulterbereich ist au\u00dferdem elastischer, um mehr Bewegungsfreiheit zu erm\u00f6glichen, auch wenn er unter einem Rennanzug oder Neoprenanzug getragen wird.<\/p>\n<p>TECHNISCHE DATEN<br \/>\nDas Material des Trikots bietet eine gute Aerodynamik sowie hervorragende Passform und ausgezeichnetem Feuchtigkeitsmanagement.<br \/>\nDas R\u00fcckengewebe ist sehr atmungsaktiv und blockiert gleichzeitig UV-Strahlen f\u00fcr zus\u00e4tzlichen Sonnenschutz<br \/>\n\u00c4rmell\u00e4nge bis zum Ellbogen mit rohen Schnittkanten f\u00fcr maximalen Komfort und Aerodynamik.<br \/>\nDie vordere \u00d6ffnung erleichtert die korrekte Position im Sattel, ideal zum Laufen und Schwimmen, und erleichtert physiologische Pausen oder das \u00d6ffnen bei hei\u00dfen Fahrten.<br \/>\n2 flache R\u00fcckentaschen beim Schwimmen, die ausreichend Platz f\u00fcr Nahrung bieten<br \/>\nFlacher Beinboden und l\u00e4ngere Beine f\u00fcr maximale Aerodynamik<br \/>\nGewicht: 218 g<\/p>\n","protected":false},"excerpt":{"rendered":"<p>Das Trikot f\u00fcr jede Gelegenheit.<\/p>\n","protected":false},"featured_media":11289,"template":"","meta":{"_acf_changed":false,"inline_featured_image":false},"product_brand":[],"product_cat":[1441,1443],"product_tag":[],"class_list":{"0":"post-12985","1":"product","2":"type-product","3":"status-publish","4":"has-post-thumbnail","6":"product_cat-professionelle-sportbekleidung","7":"product_cat-triathlon-bekleidung","9":"first","10":"instock","11":"taxable","12":"shipping-taxable","13":"purchasable","14":"product-type-variable"},"acf":[],"yoast_head":"<!-- This site is optimized with the Yoast SEO plugin v27.3 - https:\/\/yoast.com\/product\/yoast-seo-wordpress\/ -->\n<title>TRI BODYSUIT MIT HALBEM \u00c4RMEL - Shop online ElleErre<\/title>\n<meta name=\"robots\" content=\"index, follow, max-snippet:-1, max-image-preview:large, max-video-preview:-1\" \/>\n<link rel=\"canonical\" href=\"https:\/\/elleerre.it\/de\/professionelle-sportbekleidung\/triathlon-bekleidung\/tri-bodysuit-mit-halbem-aermel\/\" \/>\n<meta property=\"og:locale\" content=\"de_DE\" \/>\n<meta property=\"og:type\" content=\"article\" \/>\n<meta property=\"og:title\" content=\"TRI BODYSUIT MIT HALBEM \u00c4RMEL - Shop online ElleErre\" \/>\n<meta property=\"og:url\" content=\"https:\/\/elleerre.it\/de\/professionelle-sportbekleidung\/triathlon-bekleidung\/tri-bodysuit-mit-halbem-aermel\/\" \/>\n<meta property=\"og:site_name\" content=\"ElleErre\" \/>\n<meta property=\"article:publisher\" content=\"https:\/\/www.facebook.com\/ElleErre.it\" \/>\n<meta property=\"article:modified_time\" content=\"2023-04-27T08:35:34+00:00\" \/>\n<meta property=\"og:image\" content=\"https:\/\/elleerre.it\/wp-content\/uploads\/2021\/04\/Body-triathlon-elleerre-castelli-mezzamanica-fronte.jpg\" \/>\n\t<meta property=\"og:image:width\" content=\"1200\" \/>\n\t<meta property=\"og:image:height\" content=\"1200\" \/>\n\t<meta property=\"og:image:type\" content=\"image\/jpeg\" \/>\n<meta name=\"twitter:card\" content=\"summary_large_image\" \/>\n<meta name=\"twitter:label1\" content=\"Gesch\u00e4tzte Lesezeit\" \/>\n\t<meta name=\"twitter:data1\" content=\"1\u00a0Minute\" \/>\n<script type=\"application\/ld+json\" class=\"yoast-schema-graph\">{\"@context\":\"https:\\\/\\\/schema.org\",\"@graph\":[{\"@type\":\"WebPage\",\"@id\":\"https:\\\/\\\/elleerre.it\\\/de\\\/professionelle-sportbekleidung\\\/triathlon-bekleidung\\\/tri-bodysuit-mit-halbem-aermel\\\/\",\"url\":\"https:\\\/\\\/elleerre.it\\\/de\\\/professionelle-sportbekleidung\\\/triathlon-bekleidung\\\/tri-bodysuit-mit-halbem-aermel\\\/\",\"name\":\"TRI BODYSUIT MIT HALBEM \u00c4RMEL - Shop online ElleErre\",\"isPartOf\":{\"@id\":\"https:\\\/\\\/elleerre.it\\\/#website\"},\"primaryImageOfPage\":{\"@id\":\"https:\\\/\\\/elleerre.it\\\/de\\\/professionelle-sportbekleidung\\\/triathlon-bekleidung\\\/tri-bodysuit-mit-halbem-aermel\\\/#primaryimage\"},\"image\":{\"@id\":\"https:\\\/\\\/elleerre.it\\\/de\\\/professionelle-sportbekleidung\\\/triathlon-bekleidung\\\/tri-bodysuit-mit-halbem-aermel\\\/#primaryimage\"},\"thumbnailUrl\":\"https:\\\/\\\/elleerre.it\\\/wp-content\\\/uploads\\\/2021\\\/04\\\/Body-triathlon-elleerre-castelli-mezzamanica-fronte.jpg\",\"datePublished\":\"2021-04-20T15:11:42+00:00\",\"dateModified\":\"2023-04-27T08:35:34+00:00\",\"breadcrumb\":{\"@id\":\"https:\\\/\\\/elleerre.it\\\/de\\\/professionelle-sportbekleidung\\\/triathlon-bekleidung\\\/tri-bodysuit-mit-halbem-aermel\\\/#breadcrumb\"},\"inLanguage\":\"de\",\"potentialAction\":[{\"@type\":\"ReadAction\",\"target\":[\"https:\\\/\\\/elleerre.it\\\/de\\\/professionelle-sportbekleidung\\\/triathlon-bekleidung\\\/tri-bodysuit-mit-halbem-aermel\\\/\"]}]},{\"@type\":\"ImageObject\",\"inLanguage\":\"de\",\"@id\":\"https:\\\/\\\/elleerre.it\\\/de\\\/professionelle-sportbekleidung\\\/triathlon-bekleidung\\\/tri-bodysuit-mit-halbem-aermel\\\/#primaryimage\",\"url\":\"https:\\\/\\\/elleerre.it\\\/wp-content\\\/uploads\\\/2021\\\/04\\\/Body-triathlon-elleerre-castelli-mezzamanica-fronte.jpg\",\"contentUrl\":\"https:\\\/\\\/elleerre.it\\\/wp-content\\\/uploads\\\/2021\\\/04\\\/Body-triathlon-elleerre-castelli-mezzamanica-fronte.jpg\",\"width\":1200,\"height\":1200},{\"@type\":\"BreadcrumbList\",\"@id\":\"https:\\\/\\\/elleerre.it\\\/de\\\/professionelle-sportbekleidung\\\/triathlon-bekleidung\\\/tri-bodysuit-mit-halbem-aermel\\\/#breadcrumb\",\"itemListElement\":[{\"@type\":\"ListItem\",\"position\":1,\"name\":\"Home\",\"item\":\"https:\\\/\\\/elleerre.it\\\/de\\\/\"},{\"@type\":\"ListItem\",\"position\":2,\"name\":\"Shop\",\"item\":\"https:\\\/\\\/elleerre.it\\\/shop\\\/\"},{\"@type\":\"ListItem\",\"position\":3,\"name\":\"TRI BODYSUIT MIT HALBEM \u00c4RMEL\"}]},{\"@type\":\"WebSite\",\"@id\":\"https:\\\/\\\/elleerre.it\\\/#website\",\"url\":\"https:\\\/\\\/elleerre.it\\\/\",\"name\":\"ElleErre\",\"description\":\"Abbigliamento sportivo personalizzato\",\"publisher\":{\"@id\":\"https:\\\/\\\/elleerre.it\\\/#organization\"},\"potentialAction\":[{\"@type\":\"SearchAction\",\"target\":{\"@type\":\"EntryPoint\",\"urlTemplate\":\"https:\\\/\\\/elleerre.it\\\/?s={search_term_string}\"},\"query-input\":{\"@type\":\"PropertyValueSpecification\",\"valueRequired\":true,\"valueName\":\"search_term_string\"}}],\"inLanguage\":\"de\"},{\"@type\":\"Organization\",\"@id\":\"https:\\\/\\\/elleerre.it\\\/#organization\",\"name\":\"ElleErre\",\"url\":\"https:\\\/\\\/elleerre.it\\\/\",\"logo\":{\"@type\":\"ImageObject\",\"inLanguage\":\"de\",\"@id\":\"https:\\\/\\\/elleerre.it\\\/#\\\/schema\\\/logo\\\/image\\\/\",\"url\":\"https:\\\/\\\/elleerre.it\\\/wp-content\\\/uploads\\\/2021\\\/04\\\/fettuccia_elleerre_var.jpg\",\"contentUrl\":\"https:\\\/\\\/elleerre.it\\\/wp-content\\\/uploads\\\/2021\\\/04\\\/fettuccia_elleerre_var.jpg\",\"width\":300,\"height\":300,\"caption\":\"ElleErre\"},\"image\":{\"@id\":\"https:\\\/\\\/elleerre.it\\\/#\\\/schema\\\/logo\\\/image\\\/\"},\"sameAs\":[\"https:\\\/\\\/www.facebook.com\\\/ElleErre.it\",\"https:\\\/\\\/www.instagram.com\\\/elleerre.it\\\/\",\"https:\\\/\\\/www.youtube.com\\\/user\\\/EasyFlag\"]}]}<\/script>\n<!-- \/ Yoast SEO plugin. -->","yoast_head_json":{"title":"TRI BODYSUIT MIT HALBEM \u00c4RMEL - Shop online ElleErre","robots":{"index":"index","follow":"follow","max-snippet":"max-snippet:-1","max-image-preview":"max-image-preview:large","max-video-preview":"max-video-preview:-1"},"canonical":"https:\/\/elleerre.it\/de\/professionelle-sportbekleidung\/triathlon-bekleidung\/tri-bodysuit-mit-halbem-aermel\/","og_locale":"de_DE","og_type":"article","og_title":"TRI BODYSUIT MIT HALBEM \u00c4RMEL - Shop online ElleErre","og_url":"https:\/\/elleerre.it\/de\/professionelle-sportbekleidung\/triathlon-bekleidung\/tri-bodysuit-mit-halbem-aermel\/","og_site_name":"ElleErre","article_publisher":"https:\/\/www.facebook.com\/ElleErre.it","article_modified_time":"2023-04-27T08:35:34+00:00","og_image":[{"width":1200,"height":1200,"url":"https:\/\/elleerre.it\/wp-content\/uploads\/2021\/04\/Body-triathlon-elleerre-castelli-mezzamanica-fronte.jpg","type":"image\/jpeg"}],"twitter_card":"summary_large_image","twitter_misc":{"Gesch\u00e4tzte Lesezeit":"1\u00a0Minute"},"schema":{"@context":"https:\/\/schema.org","@graph":[{"@type":"WebPage","@id":"https:\/\/elleerre.it\/de\/professionelle-sportbekleidung\/triathlon-bekleidung\/tri-bodysuit-mit-halbem-aermel\/","url":"https:\/\/elleerre.it\/de\/professionelle-sportbekleidung\/triathlon-bekleidung\/tri-bodysuit-mit-halbem-aermel\/","name":"TRI BODYSUIT MIT HALBEM \u00c4RMEL - Shop online ElleErre","isPartOf":{"@id":"https:\/\/elleerre.it\/#website"},"primaryImageOfPage":{"@id":"https:\/\/elleerre.it\/de\/professionelle-sportbekleidung\/triathlon-bekleidung\/tri-bodysuit-mit-halbem-aermel\/#primaryimage"},"image":{"@id":"https:\/\/elleerre.it\/de\/professionelle-sportbekleidung\/triathlon-bekleidung\/tri-bodysuit-mit-halbem-aermel\/#primaryimage"},"thumbnailUrl":"https:\/\/elleerre.it\/wp-content\/uploads\/2021\/04\/Body-triathlon-elleerre-castelli-mezzamanica-fronte.jpg","datePublished":"2021-04-20T15:11:42+00:00","dateModified":"2023-04-27T08:35:34+00:00","breadcrumb":{"@id":"https:\/\/elleerre.it\/de\/professionelle-sportbekleidung\/triathlon-bekleidung\/tri-bodysuit-mit-halbem-aermel\/#breadcrumb"},"inLanguage":"de","potentialAction":[{"@type":"ReadAction","target":["https:\/\/elleerre.it\/de\/professionelle-sportbekleidung\/triathlon-bekleidung\/tri-bodysuit-mit-halbem-aermel\/"]}]},{"@type":"ImageObject","inLanguage":"de","@id":"https:\/\/elleerre.it\/de\/professionelle-sportbekleidung\/triathlon-bekleidung\/tri-bodysuit-mit-halbem-aermel\/#primaryimage","url":"https:\/\/elleerre.it\/wp-content\/uploads\/2021\/04\/Body-triathlon-elleerre-castelli-mezzamanica-fronte.jpg","contentUrl":"https:\/\/elleerre.it\/wp-content\/uploads\/2021\/04\/Body-triathlon-elleerre-castelli-mezzamanica-fronte.jpg","width":1200,"height":1200},{"@type":"BreadcrumbList","@id":"https:\/\/elleerre.it\/de\/professionelle-sportbekleidung\/triathlon-bekleidung\/tri-bodysuit-mit-halbem-aermel\/#breadcrumb","itemListElement":[{"@type":"ListItem","position":1,"name":"Home","item":"https:\/\/elleerre.it\/de\/"},{"@type":"ListItem","position":2,"name":"Shop","item":"https:\/\/elleerre.it\/shop\/"},{"@type":"ListItem","position":3,"name":"TRI BODYSUIT MIT HALBEM \u00c4RMEL"}]},{"@type":"WebSite","@id":"https:\/\/elleerre.it\/#website","url":"https:\/\/elleerre.it\/","name":"ElleErre","description":"Abbigliamento sportivo personalizzato","publisher":{"@id":"https:\/\/elleerre.it\/#organization"},"potentialAction":[{"@type":"SearchAction","target":{"@type":"EntryPoint","urlTemplate":"https:\/\/elleerre.it\/?s={search_term_string}"},"query-input":{"@type":"PropertyValueSpecification","valueRequired":true,"valueName":"search_term_string"}}],"inLanguage":"de"},{"@type":"Organization","@id":"https:\/\/elleerre.it\/#organization","name":"ElleErre","url":"https:\/\/elleerre.it\/","logo":{"@type":"ImageObject","inLanguage":"de","@id":"https:\/\/elleerre.it\/#\/schema\/logo\/image\/","url":"https:\/\/elleerre.it\/wp-content\/uploads\/2021\/04\/fettuccia_elleerre_var.jpg","contentUrl":"https:\/\/elleerre.it\/wp-content\/uploads\/2021\/04\/fettuccia_elleerre_var.jpg","width":300,"height":300,"caption":"ElleErre"},"image":{"@id":"https:\/\/elleerre.it\/#\/schema\/logo\/image\/"},"sameAs":["https:\/\/www.facebook.com\/ElleErre.it","https:\/\/www.instagram.com\/elleerre.it\/","https:\/\/www.youtube.com\/user\/EasyFlag"]}]}},"_links":{"self":[{"href":"https:\/\/elleerre.it\/de\/wp-json\/wp\/v2\/product\/12985","targetHints":{"allow":["GET"]}}],"collection":[{"href":"https:\/\/elleerre.it\/de\/wp-json\/wp\/v2\/product"}],"about":[{"href":"https:\/\/elleerre.it\/de\/wp-json\/wp\/v2\/types\/product"}],"wp:featuredmedia":[{"embeddable":true,"href":"https:\/\/elleerre.it\/de\/wp-json\/wp\/v2\/media\/11289"}],"wp:attachment":[{"href":"https:\/\/elleerre.it\/de\/wp-json\/wp\/v2\/media?parent=12985"}],"wp:term":[{"taxonomy":"product_brand","embeddable":true,"href":"https:\/\/elleerre.it\/de\/wp-json\/wp\/v2\/product_brand?post=12985"},{"taxonomy":"product_cat","embeddable":true,"href":"https:\/\/elleerre.it\/de\/wp-json\/wp\/v2\/product_cat?post=12985"},{"taxonomy":"product_tag","embeddable":true,"href":"https:\/\/elleerre.it\/de\/wp-json\/wp\/v2\/product_tag?post=12985"}],"curies":[{"name":"wp","href":"https:\/\/api.w.org\/{rel}","templated":true}]}}