{"id":12989,"date":"2021-04-20T15:11:46","date_gmt":"2021-04-20T15:11:46","guid":{"rendered":"https:\/\/elleerre.it\/unkategorisiert\/sleeveless-tri-suit\/"},"modified":"2023-04-27T08:36:06","modified_gmt":"2023-04-27T08:36:06","slug":"aermelloser-tri-bodysuit","status":"publish","type":"product","link":"https:\/\/elleerre.it\/de\/professionelle-sportbekleidung\/triathlon-bekleidung\/aermelloser-tri-bodysuit\/","title":{"rendered":"\u00c4RMELLOSER TRI BODYSUIT"},"content":{"rendered":"<p>Der ideale Body f\u00fcr die Teilnahme an einem 70.3 oder einem Ironman: Er bietet den Komfort eines Trikots, aber mit den Vorteilen eines T-Shirts und einer kurzen Hose.<br \/>\nDie vordere \u00d6ffnung erm\u00f6glicht die Bel\u00fcftung des K\u00f6rpers und ist praktisch bei physiologischen Pausen. Die beiden flachen R\u00fcckentaschen quellen nicht mit Wasser auf, sind aber gro\u00df genug, um Gel und Riegel aufzunehmen.<\/p>\n<p>TECHNISCHE DATEN:<br \/>\nAtmungsaktiver Renngewebe auf der oberen Vorderseite<br \/>\nDas Netz-R\u00fcckengewebe sorgt f\u00fcr eine h\u00f6here Geschwindigkeit<br \/>\nOptimierte Taschen f\u00fcr bessere Aerodynamik<br \/>\nWeiche \u00c4rmelb\u00f6den zur Vermeidung von Scheuerstellen<br \/>\nDie Frontkonstruktion erleichtert physiologische Pausen und Bel\u00fcftung<br \/>\nDas Gewebe der Shorts ist schwimmf\u00e4hig und nimmt nur wenig Wasser auf.<br \/>\nBequemes Fahrradpolster, das w\u00e4hrend der Fahrt verschwindet<br \/>\nZwei kleine Taschen an der H\u00fcfte zur Unterst\u00fctzung beim Rennen<br \/>\nGewicht: 182g<\/p>\n","protected":false},"excerpt":{"rendered":"<p>Der Body f\u00fcr lange Strecken.<\/p>\n","protected":false},"featured_media":11285,"template":"","meta":{"_acf_changed":false,"inline_featured_image":false},"product_brand":[],"product_cat":[1441,1443],"product_tag":[],"class_list":{"0":"post-12989","1":"product","2":"type-product","3":"status-publish","4":"has-post-thumbnail","6":"product_cat-professionelle-sportbekleidung","7":"product_cat-triathlon-bekleidung","9":"first","10":"instock","11":"taxable","12":"shipping-taxable","13":"purchasable","14":"product-type-variable"},"acf":[],"yoast_head":"<!-- This site is optimized with the Yoast SEO plugin v27.3 - https:\/\/yoast.com\/product\/yoast-seo-wordpress\/ -->\n<title>\u00c4RMELLOSER TRI BODYSUIT - Shop online ElleErre<\/title>\n<meta name=\"robots\" content=\"index, follow, max-snippet:-1, max-image-preview:large, max-video-preview:-1\" \/>\n<link rel=\"canonical\" href=\"https:\/\/elleerre.it\/de\/professionelle-sportbekleidung\/triathlon-bekleidung\/aermelloser-tri-bodysuit\/\" \/>\n<meta property=\"og:locale\" content=\"de_DE\" \/>\n<meta property=\"og:type\" content=\"article\" \/>\n<meta property=\"og:title\" content=\"\u00c4RMELLOSER TRI BODYSUIT - Shop online ElleErre\" \/>\n<meta property=\"og:url\" content=\"https:\/\/elleerre.it\/de\/professionelle-sportbekleidung\/triathlon-bekleidung\/aermelloser-tri-bodysuit\/\" \/>\n<meta property=\"og:site_name\" content=\"ElleErre\" \/>\n<meta property=\"article:publisher\" content=\"https:\/\/www.facebook.com\/ElleErre.it\" \/>\n<meta property=\"article:modified_time\" content=\"2023-04-27T08:36:06+00:00\" \/>\n<meta property=\"og:image\" content=\"https:\/\/elleerre.it\/wp-content\/uploads\/2021\/04\/Body-triathlon-elleerre-castelli-smanicato-fronte.jpg\" \/>\n\t<meta property=\"og:image:width\" content=\"1200\" \/>\n\t<meta property=\"og:image:height\" content=\"1200\" \/>\n\t<meta property=\"og:image:type\" content=\"image\/jpeg\" \/>\n<meta name=\"twitter:card\" content=\"summary_large_image\" \/>\n<meta name=\"twitter:label1\" content=\"Gesch\u00e4tzte Lesezeit\" \/>\n\t<meta name=\"twitter:data1\" content=\"1\u00a0Minute\" \/>\n<script type=\"application\/ld+json\" class=\"yoast-schema-graph\">{\"@context\":\"https:\\\/\\\/schema.org\",\"@graph\":[{\"@type\":\"WebPage\",\"@id\":\"https:\\\/\\\/elleerre.it\\\/de\\\/professionelle-sportbekleidung\\\/triathlon-bekleidung\\\/aermelloser-tri-bodysuit\\\/\",\"url\":\"https:\\\/\\\/elleerre.it\\\/de\\\/professionelle-sportbekleidung\\\/triathlon-bekleidung\\\/aermelloser-tri-bodysuit\\\/\",\"name\":\"\u00c4RMELLOSER TRI BODYSUIT - Shop online ElleErre\",\"isPartOf\":{\"@id\":\"https:\\\/\\\/elleerre.it\\\/#website\"},\"primaryImageOfPage\":{\"@id\":\"https:\\\/\\\/elleerre.it\\\/de\\\/professionelle-sportbekleidung\\\/triathlon-bekleidung\\\/aermelloser-tri-bodysuit\\\/#primaryimage\"},\"image\":{\"@id\":\"https:\\\/\\\/elleerre.it\\\/de\\\/professionelle-sportbekleidung\\\/triathlon-bekleidung\\\/aermelloser-tri-bodysuit\\\/#primaryimage\"},\"thumbnailUrl\":\"https:\\\/\\\/elleerre.it\\\/wp-content\\\/uploads\\\/2021\\\/04\\\/Body-triathlon-elleerre-castelli-smanicato-fronte.jpg\",\"datePublished\":\"2021-04-20T15:11:46+00:00\",\"dateModified\":\"2023-04-27T08:36:06+00:00\",\"breadcrumb\":{\"@id\":\"https:\\\/\\\/elleerre.it\\\/de\\\/professionelle-sportbekleidung\\\/triathlon-bekleidung\\\/aermelloser-tri-bodysuit\\\/#breadcrumb\"},\"inLanguage\":\"de\",\"potentialAction\":[{\"@type\":\"ReadAction\",\"target\":[\"https:\\\/\\\/elleerre.it\\\/de\\\/professionelle-sportbekleidung\\\/triathlon-bekleidung\\\/aermelloser-tri-bodysuit\\\/\"]}]},{\"@type\":\"ImageObject\",\"inLanguage\":\"de\",\"@id\":\"https:\\\/\\\/elleerre.it\\\/de\\\/professionelle-sportbekleidung\\\/triathlon-bekleidung\\\/aermelloser-tri-bodysuit\\\/#primaryimage\",\"url\":\"https:\\\/\\\/elleerre.it\\\/wp-content\\\/uploads\\\/2021\\\/04\\\/Body-triathlon-elleerre-castelli-smanicato-fronte.jpg\",\"contentUrl\":\"https:\\\/\\\/elleerre.it\\\/wp-content\\\/uploads\\\/2021\\\/04\\\/Body-triathlon-elleerre-castelli-smanicato-fronte.jpg\",\"width\":1200,\"height\":1200},{\"@type\":\"BreadcrumbList\",\"@id\":\"https:\\\/\\\/elleerre.it\\\/de\\\/professionelle-sportbekleidung\\\/triathlon-bekleidung\\\/aermelloser-tri-bodysuit\\\/#breadcrumb\",\"itemListElement\":[{\"@type\":\"ListItem\",\"position\":1,\"name\":\"Home\",\"item\":\"https:\\\/\\\/elleerre.it\\\/de\\\/\"},{\"@type\":\"ListItem\",\"position\":2,\"name\":\"Shop\",\"item\":\"https:\\\/\\\/elleerre.it\\\/shop\\\/\"},{\"@type\":\"ListItem\",\"position\":3,\"name\":\"\u00c4RMELLOSER TRI BODYSUIT\"}]},{\"@type\":\"WebSite\",\"@id\":\"https:\\\/\\\/elleerre.it\\\/#website\",\"url\":\"https:\\\/\\\/elleerre.it\\\/\",\"name\":\"ElleErre\",\"description\":\"Abbigliamento sportivo personalizzato\",\"publisher\":{\"@id\":\"https:\\\/\\\/elleerre.it\\\/#organization\"},\"potentialAction\":[{\"@type\":\"SearchAction\",\"target\":{\"@type\":\"EntryPoint\",\"urlTemplate\":\"https:\\\/\\\/elleerre.it\\\/?s={search_term_string}\"},\"query-input\":{\"@type\":\"PropertyValueSpecification\",\"valueRequired\":true,\"valueName\":\"search_term_string\"}}],\"inLanguage\":\"de\"},{\"@type\":\"Organization\",\"@id\":\"https:\\\/\\\/elleerre.it\\\/#organization\",\"name\":\"ElleErre\",\"url\":\"https:\\\/\\\/elleerre.it\\\/\",\"logo\":{\"@type\":\"ImageObject\",\"inLanguage\":\"de\",\"@id\":\"https:\\\/\\\/elleerre.it\\\/#\\\/schema\\\/logo\\\/image\\\/\",\"url\":\"https:\\\/\\\/elleerre.it\\\/wp-content\\\/uploads\\\/2021\\\/04\\\/fettuccia_elleerre_var.jpg\",\"contentUrl\":\"https:\\\/\\\/elleerre.it\\\/wp-content\\\/uploads\\\/2021\\\/04\\\/fettuccia_elleerre_var.jpg\",\"width\":300,\"height\":300,\"caption\":\"ElleErre\"},\"image\":{\"@id\":\"https:\\\/\\\/elleerre.it\\\/#\\\/schema\\\/logo\\\/image\\\/\"},\"sameAs\":[\"https:\\\/\\\/www.facebook.com\\\/ElleErre.it\",\"https:\\\/\\\/www.instagram.com\\\/elleerre.it\\\/\",\"https:\\\/\\\/www.youtube.com\\\/user\\\/EasyFlag\"]}]}<\/script>\n<!-- \/ Yoast SEO plugin. -->","yoast_head_json":{"title":"\u00c4RMELLOSER TRI BODYSUIT - Shop online ElleErre","robots":{"index":"index","follow":"follow","max-snippet":"max-snippet:-1","max-image-preview":"max-image-preview:large","max-video-preview":"max-video-preview:-1"},"canonical":"https:\/\/elleerre.it\/de\/professionelle-sportbekleidung\/triathlon-bekleidung\/aermelloser-tri-bodysuit\/","og_locale":"de_DE","og_type":"article","og_title":"\u00c4RMELLOSER TRI BODYSUIT - Shop online ElleErre","og_url":"https:\/\/elleerre.it\/de\/professionelle-sportbekleidung\/triathlon-bekleidung\/aermelloser-tri-bodysuit\/","og_site_name":"ElleErre","article_publisher":"https:\/\/www.facebook.com\/ElleErre.it","article_modified_time":"2023-04-27T08:36:06+00:00","og_image":[{"width":1200,"height":1200,"url":"https:\/\/elleerre.it\/wp-content\/uploads\/2021\/04\/Body-triathlon-elleerre-castelli-smanicato-fronte.jpg","type":"image\/jpeg"}],"twitter_card":"summary_large_image","twitter_misc":{"Gesch\u00e4tzte Lesezeit":"1\u00a0Minute"},"schema":{"@context":"https:\/\/schema.org","@graph":[{"@type":"WebPage","@id":"https:\/\/elleerre.it\/de\/professionelle-sportbekleidung\/triathlon-bekleidung\/aermelloser-tri-bodysuit\/","url":"https:\/\/elleerre.it\/de\/professionelle-sportbekleidung\/triathlon-bekleidung\/aermelloser-tri-bodysuit\/","name":"\u00c4RMELLOSER TRI BODYSUIT - Shop online ElleErre","isPartOf":{"@id":"https:\/\/elleerre.it\/#website"},"primaryImageOfPage":{"@id":"https:\/\/elleerre.it\/de\/professionelle-sportbekleidung\/triathlon-bekleidung\/aermelloser-tri-bodysuit\/#primaryimage"},"image":{"@id":"https:\/\/elleerre.it\/de\/professionelle-sportbekleidung\/triathlon-bekleidung\/aermelloser-tri-bodysuit\/#primaryimage"},"thumbnailUrl":"https:\/\/elleerre.it\/wp-content\/uploads\/2021\/04\/Body-triathlon-elleerre-castelli-smanicato-fronte.jpg","datePublished":"2021-04-20T15:11:46+00:00","dateModified":"2023-04-27T08:36:06+00:00","breadcrumb":{"@id":"https:\/\/elleerre.it\/de\/professionelle-sportbekleidung\/triathlon-bekleidung\/aermelloser-tri-bodysuit\/#breadcrumb"},"inLanguage":"de","potentialAction":[{"@type":"ReadAction","target":["https:\/\/elleerre.it\/de\/professionelle-sportbekleidung\/triathlon-bekleidung\/aermelloser-tri-bodysuit\/"]}]},{"@type":"ImageObject","inLanguage":"de","@id":"https:\/\/elleerre.it\/de\/professionelle-sportbekleidung\/triathlon-bekleidung\/aermelloser-tri-bodysuit\/#primaryimage","url":"https:\/\/elleerre.it\/wp-content\/uploads\/2021\/04\/Body-triathlon-elleerre-castelli-smanicato-fronte.jpg","contentUrl":"https:\/\/elleerre.it\/wp-content\/uploads\/2021\/04\/Body-triathlon-elleerre-castelli-smanicato-fronte.jpg","width":1200,"height":1200},{"@type":"BreadcrumbList","@id":"https:\/\/elleerre.it\/de\/professionelle-sportbekleidung\/triathlon-bekleidung\/aermelloser-tri-bodysuit\/#breadcrumb","itemListElement":[{"@type":"ListItem","position":1,"name":"Home","item":"https:\/\/elleerre.it\/de\/"},{"@type":"ListItem","position":2,"name":"Shop","item":"https:\/\/elleerre.it\/shop\/"},{"@type":"ListItem","position":3,"name":"\u00c4RMELLOSER TRI BODYSUIT"}]},{"@type":"WebSite","@id":"https:\/\/elleerre.it\/#website","url":"https:\/\/elleerre.it\/","name":"ElleErre","description":"Abbigliamento sportivo personalizzato","publisher":{"@id":"https:\/\/elleerre.it\/#organization"},"potentialAction":[{"@type":"SearchAction","target":{"@type":"EntryPoint","urlTemplate":"https:\/\/elleerre.it\/?s={search_term_string}"},"query-input":{"@type":"PropertyValueSpecification","valueRequired":true,"valueName":"search_term_string"}}],"inLanguage":"de"},{"@type":"Organization","@id":"https:\/\/elleerre.it\/#organization","name":"ElleErre","url":"https:\/\/elleerre.it\/","logo":{"@type":"ImageObject","inLanguage":"de","@id":"https:\/\/elleerre.it\/#\/schema\/logo\/image\/","url":"https:\/\/elleerre.it\/wp-content\/uploads\/2021\/04\/fettuccia_elleerre_var.jpg","contentUrl":"https:\/\/elleerre.it\/wp-content\/uploads\/2021\/04\/fettuccia_elleerre_var.jpg","width":300,"height":300,"caption":"ElleErre"},"image":{"@id":"https:\/\/elleerre.it\/#\/schema\/logo\/image\/"},"sameAs":["https:\/\/www.facebook.com\/ElleErre.it","https:\/\/www.instagram.com\/elleerre.it\/","https:\/\/www.youtube.com\/user\/EasyFlag"]}]}},"_links":{"self":[{"href":"https:\/\/elleerre.it\/de\/wp-json\/wp\/v2\/product\/12989","targetHints":{"allow":["GET"]}}],"collection":[{"href":"https:\/\/elleerre.it\/de\/wp-json\/wp\/v2\/product"}],"about":[{"href":"https:\/\/elleerre.it\/de\/wp-json\/wp\/v2\/types\/product"}],"wp:featuredmedia":[{"embeddable":true,"href":"https:\/\/elleerre.it\/de\/wp-json\/wp\/v2\/media\/11285"}],"wp:attachment":[{"href":"https:\/\/elleerre.it\/de\/wp-json\/wp\/v2\/media?parent=12989"}],"wp:term":[{"taxonomy":"product_brand","embeddable":true,"href":"https:\/\/elleerre.it\/de\/wp-json\/wp\/v2\/product_brand?post=12989"},{"taxonomy":"product_cat","embeddable":true,"href":"https:\/\/elleerre.it\/de\/wp-json\/wp\/v2\/product_cat?post=12989"},{"taxonomy":"product_tag","embeddable":true,"href":"https:\/\/elleerre.it\/de\/wp-json\/wp\/v2\/product_tag?post=12989"}],"curies":[{"name":"wp","href":"https:\/\/api.w.org\/{rel}","templated":true}]}}