{"id":13001,"date":"2021-03-23T15:46:36","date_gmt":"2021-03-23T15:46:36","guid":{"rendered":"https:\/\/elleerre.it\/unkategorisiert\/european-flag\/"},"modified":"2023-03-10T11:00:09","modified_gmt":"2023-03-10T11:00:09","slug":"europa-fahne","status":"publish","type":"product","link":"https:\/\/elleerre.it\/de\/personalisierte-flaggen\/nationen-flaggen\/europa-fahne\/","title":{"rendered":"EUROPA FAHNE"},"content":{"rendered":"<p>Die Europaflagge wurde 1955 geschaffen und drei\u00dfig Jahre sp\u00e4ter zu ihrem offiziellen Emblem. Sie besteht aus einem Kreis von zw\u00f6lf goldenen Sternen auf blauem Grund und steht f\u00fcr die Einheit der europ\u00e4ischen V\u00f6lker da.<\/p>\n<p>Dank des verst\u00e4rkten Seitenbandes mit Karabinerhaken sind die Fahnen ideal zum Aufh\u00e4ngen im Freien. Sie bestehen aus 110 g\/m\u00b2 feuerfestem, nautischem Polyestergewebe, das nach Klasse B1\/DIN 4102 zertifiziert ist und somit wetterfest ist.<\/p>\n<p>Unsere Fahnen sind windbest\u00e4ndig und zeichnen sich durch leuchtende, kr\u00e4ftige Farben aus, die auch im Laufe der Zeit ihre F\u00e4rbung behalten. Der gesamte Umfang der Fahnen ist mit einer Doppelnaht verst\u00e4rkt.<\/p>\n","protected":false},"excerpt":{"rendered":"<p>Dank des verst\u00e4rkten Seitenbandes mit Karabinerhaken sind die Fahnen ideal zum Aufh\u00e4ngen im Freien. Sie bestehen aus 110 g\/m\u00b2 feuerfestem, nautischem Polyestergewebe, das nach Klasse B1\/DIN 4102 zertifiziert ist und somit wetterfest ist.<\/p>\n","protected":false},"featured_media":11046,"template":"","meta":{"_acf_changed":false,"inline_featured_image":false},"product_brand":[],"product_cat":[1496,1495],"product_tag":[],"class_list":{"0":"post-13001","1":"product","2":"type-product","3":"status-publish","4":"has-post-thumbnail","6":"product_cat-nationen-flaggen","7":"product_cat-personalisierte-flaggen","9":"first","10":"instock","11":"taxable","12":"shipping-taxable","13":"purchasable","14":"product-type-variable"},"acf":[],"yoast_head":"<!-- This site is optimized with the Yoast SEO plugin v27.3 - https:\/\/yoast.com\/product\/yoast-seo-wordpress\/ -->\n<title>EUROPA FAHNE - Shop online ElleErre<\/title>\n<meta name=\"robots\" content=\"index, follow, max-snippet:-1, max-image-preview:large, max-video-preview:-1\" \/>\n<link rel=\"canonical\" href=\"https:\/\/elleerre.it\/de\/personalisierte-flaggen\/nationen-flaggen\/europa-fahne\/\" \/>\n<meta property=\"og:locale\" content=\"de_DE\" \/>\n<meta property=\"og:type\" content=\"article\" \/>\n<meta property=\"og:title\" content=\"EUROPA FAHNE - Shop online ElleErre\" \/>\n<meta property=\"og:url\" content=\"https:\/\/elleerre.it\/de\/personalisierte-flaggen\/nationen-flaggen\/europa-fahne\/\" \/>\n<meta property=\"og:site_name\" content=\"ElleErre\" \/>\n<meta property=\"article:publisher\" content=\"https:\/\/www.facebook.com\/ElleErre.it\" \/>\n<meta property=\"article:modified_time\" content=\"2023-03-10T11:00:09+00:00\" \/>\n<meta property=\"og:image\" content=\"https:\/\/elleerre.it\/wp-content\/uploads\/2021\/03\/bandiera-europa.jpg\" \/>\n\t<meta property=\"og:image:width\" content=\"1200\" \/>\n\t<meta property=\"og:image:height\" content=\"1200\" \/>\n\t<meta property=\"og:image:type\" content=\"image\/jpeg\" \/>\n<meta name=\"twitter:card\" content=\"summary_large_image\" \/>\n<meta name=\"twitter:label1\" content=\"Gesch\u00e4tzte Lesezeit\" \/>\n\t<meta name=\"twitter:data1\" content=\"1\u00a0Minute\" \/>\n<script type=\"application\/ld+json\" class=\"yoast-schema-graph\">{\"@context\":\"https:\\\/\\\/schema.org\",\"@graph\":[{\"@type\":\"WebPage\",\"@id\":\"https:\\\/\\\/elleerre.it\\\/de\\\/personalisierte-flaggen\\\/nationen-flaggen\\\/europa-fahne\\\/\",\"url\":\"https:\\\/\\\/elleerre.it\\\/de\\\/personalisierte-flaggen\\\/nationen-flaggen\\\/europa-fahne\\\/\",\"name\":\"EUROPA FAHNE - Shop online ElleErre\",\"isPartOf\":{\"@id\":\"https:\\\/\\\/elleerre.it\\\/#website\"},\"primaryImageOfPage\":{\"@id\":\"https:\\\/\\\/elleerre.it\\\/de\\\/personalisierte-flaggen\\\/nationen-flaggen\\\/europa-fahne\\\/#primaryimage\"},\"image\":{\"@id\":\"https:\\\/\\\/elleerre.it\\\/de\\\/personalisierte-flaggen\\\/nationen-flaggen\\\/europa-fahne\\\/#primaryimage\"},\"thumbnailUrl\":\"https:\\\/\\\/elleerre.it\\\/wp-content\\\/uploads\\\/2021\\\/03\\\/bandiera-europa.jpg\",\"datePublished\":\"2021-03-23T15:46:36+00:00\",\"dateModified\":\"2023-03-10T11:00:09+00:00\",\"breadcrumb\":{\"@id\":\"https:\\\/\\\/elleerre.it\\\/de\\\/personalisierte-flaggen\\\/nationen-flaggen\\\/europa-fahne\\\/#breadcrumb\"},\"inLanguage\":\"de\",\"potentialAction\":[{\"@type\":\"ReadAction\",\"target\":[\"https:\\\/\\\/elleerre.it\\\/de\\\/personalisierte-flaggen\\\/nationen-flaggen\\\/europa-fahne\\\/\"]}]},{\"@type\":\"ImageObject\",\"inLanguage\":\"de\",\"@id\":\"https:\\\/\\\/elleerre.it\\\/de\\\/personalisierte-flaggen\\\/nationen-flaggen\\\/europa-fahne\\\/#primaryimage\",\"url\":\"https:\\\/\\\/elleerre.it\\\/wp-content\\\/uploads\\\/2021\\\/03\\\/bandiera-europa.jpg\",\"contentUrl\":\"https:\\\/\\\/elleerre.it\\\/wp-content\\\/uploads\\\/2021\\\/03\\\/bandiera-europa.jpg\",\"width\":1200,\"height\":1200,\"caption\":\"Flag of European Union\"},{\"@type\":\"BreadcrumbList\",\"@id\":\"https:\\\/\\\/elleerre.it\\\/de\\\/personalisierte-flaggen\\\/nationen-flaggen\\\/europa-fahne\\\/#breadcrumb\",\"itemListElement\":[{\"@type\":\"ListItem\",\"position\":1,\"name\":\"Home\",\"item\":\"https:\\\/\\\/elleerre.it\\\/de\\\/\"},{\"@type\":\"ListItem\",\"position\":2,\"name\":\"Shop\",\"item\":\"https:\\\/\\\/elleerre.it\\\/shop\\\/\"},{\"@type\":\"ListItem\",\"position\":3,\"name\":\"EUROPA FAHNE\"}]},{\"@type\":\"WebSite\",\"@id\":\"https:\\\/\\\/elleerre.it\\\/#website\",\"url\":\"https:\\\/\\\/elleerre.it\\\/\",\"name\":\"ElleErre\",\"description\":\"Abbigliamento sportivo personalizzato\",\"publisher\":{\"@id\":\"https:\\\/\\\/elleerre.it\\\/#organization\"},\"potentialAction\":[{\"@type\":\"SearchAction\",\"target\":{\"@type\":\"EntryPoint\",\"urlTemplate\":\"https:\\\/\\\/elleerre.it\\\/?s={search_term_string}\"},\"query-input\":{\"@type\":\"PropertyValueSpecification\",\"valueRequired\":true,\"valueName\":\"search_term_string\"}}],\"inLanguage\":\"de\"},{\"@type\":\"Organization\",\"@id\":\"https:\\\/\\\/elleerre.it\\\/#organization\",\"name\":\"ElleErre\",\"url\":\"https:\\\/\\\/elleerre.it\\\/\",\"logo\":{\"@type\":\"ImageObject\",\"inLanguage\":\"de\",\"@id\":\"https:\\\/\\\/elleerre.it\\\/#\\\/schema\\\/logo\\\/image\\\/\",\"url\":\"https:\\\/\\\/elleerre.it\\\/wp-content\\\/uploads\\\/2021\\\/04\\\/fettuccia_elleerre_var.jpg\",\"contentUrl\":\"https:\\\/\\\/elleerre.it\\\/wp-content\\\/uploads\\\/2021\\\/04\\\/fettuccia_elleerre_var.jpg\",\"width\":300,\"height\":300,\"caption\":\"ElleErre\"},\"image\":{\"@id\":\"https:\\\/\\\/elleerre.it\\\/#\\\/schema\\\/logo\\\/image\\\/\"},\"sameAs\":[\"https:\\\/\\\/www.facebook.com\\\/ElleErre.it\",\"https:\\\/\\\/www.instagram.com\\\/elleerre.it\\\/\",\"https:\\\/\\\/www.youtube.com\\\/user\\\/EasyFlag\"]}]}<\/script>\n<!-- \/ Yoast SEO plugin. -->","yoast_head_json":{"title":"EUROPA FAHNE - Shop online ElleErre","robots":{"index":"index","follow":"follow","max-snippet":"max-snippet:-1","max-image-preview":"max-image-preview:large","max-video-preview":"max-video-preview:-1"},"canonical":"https:\/\/elleerre.it\/de\/personalisierte-flaggen\/nationen-flaggen\/europa-fahne\/","og_locale":"de_DE","og_type":"article","og_title":"EUROPA FAHNE - Shop online ElleErre","og_url":"https:\/\/elleerre.it\/de\/personalisierte-flaggen\/nationen-flaggen\/europa-fahne\/","og_site_name":"ElleErre","article_publisher":"https:\/\/www.facebook.com\/ElleErre.it","article_modified_time":"2023-03-10T11:00:09+00:00","og_image":[{"width":1200,"height":1200,"url":"https:\/\/elleerre.it\/wp-content\/uploads\/2021\/03\/bandiera-europa.jpg","type":"image\/jpeg"}],"twitter_card":"summary_large_image","twitter_misc":{"Gesch\u00e4tzte Lesezeit":"1\u00a0Minute"},"schema":{"@context":"https:\/\/schema.org","@graph":[{"@type":"WebPage","@id":"https:\/\/elleerre.it\/de\/personalisierte-flaggen\/nationen-flaggen\/europa-fahne\/","url":"https:\/\/elleerre.it\/de\/personalisierte-flaggen\/nationen-flaggen\/europa-fahne\/","name":"EUROPA FAHNE - Shop online ElleErre","isPartOf":{"@id":"https:\/\/elleerre.it\/#website"},"primaryImageOfPage":{"@id":"https:\/\/elleerre.it\/de\/personalisierte-flaggen\/nationen-flaggen\/europa-fahne\/#primaryimage"},"image":{"@id":"https:\/\/elleerre.it\/de\/personalisierte-flaggen\/nationen-flaggen\/europa-fahne\/#primaryimage"},"thumbnailUrl":"https:\/\/elleerre.it\/wp-content\/uploads\/2021\/03\/bandiera-europa.jpg","datePublished":"2021-03-23T15:46:36+00:00","dateModified":"2023-03-10T11:00:09+00:00","breadcrumb":{"@id":"https:\/\/elleerre.it\/de\/personalisierte-flaggen\/nationen-flaggen\/europa-fahne\/#breadcrumb"},"inLanguage":"de","potentialAction":[{"@type":"ReadAction","target":["https:\/\/elleerre.it\/de\/personalisierte-flaggen\/nationen-flaggen\/europa-fahne\/"]}]},{"@type":"ImageObject","inLanguage":"de","@id":"https:\/\/elleerre.it\/de\/personalisierte-flaggen\/nationen-flaggen\/europa-fahne\/#primaryimage","url":"https:\/\/elleerre.it\/wp-content\/uploads\/2021\/03\/bandiera-europa.jpg","contentUrl":"https:\/\/elleerre.it\/wp-content\/uploads\/2021\/03\/bandiera-europa.jpg","width":1200,"height":1200,"caption":"Flag of European Union"},{"@type":"BreadcrumbList","@id":"https:\/\/elleerre.it\/de\/personalisierte-flaggen\/nationen-flaggen\/europa-fahne\/#breadcrumb","itemListElement":[{"@type":"ListItem","position":1,"name":"Home","item":"https:\/\/elleerre.it\/de\/"},{"@type":"ListItem","position":2,"name":"Shop","item":"https:\/\/elleerre.it\/shop\/"},{"@type":"ListItem","position":3,"name":"EUROPA FAHNE"}]},{"@type":"WebSite","@id":"https:\/\/elleerre.it\/#website","url":"https:\/\/elleerre.it\/","name":"ElleErre","description":"Abbigliamento sportivo personalizzato","publisher":{"@id":"https:\/\/elleerre.it\/#organization"},"potentialAction":[{"@type":"SearchAction","target":{"@type":"EntryPoint","urlTemplate":"https:\/\/elleerre.it\/?s={search_term_string}"},"query-input":{"@type":"PropertyValueSpecification","valueRequired":true,"valueName":"search_term_string"}}],"inLanguage":"de"},{"@type":"Organization","@id":"https:\/\/elleerre.it\/#organization","name":"ElleErre","url":"https:\/\/elleerre.it\/","logo":{"@type":"ImageObject","inLanguage":"de","@id":"https:\/\/elleerre.it\/#\/schema\/logo\/image\/","url":"https:\/\/elleerre.it\/wp-content\/uploads\/2021\/04\/fettuccia_elleerre_var.jpg","contentUrl":"https:\/\/elleerre.it\/wp-content\/uploads\/2021\/04\/fettuccia_elleerre_var.jpg","width":300,"height":300,"caption":"ElleErre"},"image":{"@id":"https:\/\/elleerre.it\/#\/schema\/logo\/image\/"},"sameAs":["https:\/\/www.facebook.com\/ElleErre.it","https:\/\/www.instagram.com\/elleerre.it\/","https:\/\/www.youtube.com\/user\/EasyFlag"]}]}},"_links":{"self":[{"href":"https:\/\/elleerre.it\/de\/wp-json\/wp\/v2\/product\/13001","targetHints":{"allow":["GET"]}}],"collection":[{"href":"https:\/\/elleerre.it\/de\/wp-json\/wp\/v2\/product"}],"about":[{"href":"https:\/\/elleerre.it\/de\/wp-json\/wp\/v2\/types\/product"}],"wp:featuredmedia":[{"embeddable":true,"href":"https:\/\/elleerre.it\/de\/wp-json\/wp\/v2\/media\/11046"}],"wp:attachment":[{"href":"https:\/\/elleerre.it\/de\/wp-json\/wp\/v2\/media?parent=13001"}],"wp:term":[{"taxonomy":"product_brand","embeddable":true,"href":"https:\/\/elleerre.it\/de\/wp-json\/wp\/v2\/product_brand?post=13001"},{"taxonomy":"product_cat","embeddable":true,"href":"https:\/\/elleerre.it\/de\/wp-json\/wp\/v2\/product_cat?post=13001"},{"taxonomy":"product_tag","embeddable":true,"href":"https:\/\/elleerre.it\/de\/wp-json\/wp\/v2\/product_tag?post=13001"}],"curies":[{"name":"wp","href":"https:\/\/api.w.org\/{rel}","templated":true}]}}