{"id":13007,"date":"2021-04-20T15:15:59","date_gmt":"2021-04-20T15:15:59","guid":{"rendered":"https:\/\/elleerre.it\/unkategorisiert\/easy-flag-classic\/"},"modified":"2024-11-04T07:44:21","modified_gmt":"2024-11-04T07:44:21","slug":"easy-flag-classic","status":"publish","type":"product","link":"https:\/\/elleerre.it\/de\/personalisierte-flaggen\/personalisierte-segelflaggen-easy-flag\/easy-flag-classic\/","title":{"rendered":"EASY &#8211; FLAG CLASSIC"},"content":{"rendered":"<p>Display-Fahnen: leicht, flexibel und eindrucksvoll.<br \/>\nDisplay-Fahnen haben eine lange Tradition und zahlreiche Vorteile, darunter die M\u00f6glichkeit, auf kleinem Raum gefaltet zu werden, die einfache Montage und Demontage und die M\u00f6glichkeit, in Umgebungen wie Messen und Ausstellungen, sowohl in Au\u00dfen- als auch in Innenbereichen, als Platzhalter und Pr\u00e4senzmarker eingesetzt zu werden.<br \/>\nPersonalisierte Display-Fahnen bieten zudem di M\u00f6glichkeit, die Werbebotschaft durch ihre besonderen Formen zu betonen, die mit der Bewegung des Windes die Aufmerksamkeit des Publikums auf sich ziehen.<br \/>\nDie personalisierten Fahnen von ElleErre sind sehr funktionell und praktisch. Die H\u00f6he ist ein wichtiges Unterscheidungsmerkmal bei der Wahl einer Werbefahne: Wenn Sie die richtige Gr\u00f6\u00dfe f\u00fcr Ihren Bedarf ermittelt haben, m\u00fcssen Sie nur noch die Form w\u00e4hlen, die am besten zu Ihrer Unternehmenskommunikation passt.<br \/>\nHerstellung von Fahnen f\u00fcr den Au\u00dfenbereich nach Ma\u00df.<br \/>\nW\u00e4hlen Sie aus unseren Werbefahnen f\u00fcr Messen, Events und Ausstellungen das Modell, das Ihre Marke am besten zur Geltung bringt.<br \/>\nWerbefahnen waren schon immer ein hervorragendes Marketinginstrument. Allen Werbefahnen von ElleErre ist gemeinsam, dass sie auf die ganz spezifischen Anforderungen unserer Kunden zugeschnitten sind. Wir legen gro\u00dfen Wert auf die Pr\u00e4zision und den Zuschnitt unserer Arbeit, um alle unsere Artikel so zu fertigen, dass sie den Display-Stand am besten &#8222;kleiden&#8220;.<br \/>\nWenn Sie Ihre personalisierten Bannerfahnen bei ElleErre kaufen, k\u00f6nnen Sie sicher sein, dass Sie ein hochwertiges Produkt erhalten. F\u00fcr weitere Informationen und Angebotsanfragen nehmen Sie bitte Kontakt mit uns auf.<\/p>\n","protected":false},"excerpt":{"rendered":"<p>ElleErre stellt personalisierte Fahnen her, die leicht zu montieren sind, sich f\u00fcr jeden Einsatz eignen und allen Umwelteinfl\u00fcssen standhalten.<\/p>\n","protected":false},"featured_media":12401,"template":"","meta":{"_acf_changed":false,"inline_featured_image":false},"product_brand":[],"product_cat":[1495,1497],"product_tag":[],"class_list":{"0":"post-13007","1":"product","2":"type-product","3":"status-publish","4":"has-post-thumbnail","6":"product_cat-personalisierte-flaggen","7":"product_cat-personalisierte-segelflaggen-easy-flag","9":"first","10":"instock","11":"taxable","12":"shipping-taxable","13":"purchasable","14":"product-type-variable","15":"has-default-attributes"},"acf":[],"yoast_head":"<!-- This site is optimized with the Yoast SEO plugin v27.3 - https:\/\/yoast.com\/product\/yoast-seo-wordpress\/ -->\n<title>EASY - FLAG CLASSIC - Shop online ElleErre<\/title>\n<meta name=\"robots\" content=\"index, follow, max-snippet:-1, max-image-preview:large, max-video-preview:-1\" \/>\n<link rel=\"canonical\" href=\"https:\/\/elleerre.it\/de\/personalisierte-flaggen\/personalisierte-segelflaggen-easy-flag\/easy-flag-classic\/\" \/>\n<meta property=\"og:locale\" content=\"de_DE\" \/>\n<meta property=\"og:type\" content=\"article\" \/>\n<meta property=\"og:title\" content=\"EASY - FLAG CLASSIC - Shop online ElleErre\" \/>\n<meta property=\"og:url\" content=\"https:\/\/elleerre.it\/de\/personalisierte-flaggen\/personalisierte-segelflaggen-easy-flag\/easy-flag-classic\/\" \/>\n<meta property=\"og:site_name\" content=\"ElleErre\" \/>\n<meta property=\"article:publisher\" content=\"https:\/\/www.facebook.com\/ElleErre.it\" \/>\n<meta property=\"article:modified_time\" content=\"2024-11-04T07:44:21+00:00\" \/>\n<meta property=\"og:image\" content=\"https:\/\/elleerre.it\/wp-content\/uploads\/2021\/04\/easy_flag_home.jpg\" \/>\n\t<meta property=\"og:image:width\" content=\"1200\" \/>\n\t<meta property=\"og:image:height\" content=\"800\" \/>\n\t<meta property=\"og:image:type\" content=\"image\/jpeg\" \/>\n<meta name=\"twitter:card\" content=\"summary_large_image\" \/>\n<meta name=\"twitter:label1\" content=\"Gesch\u00e4tzte Lesezeit\" \/>\n\t<meta name=\"twitter:data1\" content=\"2\u00a0Minuten\" \/>\n<script type=\"application\/ld+json\" class=\"yoast-schema-graph\">{\"@context\":\"https:\\\/\\\/schema.org\",\"@graph\":[{\"@type\":\"WebPage\",\"@id\":\"https:\\\/\\\/elleerre.it\\\/de\\\/personalisierte-flaggen\\\/personalisierte-segelflaggen-easy-flag\\\/easy-flag-classic\\\/\",\"url\":\"https:\\\/\\\/elleerre.it\\\/de\\\/personalisierte-flaggen\\\/personalisierte-segelflaggen-easy-flag\\\/easy-flag-classic\\\/\",\"name\":\"EASY - FLAG CLASSIC - Shop online ElleErre\",\"isPartOf\":{\"@id\":\"https:\\\/\\\/elleerre.it\\\/#website\"},\"primaryImageOfPage\":{\"@id\":\"https:\\\/\\\/elleerre.it\\\/de\\\/personalisierte-flaggen\\\/personalisierte-segelflaggen-easy-flag\\\/easy-flag-classic\\\/#primaryimage\"},\"image\":{\"@id\":\"https:\\\/\\\/elleerre.it\\\/de\\\/personalisierte-flaggen\\\/personalisierte-segelflaggen-easy-flag\\\/easy-flag-classic\\\/#primaryimage\"},\"thumbnailUrl\":\"https:\\\/\\\/elleerre.it\\\/wp-content\\\/uploads\\\/2021\\\/04\\\/easy-flag-personalizzata-liv-giant-1.jpg\",\"datePublished\":\"2021-04-20T15:15:59+00:00\",\"dateModified\":\"2024-11-04T07:44:21+00:00\",\"breadcrumb\":{\"@id\":\"https:\\\/\\\/elleerre.it\\\/de\\\/personalisierte-flaggen\\\/personalisierte-segelflaggen-easy-flag\\\/easy-flag-classic\\\/#breadcrumb\"},\"inLanguage\":\"de\",\"potentialAction\":[{\"@type\":\"ReadAction\",\"target\":[\"https:\\\/\\\/elleerre.it\\\/de\\\/personalisierte-flaggen\\\/personalisierte-segelflaggen-easy-flag\\\/easy-flag-classic\\\/\"]}]},{\"@type\":\"ImageObject\",\"inLanguage\":\"de\",\"@id\":\"https:\\\/\\\/elleerre.it\\\/de\\\/personalisierte-flaggen\\\/personalisierte-segelflaggen-easy-flag\\\/easy-flag-classic\\\/#primaryimage\",\"url\":\"https:\\\/\\\/elleerre.it\\\/wp-content\\\/uploads\\\/2021\\\/04\\\/easy-flag-personalizzata-liv-giant-1.jpg\",\"contentUrl\":\"https:\\\/\\\/elleerre.it\\\/wp-content\\\/uploads\\\/2021\\\/04\\\/easy-flag-personalizzata-liv-giant-1.jpg\",\"width\":1200,\"height\":800},{\"@type\":\"BreadcrumbList\",\"@id\":\"https:\\\/\\\/elleerre.it\\\/de\\\/personalisierte-flaggen\\\/personalisierte-segelflaggen-easy-flag\\\/easy-flag-classic\\\/#breadcrumb\",\"itemListElement\":[{\"@type\":\"ListItem\",\"position\":1,\"name\":\"Home\",\"item\":\"https:\\\/\\\/elleerre.it\\\/de\\\/\"},{\"@type\":\"ListItem\",\"position\":2,\"name\":\"Shop\",\"item\":\"https:\\\/\\\/elleerre.it\\\/shop\\\/\"},{\"@type\":\"ListItem\",\"position\":3,\"name\":\"EASY &#8211; FLAG CLASSIC\"}]},{\"@type\":\"WebSite\",\"@id\":\"https:\\\/\\\/elleerre.it\\\/#website\",\"url\":\"https:\\\/\\\/elleerre.it\\\/\",\"name\":\"ElleErre\",\"description\":\"Abbigliamento sportivo personalizzato\",\"publisher\":{\"@id\":\"https:\\\/\\\/elleerre.it\\\/#organization\"},\"potentialAction\":[{\"@type\":\"SearchAction\",\"target\":{\"@type\":\"EntryPoint\",\"urlTemplate\":\"https:\\\/\\\/elleerre.it\\\/?s={search_term_string}\"},\"query-input\":{\"@type\":\"PropertyValueSpecification\",\"valueRequired\":true,\"valueName\":\"search_term_string\"}}],\"inLanguage\":\"de\"},{\"@type\":\"Organization\",\"@id\":\"https:\\\/\\\/elleerre.it\\\/#organization\",\"name\":\"ElleErre\",\"url\":\"https:\\\/\\\/elleerre.it\\\/\",\"logo\":{\"@type\":\"ImageObject\",\"inLanguage\":\"de\",\"@id\":\"https:\\\/\\\/elleerre.it\\\/#\\\/schema\\\/logo\\\/image\\\/\",\"url\":\"https:\\\/\\\/elleerre.it\\\/wp-content\\\/uploads\\\/2021\\\/04\\\/fettuccia_elleerre_var.jpg\",\"contentUrl\":\"https:\\\/\\\/elleerre.it\\\/wp-content\\\/uploads\\\/2021\\\/04\\\/fettuccia_elleerre_var.jpg\",\"width\":300,\"height\":300,\"caption\":\"ElleErre\"},\"image\":{\"@id\":\"https:\\\/\\\/elleerre.it\\\/#\\\/schema\\\/logo\\\/image\\\/\"},\"sameAs\":[\"https:\\\/\\\/www.facebook.com\\\/ElleErre.it\",\"https:\\\/\\\/www.instagram.com\\\/elleerre.it\\\/\",\"https:\\\/\\\/www.youtube.com\\\/user\\\/EasyFlag\"]}]}<\/script>\n<!-- \/ Yoast SEO plugin. -->","yoast_head_json":{"title":"EASY - FLAG CLASSIC - Shop online ElleErre","robots":{"index":"index","follow":"follow","max-snippet":"max-snippet:-1","max-image-preview":"max-image-preview:large","max-video-preview":"max-video-preview:-1"},"canonical":"https:\/\/elleerre.it\/de\/personalisierte-flaggen\/personalisierte-segelflaggen-easy-flag\/easy-flag-classic\/","og_locale":"de_DE","og_type":"article","og_title":"EASY - FLAG CLASSIC - Shop online ElleErre","og_url":"https:\/\/elleerre.it\/de\/personalisierte-flaggen\/personalisierte-segelflaggen-easy-flag\/easy-flag-classic\/","og_site_name":"ElleErre","article_publisher":"https:\/\/www.facebook.com\/ElleErre.it","article_modified_time":"2024-11-04T07:44:21+00:00","og_image":[{"width":1200,"height":800,"url":"https:\/\/elleerre.it\/wp-content\/uploads\/2021\/04\/easy_flag_home.jpg","type":"image\/jpeg"}],"twitter_card":"summary_large_image","twitter_misc":{"Gesch\u00e4tzte Lesezeit":"2\u00a0Minuten"},"schema":{"@context":"https:\/\/schema.org","@graph":[{"@type":"WebPage","@id":"https:\/\/elleerre.it\/de\/personalisierte-flaggen\/personalisierte-segelflaggen-easy-flag\/easy-flag-classic\/","url":"https:\/\/elleerre.it\/de\/personalisierte-flaggen\/personalisierte-segelflaggen-easy-flag\/easy-flag-classic\/","name":"EASY - FLAG CLASSIC - Shop online ElleErre","isPartOf":{"@id":"https:\/\/elleerre.it\/#website"},"primaryImageOfPage":{"@id":"https:\/\/elleerre.it\/de\/personalisierte-flaggen\/personalisierte-segelflaggen-easy-flag\/easy-flag-classic\/#primaryimage"},"image":{"@id":"https:\/\/elleerre.it\/de\/personalisierte-flaggen\/personalisierte-segelflaggen-easy-flag\/easy-flag-classic\/#primaryimage"},"thumbnailUrl":"https:\/\/elleerre.it\/wp-content\/uploads\/2021\/04\/easy-flag-personalizzata-liv-giant-1.jpg","datePublished":"2021-04-20T15:15:59+00:00","dateModified":"2024-11-04T07:44:21+00:00","breadcrumb":{"@id":"https:\/\/elleerre.it\/de\/personalisierte-flaggen\/personalisierte-segelflaggen-easy-flag\/easy-flag-classic\/#breadcrumb"},"inLanguage":"de","potentialAction":[{"@type":"ReadAction","target":["https:\/\/elleerre.it\/de\/personalisierte-flaggen\/personalisierte-segelflaggen-easy-flag\/easy-flag-classic\/"]}]},{"@type":"ImageObject","inLanguage":"de","@id":"https:\/\/elleerre.it\/de\/personalisierte-flaggen\/personalisierte-segelflaggen-easy-flag\/easy-flag-classic\/#primaryimage","url":"https:\/\/elleerre.it\/wp-content\/uploads\/2021\/04\/easy-flag-personalizzata-liv-giant-1.jpg","contentUrl":"https:\/\/elleerre.it\/wp-content\/uploads\/2021\/04\/easy-flag-personalizzata-liv-giant-1.jpg","width":1200,"height":800},{"@type":"BreadcrumbList","@id":"https:\/\/elleerre.it\/de\/personalisierte-flaggen\/personalisierte-segelflaggen-easy-flag\/easy-flag-classic\/#breadcrumb","itemListElement":[{"@type":"ListItem","position":1,"name":"Home","item":"https:\/\/elleerre.it\/de\/"},{"@type":"ListItem","position":2,"name":"Shop","item":"https:\/\/elleerre.it\/shop\/"},{"@type":"ListItem","position":3,"name":"EASY &#8211; FLAG CLASSIC"}]},{"@type":"WebSite","@id":"https:\/\/elleerre.it\/#website","url":"https:\/\/elleerre.it\/","name":"ElleErre","description":"Abbigliamento sportivo personalizzato","publisher":{"@id":"https:\/\/elleerre.it\/#organization"},"potentialAction":[{"@type":"SearchAction","target":{"@type":"EntryPoint","urlTemplate":"https:\/\/elleerre.it\/?s={search_term_string}"},"query-input":{"@type":"PropertyValueSpecification","valueRequired":true,"valueName":"search_term_string"}}],"inLanguage":"de"},{"@type":"Organization","@id":"https:\/\/elleerre.it\/#organization","name":"ElleErre","url":"https:\/\/elleerre.it\/","logo":{"@type":"ImageObject","inLanguage":"de","@id":"https:\/\/elleerre.it\/#\/schema\/logo\/image\/","url":"https:\/\/elleerre.it\/wp-content\/uploads\/2021\/04\/fettuccia_elleerre_var.jpg","contentUrl":"https:\/\/elleerre.it\/wp-content\/uploads\/2021\/04\/fettuccia_elleerre_var.jpg","width":300,"height":300,"caption":"ElleErre"},"image":{"@id":"https:\/\/elleerre.it\/#\/schema\/logo\/image\/"},"sameAs":["https:\/\/www.facebook.com\/ElleErre.it","https:\/\/www.instagram.com\/elleerre.it\/","https:\/\/www.youtube.com\/user\/EasyFlag"]}]}},"_links":{"self":[{"href":"https:\/\/elleerre.it\/de\/wp-json\/wp\/v2\/product\/13007","targetHints":{"allow":["GET"]}}],"collection":[{"href":"https:\/\/elleerre.it\/de\/wp-json\/wp\/v2\/product"}],"about":[{"href":"https:\/\/elleerre.it\/de\/wp-json\/wp\/v2\/types\/product"}],"wp:featuredmedia":[{"embeddable":true,"href":"https:\/\/elleerre.it\/de\/wp-json\/wp\/v2\/media\/12401"}],"wp:attachment":[{"href":"https:\/\/elleerre.it\/de\/wp-json\/wp\/v2\/media?parent=13007"}],"wp:term":[{"taxonomy":"product_brand","embeddable":true,"href":"https:\/\/elleerre.it\/de\/wp-json\/wp\/v2\/product_brand?post=13007"},{"taxonomy":"product_cat","embeddable":true,"href":"https:\/\/elleerre.it\/de\/wp-json\/wp\/v2\/product_cat?post=13007"},{"taxonomy":"product_tag","embeddable":true,"href":"https:\/\/elleerre.it\/de\/wp-json\/wp\/v2\/product_tag?post=13007"}],"curies":[{"name":"wp","href":"https:\/\/api.w.org\/{rel}","templated":true}]}}