{"id":13013,"date":"2021-04-20T15:16:13","date_gmt":"2021-04-20T15:16:13","guid":{"rendered":"https:\/\/elleerre.it\/unkategorisiert\/easy-flag-drop\/"},"modified":"2023-03-29T09:15:50","modified_gmt":"2023-03-29T09:15:50","slug":"easy-flag-drop","status":"publish","type":"product","link":"https:\/\/elleerre.it\/de\/personalisierte-flaggen\/personalisierte-segelflaggen-easy-flag\/easy-flag-drop\/","title":{"rendered":"EASY &#8211; FLAG DROP"},"content":{"rendered":"<p>Die tropfenf\u00f6rmigen Fahnen sind eine originelle Art von Werbefahnen, die, dank ihres besonders eleganten Designs, Stil und Zweckm\u00e4\u00dfigkeit miteinander verbinden k\u00f6nnen.<br \/>\nDie personalisierten Easy-Flag Drop Fahnen bestehen aus 100 % Polyester und werden mit folgendem Set komplett geliefert: Segel, eloxierten Aluminiumstangen, flexibler harmonischer Stahlspitze, Bodenanker und Tragetasche.<br \/>\nUm allen Anforderungen gerecht zu werden, reichen die Gr\u00f6\u00dfen der ElleErre Drop Fahnen von 2 bis 4,70 m.<br \/>\nWie alle ElleErre-Werbefahnen werden auch die Tropfenfahnen im Digital- oder Siebdruckverfahren bedruckt, was eine vollst\u00e4ndige Personalisierung ohne Einschr\u00e4nkungen bei Farbe und Grafik erm\u00f6glicht.<br \/>\nDie personalisierten Easy-Flag Drop Fahnen bleiben dank ihrer Struktur auch bei Windstille perfekt gespannt und erm\u00f6glichen so eine effektive Sichtbarkeit der Marke\/Botschaft; daher sind sie ideal f\u00fcr jede Art von Veranstaltung.<\/p>\n<p>Drucken von personalisierten Drop-Fahnen.<\/p>\n<p>Die von ElleErre verkauften Drop-Fahnen sind sehr effektiv, wenn Sie Ihr Unternehmen auf einfache, moderne und frische Weise bewerben wollen. Wenn Sie unsere nach Ihren W\u00fcnschen gefertigten Fahnen kaufen, erhalten Sie garantiert ein hochwertiges Produkt. Die Drop-Fahnen werden im Digitaldruck oder Siebdruckverfahren hergestellt, so dass die Farben leuchten und die Grafiken wirklich originell und kreativ sind.<br \/>\nDank der Form der Drop-Fahnen sind Ihre Botschaft und Ihre Marke schon von weitem zu sehen. Dieser Gegenstand wird in der Regel an vorbeigehenden Orten platziert und vom Publikum auf beiden Seiten beobachtet. Der Hauptunterschied zu Werbebannern (die in der Regel aufgeh\u00e4ngt werden) besteht darin, dass Drop-Fahnen die Botschaft auf beiden Seiten zeigen.<br \/>\nSchlie\u00dflich k\u00f6nnen die personalisierten Easy-Flag Drop Fahnen in jeder gew\u00fcnschten Umgebung und bei jedem Wetter angebracht werden.<\/p>\n<p>Wenden Sie sich an uns, um ein Angebot f\u00fcr den Druck von Drop-Fahnen zu erhalten.<\/p>\n","protected":false},"excerpt":{"rendered":"<p>Easy-Flag Drop Fahnen werden aus 100% Polyester hergestellt und sind in drei verschiedenen Formaten erh\u00e4ltlich.<\/p>\n","protected":false},"featured_media":12375,"template":"","meta":{"_acf_changed":false,"inline_featured_image":false},"product_brand":[],"product_cat":[1495,1497],"product_tag":[],"class_list":{"0":"post-13013","1":"product","2":"type-product","3":"status-publish","4":"has-post-thumbnail","6":"product_cat-personalisierte-flaggen","7":"product_cat-personalisierte-segelflaggen-easy-flag","9":"first","10":"instock","11":"taxable","12":"shipping-taxable","13":"purchasable","14":"product-type-variable","15":"has-default-attributes"},"acf":[],"yoast_head":"<!-- This site is optimized with the Yoast SEO plugin v27.3 - https:\/\/yoast.com\/product\/yoast-seo-wordpress\/ -->\n<title>EASY - FLAG DROP - Shop online ElleErre<\/title>\n<meta name=\"robots\" content=\"index, follow, max-snippet:-1, max-image-preview:large, max-video-preview:-1\" \/>\n<link rel=\"canonical\" href=\"https:\/\/elleerre.it\/de\/personalisierte-flaggen\/personalisierte-segelflaggen-easy-flag\/easy-flag-drop\/\" \/>\n<meta property=\"og:locale\" content=\"de_DE\" \/>\n<meta property=\"og:type\" content=\"article\" \/>\n<meta property=\"og:title\" content=\"EASY - FLAG DROP - Shop online ElleErre\" \/>\n<meta property=\"og:url\" content=\"https:\/\/elleerre.it\/de\/personalisierte-flaggen\/personalisierte-segelflaggen-easy-flag\/easy-flag-drop\/\" \/>\n<meta property=\"og:site_name\" content=\"ElleErre\" \/>\n<meta property=\"article:publisher\" content=\"https:\/\/www.facebook.com\/ElleErre.it\" \/>\n<meta property=\"article:modified_time\" content=\"2023-03-29T09:15:50+00:00\" \/>\n<meta property=\"og:image\" content=\"https:\/\/elleerre.it\/wp-content\/uploads\/2021\/04\/Easy_Flag_drop_fox.jpg\" \/>\n\t<meta property=\"og:image:width\" content=\"1200\" \/>\n\t<meta property=\"og:image:height\" content=\"800\" \/>\n\t<meta property=\"og:image:type\" content=\"image\/jpeg\" \/>\n<meta name=\"twitter:card\" content=\"summary_large_image\" \/>\n<meta name=\"twitter:label1\" content=\"Gesch\u00e4tzte Lesezeit\" \/>\n\t<meta name=\"twitter:data1\" content=\"2\u00a0Minuten\" \/>\n<script type=\"application\/ld+json\" class=\"yoast-schema-graph\">{\"@context\":\"https:\\\/\\\/schema.org\",\"@graph\":[{\"@type\":\"WebPage\",\"@id\":\"https:\\\/\\\/elleerre.it\\\/de\\\/personalisierte-flaggen\\\/personalisierte-segelflaggen-easy-flag\\\/easy-flag-drop\\\/\",\"url\":\"https:\\\/\\\/elleerre.it\\\/de\\\/personalisierte-flaggen\\\/personalisierte-segelflaggen-easy-flag\\\/easy-flag-drop\\\/\",\"name\":\"EASY - FLAG DROP - Shop online ElleErre\",\"isPartOf\":{\"@id\":\"https:\\\/\\\/elleerre.it\\\/#website\"},\"primaryImageOfPage\":{\"@id\":\"https:\\\/\\\/elleerre.it\\\/de\\\/personalisierte-flaggen\\\/personalisierte-segelflaggen-easy-flag\\\/easy-flag-drop\\\/#primaryimage\"},\"image\":{\"@id\":\"https:\\\/\\\/elleerre.it\\\/de\\\/personalisierte-flaggen\\\/personalisierte-segelflaggen-easy-flag\\\/easy-flag-drop\\\/#primaryimage\"},\"thumbnailUrl\":\"https:\\\/\\\/elleerre.it\\\/wp-content\\\/uploads\\\/2021\\\/04\\\/Easy_Flag_drop_fox.jpg\",\"datePublished\":\"2021-04-20T15:16:13+00:00\",\"dateModified\":\"2023-03-29T09:15:50+00:00\",\"breadcrumb\":{\"@id\":\"https:\\\/\\\/elleerre.it\\\/de\\\/personalisierte-flaggen\\\/personalisierte-segelflaggen-easy-flag\\\/easy-flag-drop\\\/#breadcrumb\"},\"inLanguage\":\"de\",\"potentialAction\":[{\"@type\":\"ReadAction\",\"target\":[\"https:\\\/\\\/elleerre.it\\\/de\\\/personalisierte-flaggen\\\/personalisierte-segelflaggen-easy-flag\\\/easy-flag-drop\\\/\"]}]},{\"@type\":\"ImageObject\",\"inLanguage\":\"de\",\"@id\":\"https:\\\/\\\/elleerre.it\\\/de\\\/personalisierte-flaggen\\\/personalisierte-segelflaggen-easy-flag\\\/easy-flag-drop\\\/#primaryimage\",\"url\":\"https:\\\/\\\/elleerre.it\\\/wp-content\\\/uploads\\\/2021\\\/04\\\/Easy_Flag_drop_fox.jpg\",\"contentUrl\":\"https:\\\/\\\/elleerre.it\\\/wp-content\\\/uploads\\\/2021\\\/04\\\/Easy_Flag_drop_fox.jpg\",\"width\":1200,\"height\":800},{\"@type\":\"BreadcrumbList\",\"@id\":\"https:\\\/\\\/elleerre.it\\\/de\\\/personalisierte-flaggen\\\/personalisierte-segelflaggen-easy-flag\\\/easy-flag-drop\\\/#breadcrumb\",\"itemListElement\":[{\"@type\":\"ListItem\",\"position\":1,\"name\":\"Home\",\"item\":\"https:\\\/\\\/elleerre.it\\\/de\\\/\"},{\"@type\":\"ListItem\",\"position\":2,\"name\":\"Shop\",\"item\":\"https:\\\/\\\/elleerre.it\\\/shop\\\/\"},{\"@type\":\"ListItem\",\"position\":3,\"name\":\"EASY &#8211; FLAG DROP\"}]},{\"@type\":\"WebSite\",\"@id\":\"https:\\\/\\\/elleerre.it\\\/#website\",\"url\":\"https:\\\/\\\/elleerre.it\\\/\",\"name\":\"ElleErre\",\"description\":\"Abbigliamento sportivo personalizzato\",\"publisher\":{\"@id\":\"https:\\\/\\\/elleerre.it\\\/#organization\"},\"potentialAction\":[{\"@type\":\"SearchAction\",\"target\":{\"@type\":\"EntryPoint\",\"urlTemplate\":\"https:\\\/\\\/elleerre.it\\\/?s={search_term_string}\"},\"query-input\":{\"@type\":\"PropertyValueSpecification\",\"valueRequired\":true,\"valueName\":\"search_term_string\"}}],\"inLanguage\":\"de\"},{\"@type\":\"Organization\",\"@id\":\"https:\\\/\\\/elleerre.it\\\/#organization\",\"name\":\"ElleErre\",\"url\":\"https:\\\/\\\/elleerre.it\\\/\",\"logo\":{\"@type\":\"ImageObject\",\"inLanguage\":\"de\",\"@id\":\"https:\\\/\\\/elleerre.it\\\/#\\\/schema\\\/logo\\\/image\\\/\",\"url\":\"https:\\\/\\\/elleerre.it\\\/wp-content\\\/uploads\\\/2021\\\/04\\\/fettuccia_elleerre_var.jpg\",\"contentUrl\":\"https:\\\/\\\/elleerre.it\\\/wp-content\\\/uploads\\\/2021\\\/04\\\/fettuccia_elleerre_var.jpg\",\"width\":300,\"height\":300,\"caption\":\"ElleErre\"},\"image\":{\"@id\":\"https:\\\/\\\/elleerre.it\\\/#\\\/schema\\\/logo\\\/image\\\/\"},\"sameAs\":[\"https:\\\/\\\/www.facebook.com\\\/ElleErre.it\",\"https:\\\/\\\/www.instagram.com\\\/elleerre.it\\\/\",\"https:\\\/\\\/www.youtube.com\\\/user\\\/EasyFlag\"]}]}<\/script>\n<!-- \/ Yoast SEO plugin. -->","yoast_head_json":{"title":"EASY - FLAG DROP - Shop online ElleErre","robots":{"index":"index","follow":"follow","max-snippet":"max-snippet:-1","max-image-preview":"max-image-preview:large","max-video-preview":"max-video-preview:-1"},"canonical":"https:\/\/elleerre.it\/de\/personalisierte-flaggen\/personalisierte-segelflaggen-easy-flag\/easy-flag-drop\/","og_locale":"de_DE","og_type":"article","og_title":"EASY - FLAG DROP - Shop online ElleErre","og_url":"https:\/\/elleerre.it\/de\/personalisierte-flaggen\/personalisierte-segelflaggen-easy-flag\/easy-flag-drop\/","og_site_name":"ElleErre","article_publisher":"https:\/\/www.facebook.com\/ElleErre.it","article_modified_time":"2023-03-29T09:15:50+00:00","og_image":[{"width":1200,"height":800,"url":"https:\/\/elleerre.it\/wp-content\/uploads\/2021\/04\/Easy_Flag_drop_fox.jpg","type":"image\/jpeg"}],"twitter_card":"summary_large_image","twitter_misc":{"Gesch\u00e4tzte Lesezeit":"2\u00a0Minuten"},"schema":{"@context":"https:\/\/schema.org","@graph":[{"@type":"WebPage","@id":"https:\/\/elleerre.it\/de\/personalisierte-flaggen\/personalisierte-segelflaggen-easy-flag\/easy-flag-drop\/","url":"https:\/\/elleerre.it\/de\/personalisierte-flaggen\/personalisierte-segelflaggen-easy-flag\/easy-flag-drop\/","name":"EASY - FLAG DROP - Shop online ElleErre","isPartOf":{"@id":"https:\/\/elleerre.it\/#website"},"primaryImageOfPage":{"@id":"https:\/\/elleerre.it\/de\/personalisierte-flaggen\/personalisierte-segelflaggen-easy-flag\/easy-flag-drop\/#primaryimage"},"image":{"@id":"https:\/\/elleerre.it\/de\/personalisierte-flaggen\/personalisierte-segelflaggen-easy-flag\/easy-flag-drop\/#primaryimage"},"thumbnailUrl":"https:\/\/elleerre.it\/wp-content\/uploads\/2021\/04\/Easy_Flag_drop_fox.jpg","datePublished":"2021-04-20T15:16:13+00:00","dateModified":"2023-03-29T09:15:50+00:00","breadcrumb":{"@id":"https:\/\/elleerre.it\/de\/personalisierte-flaggen\/personalisierte-segelflaggen-easy-flag\/easy-flag-drop\/#breadcrumb"},"inLanguage":"de","potentialAction":[{"@type":"ReadAction","target":["https:\/\/elleerre.it\/de\/personalisierte-flaggen\/personalisierte-segelflaggen-easy-flag\/easy-flag-drop\/"]}]},{"@type":"ImageObject","inLanguage":"de","@id":"https:\/\/elleerre.it\/de\/personalisierte-flaggen\/personalisierte-segelflaggen-easy-flag\/easy-flag-drop\/#primaryimage","url":"https:\/\/elleerre.it\/wp-content\/uploads\/2021\/04\/Easy_Flag_drop_fox.jpg","contentUrl":"https:\/\/elleerre.it\/wp-content\/uploads\/2021\/04\/Easy_Flag_drop_fox.jpg","width":1200,"height":800},{"@type":"BreadcrumbList","@id":"https:\/\/elleerre.it\/de\/personalisierte-flaggen\/personalisierte-segelflaggen-easy-flag\/easy-flag-drop\/#breadcrumb","itemListElement":[{"@type":"ListItem","position":1,"name":"Home","item":"https:\/\/elleerre.it\/de\/"},{"@type":"ListItem","position":2,"name":"Shop","item":"https:\/\/elleerre.it\/shop\/"},{"@type":"ListItem","position":3,"name":"EASY &#8211; FLAG DROP"}]},{"@type":"WebSite","@id":"https:\/\/elleerre.it\/#website","url":"https:\/\/elleerre.it\/","name":"ElleErre","description":"Abbigliamento sportivo personalizzato","publisher":{"@id":"https:\/\/elleerre.it\/#organization"},"potentialAction":[{"@type":"SearchAction","target":{"@type":"EntryPoint","urlTemplate":"https:\/\/elleerre.it\/?s={search_term_string}"},"query-input":{"@type":"PropertyValueSpecification","valueRequired":true,"valueName":"search_term_string"}}],"inLanguage":"de"},{"@type":"Organization","@id":"https:\/\/elleerre.it\/#organization","name":"ElleErre","url":"https:\/\/elleerre.it\/","logo":{"@type":"ImageObject","inLanguage":"de","@id":"https:\/\/elleerre.it\/#\/schema\/logo\/image\/","url":"https:\/\/elleerre.it\/wp-content\/uploads\/2021\/04\/fettuccia_elleerre_var.jpg","contentUrl":"https:\/\/elleerre.it\/wp-content\/uploads\/2021\/04\/fettuccia_elleerre_var.jpg","width":300,"height":300,"caption":"ElleErre"},"image":{"@id":"https:\/\/elleerre.it\/#\/schema\/logo\/image\/"},"sameAs":["https:\/\/www.facebook.com\/ElleErre.it","https:\/\/www.instagram.com\/elleerre.it\/","https:\/\/www.youtube.com\/user\/EasyFlag"]}]}},"_links":{"self":[{"href":"https:\/\/elleerre.it\/de\/wp-json\/wp\/v2\/product\/13013","targetHints":{"allow":["GET"]}}],"collection":[{"href":"https:\/\/elleerre.it\/de\/wp-json\/wp\/v2\/product"}],"about":[{"href":"https:\/\/elleerre.it\/de\/wp-json\/wp\/v2\/types\/product"}],"wp:featuredmedia":[{"embeddable":true,"href":"https:\/\/elleerre.it\/de\/wp-json\/wp\/v2\/media\/12375"}],"wp:attachment":[{"href":"https:\/\/elleerre.it\/de\/wp-json\/wp\/v2\/media?parent=13013"}],"wp:term":[{"taxonomy":"product_brand","embeddable":true,"href":"https:\/\/elleerre.it\/de\/wp-json\/wp\/v2\/product_brand?post=13013"},{"taxonomy":"product_cat","embeddable":true,"href":"https:\/\/elleerre.it\/de\/wp-json\/wp\/v2\/product_cat?post=13013"},{"taxonomy":"product_tag","embeddable":true,"href":"https:\/\/elleerre.it\/de\/wp-json\/wp\/v2\/product_tag?post=13013"}],"curies":[{"name":"wp","href":"https:\/\/api.w.org\/{rel}","templated":true}]}}