{"id":13018,"date":"2021-04-20T15:16:33","date_gmt":"2021-04-20T15:16:33","guid":{"rendered":"https:\/\/elleerre.it\/unkategorisiert\/easy-flag-mini\/"},"modified":"2024-11-04T08:02:21","modified_gmt":"2024-11-04T08:02:21","slug":"easy-flag-mini","status":"publish","type":"product","link":"https:\/\/elleerre.it\/de\/personalisierte-flaggen\/personalisierte-segelflaggen-easy-flag\/easy-flag-mini\/","title":{"rendered":"EASY-FLAG MINI"},"content":{"rendered":"<p>Easy-Flag Mini Indoor Flaggen sind kleine, personalisierte Fahnen in den Gr\u00f6\u00dfen 200x42cm Classic und 200x66cm Drop, die mit dem Ziel entwickelt wurden, auch in kleinen R\u00e4umen wie Gesch\u00e4ften, Verkaufsstellen oder Gesch\u00e4ftsecken f\u00fcr Sichtbarkeit zu sorgen. Die personalisierten Easy-Flag Mini haben eine Karabinerhakenbefestigung, um das Segel stets straff zu halten.<\/p>\n<p>Die personalisierten Easy-Flag Mini Ladenfahnen, die sowohl f\u00fcr den Innen- als auch f\u00fcr den Au\u00dfenbereich geeignet sind, verf\u00fcgen \u00fcber eine Standplatte aus Eisen, eine Aluminiumstange, eine flexible Glasfaserspitze und ein 100%iges Polyestertuch, um die Robustheit und Haltbarkeit des Werbesegels zu gew\u00e4hrleisten.<\/p>\n<p>Hochwertige Materialien, geringes Gewicht und einfacher Versand sind die Merkmale der Easy-Flag Mini Indoor Fahnen.<\/p>\n","protected":false},"excerpt":{"rendered":"<p>Easy-Flag Mini Flaggen sind f\u00fcr den Innenbereich geeignet (Verkaufsstellen, Gesch\u00e4fte, Gesch\u00e4ftsecken). Easy-Flag Mini ist in zwei verschiedenen Formen erh\u00e4ltlich: Classic oder Drop.<\/p>\n","protected":false},"featured_media":11640,"template":"","meta":{"_acf_changed":false,"inline_featured_image":false},"product_brand":[],"product_cat":[1495,1497],"product_tag":[],"class_list":{"0":"post-13018","1":"product","2":"type-product","3":"status-publish","4":"has-post-thumbnail","6":"product_cat-personalisierte-flaggen","7":"product_cat-personalisierte-segelflaggen-easy-flag","9":"first","10":"instock","11":"taxable","12":"shipping-taxable","13":"purchasable","14":"product-type-variable","15":"has-default-attributes"},"acf":[],"yoast_head":"<!-- This site is optimized with the Yoast SEO plugin v27.1.1 - https:\/\/yoast.com\/product\/yoast-seo-wordpress\/ -->\n<title>EASY-FLAG MINI - Shop online ElleErre<\/title>\n<meta name=\"robots\" content=\"index, follow, max-snippet:-1, max-image-preview:large, max-video-preview:-1\" \/>\n<link rel=\"canonical\" href=\"https:\/\/elleerre.it\/de\/personalisierte-flaggen\/personalisierte-segelflaggen-easy-flag\/easy-flag-mini\/\" \/>\n<meta property=\"og:locale\" content=\"de_DE\" \/>\n<meta property=\"og:type\" content=\"article\" \/>\n<meta property=\"og:title\" content=\"EASY-FLAG MINI - Shop online ElleErre\" \/>\n<meta property=\"og:url\" content=\"https:\/\/elleerre.it\/de\/personalisierte-flaggen\/personalisierte-segelflaggen-easy-flag\/easy-flag-mini\/\" \/>\n<meta property=\"og:site_name\" content=\"ElleErre\" \/>\n<meta property=\"article:publisher\" content=\"https:\/\/www.facebook.com\/ElleErre.it\" \/>\n<meta property=\"article:modified_time\" content=\"2024-11-04T08:02:21+00:00\" \/>\n<meta property=\"og:image\" content=\"https:\/\/elleerre.it\/wp-content\/uploads\/2021\/04\/bandiera-easy-flag-mini-nikon-gopro.jpg\" \/>\n\t<meta property=\"og:image:width\" content=\"1200\" \/>\n\t<meta property=\"og:image:height\" content=\"800\" \/>\n\t<meta property=\"og:image:type\" content=\"image\/jpeg\" \/>\n<meta name=\"twitter:card\" content=\"summary_large_image\" \/>\n<meta name=\"twitter:label1\" content=\"Gesch\u00e4tzte Lesezeit\" \/>\n\t<meta name=\"twitter:data1\" content=\"1\u00a0Minute\" \/>\n<script type=\"application\/ld+json\" class=\"yoast-schema-graph\">{\"@context\":\"https:\/\/schema.org\",\"@graph\":[{\"@type\":\"WebPage\",\"@id\":\"https:\/\/elleerre.it\/de\/personalisierte-flaggen\/personalisierte-segelflaggen-easy-flag\/easy-flag-mini\/\",\"url\":\"https:\/\/elleerre.it\/de\/personalisierte-flaggen\/personalisierte-segelflaggen-easy-flag\/easy-flag-mini\/\",\"name\":\"EASY-FLAG MINI - Shop online ElleErre\",\"isPartOf\":{\"@id\":\"https:\/\/elleerre.it\/#website\"},\"primaryImageOfPage\":{\"@id\":\"https:\/\/elleerre.it\/de\/personalisierte-flaggen\/personalisierte-segelflaggen-easy-flag\/easy-flag-mini\/#primaryimage\"},\"image\":{\"@id\":\"https:\/\/elleerre.it\/de\/personalisierte-flaggen\/personalisierte-segelflaggen-easy-flag\/easy-flag-mini\/#primaryimage\"},\"thumbnailUrl\":\"https:\/\/elleerre.it\/wp-content\/uploads\/2021\/04\/bandiera-easy-flag-mini-nikon-gopro.jpg\",\"datePublished\":\"2021-04-20T15:16:33+00:00\",\"dateModified\":\"2024-11-04T08:02:21+00:00\",\"breadcrumb\":{\"@id\":\"https:\/\/elleerre.it\/de\/personalisierte-flaggen\/personalisierte-segelflaggen-easy-flag\/easy-flag-mini\/#breadcrumb\"},\"inLanguage\":\"de\",\"potentialAction\":[{\"@type\":\"ReadAction\",\"target\":[\"https:\/\/elleerre.it\/de\/personalisierte-flaggen\/personalisierte-segelflaggen-easy-flag\/easy-flag-mini\/\"]}]},{\"@type\":\"ImageObject\",\"inLanguage\":\"de\",\"@id\":\"https:\/\/elleerre.it\/de\/personalisierte-flaggen\/personalisierte-segelflaggen-easy-flag\/easy-flag-mini\/#primaryimage\",\"url\":\"https:\/\/elleerre.it\/wp-content\/uploads\/2021\/04\/bandiera-easy-flag-mini-nikon-gopro.jpg\",\"contentUrl\":\"https:\/\/elleerre.it\/wp-content\/uploads\/2021\/04\/bandiera-easy-flag-mini-nikon-gopro.jpg\",\"width\":1200,\"height\":800},{\"@type\":\"BreadcrumbList\",\"@id\":\"https:\/\/elleerre.it\/de\/personalisierte-flaggen\/personalisierte-segelflaggen-easy-flag\/easy-flag-mini\/#breadcrumb\",\"itemListElement\":[{\"@type\":\"ListItem\",\"position\":1,\"name\":\"Home\",\"item\":\"https:\/\/elleerre.it\/de\/\"},{\"@type\":\"ListItem\",\"position\":2,\"name\":\"Shop\",\"item\":\"https:\/\/elleerre.it\/shop\/\"},{\"@type\":\"ListItem\",\"position\":3,\"name\":\"EASY-FLAG MINI\"}]},{\"@type\":\"WebSite\",\"@id\":\"https:\/\/elleerre.it\/#website\",\"url\":\"https:\/\/elleerre.it\/\",\"name\":\"ElleErre\",\"description\":\"Abbigliamento sportivo personalizzato\",\"publisher\":{\"@id\":\"https:\/\/elleerre.it\/#organization\"},\"potentialAction\":[{\"@type\":\"SearchAction\",\"target\":{\"@type\":\"EntryPoint\",\"urlTemplate\":\"https:\/\/elleerre.it\/?s={search_term_string}\"},\"query-input\":{\"@type\":\"PropertyValueSpecification\",\"valueRequired\":true,\"valueName\":\"search_term_string\"}}],\"inLanguage\":\"de\"},{\"@type\":\"Organization\",\"@id\":\"https:\/\/elleerre.it\/#organization\",\"name\":\"ElleErre\",\"url\":\"https:\/\/elleerre.it\/\",\"logo\":{\"@type\":\"ImageObject\",\"inLanguage\":\"de\",\"@id\":\"https:\/\/elleerre.it\/#\/schema\/logo\/image\/\",\"url\":\"https:\/\/elleerre.it\/wp-content\/uploads\/2021\/04\/fettuccia_elleerre_var.jpg\",\"contentUrl\":\"https:\/\/elleerre.it\/wp-content\/uploads\/2021\/04\/fettuccia_elleerre_var.jpg\",\"width\":300,\"height\":300,\"caption\":\"ElleErre\"},\"image\":{\"@id\":\"https:\/\/elleerre.it\/#\/schema\/logo\/image\/\"},\"sameAs\":[\"https:\/\/www.facebook.com\/ElleErre.it\",\"https:\/\/www.instagram.com\/elleerre.it\/\",\"https:\/\/www.youtube.com\/user\/EasyFlag\"]}]}<\/script>\n<!-- \/ Yoast SEO plugin. -->","yoast_head_json":{"title":"EASY-FLAG MINI - Shop online ElleErre","robots":{"index":"index","follow":"follow","max-snippet":"max-snippet:-1","max-image-preview":"max-image-preview:large","max-video-preview":"max-video-preview:-1"},"canonical":"https:\/\/elleerre.it\/de\/personalisierte-flaggen\/personalisierte-segelflaggen-easy-flag\/easy-flag-mini\/","og_locale":"de_DE","og_type":"article","og_title":"EASY-FLAG MINI - Shop online ElleErre","og_url":"https:\/\/elleerre.it\/de\/personalisierte-flaggen\/personalisierte-segelflaggen-easy-flag\/easy-flag-mini\/","og_site_name":"ElleErre","article_publisher":"https:\/\/www.facebook.com\/ElleErre.it","article_modified_time":"2024-11-04T08:02:21+00:00","og_image":[{"width":1200,"height":800,"url":"https:\/\/elleerre.it\/wp-content\/uploads\/2021\/04\/bandiera-easy-flag-mini-nikon-gopro.jpg","type":"image\/jpeg"}],"twitter_card":"summary_large_image","twitter_misc":{"Gesch\u00e4tzte Lesezeit":"1\u00a0Minute"},"schema":{"@context":"https:\/\/schema.org","@graph":[{"@type":"WebPage","@id":"https:\/\/elleerre.it\/de\/personalisierte-flaggen\/personalisierte-segelflaggen-easy-flag\/easy-flag-mini\/","url":"https:\/\/elleerre.it\/de\/personalisierte-flaggen\/personalisierte-segelflaggen-easy-flag\/easy-flag-mini\/","name":"EASY-FLAG MINI - Shop online ElleErre","isPartOf":{"@id":"https:\/\/elleerre.it\/#website"},"primaryImageOfPage":{"@id":"https:\/\/elleerre.it\/de\/personalisierte-flaggen\/personalisierte-segelflaggen-easy-flag\/easy-flag-mini\/#primaryimage"},"image":{"@id":"https:\/\/elleerre.it\/de\/personalisierte-flaggen\/personalisierte-segelflaggen-easy-flag\/easy-flag-mini\/#primaryimage"},"thumbnailUrl":"https:\/\/elleerre.it\/wp-content\/uploads\/2021\/04\/bandiera-easy-flag-mini-nikon-gopro.jpg","datePublished":"2021-04-20T15:16:33+00:00","dateModified":"2024-11-04T08:02:21+00:00","breadcrumb":{"@id":"https:\/\/elleerre.it\/de\/personalisierte-flaggen\/personalisierte-segelflaggen-easy-flag\/easy-flag-mini\/#breadcrumb"},"inLanguage":"de","potentialAction":[{"@type":"ReadAction","target":["https:\/\/elleerre.it\/de\/personalisierte-flaggen\/personalisierte-segelflaggen-easy-flag\/easy-flag-mini\/"]}]},{"@type":"ImageObject","inLanguage":"de","@id":"https:\/\/elleerre.it\/de\/personalisierte-flaggen\/personalisierte-segelflaggen-easy-flag\/easy-flag-mini\/#primaryimage","url":"https:\/\/elleerre.it\/wp-content\/uploads\/2021\/04\/bandiera-easy-flag-mini-nikon-gopro.jpg","contentUrl":"https:\/\/elleerre.it\/wp-content\/uploads\/2021\/04\/bandiera-easy-flag-mini-nikon-gopro.jpg","width":1200,"height":800},{"@type":"BreadcrumbList","@id":"https:\/\/elleerre.it\/de\/personalisierte-flaggen\/personalisierte-segelflaggen-easy-flag\/easy-flag-mini\/#breadcrumb","itemListElement":[{"@type":"ListItem","position":1,"name":"Home","item":"https:\/\/elleerre.it\/de\/"},{"@type":"ListItem","position":2,"name":"Shop","item":"https:\/\/elleerre.it\/shop\/"},{"@type":"ListItem","position":3,"name":"EASY-FLAG MINI"}]},{"@type":"WebSite","@id":"https:\/\/elleerre.it\/#website","url":"https:\/\/elleerre.it\/","name":"ElleErre","description":"Abbigliamento sportivo personalizzato","publisher":{"@id":"https:\/\/elleerre.it\/#organization"},"potentialAction":[{"@type":"SearchAction","target":{"@type":"EntryPoint","urlTemplate":"https:\/\/elleerre.it\/?s={search_term_string}"},"query-input":{"@type":"PropertyValueSpecification","valueRequired":true,"valueName":"search_term_string"}}],"inLanguage":"de"},{"@type":"Organization","@id":"https:\/\/elleerre.it\/#organization","name":"ElleErre","url":"https:\/\/elleerre.it\/","logo":{"@type":"ImageObject","inLanguage":"de","@id":"https:\/\/elleerre.it\/#\/schema\/logo\/image\/","url":"https:\/\/elleerre.it\/wp-content\/uploads\/2021\/04\/fettuccia_elleerre_var.jpg","contentUrl":"https:\/\/elleerre.it\/wp-content\/uploads\/2021\/04\/fettuccia_elleerre_var.jpg","width":300,"height":300,"caption":"ElleErre"},"image":{"@id":"https:\/\/elleerre.it\/#\/schema\/logo\/image\/"},"sameAs":["https:\/\/www.facebook.com\/ElleErre.it","https:\/\/www.instagram.com\/elleerre.it\/","https:\/\/www.youtube.com\/user\/EasyFlag"]}]}},"_links":{"self":[{"href":"https:\/\/elleerre.it\/de\/wp-json\/wp\/v2\/product\/13018","targetHints":{"allow":["GET"]}}],"collection":[{"href":"https:\/\/elleerre.it\/de\/wp-json\/wp\/v2\/product"}],"about":[{"href":"https:\/\/elleerre.it\/de\/wp-json\/wp\/v2\/types\/product"}],"wp:featuredmedia":[{"embeddable":true,"href":"https:\/\/elleerre.it\/de\/wp-json\/wp\/v2\/media\/11640"}],"wp:attachment":[{"href":"https:\/\/elleerre.it\/de\/wp-json\/wp\/v2\/media?parent=13018"}],"wp:term":[{"taxonomy":"product_brand","embeddable":true,"href":"https:\/\/elleerre.it\/de\/wp-json\/wp\/v2\/product_brand?post=13018"},{"taxonomy":"product_cat","embeddable":true,"href":"https:\/\/elleerre.it\/de\/wp-json\/wp\/v2\/product_cat?post=13018"},{"taxonomy":"product_tag","embeddable":true,"href":"https:\/\/elleerre.it\/de\/wp-json\/wp\/v2\/product_tag?post=13018"}],"curies":[{"name":"wp","href":"https:\/\/api.w.org\/{rel}","templated":true}]}}