{"id":13021,"date":"2021-04-20T15:17:16","date_gmt":"2021-04-20T15:17:16","guid":{"rendered":"https:\/\/elleerre.it\/unkategorisiert\/easy-flag-table\/"},"modified":"2024-11-04T08:08:57","modified_gmt":"2024-11-04T08:08:57","slug":"easy-flag-table","status":"publish","type":"product","link":"https:\/\/elleerre.it\/de\/personalisierte-flaggen\/personalisierte-segelflaggen-easy-flag\/easy-flag-table\/","title":{"rendered":"EASY-FLAG TABLE"},"content":{"rendered":"<p>Easy-Flag Table ist die Tischflagge aus nautischem Polyestergewebe, komplett mit Personalisierung und runder Eisenstandplatte.<br \/>\nDiese personalisierten Tischfahnen von ElleErre k\u00f6nnen zum Beispiel als Corporate Gadget verwendet werden, um ein originelles Bild Ihrer Marke zu vermitteln. Die Tischfahnen werden mit Hightech-Digitaldruck und hochwertigen Materialien gedruckt, so dass der Kunde die M\u00f6glichkeit hat, Grafiken und Farben nach Belieben zu verwenden.<br \/>\nEasy-Flag Table, das j\u00fcngste Mitglied der Easy-Flag-Produktlinie, ist eine Fahne mit viel Liebe zum Detail, die vollst\u00e4ndig personalisierbar ist.<br \/>\nVerwendung von personalisierten Tischfahnen: Die Verwendung von Tischfahnen eignet sich besonders gut f\u00fcr die Personalisierung von Umgebungen, insbesondere von Innenr\u00e4umen wie Sitzungss\u00e4len, Ladentheken usw.<br \/>\nEs ist daher notwendig, dieses perfekte Kommunikationsinstrument zu nutzen, damit jede Werbung oder Pr\u00e4sentation eines Produkts f\u00fcr die \u00d6ffentlichkeit deutlich sichtbar ist. Das Material, aus dem die personalisierbaren Tischfahnen gefertigt sind, garantiert die Haltbarkeit der Farben.<br \/>\nDie sorgf\u00e4ltige Pflege der Materialien aller unserer Artikel ist grundlegend f\u00fcr die Herstellung von personalisierbaren Tischfahnen.<\/p>\n","protected":false},"excerpt":{"rendered":"<p>Easy-Flag Tischfahnen sind vollst\u00e4ndig personalisierbar. Sie k\u00f6nnen auf B\u00fcroschreibtischen, Ladentheken, in Restaurants usw. verwendet werden. Die Tischfahnen von ElleErre sind 50 cm hoch und stehen auf einer runden Eisenstandplatte.<\/p>\n","protected":false},"featured_media":11841,"template":"","meta":{"_acf_changed":false,"inline_featured_image":false},"product_brand":[],"product_cat":[1495,1497],"product_tag":[],"class_list":{"0":"post-13021","1":"product","2":"type-product","3":"status-publish","4":"has-post-thumbnail","6":"product_cat-personalisierte-flaggen","7":"product_cat-personalisierte-segelflaggen-easy-flag","9":"first","10":"instock","11":"taxable","12":"shipping-taxable","13":"purchasable","14":"product-type-variable","15":"has-default-attributes"},"acf":[],"yoast_head":"<!-- This site is optimized with the Yoast SEO plugin v27.3 - https:\/\/yoast.com\/product\/yoast-seo-wordpress\/ -->\n<title>EASY-FLAG TABLE - Shop online ElleErre<\/title>\n<meta name=\"robots\" content=\"index, follow, max-snippet:-1, max-image-preview:large, max-video-preview:-1\" \/>\n<link rel=\"canonical\" href=\"https:\/\/elleerre.it\/de\/personalisierte-flaggen\/personalisierte-segelflaggen-easy-flag\/easy-flag-table\/\" \/>\n<meta property=\"og:locale\" content=\"de_DE\" \/>\n<meta property=\"og:type\" content=\"article\" \/>\n<meta property=\"og:title\" content=\"EASY-FLAG TABLE - Shop online ElleErre\" \/>\n<meta property=\"og:url\" content=\"https:\/\/elleerre.it\/de\/personalisierte-flaggen\/personalisierte-segelflaggen-easy-flag\/easy-flag-table\/\" \/>\n<meta property=\"og:site_name\" content=\"ElleErre\" \/>\n<meta property=\"article:publisher\" content=\"https:\/\/www.facebook.com\/ElleErre.it\" \/>\n<meta property=\"article:modified_time\" content=\"2024-11-04T08:08:57+00:00\" \/>\n<meta property=\"og:image\" content=\"https:\/\/elleerre.it\/wp-content\/uploads\/2021\/04\/bandiera-easy-flag-table-cocacola-personalizzata.jpg\" \/>\n\t<meta property=\"og:image:width\" content=\"1200\" \/>\n\t<meta property=\"og:image:height\" content=\"800\" \/>\n\t<meta property=\"og:image:type\" content=\"image\/jpeg\" \/>\n<meta name=\"twitter:card\" content=\"summary_large_image\" \/>\n<meta name=\"twitter:label1\" content=\"Gesch\u00e4tzte Lesezeit\" \/>\n\t<meta name=\"twitter:data1\" content=\"2\u00a0Minuten\" \/>\n<script type=\"application\/ld+json\" class=\"yoast-schema-graph\">{\"@context\":\"https:\\\/\\\/schema.org\",\"@graph\":[{\"@type\":\"WebPage\",\"@id\":\"https:\\\/\\\/elleerre.it\\\/de\\\/personalisierte-flaggen\\\/personalisierte-segelflaggen-easy-flag\\\/easy-flag-table\\\/\",\"url\":\"https:\\\/\\\/elleerre.it\\\/de\\\/personalisierte-flaggen\\\/personalisierte-segelflaggen-easy-flag\\\/easy-flag-table\\\/\",\"name\":\"EASY-FLAG TABLE - Shop online ElleErre\",\"isPartOf\":{\"@id\":\"https:\\\/\\\/elleerre.it\\\/#website\"},\"primaryImageOfPage\":{\"@id\":\"https:\\\/\\\/elleerre.it\\\/de\\\/personalisierte-flaggen\\\/personalisierte-segelflaggen-easy-flag\\\/easy-flag-table\\\/#primaryimage\"},\"image\":{\"@id\":\"https:\\\/\\\/elleerre.it\\\/de\\\/personalisierte-flaggen\\\/personalisierte-segelflaggen-easy-flag\\\/easy-flag-table\\\/#primaryimage\"},\"thumbnailUrl\":\"https:\\\/\\\/elleerre.it\\\/wp-content\\\/uploads\\\/2021\\\/04\\\/bandiera-easy-flag-table-cocacola-personalizzata.jpg\",\"datePublished\":\"2021-04-20T15:17:16+00:00\",\"dateModified\":\"2024-11-04T08:08:57+00:00\",\"breadcrumb\":{\"@id\":\"https:\\\/\\\/elleerre.it\\\/de\\\/personalisierte-flaggen\\\/personalisierte-segelflaggen-easy-flag\\\/easy-flag-table\\\/#breadcrumb\"},\"inLanguage\":\"de\",\"potentialAction\":[{\"@type\":\"ReadAction\",\"target\":[\"https:\\\/\\\/elleerre.it\\\/de\\\/personalisierte-flaggen\\\/personalisierte-segelflaggen-easy-flag\\\/easy-flag-table\\\/\"]}]},{\"@type\":\"ImageObject\",\"inLanguage\":\"de\",\"@id\":\"https:\\\/\\\/elleerre.it\\\/de\\\/personalisierte-flaggen\\\/personalisierte-segelflaggen-easy-flag\\\/easy-flag-table\\\/#primaryimage\",\"url\":\"https:\\\/\\\/elleerre.it\\\/wp-content\\\/uploads\\\/2021\\\/04\\\/bandiera-easy-flag-table-cocacola-personalizzata.jpg\",\"contentUrl\":\"https:\\\/\\\/elleerre.it\\\/wp-content\\\/uploads\\\/2021\\\/04\\\/bandiera-easy-flag-table-cocacola-personalizzata.jpg\",\"width\":1200,\"height\":800},{\"@type\":\"BreadcrumbList\",\"@id\":\"https:\\\/\\\/elleerre.it\\\/de\\\/personalisierte-flaggen\\\/personalisierte-segelflaggen-easy-flag\\\/easy-flag-table\\\/#breadcrumb\",\"itemListElement\":[{\"@type\":\"ListItem\",\"position\":1,\"name\":\"Home\",\"item\":\"https:\\\/\\\/elleerre.it\\\/de\\\/\"},{\"@type\":\"ListItem\",\"position\":2,\"name\":\"Shop\",\"item\":\"https:\\\/\\\/elleerre.it\\\/shop\\\/\"},{\"@type\":\"ListItem\",\"position\":3,\"name\":\"EASY-FLAG TABLE\"}]},{\"@type\":\"WebSite\",\"@id\":\"https:\\\/\\\/elleerre.it\\\/#website\",\"url\":\"https:\\\/\\\/elleerre.it\\\/\",\"name\":\"ElleErre\",\"description\":\"Abbigliamento sportivo personalizzato\",\"publisher\":{\"@id\":\"https:\\\/\\\/elleerre.it\\\/#organization\"},\"potentialAction\":[{\"@type\":\"SearchAction\",\"target\":{\"@type\":\"EntryPoint\",\"urlTemplate\":\"https:\\\/\\\/elleerre.it\\\/?s={search_term_string}\"},\"query-input\":{\"@type\":\"PropertyValueSpecification\",\"valueRequired\":true,\"valueName\":\"search_term_string\"}}],\"inLanguage\":\"de\"},{\"@type\":\"Organization\",\"@id\":\"https:\\\/\\\/elleerre.it\\\/#organization\",\"name\":\"ElleErre\",\"url\":\"https:\\\/\\\/elleerre.it\\\/\",\"logo\":{\"@type\":\"ImageObject\",\"inLanguage\":\"de\",\"@id\":\"https:\\\/\\\/elleerre.it\\\/#\\\/schema\\\/logo\\\/image\\\/\",\"url\":\"https:\\\/\\\/elleerre.it\\\/wp-content\\\/uploads\\\/2021\\\/04\\\/fettuccia_elleerre_var.jpg\",\"contentUrl\":\"https:\\\/\\\/elleerre.it\\\/wp-content\\\/uploads\\\/2021\\\/04\\\/fettuccia_elleerre_var.jpg\",\"width\":300,\"height\":300,\"caption\":\"ElleErre\"},\"image\":{\"@id\":\"https:\\\/\\\/elleerre.it\\\/#\\\/schema\\\/logo\\\/image\\\/\"},\"sameAs\":[\"https:\\\/\\\/www.facebook.com\\\/ElleErre.it\",\"https:\\\/\\\/www.instagram.com\\\/elleerre.it\\\/\",\"https:\\\/\\\/www.youtube.com\\\/user\\\/EasyFlag\"]}]}<\/script>\n<!-- \/ Yoast SEO plugin. -->","yoast_head_json":{"title":"EASY-FLAG TABLE - Shop online ElleErre","robots":{"index":"index","follow":"follow","max-snippet":"max-snippet:-1","max-image-preview":"max-image-preview:large","max-video-preview":"max-video-preview:-1"},"canonical":"https:\/\/elleerre.it\/de\/personalisierte-flaggen\/personalisierte-segelflaggen-easy-flag\/easy-flag-table\/","og_locale":"de_DE","og_type":"article","og_title":"EASY-FLAG TABLE - Shop online ElleErre","og_url":"https:\/\/elleerre.it\/de\/personalisierte-flaggen\/personalisierte-segelflaggen-easy-flag\/easy-flag-table\/","og_site_name":"ElleErre","article_publisher":"https:\/\/www.facebook.com\/ElleErre.it","article_modified_time":"2024-11-04T08:08:57+00:00","og_image":[{"width":1200,"height":800,"url":"https:\/\/elleerre.it\/wp-content\/uploads\/2021\/04\/bandiera-easy-flag-table-cocacola-personalizzata.jpg","type":"image\/jpeg"}],"twitter_card":"summary_large_image","twitter_misc":{"Gesch\u00e4tzte Lesezeit":"2\u00a0Minuten"},"schema":{"@context":"https:\/\/schema.org","@graph":[{"@type":"WebPage","@id":"https:\/\/elleerre.it\/de\/personalisierte-flaggen\/personalisierte-segelflaggen-easy-flag\/easy-flag-table\/","url":"https:\/\/elleerre.it\/de\/personalisierte-flaggen\/personalisierte-segelflaggen-easy-flag\/easy-flag-table\/","name":"EASY-FLAG TABLE - Shop online ElleErre","isPartOf":{"@id":"https:\/\/elleerre.it\/#website"},"primaryImageOfPage":{"@id":"https:\/\/elleerre.it\/de\/personalisierte-flaggen\/personalisierte-segelflaggen-easy-flag\/easy-flag-table\/#primaryimage"},"image":{"@id":"https:\/\/elleerre.it\/de\/personalisierte-flaggen\/personalisierte-segelflaggen-easy-flag\/easy-flag-table\/#primaryimage"},"thumbnailUrl":"https:\/\/elleerre.it\/wp-content\/uploads\/2021\/04\/bandiera-easy-flag-table-cocacola-personalizzata.jpg","datePublished":"2021-04-20T15:17:16+00:00","dateModified":"2024-11-04T08:08:57+00:00","breadcrumb":{"@id":"https:\/\/elleerre.it\/de\/personalisierte-flaggen\/personalisierte-segelflaggen-easy-flag\/easy-flag-table\/#breadcrumb"},"inLanguage":"de","potentialAction":[{"@type":"ReadAction","target":["https:\/\/elleerre.it\/de\/personalisierte-flaggen\/personalisierte-segelflaggen-easy-flag\/easy-flag-table\/"]}]},{"@type":"ImageObject","inLanguage":"de","@id":"https:\/\/elleerre.it\/de\/personalisierte-flaggen\/personalisierte-segelflaggen-easy-flag\/easy-flag-table\/#primaryimage","url":"https:\/\/elleerre.it\/wp-content\/uploads\/2021\/04\/bandiera-easy-flag-table-cocacola-personalizzata.jpg","contentUrl":"https:\/\/elleerre.it\/wp-content\/uploads\/2021\/04\/bandiera-easy-flag-table-cocacola-personalizzata.jpg","width":1200,"height":800},{"@type":"BreadcrumbList","@id":"https:\/\/elleerre.it\/de\/personalisierte-flaggen\/personalisierte-segelflaggen-easy-flag\/easy-flag-table\/#breadcrumb","itemListElement":[{"@type":"ListItem","position":1,"name":"Home","item":"https:\/\/elleerre.it\/de\/"},{"@type":"ListItem","position":2,"name":"Shop","item":"https:\/\/elleerre.it\/shop\/"},{"@type":"ListItem","position":3,"name":"EASY-FLAG TABLE"}]},{"@type":"WebSite","@id":"https:\/\/elleerre.it\/#website","url":"https:\/\/elleerre.it\/","name":"ElleErre","description":"Abbigliamento sportivo personalizzato","publisher":{"@id":"https:\/\/elleerre.it\/#organization"},"potentialAction":[{"@type":"SearchAction","target":{"@type":"EntryPoint","urlTemplate":"https:\/\/elleerre.it\/?s={search_term_string}"},"query-input":{"@type":"PropertyValueSpecification","valueRequired":true,"valueName":"search_term_string"}}],"inLanguage":"de"},{"@type":"Organization","@id":"https:\/\/elleerre.it\/#organization","name":"ElleErre","url":"https:\/\/elleerre.it\/","logo":{"@type":"ImageObject","inLanguage":"de","@id":"https:\/\/elleerre.it\/#\/schema\/logo\/image\/","url":"https:\/\/elleerre.it\/wp-content\/uploads\/2021\/04\/fettuccia_elleerre_var.jpg","contentUrl":"https:\/\/elleerre.it\/wp-content\/uploads\/2021\/04\/fettuccia_elleerre_var.jpg","width":300,"height":300,"caption":"ElleErre"},"image":{"@id":"https:\/\/elleerre.it\/#\/schema\/logo\/image\/"},"sameAs":["https:\/\/www.facebook.com\/ElleErre.it","https:\/\/www.instagram.com\/elleerre.it\/","https:\/\/www.youtube.com\/user\/EasyFlag"]}]}},"_links":{"self":[{"href":"https:\/\/elleerre.it\/de\/wp-json\/wp\/v2\/product\/13021","targetHints":{"allow":["GET"]}}],"collection":[{"href":"https:\/\/elleerre.it\/de\/wp-json\/wp\/v2\/product"}],"about":[{"href":"https:\/\/elleerre.it\/de\/wp-json\/wp\/v2\/types\/product"}],"wp:featuredmedia":[{"embeddable":true,"href":"https:\/\/elleerre.it\/de\/wp-json\/wp\/v2\/media\/11841"}],"wp:attachment":[{"href":"https:\/\/elleerre.it\/de\/wp-json\/wp\/v2\/media?parent=13021"}],"wp:term":[{"taxonomy":"product_brand","embeddable":true,"href":"https:\/\/elleerre.it\/de\/wp-json\/wp\/v2\/product_brand?post=13021"},{"taxonomy":"product_cat","embeddable":true,"href":"https:\/\/elleerre.it\/de\/wp-json\/wp\/v2\/product_cat?post=13021"},{"taxonomy":"product_tag","embeddable":true,"href":"https:\/\/elleerre.it\/de\/wp-json\/wp\/v2\/product_tag?post=13021"}],"curies":[{"name":"wp","href":"https:\/\/api.w.org\/{rel}","templated":true}]}}