{"id":13031,"date":"2021-04-20T15:18:13","date_gmt":"2021-04-20T15:18:13","guid":{"rendered":"https:\/\/elleerre.it\/unkategorisiert\/pennant-flags\/"},"modified":"2023-03-21T14:39:41","modified_gmt":"2023-03-21T14:39:41","slug":"reihen-von-flaggen","status":"publish","type":"product","link":"https:\/\/elleerre.it\/de\/personalisierte-flaggen\/markierungsfahne\/reihen-von-flaggen\/","title":{"rendered":"REIHEN VON FLAGGEN"},"content":{"rendered":"<p>Die Reihen von Flaggen von ElleErre sind ein wirkungsvolles und farbenfrohes Werbemittel, das sich f\u00fcr die Dekoration und Farbgebung verschiedener Veranstaltungen und Events eignet, wie z. B. Feste, Er\u00f6ffnungen, Promotionen usw.<\/p>\n<p>Die Flaggenreihen sind in rechteckigem oder dreieckigem Format erh\u00e4ltlich und bestehen aus 100% nautischem Polyestergewebe f\u00fcr maximalen Halt.<\/p>\n<p>Die Fahnen werden dann auf B\u00e4nder\/Seile aufgen\u00e4ht, so dass sie leicht an den gew\u00fcnschten Strukturen befestigt werden k\u00f6nnen und eine maximale Sichtbarkeit gew\u00e4hrleisten.<br \/>\nDank des hochaufl\u00f6senden Digitaldrucks k\u00f6nnen die Luftschlangenreihen auch mit Ihren eigenen Logos versehen werden, wobei den Farben und Grafiken keine Grenzen gesetzt sind, so dass eine maximale visuelle Wirkung erzielt wird.<\/p>\n<p>&nbsp;<\/p>\n","protected":false},"excerpt":{"rendered":"<p>Reihen von Flaggen, rechteckig oder dreieckig, eignen sich f\u00fcr verschiedene Anl\u00e4sse: Veranstaltungen, Feste, Einweihungen, Werbeaktionen usw. Die Fahnen aus 100 % Polyester sind auf Band\/Seil gen\u00e4ht, um maximalen Halt zu gew\u00e4hrleisten.<\/p>\n","protected":false},"featured_media":11591,"template":"","meta":{"_acf_changed":false,"inline_featured_image":false},"product_brand":[],"product_cat":[1500,1495],"product_tag":[],"class_list":{"0":"post-13031","1":"product","2":"type-product","3":"status-publish","4":"has-post-thumbnail","6":"product_cat-markierungsfahne","7":"product_cat-personalisierte-flaggen","9":"first","10":"instock","11":"taxable","12":"shipping-taxable","13":"purchasable","14":"product-type-variable","15":"has-default-attributes"},"acf":[],"yoast_head":"<!-- This site is optimized with the Yoast SEO plugin v27.3 - https:\/\/yoast.com\/product\/yoast-seo-wordpress\/ -->\n<title>REIHEN VON FLAGGEN - Shop online ElleErre<\/title>\n<meta name=\"robots\" content=\"index, follow, max-snippet:-1, max-image-preview:large, max-video-preview:-1\" \/>\n<link rel=\"canonical\" href=\"https:\/\/elleerre.it\/de\/personalisierte-flaggen\/markierungsfahne\/reihen-von-flaggen\/\" \/>\n<meta property=\"og:locale\" content=\"de_DE\" \/>\n<meta property=\"og:type\" content=\"article\" \/>\n<meta property=\"og:title\" content=\"REIHEN VON FLAGGEN - Shop online ElleErre\" \/>\n<meta property=\"og:url\" content=\"https:\/\/elleerre.it\/de\/personalisierte-flaggen\/markierungsfahne\/reihen-von-flaggen\/\" \/>\n<meta property=\"og:site_name\" content=\"ElleErre\" \/>\n<meta property=\"article:publisher\" content=\"https:\/\/www.facebook.com\/ElleErre.it\" \/>\n<meta property=\"article:modified_time\" content=\"2023-03-21T14:39:41+00:00\" \/>\n<meta property=\"og:image\" content=\"https:\/\/elleerre.it\/wp-content\/uploads\/2021\/04\/filari-di-bandierine-personalizzate.jpg\" \/>\n\t<meta property=\"og:image:width\" content=\"1200\" \/>\n\t<meta property=\"og:image:height\" content=\"800\" \/>\n\t<meta property=\"og:image:type\" content=\"image\/jpeg\" \/>\n<meta name=\"twitter:card\" content=\"summary_large_image\" \/>\n<meta name=\"twitter:label1\" content=\"Gesch\u00e4tzte Lesezeit\" \/>\n\t<meta name=\"twitter:data1\" content=\"1\u00a0Minute\" \/>\n<script type=\"application\/ld+json\" class=\"yoast-schema-graph\">{\"@context\":\"https:\\\/\\\/schema.org\",\"@graph\":[{\"@type\":\"WebPage\",\"@id\":\"https:\\\/\\\/elleerre.it\\\/de\\\/personalisierte-flaggen\\\/markierungsfahne\\\/reihen-von-flaggen\\\/\",\"url\":\"https:\\\/\\\/elleerre.it\\\/de\\\/personalisierte-flaggen\\\/markierungsfahne\\\/reihen-von-flaggen\\\/\",\"name\":\"REIHEN VON FLAGGEN - Shop online ElleErre\",\"isPartOf\":{\"@id\":\"https:\\\/\\\/elleerre.it\\\/#website\"},\"primaryImageOfPage\":{\"@id\":\"https:\\\/\\\/elleerre.it\\\/de\\\/personalisierte-flaggen\\\/markierungsfahne\\\/reihen-von-flaggen\\\/#primaryimage\"},\"image\":{\"@id\":\"https:\\\/\\\/elleerre.it\\\/de\\\/personalisierte-flaggen\\\/markierungsfahne\\\/reihen-von-flaggen\\\/#primaryimage\"},\"thumbnailUrl\":\"https:\\\/\\\/elleerre.it\\\/wp-content\\\/uploads\\\/2021\\\/04\\\/filari-di-bandierine-personalizzate.jpg\",\"datePublished\":\"2021-04-20T15:18:13+00:00\",\"dateModified\":\"2023-03-21T14:39:41+00:00\",\"breadcrumb\":{\"@id\":\"https:\\\/\\\/elleerre.it\\\/de\\\/personalisierte-flaggen\\\/markierungsfahne\\\/reihen-von-flaggen\\\/#breadcrumb\"},\"inLanguage\":\"de\",\"potentialAction\":[{\"@type\":\"ReadAction\",\"target\":[\"https:\\\/\\\/elleerre.it\\\/de\\\/personalisierte-flaggen\\\/markierungsfahne\\\/reihen-von-flaggen\\\/\"]}]},{\"@type\":\"ImageObject\",\"inLanguage\":\"de\",\"@id\":\"https:\\\/\\\/elleerre.it\\\/de\\\/personalisierte-flaggen\\\/markierungsfahne\\\/reihen-von-flaggen\\\/#primaryimage\",\"url\":\"https:\\\/\\\/elleerre.it\\\/wp-content\\\/uploads\\\/2021\\\/04\\\/filari-di-bandierine-personalizzate.jpg\",\"contentUrl\":\"https:\\\/\\\/elleerre.it\\\/wp-content\\\/uploads\\\/2021\\\/04\\\/filari-di-bandierine-personalizzate.jpg\",\"width\":1200,\"height\":800},{\"@type\":\"BreadcrumbList\",\"@id\":\"https:\\\/\\\/elleerre.it\\\/de\\\/personalisierte-flaggen\\\/markierungsfahne\\\/reihen-von-flaggen\\\/#breadcrumb\",\"itemListElement\":[{\"@type\":\"ListItem\",\"position\":1,\"name\":\"Home\",\"item\":\"https:\\\/\\\/elleerre.it\\\/de\\\/\"},{\"@type\":\"ListItem\",\"position\":2,\"name\":\"Shop\",\"item\":\"https:\\\/\\\/elleerre.it\\\/shop\\\/\"},{\"@type\":\"ListItem\",\"position\":3,\"name\":\"REIHEN VON FLAGGEN\"}]},{\"@type\":\"WebSite\",\"@id\":\"https:\\\/\\\/elleerre.it\\\/#website\",\"url\":\"https:\\\/\\\/elleerre.it\\\/\",\"name\":\"ElleErre\",\"description\":\"Abbigliamento sportivo personalizzato\",\"publisher\":{\"@id\":\"https:\\\/\\\/elleerre.it\\\/#organization\"},\"potentialAction\":[{\"@type\":\"SearchAction\",\"target\":{\"@type\":\"EntryPoint\",\"urlTemplate\":\"https:\\\/\\\/elleerre.it\\\/?s={search_term_string}\"},\"query-input\":{\"@type\":\"PropertyValueSpecification\",\"valueRequired\":true,\"valueName\":\"search_term_string\"}}],\"inLanguage\":\"de\"},{\"@type\":\"Organization\",\"@id\":\"https:\\\/\\\/elleerre.it\\\/#organization\",\"name\":\"ElleErre\",\"url\":\"https:\\\/\\\/elleerre.it\\\/\",\"logo\":{\"@type\":\"ImageObject\",\"inLanguage\":\"de\",\"@id\":\"https:\\\/\\\/elleerre.it\\\/#\\\/schema\\\/logo\\\/image\\\/\",\"url\":\"https:\\\/\\\/elleerre.it\\\/wp-content\\\/uploads\\\/2021\\\/04\\\/fettuccia_elleerre_var.jpg\",\"contentUrl\":\"https:\\\/\\\/elleerre.it\\\/wp-content\\\/uploads\\\/2021\\\/04\\\/fettuccia_elleerre_var.jpg\",\"width\":300,\"height\":300,\"caption\":\"ElleErre\"},\"image\":{\"@id\":\"https:\\\/\\\/elleerre.it\\\/#\\\/schema\\\/logo\\\/image\\\/\"},\"sameAs\":[\"https:\\\/\\\/www.facebook.com\\\/ElleErre.it\",\"https:\\\/\\\/www.instagram.com\\\/elleerre.it\\\/\",\"https:\\\/\\\/www.youtube.com\\\/user\\\/EasyFlag\"]}]}<\/script>\n<!-- \/ Yoast SEO plugin. -->","yoast_head_json":{"title":"REIHEN VON FLAGGEN - Shop online ElleErre","robots":{"index":"index","follow":"follow","max-snippet":"max-snippet:-1","max-image-preview":"max-image-preview:large","max-video-preview":"max-video-preview:-1"},"canonical":"https:\/\/elleerre.it\/de\/personalisierte-flaggen\/markierungsfahne\/reihen-von-flaggen\/","og_locale":"de_DE","og_type":"article","og_title":"REIHEN VON FLAGGEN - Shop online ElleErre","og_url":"https:\/\/elleerre.it\/de\/personalisierte-flaggen\/markierungsfahne\/reihen-von-flaggen\/","og_site_name":"ElleErre","article_publisher":"https:\/\/www.facebook.com\/ElleErre.it","article_modified_time":"2023-03-21T14:39:41+00:00","og_image":[{"width":1200,"height":800,"url":"https:\/\/elleerre.it\/wp-content\/uploads\/2021\/04\/filari-di-bandierine-personalizzate.jpg","type":"image\/jpeg"}],"twitter_card":"summary_large_image","twitter_misc":{"Gesch\u00e4tzte Lesezeit":"1\u00a0Minute"},"schema":{"@context":"https:\/\/schema.org","@graph":[{"@type":"WebPage","@id":"https:\/\/elleerre.it\/de\/personalisierte-flaggen\/markierungsfahne\/reihen-von-flaggen\/","url":"https:\/\/elleerre.it\/de\/personalisierte-flaggen\/markierungsfahne\/reihen-von-flaggen\/","name":"REIHEN VON FLAGGEN - Shop online ElleErre","isPartOf":{"@id":"https:\/\/elleerre.it\/#website"},"primaryImageOfPage":{"@id":"https:\/\/elleerre.it\/de\/personalisierte-flaggen\/markierungsfahne\/reihen-von-flaggen\/#primaryimage"},"image":{"@id":"https:\/\/elleerre.it\/de\/personalisierte-flaggen\/markierungsfahne\/reihen-von-flaggen\/#primaryimage"},"thumbnailUrl":"https:\/\/elleerre.it\/wp-content\/uploads\/2021\/04\/filari-di-bandierine-personalizzate.jpg","datePublished":"2021-04-20T15:18:13+00:00","dateModified":"2023-03-21T14:39:41+00:00","breadcrumb":{"@id":"https:\/\/elleerre.it\/de\/personalisierte-flaggen\/markierungsfahne\/reihen-von-flaggen\/#breadcrumb"},"inLanguage":"de","potentialAction":[{"@type":"ReadAction","target":["https:\/\/elleerre.it\/de\/personalisierte-flaggen\/markierungsfahne\/reihen-von-flaggen\/"]}]},{"@type":"ImageObject","inLanguage":"de","@id":"https:\/\/elleerre.it\/de\/personalisierte-flaggen\/markierungsfahne\/reihen-von-flaggen\/#primaryimage","url":"https:\/\/elleerre.it\/wp-content\/uploads\/2021\/04\/filari-di-bandierine-personalizzate.jpg","contentUrl":"https:\/\/elleerre.it\/wp-content\/uploads\/2021\/04\/filari-di-bandierine-personalizzate.jpg","width":1200,"height":800},{"@type":"BreadcrumbList","@id":"https:\/\/elleerre.it\/de\/personalisierte-flaggen\/markierungsfahne\/reihen-von-flaggen\/#breadcrumb","itemListElement":[{"@type":"ListItem","position":1,"name":"Home","item":"https:\/\/elleerre.it\/de\/"},{"@type":"ListItem","position":2,"name":"Shop","item":"https:\/\/elleerre.it\/shop\/"},{"@type":"ListItem","position":3,"name":"REIHEN VON FLAGGEN"}]},{"@type":"WebSite","@id":"https:\/\/elleerre.it\/#website","url":"https:\/\/elleerre.it\/","name":"ElleErre","description":"Abbigliamento sportivo personalizzato","publisher":{"@id":"https:\/\/elleerre.it\/#organization"},"potentialAction":[{"@type":"SearchAction","target":{"@type":"EntryPoint","urlTemplate":"https:\/\/elleerre.it\/?s={search_term_string}"},"query-input":{"@type":"PropertyValueSpecification","valueRequired":true,"valueName":"search_term_string"}}],"inLanguage":"de"},{"@type":"Organization","@id":"https:\/\/elleerre.it\/#organization","name":"ElleErre","url":"https:\/\/elleerre.it\/","logo":{"@type":"ImageObject","inLanguage":"de","@id":"https:\/\/elleerre.it\/#\/schema\/logo\/image\/","url":"https:\/\/elleerre.it\/wp-content\/uploads\/2021\/04\/fettuccia_elleerre_var.jpg","contentUrl":"https:\/\/elleerre.it\/wp-content\/uploads\/2021\/04\/fettuccia_elleerre_var.jpg","width":300,"height":300,"caption":"ElleErre"},"image":{"@id":"https:\/\/elleerre.it\/#\/schema\/logo\/image\/"},"sameAs":["https:\/\/www.facebook.com\/ElleErre.it","https:\/\/www.instagram.com\/elleerre.it\/","https:\/\/www.youtube.com\/user\/EasyFlag"]}]}},"_links":{"self":[{"href":"https:\/\/elleerre.it\/de\/wp-json\/wp\/v2\/product\/13031","targetHints":{"allow":["GET"]}}],"collection":[{"href":"https:\/\/elleerre.it\/de\/wp-json\/wp\/v2\/product"}],"about":[{"href":"https:\/\/elleerre.it\/de\/wp-json\/wp\/v2\/types\/product"}],"wp:featuredmedia":[{"embeddable":true,"href":"https:\/\/elleerre.it\/de\/wp-json\/wp\/v2\/media\/11591"}],"wp:attachment":[{"href":"https:\/\/elleerre.it\/de\/wp-json\/wp\/v2\/media?parent=13031"}],"wp:term":[{"taxonomy":"product_brand","embeddable":true,"href":"https:\/\/elleerre.it\/de\/wp-json\/wp\/v2\/product_brand?post=13031"},{"taxonomy":"product_cat","embeddable":true,"href":"https:\/\/elleerre.it\/de\/wp-json\/wp\/v2\/product_cat?post=13031"},{"taxonomy":"product_tag","embeddable":true,"href":"https:\/\/elleerre.it\/de\/wp-json\/wp\/v2\/product_tag?post=13031"}],"curies":[{"name":"wp","href":"https:\/\/api.w.org\/{rel}","templated":true}]}}