{"id":13035,"date":"2021-04-20T15:19:20","date_gmt":"2021-04-20T15:19:20","guid":{"rendered":"https:\/\/elleerre.it\/unkategorisiert\/gazebo-2x2\/"},"modified":"2025-07-29T08:40:15","modified_gmt":"2025-07-29T08:40:15","slug":"pavillon-2x2","status":"publish","type":"product","link":"https:\/\/elleerre.it\/de\/personalisiertes-easy-gazebo\/professionelle-pavillons\/pavillon-2x2\/","title":{"rendered":"PAVILLON 2\u00d72"},"content":{"rendered":"<p>Kaufen Sie unsere 2\u00d72 Faltpavillons: Qualit\u00e4t und Zuverl\u00e4ssigkeit sind immer gew\u00e4hrleistet.<\/p>\n<p>THERMOGESCHWEISSTES GAZEBO-DACH: f\u00fcr eine totale Isolierung bei Regen, sind die N\u00e4hte unserer Pavillond\u00e4cher hei\u00df versiegelt!<\/p>\n<p>GAZEBO-STRUKTUR 2\u00d72<\/p>\n<p>&#8211; Gewicht: 28kg<\/p>\n<p>&#8211; Maximale H\u00f6he: 2,98 m<\/p>\n<p>&#8211; Breite: 2,00 m<\/p>\n<p>&#8211; H\u00f6he bis zum Volant: 2,00 m<\/p>\n<p>&#8211; Gr\u00f6\u00dfe, geschlossen152x27x27 cm<\/p>\n<p>&#8211; Teleskopstangen, verstellbar in 4 verschiedenen H\u00f6hen<\/p>\n<p>&#8211; Ersatzteile verf\u00fcgbar<\/p>\n<p>PAVILLONABDECKUNG 2\u00d72<\/p>\n<p>&#8211; Polyester f\u00fcr einen feuerfesten und wasserabweisenden Pavillon<\/p>\n<p>&#8211; Dach und Vorhang vollst\u00e4ndig personalisierbar<\/p>\n<p>&#8211; Vorhang mit Klettverschluss zur Positionierung der Seitenw\u00e4nde<\/p>\n<p>&#8211; Seitenw\u00e4nde mit Scharnieren ausgestattet<\/p>\n<p>PAVILLON-KIT 2\u00d72<\/p>\n<p>&#8211; Transporttasche mit R\u00e4dern<\/p>\n<p>&#8211; Abspannseile und Verankerungen zur Befestigung<\/p>\n<p>&#8211; Personalisierbares Gewebe mit Grafiken<\/p>\n","protected":false},"excerpt":{"rendered":"<p>Dank der geringen Gr\u00f6\u00dfe ist der professionelle faltbare 2\u00d72 Pavillon sehr handlich und schnell zu montieren. Dieser faltbare Pavillon zeichnet sich durch die quadratische Struktur aus, die aus Materialien wie Aluminium hergestellt wird.<\/p>\n","protected":false},"featured_media":11618,"template":"","meta":{"_acf_changed":false,"inline_featured_image":false},"product_brand":[],"product_cat":[1520,1522],"product_tag":[],"class_list":{"0":"post-13035","1":"product","2":"type-product","3":"status-publish","4":"has-post-thumbnail","6":"product_cat-personalisiertes-easy-gazebo","7":"product_cat-professionelle-pavillons","9":"first","10":"instock","11":"taxable","12":"shipping-taxable","13":"purchasable","14":"product-type-variable","15":"has-default-attributes"},"acf":[],"yoast_head":"<!-- This site is optimized with the Yoast SEO plugin v27.3 - https:\/\/yoast.com\/product\/yoast-seo-wordpress\/ -->\n<title>PAVILLON 2\u00d72 - Shop online ElleErre<\/title>\n<meta name=\"robots\" content=\"index, follow, max-snippet:-1, max-image-preview:large, max-video-preview:-1\" \/>\n<link rel=\"canonical\" href=\"https:\/\/elleerre.it\/de\/personalisiertes-easy-gazebo\/professionelle-pavillons\/pavillon-2x2\/\" \/>\n<meta property=\"og:locale\" content=\"de_DE\" \/>\n<meta property=\"og:type\" content=\"article\" \/>\n<meta property=\"og:title\" content=\"PAVILLON 2\u00d72 - Shop online ElleErre\" \/>\n<meta property=\"og:url\" content=\"https:\/\/elleerre.it\/de\/personalisiertes-easy-gazebo\/professionelle-pavillons\/pavillon-2x2\/\" \/>\n<meta property=\"og:site_name\" content=\"ElleErre\" \/>\n<meta property=\"article:publisher\" content=\"https:\/\/www.facebook.com\/ElleErre.it\" \/>\n<meta property=\"article:modified_time\" content=\"2025-07-29T08:40:15+00:00\" \/>\n<meta property=\"og:image\" content=\"https:\/\/elleerre.it\/wp-content\/uploads\/2021\/04\/easy-gazebo-2x2-personalizzato-elleerre.jpg\" \/>\n\t<meta property=\"og:image:width\" content=\"1200\" \/>\n\t<meta property=\"og:image:height\" content=\"800\" \/>\n\t<meta property=\"og:image:type\" content=\"image\/jpeg\" \/>\n<meta name=\"twitter:card\" content=\"summary_large_image\" \/>\n<meta name=\"twitter:label1\" content=\"Gesch\u00e4tzte Lesezeit\" \/>\n\t<meta name=\"twitter:data1\" content=\"1\u00a0Minute\" \/>\n<script type=\"application\/ld+json\" class=\"yoast-schema-graph\">{\"@context\":\"https:\\\/\\\/schema.org\",\"@graph\":[{\"@type\":\"WebPage\",\"@id\":\"https:\\\/\\\/elleerre.it\\\/de\\\/personalisiertes-easy-gazebo\\\/professionelle-pavillons\\\/pavillon-2x2\\\/\",\"url\":\"https:\\\/\\\/elleerre.it\\\/de\\\/personalisiertes-easy-gazebo\\\/professionelle-pavillons\\\/pavillon-2x2\\\/\",\"name\":\"PAVILLON 2\u00d72 - Shop online ElleErre\",\"isPartOf\":{\"@id\":\"https:\\\/\\\/elleerre.it\\\/#website\"},\"primaryImageOfPage\":{\"@id\":\"https:\\\/\\\/elleerre.it\\\/de\\\/personalisiertes-easy-gazebo\\\/professionelle-pavillons\\\/pavillon-2x2\\\/#primaryimage\"},\"image\":{\"@id\":\"https:\\\/\\\/elleerre.it\\\/de\\\/personalisiertes-easy-gazebo\\\/professionelle-pavillons\\\/pavillon-2x2\\\/#primaryimage\"},\"thumbnailUrl\":\"https:\\\/\\\/elleerre.it\\\/wp-content\\\/uploads\\\/2021\\\/04\\\/easy-gazebo-2x2-personalizzato-elleerre.jpg\",\"datePublished\":\"2021-04-20T15:19:20+00:00\",\"dateModified\":\"2025-07-29T08:40:15+00:00\",\"breadcrumb\":{\"@id\":\"https:\\\/\\\/elleerre.it\\\/de\\\/personalisiertes-easy-gazebo\\\/professionelle-pavillons\\\/pavillon-2x2\\\/#breadcrumb\"},\"inLanguage\":\"de\",\"potentialAction\":[{\"@type\":\"ReadAction\",\"target\":[\"https:\\\/\\\/elleerre.it\\\/de\\\/personalisiertes-easy-gazebo\\\/professionelle-pavillons\\\/pavillon-2x2\\\/\"]}]},{\"@type\":\"ImageObject\",\"inLanguage\":\"de\",\"@id\":\"https:\\\/\\\/elleerre.it\\\/de\\\/personalisiertes-easy-gazebo\\\/professionelle-pavillons\\\/pavillon-2x2\\\/#primaryimage\",\"url\":\"https:\\\/\\\/elleerre.it\\\/wp-content\\\/uploads\\\/2021\\\/04\\\/easy-gazebo-2x2-personalizzato-elleerre.jpg\",\"contentUrl\":\"https:\\\/\\\/elleerre.it\\\/wp-content\\\/uploads\\\/2021\\\/04\\\/easy-gazebo-2x2-personalizzato-elleerre.jpg\",\"width\":1200,\"height\":800},{\"@type\":\"BreadcrumbList\",\"@id\":\"https:\\\/\\\/elleerre.it\\\/de\\\/personalisiertes-easy-gazebo\\\/professionelle-pavillons\\\/pavillon-2x2\\\/#breadcrumb\",\"itemListElement\":[{\"@type\":\"ListItem\",\"position\":1,\"name\":\"Home\",\"item\":\"https:\\\/\\\/elleerre.it\\\/de\\\/\"},{\"@type\":\"ListItem\",\"position\":2,\"name\":\"Shop\",\"item\":\"https:\\\/\\\/elleerre.it\\\/shop\\\/\"},{\"@type\":\"ListItem\",\"position\":3,\"name\":\"PAVILLON 2\u00d72\"}]},{\"@type\":\"WebSite\",\"@id\":\"https:\\\/\\\/elleerre.it\\\/#website\",\"url\":\"https:\\\/\\\/elleerre.it\\\/\",\"name\":\"ElleErre\",\"description\":\"Abbigliamento sportivo personalizzato\",\"publisher\":{\"@id\":\"https:\\\/\\\/elleerre.it\\\/#organization\"},\"potentialAction\":[{\"@type\":\"SearchAction\",\"target\":{\"@type\":\"EntryPoint\",\"urlTemplate\":\"https:\\\/\\\/elleerre.it\\\/?s={search_term_string}\"},\"query-input\":{\"@type\":\"PropertyValueSpecification\",\"valueRequired\":true,\"valueName\":\"search_term_string\"}}],\"inLanguage\":\"de\"},{\"@type\":\"Organization\",\"@id\":\"https:\\\/\\\/elleerre.it\\\/#organization\",\"name\":\"ElleErre\",\"url\":\"https:\\\/\\\/elleerre.it\\\/\",\"logo\":{\"@type\":\"ImageObject\",\"inLanguage\":\"de\",\"@id\":\"https:\\\/\\\/elleerre.it\\\/#\\\/schema\\\/logo\\\/image\\\/\",\"url\":\"https:\\\/\\\/elleerre.it\\\/wp-content\\\/uploads\\\/2021\\\/04\\\/fettuccia_elleerre_var.jpg\",\"contentUrl\":\"https:\\\/\\\/elleerre.it\\\/wp-content\\\/uploads\\\/2021\\\/04\\\/fettuccia_elleerre_var.jpg\",\"width\":300,\"height\":300,\"caption\":\"ElleErre\"},\"image\":{\"@id\":\"https:\\\/\\\/elleerre.it\\\/#\\\/schema\\\/logo\\\/image\\\/\"},\"sameAs\":[\"https:\\\/\\\/www.facebook.com\\\/ElleErre.it\",\"https:\\\/\\\/www.instagram.com\\\/elleerre.it\\\/\",\"https:\\\/\\\/www.youtube.com\\\/user\\\/EasyFlag\"]}]}<\/script>\n<!-- \/ Yoast SEO plugin. -->","yoast_head_json":{"title":"PAVILLON 2\u00d72 - Shop online ElleErre","robots":{"index":"index","follow":"follow","max-snippet":"max-snippet:-1","max-image-preview":"max-image-preview:large","max-video-preview":"max-video-preview:-1"},"canonical":"https:\/\/elleerre.it\/de\/personalisiertes-easy-gazebo\/professionelle-pavillons\/pavillon-2x2\/","og_locale":"de_DE","og_type":"article","og_title":"PAVILLON 2\u00d72 - Shop online ElleErre","og_url":"https:\/\/elleerre.it\/de\/personalisiertes-easy-gazebo\/professionelle-pavillons\/pavillon-2x2\/","og_site_name":"ElleErre","article_publisher":"https:\/\/www.facebook.com\/ElleErre.it","article_modified_time":"2025-07-29T08:40:15+00:00","og_image":[{"width":1200,"height":800,"url":"https:\/\/elleerre.it\/wp-content\/uploads\/2021\/04\/easy-gazebo-2x2-personalizzato-elleerre.jpg","type":"image\/jpeg"}],"twitter_card":"summary_large_image","twitter_misc":{"Gesch\u00e4tzte Lesezeit":"1\u00a0Minute"},"schema":{"@context":"https:\/\/schema.org","@graph":[{"@type":"WebPage","@id":"https:\/\/elleerre.it\/de\/personalisiertes-easy-gazebo\/professionelle-pavillons\/pavillon-2x2\/","url":"https:\/\/elleerre.it\/de\/personalisiertes-easy-gazebo\/professionelle-pavillons\/pavillon-2x2\/","name":"PAVILLON 2\u00d72 - Shop online ElleErre","isPartOf":{"@id":"https:\/\/elleerre.it\/#website"},"primaryImageOfPage":{"@id":"https:\/\/elleerre.it\/de\/personalisiertes-easy-gazebo\/professionelle-pavillons\/pavillon-2x2\/#primaryimage"},"image":{"@id":"https:\/\/elleerre.it\/de\/personalisiertes-easy-gazebo\/professionelle-pavillons\/pavillon-2x2\/#primaryimage"},"thumbnailUrl":"https:\/\/elleerre.it\/wp-content\/uploads\/2021\/04\/easy-gazebo-2x2-personalizzato-elleerre.jpg","datePublished":"2021-04-20T15:19:20+00:00","dateModified":"2025-07-29T08:40:15+00:00","breadcrumb":{"@id":"https:\/\/elleerre.it\/de\/personalisiertes-easy-gazebo\/professionelle-pavillons\/pavillon-2x2\/#breadcrumb"},"inLanguage":"de","potentialAction":[{"@type":"ReadAction","target":["https:\/\/elleerre.it\/de\/personalisiertes-easy-gazebo\/professionelle-pavillons\/pavillon-2x2\/"]}]},{"@type":"ImageObject","inLanguage":"de","@id":"https:\/\/elleerre.it\/de\/personalisiertes-easy-gazebo\/professionelle-pavillons\/pavillon-2x2\/#primaryimage","url":"https:\/\/elleerre.it\/wp-content\/uploads\/2021\/04\/easy-gazebo-2x2-personalizzato-elleerre.jpg","contentUrl":"https:\/\/elleerre.it\/wp-content\/uploads\/2021\/04\/easy-gazebo-2x2-personalizzato-elleerre.jpg","width":1200,"height":800},{"@type":"BreadcrumbList","@id":"https:\/\/elleerre.it\/de\/personalisiertes-easy-gazebo\/professionelle-pavillons\/pavillon-2x2\/#breadcrumb","itemListElement":[{"@type":"ListItem","position":1,"name":"Home","item":"https:\/\/elleerre.it\/de\/"},{"@type":"ListItem","position":2,"name":"Shop","item":"https:\/\/elleerre.it\/shop\/"},{"@type":"ListItem","position":3,"name":"PAVILLON 2\u00d72"}]},{"@type":"WebSite","@id":"https:\/\/elleerre.it\/#website","url":"https:\/\/elleerre.it\/","name":"ElleErre","description":"Abbigliamento sportivo personalizzato","publisher":{"@id":"https:\/\/elleerre.it\/#organization"},"potentialAction":[{"@type":"SearchAction","target":{"@type":"EntryPoint","urlTemplate":"https:\/\/elleerre.it\/?s={search_term_string}"},"query-input":{"@type":"PropertyValueSpecification","valueRequired":true,"valueName":"search_term_string"}}],"inLanguage":"de"},{"@type":"Organization","@id":"https:\/\/elleerre.it\/#organization","name":"ElleErre","url":"https:\/\/elleerre.it\/","logo":{"@type":"ImageObject","inLanguage":"de","@id":"https:\/\/elleerre.it\/#\/schema\/logo\/image\/","url":"https:\/\/elleerre.it\/wp-content\/uploads\/2021\/04\/fettuccia_elleerre_var.jpg","contentUrl":"https:\/\/elleerre.it\/wp-content\/uploads\/2021\/04\/fettuccia_elleerre_var.jpg","width":300,"height":300,"caption":"ElleErre"},"image":{"@id":"https:\/\/elleerre.it\/#\/schema\/logo\/image\/"},"sameAs":["https:\/\/www.facebook.com\/ElleErre.it","https:\/\/www.instagram.com\/elleerre.it\/","https:\/\/www.youtube.com\/user\/EasyFlag"]}]}},"_links":{"self":[{"href":"https:\/\/elleerre.it\/de\/wp-json\/wp\/v2\/product\/13035","targetHints":{"allow":["GET"]}}],"collection":[{"href":"https:\/\/elleerre.it\/de\/wp-json\/wp\/v2\/product"}],"about":[{"href":"https:\/\/elleerre.it\/de\/wp-json\/wp\/v2\/types\/product"}],"wp:featuredmedia":[{"embeddable":true,"href":"https:\/\/elleerre.it\/de\/wp-json\/wp\/v2\/media\/11618"}],"wp:attachment":[{"href":"https:\/\/elleerre.it\/de\/wp-json\/wp\/v2\/media?parent=13035"}],"wp:term":[{"taxonomy":"product_brand","embeddable":true,"href":"https:\/\/elleerre.it\/de\/wp-json\/wp\/v2\/product_brand?post=13035"},{"taxonomy":"product_cat","embeddable":true,"href":"https:\/\/elleerre.it\/de\/wp-json\/wp\/v2\/product_cat?post=13035"},{"taxonomy":"product_tag","embeddable":true,"href":"https:\/\/elleerre.it\/de\/wp-json\/wp\/v2\/product_tag?post=13035"}],"curies":[{"name":"wp","href":"https:\/\/api.w.org\/{rel}","templated":true}]}}