{"id":13048,"date":"2021-04-20T15:20:23","date_gmt":"2021-04-20T15:20:23","guid":{"rendered":"https:\/\/elleerre.it\/unkategorisiert\/gazebo-3x45\/"},"modified":"2025-07-29T08:44:00","modified_gmt":"2025-07-29T08:44:00","slug":"gazebo-3x45","status":"publish","type":"product","link":"https:\/\/elleerre.it\/de\/personalisiertes-easy-gazebo\/professionelle-pavillons\/gazebo-3x45\/","title":{"rendered":"GAZEBO  3&#215;4,5"},"content":{"rendered":"<p>Die Pro-Struktur ist die beste, die auf dem Markt erh\u00e4ltlich ist. Ideal f\u00fcr diejenigen, die den Pavillon h\u00e4ufig und professionell nutzen. Es besteht aus 40x40mm\/2,0mm dicken Aluminiumprofilen, mit Schrauben aus rostfreiem Stahl und stranggepressten Aluminiumverbindungen.<\/p>\n<p>Der Pavillon 3\u00d74,5 wird direkt von Elle-Erre hergestellt und vertrieben, einem Unternehmen, das sich auf die Herstellung professioneller Pavillons spezialisiert hat: Einfache Handhabung, gro\u00dfe Benutzerfreundlichkeit und Qualit\u00e4t sind die St\u00e4rken unserer Produkte.<\/p>\n<p>Die Pro-Struktur ist das beste auf dem Markt erh\u00e4ltliche Pavillon, ideal f\u00fcr den h\u00e4ufigen und professionellen Einsatz. Sie besteht aus 40x40mm\/2,0mm dicken Aluminiumprofilen, die Verbindungsstellen sind aus 32x16mm Aluminiumverst\u00e4rkung, das Dach mit Federspannger\u00e4t hat einen Durchmesser von 60mm, stranggepresste Verbindungsstangen aus Aluminium und eine Standplatte aus verzinktem Stahl.<\/p>\n<p>Im Gegensatz dazu ist die Light-Struktur des 3\u00d74,5 Pavillons billiger, leichter und einfacher zu transportieren. Hergestellt aus 45mm\/0,8mm dicken Rohrprofilen, mit Verbindungsstangen aus 25\u00d712,5mm Aluminium; das Federspannger\u00e4t hat einen Durchmesser von 30mm, Nylonverbindungen und Standplatte aus Stahl.<\/p>\n<p>THERMOVERSCHWEISSTES PAVILLON DACH: f\u00fcr eine totale Isolierung bei Regen, sind die N\u00e4hte unserer Pavillond\u00e4cher hei\u00df versiegelt!<\/p>\n<p>PAVILLON STRUKTUR 3\u00d74,5<\/p>\n<p>&#8211; Gewicht: Pro Struktur 46kg, Light Struktur 34kg<br \/>\n&#8211; Maximale H\u00f6he: 3,30 m<br \/>\n&#8211; Breite: 4,41 m<br \/>\n&#8211; H\u00f6he bis zum Volant: 2,05 m<br \/>\n&#8211; Gr\u00f6\u00dfe, geschlossen 152x37x27 cm<br \/>\n&#8211; Teleskopstangen, verstellbar in 4 verschiedenen H\u00f6hen<br \/>\n&#8211; Ersatzteile verf\u00fcgbar<\/p>\n<p>PAVILLONABDECKUNG 3\u00d74,5<\/p>\n<p>&#8211; Polyester f\u00fcr einen feuerfesten und wasserabweisenden Pavillon<br \/>\n&#8211; Dach und Vorhang personalisierbar<br \/>\n&#8211; Vorhang mit Klettverschluss zur Positionierung der Seitenw\u00e4nde<br \/>\n&#8211; Seitenw\u00e4nde mit Scharnieren ausgestattet<\/p>\n<p>PAVILLON-KIT 3\u00d74,5<\/p>\n<p>&#8211; Transporttasche mit R\u00e4dern<br \/>\n&#8211; Abspannseile und Verankerungen zur Befestigung<br \/>\n&#8211; Personalisierbares Gewebe mit Grafiken<br \/>\n&#8211; Wir versenden in ganz Italien und Europa.<\/p>\n","protected":false},"excerpt":{"rendered":"<p>Easy-Gazebo 3\u00d74,5: Der praktische und stabile Pavillon. Der professionelle und robuste Pavillon.<\/p>\n","protected":false},"featured_media":12519,"template":"","meta":{"_acf_changed":false,"inline_featured_image":false},"product_brand":[],"product_cat":[1520,1522],"product_tag":[],"class_list":{"0":"post-13048","1":"product","2":"type-product","3":"status-publish","4":"has-post-thumbnail","6":"product_cat-personalisiertes-easy-gazebo","7":"product_cat-professionelle-pavillons","9":"first","10":"instock","11":"taxable","12":"shipping-taxable","13":"purchasable","14":"product-type-variable","15":"has-default-attributes"},"acf":[],"yoast_head":"<!-- This site is optimized with the Yoast SEO plugin v27.3 - https:\/\/yoast.com\/product\/yoast-seo-wordpress\/ -->\n<title>GAZEBO 3x4,5 - Shop online ElleErre<\/title>\n<meta name=\"robots\" content=\"index, follow, max-snippet:-1, max-image-preview:large, max-video-preview:-1\" \/>\n<link rel=\"canonical\" href=\"https:\/\/elleerre.it\/de\/personalisiertes-easy-gazebo\/professionelle-pavillons\/gazebo-3x45\/\" \/>\n<meta property=\"og:locale\" content=\"de_DE\" \/>\n<meta property=\"og:type\" content=\"article\" \/>\n<meta property=\"og:title\" content=\"GAZEBO 3x4,5 - Shop online ElleErre\" \/>\n<meta property=\"og:url\" content=\"https:\/\/elleerre.it\/de\/personalisiertes-easy-gazebo\/professionelle-pavillons\/gazebo-3x45\/\" \/>\n<meta property=\"og:site_name\" content=\"ElleErre\" \/>\n<meta property=\"article:publisher\" content=\"https:\/\/www.facebook.com\/ElleErre.it\" \/>\n<meta property=\"article:modified_time\" content=\"2025-07-29T08:44:00+00:00\" \/>\n<meta property=\"og:image\" content=\"https:\/\/elleerre.it\/wp-content\/uploads\/2021\/04\/easy-gazebo-3x45-elleerre-italianbikefestival-shop.jpg\" \/>\n\t<meta property=\"og:image:width\" content=\"1200\" \/>\n\t<meta property=\"og:image:height\" content=\"800\" \/>\n\t<meta property=\"og:image:type\" content=\"image\/jpeg\" \/>\n<meta name=\"twitter:card\" content=\"summary_large_image\" \/>\n<meta name=\"twitter:label1\" content=\"Gesch\u00e4tzte Lesezeit\" \/>\n\t<meta name=\"twitter:data1\" content=\"2\u00a0Minuten\" \/>\n<script type=\"application\/ld+json\" class=\"yoast-schema-graph\">{\"@context\":\"https:\\\/\\\/schema.org\",\"@graph\":[{\"@type\":\"WebPage\",\"@id\":\"https:\\\/\\\/elleerre.it\\\/de\\\/personalisiertes-easy-gazebo\\\/professionelle-pavillons\\\/gazebo-3x45\\\/\",\"url\":\"https:\\\/\\\/elleerre.it\\\/de\\\/personalisiertes-easy-gazebo\\\/professionelle-pavillons\\\/gazebo-3x45\\\/\",\"name\":\"GAZEBO 3x4,5 - Shop online ElleErre\",\"isPartOf\":{\"@id\":\"https:\\\/\\\/elleerre.it\\\/#website\"},\"primaryImageOfPage\":{\"@id\":\"https:\\\/\\\/elleerre.it\\\/de\\\/personalisiertes-easy-gazebo\\\/professionelle-pavillons\\\/gazebo-3x45\\\/#primaryimage\"},\"image\":{\"@id\":\"https:\\\/\\\/elleerre.it\\\/de\\\/personalisiertes-easy-gazebo\\\/professionelle-pavillons\\\/gazebo-3x45\\\/#primaryimage\"},\"thumbnailUrl\":\"https:\\\/\\\/elleerre.it\\\/wp-content\\\/uploads\\\/2021\\\/04\\\/easy-gazebo-3x45-elleerre-italianbikefestival-shop.jpg\",\"datePublished\":\"2021-04-20T15:20:23+00:00\",\"dateModified\":\"2025-07-29T08:44:00+00:00\",\"breadcrumb\":{\"@id\":\"https:\\\/\\\/elleerre.it\\\/de\\\/personalisiertes-easy-gazebo\\\/professionelle-pavillons\\\/gazebo-3x45\\\/#breadcrumb\"},\"inLanguage\":\"de\",\"potentialAction\":[{\"@type\":\"ReadAction\",\"target\":[\"https:\\\/\\\/elleerre.it\\\/de\\\/personalisiertes-easy-gazebo\\\/professionelle-pavillons\\\/gazebo-3x45\\\/\"]}]},{\"@type\":\"ImageObject\",\"inLanguage\":\"de\",\"@id\":\"https:\\\/\\\/elleerre.it\\\/de\\\/personalisiertes-easy-gazebo\\\/professionelle-pavillons\\\/gazebo-3x45\\\/#primaryimage\",\"url\":\"https:\\\/\\\/elleerre.it\\\/wp-content\\\/uploads\\\/2021\\\/04\\\/easy-gazebo-3x45-elleerre-italianbikefestival-shop.jpg\",\"contentUrl\":\"https:\\\/\\\/elleerre.it\\\/wp-content\\\/uploads\\\/2021\\\/04\\\/easy-gazebo-3x45-elleerre-italianbikefestival-shop.jpg\",\"width\":1200,\"height\":800},{\"@type\":\"BreadcrumbList\",\"@id\":\"https:\\\/\\\/elleerre.it\\\/de\\\/personalisiertes-easy-gazebo\\\/professionelle-pavillons\\\/gazebo-3x45\\\/#breadcrumb\",\"itemListElement\":[{\"@type\":\"ListItem\",\"position\":1,\"name\":\"Home\",\"item\":\"https:\\\/\\\/elleerre.it\\\/de\\\/\"},{\"@type\":\"ListItem\",\"position\":2,\"name\":\"Shop\",\"item\":\"https:\\\/\\\/elleerre.it\\\/shop\\\/\"},{\"@type\":\"ListItem\",\"position\":3,\"name\":\"GAZEBO 3&#215;4,5\"}]},{\"@type\":\"WebSite\",\"@id\":\"https:\\\/\\\/elleerre.it\\\/#website\",\"url\":\"https:\\\/\\\/elleerre.it\\\/\",\"name\":\"ElleErre\",\"description\":\"Abbigliamento sportivo personalizzato\",\"publisher\":{\"@id\":\"https:\\\/\\\/elleerre.it\\\/#organization\"},\"potentialAction\":[{\"@type\":\"SearchAction\",\"target\":{\"@type\":\"EntryPoint\",\"urlTemplate\":\"https:\\\/\\\/elleerre.it\\\/?s={search_term_string}\"},\"query-input\":{\"@type\":\"PropertyValueSpecification\",\"valueRequired\":true,\"valueName\":\"search_term_string\"}}],\"inLanguage\":\"de\"},{\"@type\":\"Organization\",\"@id\":\"https:\\\/\\\/elleerre.it\\\/#organization\",\"name\":\"ElleErre\",\"url\":\"https:\\\/\\\/elleerre.it\\\/\",\"logo\":{\"@type\":\"ImageObject\",\"inLanguage\":\"de\",\"@id\":\"https:\\\/\\\/elleerre.it\\\/#\\\/schema\\\/logo\\\/image\\\/\",\"url\":\"https:\\\/\\\/elleerre.it\\\/wp-content\\\/uploads\\\/2021\\\/04\\\/fettuccia_elleerre_var.jpg\",\"contentUrl\":\"https:\\\/\\\/elleerre.it\\\/wp-content\\\/uploads\\\/2021\\\/04\\\/fettuccia_elleerre_var.jpg\",\"width\":300,\"height\":300,\"caption\":\"ElleErre\"},\"image\":{\"@id\":\"https:\\\/\\\/elleerre.it\\\/#\\\/schema\\\/logo\\\/image\\\/\"},\"sameAs\":[\"https:\\\/\\\/www.facebook.com\\\/ElleErre.it\",\"https:\\\/\\\/www.instagram.com\\\/elleerre.it\\\/\",\"https:\\\/\\\/www.youtube.com\\\/user\\\/EasyFlag\"]}]}<\/script>\n<!-- \/ Yoast SEO plugin. -->","yoast_head_json":{"title":"GAZEBO 3x4,5 - Shop online ElleErre","robots":{"index":"index","follow":"follow","max-snippet":"max-snippet:-1","max-image-preview":"max-image-preview:large","max-video-preview":"max-video-preview:-1"},"canonical":"https:\/\/elleerre.it\/de\/personalisiertes-easy-gazebo\/professionelle-pavillons\/gazebo-3x45\/","og_locale":"de_DE","og_type":"article","og_title":"GAZEBO 3x4,5 - Shop online ElleErre","og_url":"https:\/\/elleerre.it\/de\/personalisiertes-easy-gazebo\/professionelle-pavillons\/gazebo-3x45\/","og_site_name":"ElleErre","article_publisher":"https:\/\/www.facebook.com\/ElleErre.it","article_modified_time":"2025-07-29T08:44:00+00:00","og_image":[{"width":1200,"height":800,"url":"https:\/\/elleerre.it\/wp-content\/uploads\/2021\/04\/easy-gazebo-3x45-elleerre-italianbikefestival-shop.jpg","type":"image\/jpeg"}],"twitter_card":"summary_large_image","twitter_misc":{"Gesch\u00e4tzte Lesezeit":"2\u00a0Minuten"},"schema":{"@context":"https:\/\/schema.org","@graph":[{"@type":"WebPage","@id":"https:\/\/elleerre.it\/de\/personalisiertes-easy-gazebo\/professionelle-pavillons\/gazebo-3x45\/","url":"https:\/\/elleerre.it\/de\/personalisiertes-easy-gazebo\/professionelle-pavillons\/gazebo-3x45\/","name":"GAZEBO 3x4,5 - Shop online ElleErre","isPartOf":{"@id":"https:\/\/elleerre.it\/#website"},"primaryImageOfPage":{"@id":"https:\/\/elleerre.it\/de\/personalisiertes-easy-gazebo\/professionelle-pavillons\/gazebo-3x45\/#primaryimage"},"image":{"@id":"https:\/\/elleerre.it\/de\/personalisiertes-easy-gazebo\/professionelle-pavillons\/gazebo-3x45\/#primaryimage"},"thumbnailUrl":"https:\/\/elleerre.it\/wp-content\/uploads\/2021\/04\/easy-gazebo-3x45-elleerre-italianbikefestival-shop.jpg","datePublished":"2021-04-20T15:20:23+00:00","dateModified":"2025-07-29T08:44:00+00:00","breadcrumb":{"@id":"https:\/\/elleerre.it\/de\/personalisiertes-easy-gazebo\/professionelle-pavillons\/gazebo-3x45\/#breadcrumb"},"inLanguage":"de","potentialAction":[{"@type":"ReadAction","target":["https:\/\/elleerre.it\/de\/personalisiertes-easy-gazebo\/professionelle-pavillons\/gazebo-3x45\/"]}]},{"@type":"ImageObject","inLanguage":"de","@id":"https:\/\/elleerre.it\/de\/personalisiertes-easy-gazebo\/professionelle-pavillons\/gazebo-3x45\/#primaryimage","url":"https:\/\/elleerre.it\/wp-content\/uploads\/2021\/04\/easy-gazebo-3x45-elleerre-italianbikefestival-shop.jpg","contentUrl":"https:\/\/elleerre.it\/wp-content\/uploads\/2021\/04\/easy-gazebo-3x45-elleerre-italianbikefestival-shop.jpg","width":1200,"height":800},{"@type":"BreadcrumbList","@id":"https:\/\/elleerre.it\/de\/personalisiertes-easy-gazebo\/professionelle-pavillons\/gazebo-3x45\/#breadcrumb","itemListElement":[{"@type":"ListItem","position":1,"name":"Home","item":"https:\/\/elleerre.it\/de\/"},{"@type":"ListItem","position":2,"name":"Shop","item":"https:\/\/elleerre.it\/shop\/"},{"@type":"ListItem","position":3,"name":"GAZEBO 3&#215;4,5"}]},{"@type":"WebSite","@id":"https:\/\/elleerre.it\/#website","url":"https:\/\/elleerre.it\/","name":"ElleErre","description":"Abbigliamento sportivo personalizzato","publisher":{"@id":"https:\/\/elleerre.it\/#organization"},"potentialAction":[{"@type":"SearchAction","target":{"@type":"EntryPoint","urlTemplate":"https:\/\/elleerre.it\/?s={search_term_string}"},"query-input":{"@type":"PropertyValueSpecification","valueRequired":true,"valueName":"search_term_string"}}],"inLanguage":"de"},{"@type":"Organization","@id":"https:\/\/elleerre.it\/#organization","name":"ElleErre","url":"https:\/\/elleerre.it\/","logo":{"@type":"ImageObject","inLanguage":"de","@id":"https:\/\/elleerre.it\/#\/schema\/logo\/image\/","url":"https:\/\/elleerre.it\/wp-content\/uploads\/2021\/04\/fettuccia_elleerre_var.jpg","contentUrl":"https:\/\/elleerre.it\/wp-content\/uploads\/2021\/04\/fettuccia_elleerre_var.jpg","width":300,"height":300,"caption":"ElleErre"},"image":{"@id":"https:\/\/elleerre.it\/#\/schema\/logo\/image\/"},"sameAs":["https:\/\/www.facebook.com\/ElleErre.it","https:\/\/www.instagram.com\/elleerre.it\/","https:\/\/www.youtube.com\/user\/EasyFlag"]}]}},"_links":{"self":[{"href":"https:\/\/elleerre.it\/de\/wp-json\/wp\/v2\/product\/13048","targetHints":{"allow":["GET"]}}],"collection":[{"href":"https:\/\/elleerre.it\/de\/wp-json\/wp\/v2\/product"}],"about":[{"href":"https:\/\/elleerre.it\/de\/wp-json\/wp\/v2\/types\/product"}],"wp:featuredmedia":[{"embeddable":true,"href":"https:\/\/elleerre.it\/de\/wp-json\/wp\/v2\/media\/12519"}],"wp:attachment":[{"href":"https:\/\/elleerre.it\/de\/wp-json\/wp\/v2\/media?parent=13048"}],"wp:term":[{"taxonomy":"product_brand","embeddable":true,"href":"https:\/\/elleerre.it\/de\/wp-json\/wp\/v2\/product_brand?post=13048"},{"taxonomy":"product_cat","embeddable":true,"href":"https:\/\/elleerre.it\/de\/wp-json\/wp\/v2\/product_cat?post=13048"},{"taxonomy":"product_tag","embeddable":true,"href":"https:\/\/elleerre.it\/de\/wp-json\/wp\/v2\/product_tag?post=13048"}],"curies":[{"name":"wp","href":"https:\/\/api.w.org\/{rel}","templated":true}]}}