{"id":13055,"date":"2021-04-20T15:19:34","date_gmt":"2021-04-20T15:19:34","guid":{"rendered":"https:\/\/elleerre.it\/unkategorisiert\/gazebo-4x4\/"},"modified":"2025-07-29T08:45:29","modified_gmt":"2025-07-29T08:45:29","slug":"gazebo-4x4","status":"publish","type":"product","link":"https:\/\/elleerre.it\/de\/personalisiertes-easy-gazebo\/professionelle-pavillons\/gazebo-4x4\/","title":{"rendered":"GAZEBO 4&#215;4"},"content":{"rendered":"<p>Der zusammenklappbare 4\u00d74-Pavillon von ElleErre schafft schnell und einfach eine \u00fcberdachte Nutzfl\u00e4che von 16 m\u00b2. Aus diesem Grund wird er h\u00e4ufig als Messepavillon verwendet, mit personalisiertem Dach und W\u00e4nden, die mit einem hochwertigen Digitaldruck hergestellt werden. Unsere professionellen Pavillons werden von uns direkt verkauft und in ganz Italien und Europa verschickt. Seit mehr als 25 Jahren stellen wir personalisierte Veranstaltungszelte her: Kaufen Sie mit Vertrauen den richtigen professionellen 4\u00d74-Faltpavillon f\u00fcr Ihre Bed\u00fcrfnisse.<\/p>\n<p>THERMOVERSCHWEISSTES PAVILLON DACH: f\u00fcr eine totale Isolierung bei Regen, sind die N\u00e4hte unserer Pavillond\u00e4cher hei\u00df versiegelt!<\/p>\n<p>4\u00d74-PAVILLON-STRUKTUR<br \/>\n&#8211; Maximale H\u00f6he 3,87 m.<br \/>\n&#8211; Breite 3,94 m.<br \/>\n&#8211; H\u00f6he bis zum Volant 2,16 m.<br \/>\n&#8211; Gewicht 44Kg.<br \/>\n&#8211; 40mm Aluminiumprofilstangen<br \/>\n&#8211; 1,8-2 mm dick<br \/>\n&#8211; Teleskopstangen, verstellbar in 5 verschiedenen H\u00f6hen<br \/>\n&#8211; Versenkbares 4\u00d74-Pavillon\u00f6ffnungssystem<br \/>\n&#8211; Ersatzteile verf\u00fcgbar<\/p>\n<p>PAVILLONABDECKUNG 4\u00d74<br \/>\n&#8211; Feuerfester und wasserabweisender Polyester<br \/>\n&#8211; Dach und Vorhang personalisierbar<br \/>\n&#8211; Vorhang mit Klettverschluss zur Positionierung der Seitenw\u00e4nde<br \/>\n&#8211; Seitenw\u00e4nde mit Scharnieren ausgestattet<\/p>\n<p>KOMPLETTER PAVILLION KIT 4\u00d74<br \/>\n&#8211; Transporttasche mit R\u00e4dern<br \/>\n&#8211; Abspannseile und Verankerungen zur Befestigung<br \/>\n&#8211; Personalisierbares Gewebe mit Grafiken<\/p>\n","protected":false},"excerpt":{"rendered":"<p>Easy-Gazebo 4\u00d74: der vielseitige und robuste Pavillon.<\/p>\n","protected":false},"featured_media":11894,"template":"","meta":{"_acf_changed":false,"inline_featured_image":false},"product_brand":[],"product_cat":[1520,1522],"product_tag":[],"class_list":{"0":"post-13055","1":"product","2":"type-product","3":"status-publish","4":"has-post-thumbnail","6":"product_cat-personalisiertes-easy-gazebo","7":"product_cat-professionelle-pavillons","9":"first","10":"instock","11":"taxable","12":"shipping-taxable","13":"purchasable","14":"product-type-variable","15":"has-default-attributes"},"acf":[],"yoast_head":"<!-- This site is optimized with the Yoast SEO plugin v27.3 - https:\/\/yoast.com\/product\/yoast-seo-wordpress\/ -->\n<title>GAZEBO 4x4 - Shop online ElleErre<\/title>\n<meta name=\"robots\" content=\"index, follow, max-snippet:-1, max-image-preview:large, max-video-preview:-1\" \/>\n<link rel=\"canonical\" href=\"https:\/\/elleerre.it\/de\/personalisiertes-easy-gazebo\/professionelle-pavillons\/gazebo-4x4\/\" \/>\n<meta property=\"og:locale\" content=\"de_DE\" \/>\n<meta property=\"og:type\" content=\"article\" \/>\n<meta property=\"og:title\" content=\"GAZEBO 4x4 - Shop online ElleErre\" \/>\n<meta property=\"og:url\" content=\"https:\/\/elleerre.it\/de\/personalisiertes-easy-gazebo\/professionelle-pavillons\/gazebo-4x4\/\" \/>\n<meta property=\"og:site_name\" content=\"ElleErre\" \/>\n<meta property=\"article:publisher\" content=\"https:\/\/www.facebook.com\/ElleErre.it\" \/>\n<meta property=\"article:modified_time\" content=\"2025-07-29T08:45:29+00:00\" \/>\n<meta property=\"og:image\" content=\"https:\/\/elleerre.it\/wp-content\/uploads\/2021\/04\/gazebo-per-eventi-4x4-airoh.jpg\" \/>\n\t<meta property=\"og:image:width\" content=\"1200\" \/>\n\t<meta property=\"og:image:height\" content=\"800\" \/>\n\t<meta property=\"og:image:type\" content=\"image\/jpeg\" \/>\n<meta name=\"twitter:card\" content=\"summary_large_image\" \/>\n<meta name=\"twitter:label1\" content=\"Gesch\u00e4tzte Lesezeit\" \/>\n\t<meta name=\"twitter:data1\" content=\"2\u00a0Minuten\" \/>\n<script type=\"application\/ld+json\" class=\"yoast-schema-graph\">{\"@context\":\"https:\\\/\\\/schema.org\",\"@graph\":[{\"@type\":\"WebPage\",\"@id\":\"https:\\\/\\\/elleerre.it\\\/de\\\/personalisiertes-easy-gazebo\\\/professionelle-pavillons\\\/gazebo-4x4\\\/\",\"url\":\"https:\\\/\\\/elleerre.it\\\/de\\\/personalisiertes-easy-gazebo\\\/professionelle-pavillons\\\/gazebo-4x4\\\/\",\"name\":\"GAZEBO 4x4 - Shop online ElleErre\",\"isPartOf\":{\"@id\":\"https:\\\/\\\/elleerre.it\\\/#website\"},\"primaryImageOfPage\":{\"@id\":\"https:\\\/\\\/elleerre.it\\\/de\\\/personalisiertes-easy-gazebo\\\/professionelle-pavillons\\\/gazebo-4x4\\\/#primaryimage\"},\"image\":{\"@id\":\"https:\\\/\\\/elleerre.it\\\/de\\\/personalisiertes-easy-gazebo\\\/professionelle-pavillons\\\/gazebo-4x4\\\/#primaryimage\"},\"thumbnailUrl\":\"https:\\\/\\\/elleerre.it\\\/wp-content\\\/uploads\\\/2021\\\/04\\\/gazebo-per-eventi-4x4-airoh.jpg\",\"datePublished\":\"2021-04-20T15:19:34+00:00\",\"dateModified\":\"2025-07-29T08:45:29+00:00\",\"breadcrumb\":{\"@id\":\"https:\\\/\\\/elleerre.it\\\/de\\\/personalisiertes-easy-gazebo\\\/professionelle-pavillons\\\/gazebo-4x4\\\/#breadcrumb\"},\"inLanguage\":\"de\",\"potentialAction\":[{\"@type\":\"ReadAction\",\"target\":[\"https:\\\/\\\/elleerre.it\\\/de\\\/personalisiertes-easy-gazebo\\\/professionelle-pavillons\\\/gazebo-4x4\\\/\"]}]},{\"@type\":\"ImageObject\",\"inLanguage\":\"de\",\"@id\":\"https:\\\/\\\/elleerre.it\\\/de\\\/personalisiertes-easy-gazebo\\\/professionelle-pavillons\\\/gazebo-4x4\\\/#primaryimage\",\"url\":\"https:\\\/\\\/elleerre.it\\\/wp-content\\\/uploads\\\/2021\\\/04\\\/gazebo-per-eventi-4x4-airoh.jpg\",\"contentUrl\":\"https:\\\/\\\/elleerre.it\\\/wp-content\\\/uploads\\\/2021\\\/04\\\/gazebo-per-eventi-4x4-airoh.jpg\",\"width\":1200,\"height\":800},{\"@type\":\"BreadcrumbList\",\"@id\":\"https:\\\/\\\/elleerre.it\\\/de\\\/personalisiertes-easy-gazebo\\\/professionelle-pavillons\\\/gazebo-4x4\\\/#breadcrumb\",\"itemListElement\":[{\"@type\":\"ListItem\",\"position\":1,\"name\":\"Home\",\"item\":\"https:\\\/\\\/elleerre.it\\\/de\\\/\"},{\"@type\":\"ListItem\",\"position\":2,\"name\":\"Shop\",\"item\":\"https:\\\/\\\/elleerre.it\\\/shop\\\/\"},{\"@type\":\"ListItem\",\"position\":3,\"name\":\"GAZEBO 4&#215;4\"}]},{\"@type\":\"WebSite\",\"@id\":\"https:\\\/\\\/elleerre.it\\\/#website\",\"url\":\"https:\\\/\\\/elleerre.it\\\/\",\"name\":\"ElleErre\",\"description\":\"Abbigliamento sportivo personalizzato\",\"publisher\":{\"@id\":\"https:\\\/\\\/elleerre.it\\\/#organization\"},\"potentialAction\":[{\"@type\":\"SearchAction\",\"target\":{\"@type\":\"EntryPoint\",\"urlTemplate\":\"https:\\\/\\\/elleerre.it\\\/?s={search_term_string}\"},\"query-input\":{\"@type\":\"PropertyValueSpecification\",\"valueRequired\":true,\"valueName\":\"search_term_string\"}}],\"inLanguage\":\"de\"},{\"@type\":\"Organization\",\"@id\":\"https:\\\/\\\/elleerre.it\\\/#organization\",\"name\":\"ElleErre\",\"url\":\"https:\\\/\\\/elleerre.it\\\/\",\"logo\":{\"@type\":\"ImageObject\",\"inLanguage\":\"de\",\"@id\":\"https:\\\/\\\/elleerre.it\\\/#\\\/schema\\\/logo\\\/image\\\/\",\"url\":\"https:\\\/\\\/elleerre.it\\\/wp-content\\\/uploads\\\/2021\\\/04\\\/fettuccia_elleerre_var.jpg\",\"contentUrl\":\"https:\\\/\\\/elleerre.it\\\/wp-content\\\/uploads\\\/2021\\\/04\\\/fettuccia_elleerre_var.jpg\",\"width\":300,\"height\":300,\"caption\":\"ElleErre\"},\"image\":{\"@id\":\"https:\\\/\\\/elleerre.it\\\/#\\\/schema\\\/logo\\\/image\\\/\"},\"sameAs\":[\"https:\\\/\\\/www.facebook.com\\\/ElleErre.it\",\"https:\\\/\\\/www.instagram.com\\\/elleerre.it\\\/\",\"https:\\\/\\\/www.youtube.com\\\/user\\\/EasyFlag\"]}]}<\/script>\n<!-- \/ Yoast SEO plugin. -->","yoast_head_json":{"title":"GAZEBO 4x4 - Shop online ElleErre","robots":{"index":"index","follow":"follow","max-snippet":"max-snippet:-1","max-image-preview":"max-image-preview:large","max-video-preview":"max-video-preview:-1"},"canonical":"https:\/\/elleerre.it\/de\/personalisiertes-easy-gazebo\/professionelle-pavillons\/gazebo-4x4\/","og_locale":"de_DE","og_type":"article","og_title":"GAZEBO 4x4 - Shop online ElleErre","og_url":"https:\/\/elleerre.it\/de\/personalisiertes-easy-gazebo\/professionelle-pavillons\/gazebo-4x4\/","og_site_name":"ElleErre","article_publisher":"https:\/\/www.facebook.com\/ElleErre.it","article_modified_time":"2025-07-29T08:45:29+00:00","og_image":[{"width":1200,"height":800,"url":"https:\/\/elleerre.it\/wp-content\/uploads\/2021\/04\/gazebo-per-eventi-4x4-airoh.jpg","type":"image\/jpeg"}],"twitter_card":"summary_large_image","twitter_misc":{"Gesch\u00e4tzte Lesezeit":"2\u00a0Minuten"},"schema":{"@context":"https:\/\/schema.org","@graph":[{"@type":"WebPage","@id":"https:\/\/elleerre.it\/de\/personalisiertes-easy-gazebo\/professionelle-pavillons\/gazebo-4x4\/","url":"https:\/\/elleerre.it\/de\/personalisiertes-easy-gazebo\/professionelle-pavillons\/gazebo-4x4\/","name":"GAZEBO 4x4 - Shop online ElleErre","isPartOf":{"@id":"https:\/\/elleerre.it\/#website"},"primaryImageOfPage":{"@id":"https:\/\/elleerre.it\/de\/personalisiertes-easy-gazebo\/professionelle-pavillons\/gazebo-4x4\/#primaryimage"},"image":{"@id":"https:\/\/elleerre.it\/de\/personalisiertes-easy-gazebo\/professionelle-pavillons\/gazebo-4x4\/#primaryimage"},"thumbnailUrl":"https:\/\/elleerre.it\/wp-content\/uploads\/2021\/04\/gazebo-per-eventi-4x4-airoh.jpg","datePublished":"2021-04-20T15:19:34+00:00","dateModified":"2025-07-29T08:45:29+00:00","breadcrumb":{"@id":"https:\/\/elleerre.it\/de\/personalisiertes-easy-gazebo\/professionelle-pavillons\/gazebo-4x4\/#breadcrumb"},"inLanguage":"de","potentialAction":[{"@type":"ReadAction","target":["https:\/\/elleerre.it\/de\/personalisiertes-easy-gazebo\/professionelle-pavillons\/gazebo-4x4\/"]}]},{"@type":"ImageObject","inLanguage":"de","@id":"https:\/\/elleerre.it\/de\/personalisiertes-easy-gazebo\/professionelle-pavillons\/gazebo-4x4\/#primaryimage","url":"https:\/\/elleerre.it\/wp-content\/uploads\/2021\/04\/gazebo-per-eventi-4x4-airoh.jpg","contentUrl":"https:\/\/elleerre.it\/wp-content\/uploads\/2021\/04\/gazebo-per-eventi-4x4-airoh.jpg","width":1200,"height":800},{"@type":"BreadcrumbList","@id":"https:\/\/elleerre.it\/de\/personalisiertes-easy-gazebo\/professionelle-pavillons\/gazebo-4x4\/#breadcrumb","itemListElement":[{"@type":"ListItem","position":1,"name":"Home","item":"https:\/\/elleerre.it\/de\/"},{"@type":"ListItem","position":2,"name":"Shop","item":"https:\/\/elleerre.it\/shop\/"},{"@type":"ListItem","position":3,"name":"GAZEBO 4&#215;4"}]},{"@type":"WebSite","@id":"https:\/\/elleerre.it\/#website","url":"https:\/\/elleerre.it\/","name":"ElleErre","description":"Abbigliamento sportivo personalizzato","publisher":{"@id":"https:\/\/elleerre.it\/#organization"},"potentialAction":[{"@type":"SearchAction","target":{"@type":"EntryPoint","urlTemplate":"https:\/\/elleerre.it\/?s={search_term_string}"},"query-input":{"@type":"PropertyValueSpecification","valueRequired":true,"valueName":"search_term_string"}}],"inLanguage":"de"},{"@type":"Organization","@id":"https:\/\/elleerre.it\/#organization","name":"ElleErre","url":"https:\/\/elleerre.it\/","logo":{"@type":"ImageObject","inLanguage":"de","@id":"https:\/\/elleerre.it\/#\/schema\/logo\/image\/","url":"https:\/\/elleerre.it\/wp-content\/uploads\/2021\/04\/fettuccia_elleerre_var.jpg","contentUrl":"https:\/\/elleerre.it\/wp-content\/uploads\/2021\/04\/fettuccia_elleerre_var.jpg","width":300,"height":300,"caption":"ElleErre"},"image":{"@id":"https:\/\/elleerre.it\/#\/schema\/logo\/image\/"},"sameAs":["https:\/\/www.facebook.com\/ElleErre.it","https:\/\/www.instagram.com\/elleerre.it\/","https:\/\/www.youtube.com\/user\/EasyFlag"]}]}},"_links":{"self":[{"href":"https:\/\/elleerre.it\/de\/wp-json\/wp\/v2\/product\/13055","targetHints":{"allow":["GET"]}}],"collection":[{"href":"https:\/\/elleerre.it\/de\/wp-json\/wp\/v2\/product"}],"about":[{"href":"https:\/\/elleerre.it\/de\/wp-json\/wp\/v2\/types\/product"}],"wp:featuredmedia":[{"embeddable":true,"href":"https:\/\/elleerre.it\/de\/wp-json\/wp\/v2\/media\/11894"}],"wp:attachment":[{"href":"https:\/\/elleerre.it\/de\/wp-json\/wp\/v2\/media?parent=13055"}],"wp:term":[{"taxonomy":"product_brand","embeddable":true,"href":"https:\/\/elleerre.it\/de\/wp-json\/wp\/v2\/product_brand?post=13055"},{"taxonomy":"product_cat","embeddable":true,"href":"https:\/\/elleerre.it\/de\/wp-json\/wp\/v2\/product_cat?post=13055"},{"taxonomy":"product_tag","embeddable":true,"href":"https:\/\/elleerre.it\/de\/wp-json\/wp\/v2\/product_tag?post=13055"}],"curies":[{"name":"wp","href":"https:\/\/api.w.org\/{rel}","templated":true}]}}