{"id":13085,"date":"2021-04-20T15:08:57","date_gmt":"2021-04-20T15:08:57","guid":{"rendered":"https:\/\/elleerre.it\/unkategorisiert\/iron-cross-base\/"},"modified":"2024-09-19T08:55:34","modified_gmt":"2024-09-19T08:55:34","slug":"eisenkreuzsockel","status":"publish","type":"product","link":"https:\/\/elleerre.it\/de\/personalisierte-flaggen\/zubehor-fur-easy-flag-fahnenmasten\/eisenkreuzsockel\/","title":{"rendered":"EISENKREUZSOCKEL"},"content":{"rendered":"<p>F\u00fcr Fahnen steht Ihnen eine Reihe von optionalen Standf\u00fc\u00dfen zur Verf\u00fcgung, mit denen unsere Strukturen mit dem Fu\u00df ausgestattet werden k\u00f6nnen, der Ihren Bed\u00fcrfnissen am besten entspricht. W\u00e4hlen Sie den am besten geeigneten Fu\u00df aus: Eisen-Standfu\u00df, Beton-Standplatte (20kg 30kg), Ballast, Autofu\u00df, Metall-Standplatte, XL-Bodend\u00fcbel<\/p>\n","protected":false},"excerpt":{"rendered":"<p>Fahnenstandfu\u00df aus Eisen in Form eines Kreuzes, der f\u00fcr alle Oberfl\u00e4chen geeignet ist. Geeignete Halterung sowohl im Innen- als auch im Au\u00dfenbereich.<\/p>\n","protected":false},"featured_media":11868,"template":"","meta":{"_acf_changed":false,"inline_featured_image":false},"product_brand":[],"product_cat":[1495,1499],"product_tag":[],"class_list":{"0":"post-13085","1":"product","2":"type-product","3":"status-publish","4":"has-post-thumbnail","6":"product_cat-personalisierte-flaggen","7":"product_cat-zubehor-fur-easy-flag-fahnenmasten","9":"first","10":"instock","11":"taxable","12":"shipping-taxable","13":"purchasable","14":"product-type-variable","15":"has-default-attributes"},"acf":[],"yoast_head":"<!-- This site is optimized with the Yoast SEO plugin v27.3 - https:\/\/yoast.com\/product\/yoast-seo-wordpress\/ -->\n<title>EISENKREUZSOCKEL - Shop online ElleErre<\/title>\n<meta name=\"robots\" content=\"index, follow, max-snippet:-1, max-image-preview:large, max-video-preview:-1\" \/>\n<link rel=\"canonical\" href=\"https:\/\/elleerre.it\/de\/personalisierte-flaggen\/zubehor-fur-easy-flag-fahnenmasten\/eisenkreuzsockel\/\" \/>\n<meta property=\"og:locale\" content=\"de_DE\" \/>\n<meta property=\"og:type\" content=\"article\" \/>\n<meta property=\"og:title\" content=\"EISENKREUZSOCKEL - Shop online ElleErre\" \/>\n<meta property=\"og:url\" content=\"https:\/\/elleerre.it\/de\/personalisierte-flaggen\/zubehor-fur-easy-flag-fahnenmasten\/eisenkreuzsockel\/\" \/>\n<meta property=\"og:site_name\" content=\"ElleErre\" \/>\n<meta property=\"article:publisher\" content=\"https:\/\/www.facebook.com\/ElleErre.it\" \/>\n<meta property=\"article:modified_time\" content=\"2024-09-19T08:55:34+00:00\" \/>\n<meta property=\"og:image\" content=\"https:\/\/elleerre.it\/wp-content\/uploads\/2021\/04\/EasyFlag-Base-a-croce-copia.jpg\" \/>\n\t<meta property=\"og:image:width\" content=\"1200\" \/>\n\t<meta property=\"og:image:height\" content=\"1200\" \/>\n\t<meta property=\"og:image:type\" content=\"image\/jpeg\" \/>\n<meta name=\"twitter:card\" content=\"summary_large_image\" \/>\n<meta name=\"twitter:label1\" content=\"Gesch\u00e4tzte Lesezeit\" \/>\n\t<meta name=\"twitter:data1\" content=\"1\u00a0Minute\" \/>\n<script type=\"application\/ld+json\" class=\"yoast-schema-graph\">{\"@context\":\"https:\\\/\\\/schema.org\",\"@graph\":[{\"@type\":\"WebPage\",\"@id\":\"https:\\\/\\\/elleerre.it\\\/de\\\/personalisierte-flaggen\\\/zubehor-fur-easy-flag-fahnenmasten\\\/eisenkreuzsockel\\\/\",\"url\":\"https:\\\/\\\/elleerre.it\\\/de\\\/personalisierte-flaggen\\\/zubehor-fur-easy-flag-fahnenmasten\\\/eisenkreuzsockel\\\/\",\"name\":\"EISENKREUZSOCKEL - Shop online ElleErre\",\"isPartOf\":{\"@id\":\"https:\\\/\\\/elleerre.it\\\/#website\"},\"primaryImageOfPage\":{\"@id\":\"https:\\\/\\\/elleerre.it\\\/de\\\/personalisierte-flaggen\\\/zubehor-fur-easy-flag-fahnenmasten\\\/eisenkreuzsockel\\\/#primaryimage\"},\"image\":{\"@id\":\"https:\\\/\\\/elleerre.it\\\/de\\\/personalisierte-flaggen\\\/zubehor-fur-easy-flag-fahnenmasten\\\/eisenkreuzsockel\\\/#primaryimage\"},\"thumbnailUrl\":\"https:\\\/\\\/elleerre.it\\\/wp-content\\\/uploads\\\/2021\\\/04\\\/EasyFlag-Base-a-croce-copia.jpg\",\"datePublished\":\"2021-04-20T15:08:57+00:00\",\"dateModified\":\"2024-09-19T08:55:34+00:00\",\"breadcrumb\":{\"@id\":\"https:\\\/\\\/elleerre.it\\\/de\\\/personalisierte-flaggen\\\/zubehor-fur-easy-flag-fahnenmasten\\\/eisenkreuzsockel\\\/#breadcrumb\"},\"inLanguage\":\"de\",\"potentialAction\":[{\"@type\":\"ReadAction\",\"target\":[\"https:\\\/\\\/elleerre.it\\\/de\\\/personalisierte-flaggen\\\/zubehor-fur-easy-flag-fahnenmasten\\\/eisenkreuzsockel\\\/\"]}]},{\"@type\":\"ImageObject\",\"inLanguage\":\"de\",\"@id\":\"https:\\\/\\\/elleerre.it\\\/de\\\/personalisierte-flaggen\\\/zubehor-fur-easy-flag-fahnenmasten\\\/eisenkreuzsockel\\\/#primaryimage\",\"url\":\"https:\\\/\\\/elleerre.it\\\/wp-content\\\/uploads\\\/2021\\\/04\\\/EasyFlag-Base-a-croce-copia.jpg\",\"contentUrl\":\"https:\\\/\\\/elleerre.it\\\/wp-content\\\/uploads\\\/2021\\\/04\\\/EasyFlag-Base-a-croce-copia.jpg\",\"width\":1200,\"height\":1200},{\"@type\":\"BreadcrumbList\",\"@id\":\"https:\\\/\\\/elleerre.it\\\/de\\\/personalisierte-flaggen\\\/zubehor-fur-easy-flag-fahnenmasten\\\/eisenkreuzsockel\\\/#breadcrumb\",\"itemListElement\":[{\"@type\":\"ListItem\",\"position\":1,\"name\":\"Home\",\"item\":\"https:\\\/\\\/elleerre.it\\\/de\\\/\"},{\"@type\":\"ListItem\",\"position\":2,\"name\":\"Shop\",\"item\":\"https:\\\/\\\/elleerre.it\\\/shop\\\/\"},{\"@type\":\"ListItem\",\"position\":3,\"name\":\"EISENKREUZSOCKEL\"}]},{\"@type\":\"WebSite\",\"@id\":\"https:\\\/\\\/elleerre.it\\\/#website\",\"url\":\"https:\\\/\\\/elleerre.it\\\/\",\"name\":\"ElleErre\",\"description\":\"Abbigliamento sportivo personalizzato\",\"publisher\":{\"@id\":\"https:\\\/\\\/elleerre.it\\\/#organization\"},\"potentialAction\":[{\"@type\":\"SearchAction\",\"target\":{\"@type\":\"EntryPoint\",\"urlTemplate\":\"https:\\\/\\\/elleerre.it\\\/?s={search_term_string}\"},\"query-input\":{\"@type\":\"PropertyValueSpecification\",\"valueRequired\":true,\"valueName\":\"search_term_string\"}}],\"inLanguage\":\"de\"},{\"@type\":\"Organization\",\"@id\":\"https:\\\/\\\/elleerre.it\\\/#organization\",\"name\":\"ElleErre\",\"url\":\"https:\\\/\\\/elleerre.it\\\/\",\"logo\":{\"@type\":\"ImageObject\",\"inLanguage\":\"de\",\"@id\":\"https:\\\/\\\/elleerre.it\\\/#\\\/schema\\\/logo\\\/image\\\/\",\"url\":\"https:\\\/\\\/elleerre.it\\\/wp-content\\\/uploads\\\/2021\\\/04\\\/fettuccia_elleerre_var.jpg\",\"contentUrl\":\"https:\\\/\\\/elleerre.it\\\/wp-content\\\/uploads\\\/2021\\\/04\\\/fettuccia_elleerre_var.jpg\",\"width\":300,\"height\":300,\"caption\":\"ElleErre\"},\"image\":{\"@id\":\"https:\\\/\\\/elleerre.it\\\/#\\\/schema\\\/logo\\\/image\\\/\"},\"sameAs\":[\"https:\\\/\\\/www.facebook.com\\\/ElleErre.it\",\"https:\\\/\\\/www.instagram.com\\\/elleerre.it\\\/\",\"https:\\\/\\\/www.youtube.com\\\/user\\\/EasyFlag\"]}]}<\/script>\n<!-- \/ Yoast SEO plugin. -->","yoast_head_json":{"title":"EISENKREUZSOCKEL - Shop online ElleErre","robots":{"index":"index","follow":"follow","max-snippet":"max-snippet:-1","max-image-preview":"max-image-preview:large","max-video-preview":"max-video-preview:-1"},"canonical":"https:\/\/elleerre.it\/de\/personalisierte-flaggen\/zubehor-fur-easy-flag-fahnenmasten\/eisenkreuzsockel\/","og_locale":"de_DE","og_type":"article","og_title":"EISENKREUZSOCKEL - Shop online ElleErre","og_url":"https:\/\/elleerre.it\/de\/personalisierte-flaggen\/zubehor-fur-easy-flag-fahnenmasten\/eisenkreuzsockel\/","og_site_name":"ElleErre","article_publisher":"https:\/\/www.facebook.com\/ElleErre.it","article_modified_time":"2024-09-19T08:55:34+00:00","og_image":[{"width":1200,"height":1200,"url":"https:\/\/elleerre.it\/wp-content\/uploads\/2021\/04\/EasyFlag-Base-a-croce-copia.jpg","type":"image\/jpeg"}],"twitter_card":"summary_large_image","twitter_misc":{"Gesch\u00e4tzte Lesezeit":"1\u00a0Minute"},"schema":{"@context":"https:\/\/schema.org","@graph":[{"@type":"WebPage","@id":"https:\/\/elleerre.it\/de\/personalisierte-flaggen\/zubehor-fur-easy-flag-fahnenmasten\/eisenkreuzsockel\/","url":"https:\/\/elleerre.it\/de\/personalisierte-flaggen\/zubehor-fur-easy-flag-fahnenmasten\/eisenkreuzsockel\/","name":"EISENKREUZSOCKEL - Shop online ElleErre","isPartOf":{"@id":"https:\/\/elleerre.it\/#website"},"primaryImageOfPage":{"@id":"https:\/\/elleerre.it\/de\/personalisierte-flaggen\/zubehor-fur-easy-flag-fahnenmasten\/eisenkreuzsockel\/#primaryimage"},"image":{"@id":"https:\/\/elleerre.it\/de\/personalisierte-flaggen\/zubehor-fur-easy-flag-fahnenmasten\/eisenkreuzsockel\/#primaryimage"},"thumbnailUrl":"https:\/\/elleerre.it\/wp-content\/uploads\/2021\/04\/EasyFlag-Base-a-croce-copia.jpg","datePublished":"2021-04-20T15:08:57+00:00","dateModified":"2024-09-19T08:55:34+00:00","breadcrumb":{"@id":"https:\/\/elleerre.it\/de\/personalisierte-flaggen\/zubehor-fur-easy-flag-fahnenmasten\/eisenkreuzsockel\/#breadcrumb"},"inLanguage":"de","potentialAction":[{"@type":"ReadAction","target":["https:\/\/elleerre.it\/de\/personalisierte-flaggen\/zubehor-fur-easy-flag-fahnenmasten\/eisenkreuzsockel\/"]}]},{"@type":"ImageObject","inLanguage":"de","@id":"https:\/\/elleerre.it\/de\/personalisierte-flaggen\/zubehor-fur-easy-flag-fahnenmasten\/eisenkreuzsockel\/#primaryimage","url":"https:\/\/elleerre.it\/wp-content\/uploads\/2021\/04\/EasyFlag-Base-a-croce-copia.jpg","contentUrl":"https:\/\/elleerre.it\/wp-content\/uploads\/2021\/04\/EasyFlag-Base-a-croce-copia.jpg","width":1200,"height":1200},{"@type":"BreadcrumbList","@id":"https:\/\/elleerre.it\/de\/personalisierte-flaggen\/zubehor-fur-easy-flag-fahnenmasten\/eisenkreuzsockel\/#breadcrumb","itemListElement":[{"@type":"ListItem","position":1,"name":"Home","item":"https:\/\/elleerre.it\/de\/"},{"@type":"ListItem","position":2,"name":"Shop","item":"https:\/\/elleerre.it\/shop\/"},{"@type":"ListItem","position":3,"name":"EISENKREUZSOCKEL"}]},{"@type":"WebSite","@id":"https:\/\/elleerre.it\/#website","url":"https:\/\/elleerre.it\/","name":"ElleErre","description":"Abbigliamento sportivo personalizzato","publisher":{"@id":"https:\/\/elleerre.it\/#organization"},"potentialAction":[{"@type":"SearchAction","target":{"@type":"EntryPoint","urlTemplate":"https:\/\/elleerre.it\/?s={search_term_string}"},"query-input":{"@type":"PropertyValueSpecification","valueRequired":true,"valueName":"search_term_string"}}],"inLanguage":"de"},{"@type":"Organization","@id":"https:\/\/elleerre.it\/#organization","name":"ElleErre","url":"https:\/\/elleerre.it\/","logo":{"@type":"ImageObject","inLanguage":"de","@id":"https:\/\/elleerre.it\/#\/schema\/logo\/image\/","url":"https:\/\/elleerre.it\/wp-content\/uploads\/2021\/04\/fettuccia_elleerre_var.jpg","contentUrl":"https:\/\/elleerre.it\/wp-content\/uploads\/2021\/04\/fettuccia_elleerre_var.jpg","width":300,"height":300,"caption":"ElleErre"},"image":{"@id":"https:\/\/elleerre.it\/#\/schema\/logo\/image\/"},"sameAs":["https:\/\/www.facebook.com\/ElleErre.it","https:\/\/www.instagram.com\/elleerre.it\/","https:\/\/www.youtube.com\/user\/EasyFlag"]}]}},"_links":{"self":[{"href":"https:\/\/elleerre.it\/de\/wp-json\/wp\/v2\/product\/13085","targetHints":{"allow":["GET"]}}],"collection":[{"href":"https:\/\/elleerre.it\/de\/wp-json\/wp\/v2\/product"}],"about":[{"href":"https:\/\/elleerre.it\/de\/wp-json\/wp\/v2\/types\/product"}],"wp:featuredmedia":[{"embeddable":true,"href":"https:\/\/elleerre.it\/de\/wp-json\/wp\/v2\/media\/11868"}],"wp:attachment":[{"href":"https:\/\/elleerre.it\/de\/wp-json\/wp\/v2\/media?parent=13085"}],"wp:term":[{"taxonomy":"product_brand","embeddable":true,"href":"https:\/\/elleerre.it\/de\/wp-json\/wp\/v2\/product_brand?post=13085"},{"taxonomy":"product_cat","embeddable":true,"href":"https:\/\/elleerre.it\/de\/wp-json\/wp\/v2\/product_cat?post=13085"},{"taxonomy":"product_tag","embeddable":true,"href":"https:\/\/elleerre.it\/de\/wp-json\/wp\/v2\/product_tag?post=13085"}],"curies":[{"name":"wp","href":"https:\/\/api.w.org\/{rel}","templated":true}]}}