{"id":13106,"date":"2021-04-20T15:30:42","date_gmt":"2021-04-20T15:30:42","guid":{"rendered":"https:\/\/elleerre.it\/unkategorisiert\/lycra-bibs\/"},"modified":"2024-11-04T22:24:20","modified_gmt":"2024-11-04T22:24:20","slug":"lycra-startnummern","status":"publish","type":"product","link":"https:\/\/elleerre.it\/de\/personalisierbares-material-fur-wettbewerbe\/personalisierte-startnummern\/lycra-startnummern\/","title":{"rendered":"LYCRA STARTNUMMERN"},"content":{"rendered":"<p>Die Lycra Startnummern von ElleErre sind elastisch und personalisierbar. Sie sind digital gedruckt und gestatten v\u00f6llige Freiheit bei der Gestaltung von Grafiken und Farben. Die Startnummern aus Lycra sind elastisch, schr\u00e4nken die Bewegungsfreiheit nicht ein und sind ideal f\u00fcr Wettk\u00e4mpfe aller Art. ElleErre stellt personalisierte bedruckbare Brust- und R\u00fcckenstartnummern aus Lycra, f\u00fcr vollst\u00e4ndige Sichtbarkeit und Kontrolle der Teilnehmer .<br \/>\nDie Standardma\u00dfe der Startnummern sind: 50x47cm.<\/p>\n","protected":false},"excerpt":{"rendered":"<p>Die Lycra Startnummern von ElleErre sind stark, elastisch und personalisierbar.<\/p>\n","protected":false},"featured_media":11739,"template":"","meta":{"_acf_changed":false,"inline_featured_image":false},"product_brand":[],"product_cat":[1532,1534],"product_tag":[],"class_list":{"0":"post-13106","1":"product","2":"type-product","3":"status-publish","4":"has-post-thumbnail","6":"product_cat-personalisierbares-material-fur-wettbewerbe","7":"product_cat-personalisierte-startnummern","9":"first","10":"instock","11":"taxable","12":"shipping-taxable","13":"purchasable","14":"product-type-variable","15":"has-default-attributes"},"acf":[],"yoast_head":"<!-- This site is optimized with the Yoast SEO plugin v27.3 - https:\/\/yoast.com\/product\/yoast-seo-wordpress\/ -->\n<title>LYCRA STARTNUMMERN - Shop online ElleErre<\/title>\n<meta name=\"robots\" content=\"index, follow, max-snippet:-1, max-image-preview:large, max-video-preview:-1\" \/>\n<link rel=\"canonical\" href=\"https:\/\/elleerre.it\/de\/personalisierbares-material-fur-wettbewerbe\/personalisierte-startnummern\/lycra-startnummern\/\" \/>\n<meta property=\"og:locale\" content=\"de_DE\" \/>\n<meta property=\"og:type\" content=\"article\" \/>\n<meta property=\"og:title\" content=\"LYCRA STARTNUMMERN - Shop online ElleErre\" \/>\n<meta property=\"og:url\" content=\"https:\/\/elleerre.it\/de\/personalisierbares-material-fur-wettbewerbe\/personalisierte-startnummern\/lycra-startnummern\/\" \/>\n<meta property=\"og:site_name\" content=\"ElleErre\" \/>\n<meta property=\"article:publisher\" content=\"https:\/\/www.facebook.com\/ElleErre.it\" \/>\n<meta property=\"article:modified_time\" content=\"2024-11-04T22:24:20+00:00\" \/>\n<meta property=\"og:image\" content=\"https:\/\/elleerre.it\/wp-content\/uploads\/2021\/04\/pettorale-gara-sci-personalizzato.jpg\" \/>\n\t<meta property=\"og:image:width\" content=\"1200\" \/>\n\t<meta property=\"og:image:height\" content=\"800\" \/>\n\t<meta property=\"og:image:type\" content=\"image\/jpeg\" \/>\n<meta name=\"twitter:card\" content=\"summary_large_image\" \/>\n<meta name=\"twitter:label1\" content=\"Gesch\u00e4tzte Lesezeit\" \/>\n\t<meta name=\"twitter:data1\" content=\"1\u00a0Minute\" \/>\n<script type=\"application\/ld+json\" class=\"yoast-schema-graph\">{\"@context\":\"https:\\\/\\\/schema.org\",\"@graph\":[{\"@type\":\"WebPage\",\"@id\":\"https:\\\/\\\/elleerre.it\\\/de\\\/personalisierbares-material-fur-wettbewerbe\\\/personalisierte-startnummern\\\/lycra-startnummern\\\/\",\"url\":\"https:\\\/\\\/elleerre.it\\\/de\\\/personalisierbares-material-fur-wettbewerbe\\\/personalisierte-startnummern\\\/lycra-startnummern\\\/\",\"name\":\"LYCRA STARTNUMMERN - Shop online ElleErre\",\"isPartOf\":{\"@id\":\"https:\\\/\\\/elleerre.it\\\/#website\"},\"primaryImageOfPage\":{\"@id\":\"https:\\\/\\\/elleerre.it\\\/de\\\/personalisierbares-material-fur-wettbewerbe\\\/personalisierte-startnummern\\\/lycra-startnummern\\\/#primaryimage\"},\"image\":{\"@id\":\"https:\\\/\\\/elleerre.it\\\/de\\\/personalisierbares-material-fur-wettbewerbe\\\/personalisierte-startnummern\\\/lycra-startnummern\\\/#primaryimage\"},\"thumbnailUrl\":\"https:\\\/\\\/elleerre.it\\\/wp-content\\\/uploads\\\/2021\\\/04\\\/pettorale-gara-sci-personalizzato.jpg\",\"datePublished\":\"2021-04-20T15:30:42+00:00\",\"dateModified\":\"2024-11-04T22:24:20+00:00\",\"breadcrumb\":{\"@id\":\"https:\\\/\\\/elleerre.it\\\/de\\\/personalisierbares-material-fur-wettbewerbe\\\/personalisierte-startnummern\\\/lycra-startnummern\\\/#breadcrumb\"},\"inLanguage\":\"de\",\"potentialAction\":[{\"@type\":\"ReadAction\",\"target\":[\"https:\\\/\\\/elleerre.it\\\/de\\\/personalisierbares-material-fur-wettbewerbe\\\/personalisierte-startnummern\\\/lycra-startnummern\\\/\"]}]},{\"@type\":\"ImageObject\",\"inLanguage\":\"de\",\"@id\":\"https:\\\/\\\/elleerre.it\\\/de\\\/personalisierbares-material-fur-wettbewerbe\\\/personalisierte-startnummern\\\/lycra-startnummern\\\/#primaryimage\",\"url\":\"https:\\\/\\\/elleerre.it\\\/wp-content\\\/uploads\\\/2021\\\/04\\\/pettorale-gara-sci-personalizzato.jpg\",\"contentUrl\":\"https:\\\/\\\/elleerre.it\\\/wp-content\\\/uploads\\\/2021\\\/04\\\/pettorale-gara-sci-personalizzato.jpg\",\"width\":1200,\"height\":800,\"caption\":\"Asiago | Winter Triathlon World Championships (photo credit: Cristian RIVA)\"},{\"@type\":\"BreadcrumbList\",\"@id\":\"https:\\\/\\\/elleerre.it\\\/de\\\/personalisierbares-material-fur-wettbewerbe\\\/personalisierte-startnummern\\\/lycra-startnummern\\\/#breadcrumb\",\"itemListElement\":[{\"@type\":\"ListItem\",\"position\":1,\"name\":\"Home\",\"item\":\"https:\\\/\\\/elleerre.it\\\/de\\\/\"},{\"@type\":\"ListItem\",\"position\":2,\"name\":\"Shop\",\"item\":\"https:\\\/\\\/elleerre.it\\\/shop\\\/\"},{\"@type\":\"ListItem\",\"position\":3,\"name\":\"LYCRA STARTNUMMERN\"}]},{\"@type\":\"WebSite\",\"@id\":\"https:\\\/\\\/elleerre.it\\\/#website\",\"url\":\"https:\\\/\\\/elleerre.it\\\/\",\"name\":\"ElleErre\",\"description\":\"Abbigliamento sportivo personalizzato\",\"publisher\":{\"@id\":\"https:\\\/\\\/elleerre.it\\\/#organization\"},\"potentialAction\":[{\"@type\":\"SearchAction\",\"target\":{\"@type\":\"EntryPoint\",\"urlTemplate\":\"https:\\\/\\\/elleerre.it\\\/?s={search_term_string}\"},\"query-input\":{\"@type\":\"PropertyValueSpecification\",\"valueRequired\":true,\"valueName\":\"search_term_string\"}}],\"inLanguage\":\"de\"},{\"@type\":\"Organization\",\"@id\":\"https:\\\/\\\/elleerre.it\\\/#organization\",\"name\":\"ElleErre\",\"url\":\"https:\\\/\\\/elleerre.it\\\/\",\"logo\":{\"@type\":\"ImageObject\",\"inLanguage\":\"de\",\"@id\":\"https:\\\/\\\/elleerre.it\\\/#\\\/schema\\\/logo\\\/image\\\/\",\"url\":\"https:\\\/\\\/elleerre.it\\\/wp-content\\\/uploads\\\/2021\\\/04\\\/fettuccia_elleerre_var.jpg\",\"contentUrl\":\"https:\\\/\\\/elleerre.it\\\/wp-content\\\/uploads\\\/2021\\\/04\\\/fettuccia_elleerre_var.jpg\",\"width\":300,\"height\":300,\"caption\":\"ElleErre\"},\"image\":{\"@id\":\"https:\\\/\\\/elleerre.it\\\/#\\\/schema\\\/logo\\\/image\\\/\"},\"sameAs\":[\"https:\\\/\\\/www.facebook.com\\\/ElleErre.it\",\"https:\\\/\\\/www.instagram.com\\\/elleerre.it\\\/\",\"https:\\\/\\\/www.youtube.com\\\/user\\\/EasyFlag\"]}]}<\/script>\n<!-- \/ Yoast SEO plugin. -->","yoast_head_json":{"title":"LYCRA STARTNUMMERN - Shop online ElleErre","robots":{"index":"index","follow":"follow","max-snippet":"max-snippet:-1","max-image-preview":"max-image-preview:large","max-video-preview":"max-video-preview:-1"},"canonical":"https:\/\/elleerre.it\/de\/personalisierbares-material-fur-wettbewerbe\/personalisierte-startnummern\/lycra-startnummern\/","og_locale":"de_DE","og_type":"article","og_title":"LYCRA STARTNUMMERN - Shop online ElleErre","og_url":"https:\/\/elleerre.it\/de\/personalisierbares-material-fur-wettbewerbe\/personalisierte-startnummern\/lycra-startnummern\/","og_site_name":"ElleErre","article_publisher":"https:\/\/www.facebook.com\/ElleErre.it","article_modified_time":"2024-11-04T22:24:20+00:00","og_image":[{"width":1200,"height":800,"url":"https:\/\/elleerre.it\/wp-content\/uploads\/2021\/04\/pettorale-gara-sci-personalizzato.jpg","type":"image\/jpeg"}],"twitter_card":"summary_large_image","twitter_misc":{"Gesch\u00e4tzte Lesezeit":"1\u00a0Minute"},"schema":{"@context":"https:\/\/schema.org","@graph":[{"@type":"WebPage","@id":"https:\/\/elleerre.it\/de\/personalisierbares-material-fur-wettbewerbe\/personalisierte-startnummern\/lycra-startnummern\/","url":"https:\/\/elleerre.it\/de\/personalisierbares-material-fur-wettbewerbe\/personalisierte-startnummern\/lycra-startnummern\/","name":"LYCRA STARTNUMMERN - Shop online ElleErre","isPartOf":{"@id":"https:\/\/elleerre.it\/#website"},"primaryImageOfPage":{"@id":"https:\/\/elleerre.it\/de\/personalisierbares-material-fur-wettbewerbe\/personalisierte-startnummern\/lycra-startnummern\/#primaryimage"},"image":{"@id":"https:\/\/elleerre.it\/de\/personalisierbares-material-fur-wettbewerbe\/personalisierte-startnummern\/lycra-startnummern\/#primaryimage"},"thumbnailUrl":"https:\/\/elleerre.it\/wp-content\/uploads\/2021\/04\/pettorale-gara-sci-personalizzato.jpg","datePublished":"2021-04-20T15:30:42+00:00","dateModified":"2024-11-04T22:24:20+00:00","breadcrumb":{"@id":"https:\/\/elleerre.it\/de\/personalisierbares-material-fur-wettbewerbe\/personalisierte-startnummern\/lycra-startnummern\/#breadcrumb"},"inLanguage":"de","potentialAction":[{"@type":"ReadAction","target":["https:\/\/elleerre.it\/de\/personalisierbares-material-fur-wettbewerbe\/personalisierte-startnummern\/lycra-startnummern\/"]}]},{"@type":"ImageObject","inLanguage":"de","@id":"https:\/\/elleerre.it\/de\/personalisierbares-material-fur-wettbewerbe\/personalisierte-startnummern\/lycra-startnummern\/#primaryimage","url":"https:\/\/elleerre.it\/wp-content\/uploads\/2021\/04\/pettorale-gara-sci-personalizzato.jpg","contentUrl":"https:\/\/elleerre.it\/wp-content\/uploads\/2021\/04\/pettorale-gara-sci-personalizzato.jpg","width":1200,"height":800,"caption":"Asiago | Winter Triathlon World Championships (photo credit: Cristian RIVA)"},{"@type":"BreadcrumbList","@id":"https:\/\/elleerre.it\/de\/personalisierbares-material-fur-wettbewerbe\/personalisierte-startnummern\/lycra-startnummern\/#breadcrumb","itemListElement":[{"@type":"ListItem","position":1,"name":"Home","item":"https:\/\/elleerre.it\/de\/"},{"@type":"ListItem","position":2,"name":"Shop","item":"https:\/\/elleerre.it\/shop\/"},{"@type":"ListItem","position":3,"name":"LYCRA STARTNUMMERN"}]},{"@type":"WebSite","@id":"https:\/\/elleerre.it\/#website","url":"https:\/\/elleerre.it\/","name":"ElleErre","description":"Abbigliamento sportivo personalizzato","publisher":{"@id":"https:\/\/elleerre.it\/#organization"},"potentialAction":[{"@type":"SearchAction","target":{"@type":"EntryPoint","urlTemplate":"https:\/\/elleerre.it\/?s={search_term_string}"},"query-input":{"@type":"PropertyValueSpecification","valueRequired":true,"valueName":"search_term_string"}}],"inLanguage":"de"},{"@type":"Organization","@id":"https:\/\/elleerre.it\/#organization","name":"ElleErre","url":"https:\/\/elleerre.it\/","logo":{"@type":"ImageObject","inLanguage":"de","@id":"https:\/\/elleerre.it\/#\/schema\/logo\/image\/","url":"https:\/\/elleerre.it\/wp-content\/uploads\/2021\/04\/fettuccia_elleerre_var.jpg","contentUrl":"https:\/\/elleerre.it\/wp-content\/uploads\/2021\/04\/fettuccia_elleerre_var.jpg","width":300,"height":300,"caption":"ElleErre"},"image":{"@id":"https:\/\/elleerre.it\/#\/schema\/logo\/image\/"},"sameAs":["https:\/\/www.facebook.com\/ElleErre.it","https:\/\/www.instagram.com\/elleerre.it\/","https:\/\/www.youtube.com\/user\/EasyFlag"]}]}},"_links":{"self":[{"href":"https:\/\/elleerre.it\/de\/wp-json\/wp\/v2\/product\/13106","targetHints":{"allow":["GET"]}}],"collection":[{"href":"https:\/\/elleerre.it\/de\/wp-json\/wp\/v2\/product"}],"about":[{"href":"https:\/\/elleerre.it\/de\/wp-json\/wp\/v2\/types\/product"}],"wp:featuredmedia":[{"embeddable":true,"href":"https:\/\/elleerre.it\/de\/wp-json\/wp\/v2\/media\/11739"}],"wp:attachment":[{"href":"https:\/\/elleerre.it\/de\/wp-json\/wp\/v2\/media?parent=13106"}],"wp:term":[{"taxonomy":"product_brand","embeddable":true,"href":"https:\/\/elleerre.it\/de\/wp-json\/wp\/v2\/product_brand?post=13106"},{"taxonomy":"product_cat","embeddable":true,"href":"https:\/\/elleerre.it\/de\/wp-json\/wp\/v2\/product_cat?post=13106"},{"taxonomy":"product_tag","embeddable":true,"href":"https:\/\/elleerre.it\/de\/wp-json\/wp\/v2\/product_tag?post=13106"}],"curies":[{"name":"wp","href":"https:\/\/api.w.org\/{rel}","templated":true}]}}