{"id":13108,"date":"2021-04-01T15:39:18","date_gmt":"2021-04-01T15:39:18","guid":{"rendered":"https:\/\/elleerre.it\/unkategorisiert\/roll-up\/"},"modified":"2024-11-04T22:15:54","modified_gmt":"2024-11-04T22:15:54","slug":"roll-up-banner","status":"publish","type":"product","link":"https:\/\/elleerre.it\/de\/personalisierte-werbebanner\/personalisierbare-roll-up-banner\/roll-up-banner\/","title":{"rendered":"Roll up Banner"},"content":{"rendered":"<p>Die Roll-up Banner sind auf wasserabweisendem und feuerfestem Polyestergewebe gedruckt. Dieses Material erm\u00f6glicht die Erstellung digitaler Bilder mit unendlich vielen Grafik- und Farbl\u00f6sungen.<br \/>\nDie Roll-Up Banner von ElleErre haben eine gro\u00dfe Displayfl\u00e4che, die mit einem Federspannger\u00e4t aufgerollt werden kann. Sie lassen sich \u00e4u\u00dferst bequem schlie\u00dfen und transportieren und werden mit einer Tragetasche geliefert.<br \/>\nAufgerollt in der leichten, kratzfesten Aluminiumbasis l\u00e4sst sich das Roll-up platzsparend in einer eigenen Tasche verstauen.<\/p>\n<p>Roll-up-Displays bieten zahlreiche Vorteile: Sie lassen sich in Sekundenschnelle \u00f6ffnen und schlie\u00dfen, sie sind stabil und langlebig, sie k\u00f6nnen je nach Standort ausgerichtet und angeordnet werden, sie sind kosteng\u00fcnstig und lassen sich nach dem Schlie\u00dfen leicht bewegen. ElleErre hat sich auf Drucke praktischer und funktioneller Roll-Up Banner f\u00fcr Konferenzen spezialisiert.<br \/>\nDas Material, das f\u00fcr den Roll-Up-Druck f\u00fcr Veranstaltungen gew\u00e4hlt wird, ist ebenfalls von hervorragender Qualit\u00e4t und licht und witterungsbest\u00e4ndig.<br \/>\nDie von ElleErre f\u00fcr personalisierte Roll-up verwendeten Banner garantieren eine hervorragende Farbwiedergabe und h\u00f6chste fotografische Qualit\u00e4t.<\/p>\n<p>Die ElleErre Roll-Up-Linie ist eine kosteng\u00fcnstige und vielseitige Werbem\u00f6glichkeit, bei der die Grafiken f\u00fcr eine sp\u00e4tere Verwendung ausgetauscht werden k\u00f6nnen.<\/p>\n<p>Alle Produkte im ElleErre-Katalog sind durch eine vollst\u00e4ndige \u201eMade in Italy&#8220;-Verarbeitung garantiert.<\/p>\n","protected":false},"excerpt":{"rendered":"<p>ElleErre Roll-up Banner sind selbstfaltende Werbedisplays, die sowohl im Innen- als auch im Au\u00dfenbereich eingesetzt werden k\u00f6nnen.<\/p>\n","protected":false},"featured_media":11093,"template":"","meta":{"_acf_changed":false,"inline_featured_image":false},"product_brand":[],"product_cat":[1544,1545],"product_tag":[],"class_list":{"0":"post-13108","1":"product","2":"type-product","3":"status-publish","4":"has-post-thumbnail","6":"product_cat-personalisierbare-roll-up-banner","7":"product_cat-personalisierte-werbebanner","9":"first","10":"instock","11":"taxable","12":"shipping-taxable","13":"purchasable","14":"product-type-variable","15":"has-default-attributes"},"acf":[],"yoast_head":"<!-- This site is optimized with the Yoast SEO plugin v27.3 - https:\/\/yoast.com\/product\/yoast-seo-wordpress\/ -->\n<title>Roll up Banner - Shop online ElleErre<\/title>\n<meta name=\"robots\" content=\"index, follow, max-snippet:-1, max-image-preview:large, max-video-preview:-1\" \/>\n<link rel=\"canonical\" href=\"https:\/\/elleerre.it\/de\/personalisierte-werbebanner\/roll-up-banner\/\" \/>\n<meta property=\"og:locale\" content=\"de_DE\" \/>\n<meta property=\"og:type\" content=\"article\" \/>\n<meta property=\"og:title\" content=\"Roll up Banner - Shop online ElleErre\" \/>\n<meta property=\"og:url\" content=\"https:\/\/elleerre.it\/de\/personalisierte-werbebanner\/roll-up-banner\/\" \/>\n<meta property=\"og:site_name\" content=\"ElleErre\" \/>\n<meta property=\"article:publisher\" content=\"https:\/\/www.facebook.com\/ElleErre.it\" \/>\n<meta property=\"article:modified_time\" content=\"2024-11-04T22:15:54+00:00\" \/>\n<meta property=\"og:image\" content=\"https:\/\/elleerre.it\/wp-content\/uploads\/2021\/04\/roll-up-personalizzato-banner-fantic.jpg\" \/>\n\t<meta property=\"og:image:width\" content=\"1200\" \/>\n\t<meta property=\"og:image:height\" content=\"800\" \/>\n\t<meta property=\"og:image:type\" content=\"image\/jpeg\" \/>\n<meta name=\"twitter:card\" content=\"summary_large_image\" \/>\n<meta name=\"twitter:label1\" content=\"Gesch\u00e4tzte Lesezeit\" \/>\n\t<meta name=\"twitter:data1\" content=\"2\u00a0Minuten\" \/>\n<script type=\"application\/ld+json\" class=\"yoast-schema-graph\">{\"@context\":\"https:\\\/\\\/schema.org\",\"@graph\":[{\"@type\":\"WebPage\",\"@id\":\"https:\\\/\\\/elleerre.it\\\/de\\\/personalisierte-werbebanner\\\/roll-up-banner\\\/\",\"url\":\"https:\\\/\\\/elleerre.it\\\/de\\\/personalisierte-werbebanner\\\/roll-up-banner\\\/\",\"name\":\"Roll up Banner - Shop online ElleErre\",\"isPartOf\":{\"@id\":\"https:\\\/\\\/elleerre.it\\\/#website\"},\"primaryImageOfPage\":{\"@id\":\"https:\\\/\\\/elleerre.it\\\/de\\\/personalisierte-werbebanner\\\/roll-up-banner\\\/#primaryimage\"},\"image\":{\"@id\":\"https:\\\/\\\/elleerre.it\\\/de\\\/personalisierte-werbebanner\\\/roll-up-banner\\\/#primaryimage\"},\"thumbnailUrl\":\"https:\\\/\\\/elleerre.it\\\/wp-content\\\/uploads\\\/2021\\\/04\\\/roll-up-personalizzato-banner-fantic.jpg\",\"datePublished\":\"2021-04-01T15:39:18+00:00\",\"dateModified\":\"2024-11-04T22:15:54+00:00\",\"breadcrumb\":{\"@id\":\"https:\\\/\\\/elleerre.it\\\/de\\\/personalisierte-werbebanner\\\/roll-up-banner\\\/#breadcrumb\"},\"inLanguage\":\"de\",\"potentialAction\":[{\"@type\":\"ReadAction\",\"target\":[\"https:\\\/\\\/elleerre.it\\\/de\\\/personalisierte-werbebanner\\\/roll-up-banner\\\/\"]}]},{\"@type\":\"ImageObject\",\"inLanguage\":\"de\",\"@id\":\"https:\\\/\\\/elleerre.it\\\/de\\\/personalisierte-werbebanner\\\/roll-up-banner\\\/#primaryimage\",\"url\":\"https:\\\/\\\/elleerre.it\\\/wp-content\\\/uploads\\\/2021\\\/04\\\/roll-up-personalizzato-banner-fantic.jpg\",\"contentUrl\":\"https:\\\/\\\/elleerre.it\\\/wp-content\\\/uploads\\\/2021\\\/04\\\/roll-up-personalizzato-banner-fantic.jpg\",\"width\":1200,\"height\":800},{\"@type\":\"BreadcrumbList\",\"@id\":\"https:\\\/\\\/elleerre.it\\\/de\\\/personalisierte-werbebanner\\\/roll-up-banner\\\/#breadcrumb\",\"itemListElement\":[{\"@type\":\"ListItem\",\"position\":1,\"name\":\"Home\",\"item\":\"https:\\\/\\\/elleerre.it\\\/de\\\/\"},{\"@type\":\"ListItem\",\"position\":2,\"name\":\"Shop\",\"item\":\"https:\\\/\\\/elleerre.it\\\/shop\\\/\"},{\"@type\":\"ListItem\",\"position\":3,\"name\":\"Roll up Banner\"}]},{\"@type\":\"WebSite\",\"@id\":\"https:\\\/\\\/elleerre.it\\\/#website\",\"url\":\"https:\\\/\\\/elleerre.it\\\/\",\"name\":\"ElleErre\",\"description\":\"Abbigliamento sportivo personalizzato\",\"publisher\":{\"@id\":\"https:\\\/\\\/elleerre.it\\\/#organization\"},\"potentialAction\":[{\"@type\":\"SearchAction\",\"target\":{\"@type\":\"EntryPoint\",\"urlTemplate\":\"https:\\\/\\\/elleerre.it\\\/?s={search_term_string}\"},\"query-input\":{\"@type\":\"PropertyValueSpecification\",\"valueRequired\":true,\"valueName\":\"search_term_string\"}}],\"inLanguage\":\"de\"},{\"@type\":\"Organization\",\"@id\":\"https:\\\/\\\/elleerre.it\\\/#organization\",\"name\":\"ElleErre\",\"url\":\"https:\\\/\\\/elleerre.it\\\/\",\"logo\":{\"@type\":\"ImageObject\",\"inLanguage\":\"de\",\"@id\":\"https:\\\/\\\/elleerre.it\\\/#\\\/schema\\\/logo\\\/image\\\/\",\"url\":\"https:\\\/\\\/elleerre.it\\\/wp-content\\\/uploads\\\/2021\\\/04\\\/fettuccia_elleerre_var.jpg\",\"contentUrl\":\"https:\\\/\\\/elleerre.it\\\/wp-content\\\/uploads\\\/2021\\\/04\\\/fettuccia_elleerre_var.jpg\",\"width\":300,\"height\":300,\"caption\":\"ElleErre\"},\"image\":{\"@id\":\"https:\\\/\\\/elleerre.it\\\/#\\\/schema\\\/logo\\\/image\\\/\"},\"sameAs\":[\"https:\\\/\\\/www.facebook.com\\\/ElleErre.it\",\"https:\\\/\\\/www.instagram.com\\\/elleerre.it\\\/\",\"https:\\\/\\\/www.youtube.com\\\/user\\\/EasyFlag\"]}]}<\/script>\n<!-- \/ Yoast SEO plugin. -->","yoast_head_json":{"title":"Roll up Banner - Shop online ElleErre","robots":{"index":"index","follow":"follow","max-snippet":"max-snippet:-1","max-image-preview":"max-image-preview:large","max-video-preview":"max-video-preview:-1"},"canonical":"https:\/\/elleerre.it\/de\/personalisierte-werbebanner\/roll-up-banner\/","og_locale":"de_DE","og_type":"article","og_title":"Roll up Banner - Shop online ElleErre","og_url":"https:\/\/elleerre.it\/de\/personalisierte-werbebanner\/roll-up-banner\/","og_site_name":"ElleErre","article_publisher":"https:\/\/www.facebook.com\/ElleErre.it","article_modified_time":"2024-11-04T22:15:54+00:00","og_image":[{"width":1200,"height":800,"url":"https:\/\/elleerre.it\/wp-content\/uploads\/2021\/04\/roll-up-personalizzato-banner-fantic.jpg","type":"image\/jpeg"}],"twitter_card":"summary_large_image","twitter_misc":{"Gesch\u00e4tzte Lesezeit":"2\u00a0Minuten"},"schema":{"@context":"https:\/\/schema.org","@graph":[{"@type":"WebPage","@id":"https:\/\/elleerre.it\/de\/personalisierte-werbebanner\/roll-up-banner\/","url":"https:\/\/elleerre.it\/de\/personalisierte-werbebanner\/roll-up-banner\/","name":"Roll up Banner - Shop online ElleErre","isPartOf":{"@id":"https:\/\/elleerre.it\/#website"},"primaryImageOfPage":{"@id":"https:\/\/elleerre.it\/de\/personalisierte-werbebanner\/roll-up-banner\/#primaryimage"},"image":{"@id":"https:\/\/elleerre.it\/de\/personalisierte-werbebanner\/roll-up-banner\/#primaryimage"},"thumbnailUrl":"https:\/\/elleerre.it\/wp-content\/uploads\/2021\/04\/roll-up-personalizzato-banner-fantic.jpg","datePublished":"2021-04-01T15:39:18+00:00","dateModified":"2024-11-04T22:15:54+00:00","breadcrumb":{"@id":"https:\/\/elleerre.it\/de\/personalisierte-werbebanner\/roll-up-banner\/#breadcrumb"},"inLanguage":"de","potentialAction":[{"@type":"ReadAction","target":["https:\/\/elleerre.it\/de\/personalisierte-werbebanner\/roll-up-banner\/"]}]},{"@type":"ImageObject","inLanguage":"de","@id":"https:\/\/elleerre.it\/de\/personalisierte-werbebanner\/roll-up-banner\/#primaryimage","url":"https:\/\/elleerre.it\/wp-content\/uploads\/2021\/04\/roll-up-personalizzato-banner-fantic.jpg","contentUrl":"https:\/\/elleerre.it\/wp-content\/uploads\/2021\/04\/roll-up-personalizzato-banner-fantic.jpg","width":1200,"height":800},{"@type":"BreadcrumbList","@id":"https:\/\/elleerre.it\/de\/personalisierte-werbebanner\/roll-up-banner\/#breadcrumb","itemListElement":[{"@type":"ListItem","position":1,"name":"Home","item":"https:\/\/elleerre.it\/de\/"},{"@type":"ListItem","position":2,"name":"Shop","item":"https:\/\/elleerre.it\/shop\/"},{"@type":"ListItem","position":3,"name":"Roll up Banner"}]},{"@type":"WebSite","@id":"https:\/\/elleerre.it\/#website","url":"https:\/\/elleerre.it\/","name":"ElleErre","description":"Abbigliamento sportivo personalizzato","publisher":{"@id":"https:\/\/elleerre.it\/#organization"},"potentialAction":[{"@type":"SearchAction","target":{"@type":"EntryPoint","urlTemplate":"https:\/\/elleerre.it\/?s={search_term_string}"},"query-input":{"@type":"PropertyValueSpecification","valueRequired":true,"valueName":"search_term_string"}}],"inLanguage":"de"},{"@type":"Organization","@id":"https:\/\/elleerre.it\/#organization","name":"ElleErre","url":"https:\/\/elleerre.it\/","logo":{"@type":"ImageObject","inLanguage":"de","@id":"https:\/\/elleerre.it\/#\/schema\/logo\/image\/","url":"https:\/\/elleerre.it\/wp-content\/uploads\/2021\/04\/fettuccia_elleerre_var.jpg","contentUrl":"https:\/\/elleerre.it\/wp-content\/uploads\/2021\/04\/fettuccia_elleerre_var.jpg","width":300,"height":300,"caption":"ElleErre"},"image":{"@id":"https:\/\/elleerre.it\/#\/schema\/logo\/image\/"},"sameAs":["https:\/\/www.facebook.com\/ElleErre.it","https:\/\/www.instagram.com\/elleerre.it\/","https:\/\/www.youtube.com\/user\/EasyFlag"]}]}},"_links":{"self":[{"href":"https:\/\/elleerre.it\/de\/wp-json\/wp\/v2\/product\/13108","targetHints":{"allow":["GET"]}}],"collection":[{"href":"https:\/\/elleerre.it\/de\/wp-json\/wp\/v2\/product"}],"about":[{"href":"https:\/\/elleerre.it\/de\/wp-json\/wp\/v2\/types\/product"}],"wp:featuredmedia":[{"embeddable":true,"href":"https:\/\/elleerre.it\/de\/wp-json\/wp\/v2\/media\/11093"}],"wp:attachment":[{"href":"https:\/\/elleerre.it\/de\/wp-json\/wp\/v2\/media?parent=13108"}],"wp:term":[{"taxonomy":"product_brand","embeddable":true,"href":"https:\/\/elleerre.it\/de\/wp-json\/wp\/v2\/product_brand?post=13108"},{"taxonomy":"product_cat","embeddable":true,"href":"https:\/\/elleerre.it\/de\/wp-json\/wp\/v2\/product_cat?post=13108"},{"taxonomy":"product_tag","embeddable":true,"href":"https:\/\/elleerre.it\/de\/wp-json\/wp\/v2\/product_tag?post=13108"}],"curies":[{"name":"wp","href":"https:\/\/api.w.org\/{rel}","templated":true}]}}