{"id":13115,"date":"2021-04-20T15:07:17","date_gmt":"2021-04-20T15:07:17","guid":{"rendered":"https:\/\/elleerre.it\/unkategorisiert\/backdrop\/"},"modified":"2025-05-05T08:21:19","modified_gmt":"2025-05-05T08:21:19","slug":"backdrop","status":"publish","type":"product","link":"https:\/\/elleerre.it\/de\/personalisierte-werbebanner\/werbekulissen\/backdrop\/","title":{"rendered":"BACKDROP"},"content":{"rendered":"<p>Die Backdrop-Kulisse wird digital bedruckt und erm\u00f6glicht somit eine vollst\u00e4ndige Personalisierung von Grafik und Farben. Die Backdrop-Struktur ist in zwei Gr\u00f6\u00dfen erh\u00e4ltlich.<br \/>\nEine Kulisse f\u00fcr Fotoshootings, Kongresse und Veranstaltungen ist in bestimmten Situationen unerl\u00e4sslich. Die Werbekulissen von ElleErre werden digital bedruckt und erm\u00f6glichen somit eine vollst\u00e4ndige Personalisierung von Grafik und Farben. Das f\u00fcr die Produktion von Werbebannern verwendete Material besteht zu 100 % aus feuerfestem Polyester.<\/p>\n<p>Die Struktur ist in zwei verschiedenen Gr\u00f6\u00dfen erh\u00e4ltlich: 300\u00d7225 cm und 225\u00d7225 cm.<br \/>\nElleErre Banner werden mit einer Tragtasche mit Rollen geliefert.<br \/>\n&#8211; Digitaldruck<br \/>\n&#8211; Hochaufl\u00f6sungsdruck<br \/>\n&#8211; Ideal f\u00fcr Innen- und Au\u00dfenbereich<br \/>\n&#8211; Einseitig.<\/p>\n<p>Die Verwendung eines Gegengewichts wird empfohlen, um eine h\u00f6here Stabilit\u00e4t zu gew\u00e4hrleisten.<\/p>\n","protected":false},"excerpt":{"rendered":"<p>Die Backdrop-Kulisse wird digital bedruckt und erm\u00f6glicht somit eine vollst\u00e4ndige Personalisierung von Grafik und Farben<\/p>\n","protected":false},"featured_media":15010,"template":"","meta":{"_acf_changed":false,"inline_featured_image":false},"product_brand":[],"product_cat":[1545,1548],"product_tag":[],"class_list":{"0":"post-13115","1":"product","2":"type-product","3":"status-publish","4":"has-post-thumbnail","6":"product_cat-personalisierte-werbebanner","7":"product_cat-werbekulissen","9":"first","10":"instock","11":"taxable","12":"shipping-taxable","13":"purchasable","14":"product-type-variable","15":"has-default-attributes"},"acf":[],"yoast_head":"<!-- This site is optimized with the Yoast SEO plugin v27.3 - https:\/\/yoast.com\/product\/yoast-seo-wordpress\/ -->\n<title>BACKDROP - Shop online ElleErre<\/title>\n<meta name=\"robots\" content=\"index, follow, max-snippet:-1, max-image-preview:large, max-video-preview:-1\" \/>\n<link rel=\"canonical\" href=\"https:\/\/elleerre.it\/de\/personalisierte-werbebanner\/werbekulissen\/backdrop\/\" \/>\n<meta property=\"og:locale\" content=\"de_DE\" \/>\n<meta property=\"og:type\" content=\"article\" \/>\n<meta property=\"og:title\" content=\"BACKDROP - Shop online ElleErre\" \/>\n<meta property=\"og:url\" content=\"https:\/\/elleerre.it\/de\/personalisierte-werbebanner\/werbekulissen\/backdrop\/\" \/>\n<meta property=\"og:site_name\" content=\"ElleErre\" \/>\n<meta property=\"article:publisher\" content=\"https:\/\/www.facebook.com\/ElleErre.it\" \/>\n<meta property=\"article:modified_time\" content=\"2025-05-05T08:21:19+00:00\" \/>\n<meta property=\"og:image\" content=\"https:\/\/elleerre.it\/wp-content\/uploads\/2021\/04\/backdrop-sponsor-personalizzato-moioli.jpg\" \/>\n\t<meta property=\"og:image:width\" content=\"1200\" \/>\n\t<meta property=\"og:image:height\" content=\"800\" \/>\n\t<meta property=\"og:image:type\" content=\"image\/jpeg\" \/>\n<meta name=\"twitter:card\" content=\"summary_large_image\" \/>\n<meta name=\"twitter:label1\" content=\"Gesch\u00e4tzte Lesezeit\" \/>\n\t<meta name=\"twitter:data1\" content=\"1\u00a0Minute\" \/>\n<script type=\"application\/ld+json\" class=\"yoast-schema-graph\">{\"@context\":\"https:\\\/\\\/schema.org\",\"@graph\":[{\"@type\":\"WebPage\",\"@id\":\"https:\\\/\\\/elleerre.it\\\/de\\\/personalisierte-werbebanner\\\/werbekulissen\\\/backdrop\\\/\",\"url\":\"https:\\\/\\\/elleerre.it\\\/de\\\/personalisierte-werbebanner\\\/werbekulissen\\\/backdrop\\\/\",\"name\":\"BACKDROP - Shop online ElleErre\",\"isPartOf\":{\"@id\":\"https:\\\/\\\/elleerre.it\\\/#website\"},\"primaryImageOfPage\":{\"@id\":\"https:\\\/\\\/elleerre.it\\\/de\\\/personalisierte-werbebanner\\\/werbekulissen\\\/backdrop\\\/#primaryimage\"},\"image\":{\"@id\":\"https:\\\/\\\/elleerre.it\\\/de\\\/personalisierte-werbebanner\\\/werbekulissen\\\/backdrop\\\/#primaryimage\"},\"thumbnailUrl\":\"https:\\\/\\\/elleerre.it\\\/wp-content\\\/uploads\\\/2021\\\/04\\\/backdrop-sponsor-personalizzato-moioli.jpg\",\"datePublished\":\"2021-04-20T15:07:17+00:00\",\"dateModified\":\"2025-05-05T08:21:19+00:00\",\"breadcrumb\":{\"@id\":\"https:\\\/\\\/elleerre.it\\\/de\\\/personalisierte-werbebanner\\\/werbekulissen\\\/backdrop\\\/#breadcrumb\"},\"inLanguage\":\"de\",\"potentialAction\":[{\"@type\":\"ReadAction\",\"target\":[\"https:\\\/\\\/elleerre.it\\\/de\\\/personalisierte-werbebanner\\\/werbekulissen\\\/backdrop\\\/\"]}]},{\"@type\":\"ImageObject\",\"inLanguage\":\"de\",\"@id\":\"https:\\\/\\\/elleerre.it\\\/de\\\/personalisierte-werbebanner\\\/werbekulissen\\\/backdrop\\\/#primaryimage\",\"url\":\"https:\\\/\\\/elleerre.it\\\/wp-content\\\/uploads\\\/2021\\\/04\\\/backdrop-sponsor-personalizzato-moioli.jpg\",\"contentUrl\":\"https:\\\/\\\/elleerre.it\\\/wp-content\\\/uploads\\\/2021\\\/04\\\/backdrop-sponsor-personalizzato-moioli.jpg\",\"width\":1200,\"height\":800},{\"@type\":\"BreadcrumbList\",\"@id\":\"https:\\\/\\\/elleerre.it\\\/de\\\/personalisierte-werbebanner\\\/werbekulissen\\\/backdrop\\\/#breadcrumb\",\"itemListElement\":[{\"@type\":\"ListItem\",\"position\":1,\"name\":\"Home\",\"item\":\"https:\\\/\\\/elleerre.it\\\/de\\\/\"},{\"@type\":\"ListItem\",\"position\":2,\"name\":\"Shop\",\"item\":\"https:\\\/\\\/elleerre.it\\\/shop\\\/\"},{\"@type\":\"ListItem\",\"position\":3,\"name\":\"BACKDROP\"}]},{\"@type\":\"WebSite\",\"@id\":\"https:\\\/\\\/elleerre.it\\\/#website\",\"url\":\"https:\\\/\\\/elleerre.it\\\/\",\"name\":\"ElleErre\",\"description\":\"Abbigliamento sportivo personalizzato\",\"publisher\":{\"@id\":\"https:\\\/\\\/elleerre.it\\\/#organization\"},\"potentialAction\":[{\"@type\":\"SearchAction\",\"target\":{\"@type\":\"EntryPoint\",\"urlTemplate\":\"https:\\\/\\\/elleerre.it\\\/?s={search_term_string}\"},\"query-input\":{\"@type\":\"PropertyValueSpecification\",\"valueRequired\":true,\"valueName\":\"search_term_string\"}}],\"inLanguage\":\"de\"},{\"@type\":\"Organization\",\"@id\":\"https:\\\/\\\/elleerre.it\\\/#organization\",\"name\":\"ElleErre\",\"url\":\"https:\\\/\\\/elleerre.it\\\/\",\"logo\":{\"@type\":\"ImageObject\",\"inLanguage\":\"de\",\"@id\":\"https:\\\/\\\/elleerre.it\\\/#\\\/schema\\\/logo\\\/image\\\/\",\"url\":\"https:\\\/\\\/elleerre.it\\\/wp-content\\\/uploads\\\/2021\\\/04\\\/fettuccia_elleerre_var.jpg\",\"contentUrl\":\"https:\\\/\\\/elleerre.it\\\/wp-content\\\/uploads\\\/2021\\\/04\\\/fettuccia_elleerre_var.jpg\",\"width\":300,\"height\":300,\"caption\":\"ElleErre\"},\"image\":{\"@id\":\"https:\\\/\\\/elleerre.it\\\/#\\\/schema\\\/logo\\\/image\\\/\"},\"sameAs\":[\"https:\\\/\\\/www.facebook.com\\\/ElleErre.it\",\"https:\\\/\\\/www.instagram.com\\\/elleerre.it\\\/\",\"https:\\\/\\\/www.youtube.com\\\/user\\\/EasyFlag\"]}]}<\/script>\n<!-- \/ Yoast SEO plugin. -->","yoast_head_json":{"title":"BACKDROP - Shop online ElleErre","robots":{"index":"index","follow":"follow","max-snippet":"max-snippet:-1","max-image-preview":"max-image-preview:large","max-video-preview":"max-video-preview:-1"},"canonical":"https:\/\/elleerre.it\/de\/personalisierte-werbebanner\/werbekulissen\/backdrop\/","og_locale":"de_DE","og_type":"article","og_title":"BACKDROP - Shop online ElleErre","og_url":"https:\/\/elleerre.it\/de\/personalisierte-werbebanner\/werbekulissen\/backdrop\/","og_site_name":"ElleErre","article_publisher":"https:\/\/www.facebook.com\/ElleErre.it","article_modified_time":"2025-05-05T08:21:19+00:00","og_image":[{"width":1200,"height":800,"url":"https:\/\/elleerre.it\/wp-content\/uploads\/2021\/04\/backdrop-sponsor-personalizzato-moioli.jpg","type":"image\/jpeg"}],"twitter_card":"summary_large_image","twitter_misc":{"Gesch\u00e4tzte Lesezeit":"1\u00a0Minute"},"schema":{"@context":"https:\/\/schema.org","@graph":[{"@type":"WebPage","@id":"https:\/\/elleerre.it\/de\/personalisierte-werbebanner\/werbekulissen\/backdrop\/","url":"https:\/\/elleerre.it\/de\/personalisierte-werbebanner\/werbekulissen\/backdrop\/","name":"BACKDROP - Shop online ElleErre","isPartOf":{"@id":"https:\/\/elleerre.it\/#website"},"primaryImageOfPage":{"@id":"https:\/\/elleerre.it\/de\/personalisierte-werbebanner\/werbekulissen\/backdrop\/#primaryimage"},"image":{"@id":"https:\/\/elleerre.it\/de\/personalisierte-werbebanner\/werbekulissen\/backdrop\/#primaryimage"},"thumbnailUrl":"https:\/\/elleerre.it\/wp-content\/uploads\/2021\/04\/backdrop-sponsor-personalizzato-moioli.jpg","datePublished":"2021-04-20T15:07:17+00:00","dateModified":"2025-05-05T08:21:19+00:00","breadcrumb":{"@id":"https:\/\/elleerre.it\/de\/personalisierte-werbebanner\/werbekulissen\/backdrop\/#breadcrumb"},"inLanguage":"de","potentialAction":[{"@type":"ReadAction","target":["https:\/\/elleerre.it\/de\/personalisierte-werbebanner\/werbekulissen\/backdrop\/"]}]},{"@type":"ImageObject","inLanguage":"de","@id":"https:\/\/elleerre.it\/de\/personalisierte-werbebanner\/werbekulissen\/backdrop\/#primaryimage","url":"https:\/\/elleerre.it\/wp-content\/uploads\/2021\/04\/backdrop-sponsor-personalizzato-moioli.jpg","contentUrl":"https:\/\/elleerre.it\/wp-content\/uploads\/2021\/04\/backdrop-sponsor-personalizzato-moioli.jpg","width":1200,"height":800},{"@type":"BreadcrumbList","@id":"https:\/\/elleerre.it\/de\/personalisierte-werbebanner\/werbekulissen\/backdrop\/#breadcrumb","itemListElement":[{"@type":"ListItem","position":1,"name":"Home","item":"https:\/\/elleerre.it\/de\/"},{"@type":"ListItem","position":2,"name":"Shop","item":"https:\/\/elleerre.it\/shop\/"},{"@type":"ListItem","position":3,"name":"BACKDROP"}]},{"@type":"WebSite","@id":"https:\/\/elleerre.it\/#website","url":"https:\/\/elleerre.it\/","name":"ElleErre","description":"Abbigliamento sportivo personalizzato","publisher":{"@id":"https:\/\/elleerre.it\/#organization"},"potentialAction":[{"@type":"SearchAction","target":{"@type":"EntryPoint","urlTemplate":"https:\/\/elleerre.it\/?s={search_term_string}"},"query-input":{"@type":"PropertyValueSpecification","valueRequired":true,"valueName":"search_term_string"}}],"inLanguage":"de"},{"@type":"Organization","@id":"https:\/\/elleerre.it\/#organization","name":"ElleErre","url":"https:\/\/elleerre.it\/","logo":{"@type":"ImageObject","inLanguage":"de","@id":"https:\/\/elleerre.it\/#\/schema\/logo\/image\/","url":"https:\/\/elleerre.it\/wp-content\/uploads\/2021\/04\/fettuccia_elleerre_var.jpg","contentUrl":"https:\/\/elleerre.it\/wp-content\/uploads\/2021\/04\/fettuccia_elleerre_var.jpg","width":300,"height":300,"caption":"ElleErre"},"image":{"@id":"https:\/\/elleerre.it\/#\/schema\/logo\/image\/"},"sameAs":["https:\/\/www.facebook.com\/ElleErre.it","https:\/\/www.instagram.com\/elleerre.it\/","https:\/\/www.youtube.com\/user\/EasyFlag"]}]}},"_links":{"self":[{"href":"https:\/\/elleerre.it\/de\/wp-json\/wp\/v2\/product\/13115","targetHints":{"allow":["GET"]}}],"collection":[{"href":"https:\/\/elleerre.it\/de\/wp-json\/wp\/v2\/product"}],"about":[{"href":"https:\/\/elleerre.it\/de\/wp-json\/wp\/v2\/types\/product"}],"wp:featuredmedia":[{"embeddable":true,"href":"https:\/\/elleerre.it\/de\/wp-json\/wp\/v2\/media\/15010"}],"wp:attachment":[{"href":"https:\/\/elleerre.it\/de\/wp-json\/wp\/v2\/media?parent=13115"}],"wp:term":[{"taxonomy":"product_brand","embeddable":true,"href":"https:\/\/elleerre.it\/de\/wp-json\/wp\/v2\/product_brand?post=13115"},{"taxonomy":"product_cat","embeddable":true,"href":"https:\/\/elleerre.it\/de\/wp-json\/wp\/v2\/product_cat?post=13115"},{"taxonomy":"product_tag","embeddable":true,"href":"https:\/\/elleerre.it\/de\/wp-json\/wp\/v2\/product_tag?post=13115"}],"curies":[{"name":"wp","href":"https:\/\/api.w.org\/{rel}","templated":true}]}}