{"id":13119,"date":"2021-04-20T15:32:09","date_gmt":"2021-04-20T15:32:09","guid":{"rendered":"https:\/\/elleerre.it\/unkategorisiert\/pvc-banners\/"},"modified":"2023-06-22T10:17:33","modified_gmt":"2023-06-22T10:17:33","slug":"pvc-banner","status":"publish","type":"product","link":"https:\/\/elleerre.it\/de\/personalisierte-werbebanner\/transparente\/pvc-banner\/","title":{"rendered":"PVC-BANNER"},"content":{"rendered":"<p>Die personalisierten PVC-Banner von ElleErre eignen sich f\u00fcr den intensiven Einsatz im Freien \u00fcber lange Zeitr\u00e4ume geeignet. Sie sind kundenspezifische PVC-Banner, die sich perfekt f\u00fcr die ganzj\u00e4hrige Pr\u00e4sentation vor Gesch\u00e4ften, auf Sportpl\u00e4tzen, an Geb\u00e4udew\u00e4nden usw. eignen.<br \/>\nUnsere PVC-Banner f\u00fcr Veranstaltungen haben eine ausgezeichnete Konsistenz, die eine lange Lebensdauer des Gewebes gew\u00e4hrleistet, unabh\u00e4ngig von der Sonneneinstrahlung. Auch das verwendete Material ist absolut umweltfreundlich.<\/p>\n<p>Weitere Merkmale von personalisierten PVC-Bannern und Transparenten sind<br \/>\n&#8211; hervorragende mechanische Eigenschaften, hohe Verschlei\u00df- und Alterungsbest\u00e4ndigkeit,<br \/>\n,<br \/>\n&#8211; Einfache Montage<br \/>\n&#8211; Leichtigkeit und Widerstandsf\u00e4higkeit,<br \/>\n&#8211; Undurchl\u00e4ssigkeit des Materials,<br \/>\n&#8211; selbstverl\u00f6schend und schwer entflammbar.<\/p>\n<p>Personalisierte PVC-Banner und Bannerdruck mit ElleErre<br \/>\nDer Druck von PVC-Bannern erfolgt digital, so dass eine vollst\u00e4ndige Personalisierung ohne Einschr\u00e4nkungen bei Farben und Grafiken m\u00f6glich ist. Unsere PVC-Werbebanner haben eine Standard-Grammatur von 600 g\/qm, was ihre Langlebigkeit und Haltbarkeit garantiert, und der Druck auf PVC-Bannern mit hochaufl\u00f6sender Technologie gew\u00e4hrleistet ein optimales Produkt.<br \/>\nUm die Pr\u00e4sentation von PVC-Werbebannern zu erleichtern und gleichzeitig eine maximale Rei\u00dffestigkeit zu gew\u00e4hrleisten, sind die \u00d6sen auf einer doppelten Gewebeschicht angebracht, w\u00e4hrend die R\u00e4nder gefaltet und hei\u00df versiegelt sind.<\/p>\n","protected":false},"excerpt":{"rendered":"<p>Personalisierte PVC-Banner garantieren eine hohe und dauerhafte Best\u00e4ndigkeit dank ihrer Grammatur von 600 g\/qm . Unsere PVC-Banner werden mit hochaufl\u00f6sender Technologie gedruckt und haben gefaltete und verschwei\u00dfte Kanten.<\/p>\n","protected":false},"featured_media":11707,"template":"","meta":{"_acf_changed":false,"inline_featured_image":false},"product_brand":[],"product_cat":[1545,1546],"product_tag":[],"class_list":{"0":"post-13119","1":"product","2":"type-product","3":"status-publish","4":"has-post-thumbnail","6":"product_cat-personalisierte-werbebanner","7":"product_cat-transparente","9":"first","10":"instock","11":"taxable","12":"shipping-taxable","13":"purchasable","14":"product-type-variable","15":"has-default-attributes"},"acf":[],"yoast_head":"<!-- This site is optimized with the Yoast SEO plugin v27.3 - https:\/\/yoast.com\/product\/yoast-seo-wordpress\/ -->\n<title>PVC-BANNER - Shop online ElleErre<\/title>\n<meta name=\"robots\" content=\"index, follow, max-snippet:-1, max-image-preview:large, max-video-preview:-1\" \/>\n<link rel=\"canonical\" href=\"https:\/\/elleerre.it\/de\/personalisierte-werbebanner\/transparente\/pvc-banner\/\" \/>\n<meta property=\"og:locale\" content=\"de_DE\" \/>\n<meta property=\"og:type\" content=\"article\" \/>\n<meta property=\"og:title\" content=\"PVC-BANNER - Shop online ElleErre\" \/>\n<meta property=\"og:url\" content=\"https:\/\/elleerre.it\/de\/personalisierte-werbebanner\/transparente\/pvc-banner\/\" \/>\n<meta property=\"og:site_name\" content=\"ElleErre\" \/>\n<meta property=\"article:publisher\" content=\"https:\/\/www.facebook.com\/ElleErre.it\" \/>\n<meta property=\"article:modified_time\" content=\"2023-06-22T10:17:33+00:00\" \/>\n<meta property=\"og:image\" content=\"https:\/\/elleerre.it\/wp-content\/uploads\/2021\/04\/striscione-pvc-personalizzato-enervit-elleerre.jpg\" \/>\n\t<meta property=\"og:image:width\" content=\"1200\" \/>\n\t<meta property=\"og:image:height\" content=\"800\" \/>\n\t<meta property=\"og:image:type\" content=\"image\/jpeg\" \/>\n<meta name=\"twitter:card\" content=\"summary_large_image\" \/>\n<meta name=\"twitter:label1\" content=\"Gesch\u00e4tzte Lesezeit\" \/>\n\t<meta name=\"twitter:data1\" content=\"1\u00a0Minute\" \/>\n<script type=\"application\/ld+json\" class=\"yoast-schema-graph\">{\"@context\":\"https:\\\/\\\/schema.org\",\"@graph\":[{\"@type\":\"WebPage\",\"@id\":\"https:\\\/\\\/elleerre.it\\\/de\\\/personalisierte-werbebanner\\\/transparente\\\/pvc-banner\\\/\",\"url\":\"https:\\\/\\\/elleerre.it\\\/de\\\/personalisierte-werbebanner\\\/transparente\\\/pvc-banner\\\/\",\"name\":\"PVC-BANNER - Shop online ElleErre\",\"isPartOf\":{\"@id\":\"https:\\\/\\\/elleerre.it\\\/#website\"},\"primaryImageOfPage\":{\"@id\":\"https:\\\/\\\/elleerre.it\\\/de\\\/personalisierte-werbebanner\\\/transparente\\\/pvc-banner\\\/#primaryimage\"},\"image\":{\"@id\":\"https:\\\/\\\/elleerre.it\\\/de\\\/personalisierte-werbebanner\\\/transparente\\\/pvc-banner\\\/#primaryimage\"},\"thumbnailUrl\":\"https:\\\/\\\/elleerre.it\\\/wp-content\\\/uploads\\\/2021\\\/04\\\/striscione-pvc-personalizzato-enervit-elleerre.jpg\",\"datePublished\":\"2021-04-20T15:32:09+00:00\",\"dateModified\":\"2023-06-22T10:17:33+00:00\",\"breadcrumb\":{\"@id\":\"https:\\\/\\\/elleerre.it\\\/de\\\/personalisierte-werbebanner\\\/transparente\\\/pvc-banner\\\/#breadcrumb\"},\"inLanguage\":\"de\",\"potentialAction\":[{\"@type\":\"ReadAction\",\"target\":[\"https:\\\/\\\/elleerre.it\\\/de\\\/personalisierte-werbebanner\\\/transparente\\\/pvc-banner\\\/\"]}]},{\"@type\":\"ImageObject\",\"inLanguage\":\"de\",\"@id\":\"https:\\\/\\\/elleerre.it\\\/de\\\/personalisierte-werbebanner\\\/transparente\\\/pvc-banner\\\/#primaryimage\",\"url\":\"https:\\\/\\\/elleerre.it\\\/wp-content\\\/uploads\\\/2021\\\/04\\\/striscione-pvc-personalizzato-enervit-elleerre.jpg\",\"contentUrl\":\"https:\\\/\\\/elleerre.it\\\/wp-content\\\/uploads\\\/2021\\\/04\\\/striscione-pvc-personalizzato-enervit-elleerre.jpg\",\"width\":1200,\"height\":800},{\"@type\":\"BreadcrumbList\",\"@id\":\"https:\\\/\\\/elleerre.it\\\/de\\\/personalisierte-werbebanner\\\/transparente\\\/pvc-banner\\\/#breadcrumb\",\"itemListElement\":[{\"@type\":\"ListItem\",\"position\":1,\"name\":\"Home\",\"item\":\"https:\\\/\\\/elleerre.it\\\/de\\\/\"},{\"@type\":\"ListItem\",\"position\":2,\"name\":\"Shop\",\"item\":\"https:\\\/\\\/elleerre.it\\\/shop\\\/\"},{\"@type\":\"ListItem\",\"position\":3,\"name\":\"PVC-BANNER\"}]},{\"@type\":\"WebSite\",\"@id\":\"https:\\\/\\\/elleerre.it\\\/#website\",\"url\":\"https:\\\/\\\/elleerre.it\\\/\",\"name\":\"ElleErre\",\"description\":\"Abbigliamento sportivo personalizzato\",\"publisher\":{\"@id\":\"https:\\\/\\\/elleerre.it\\\/#organization\"},\"potentialAction\":[{\"@type\":\"SearchAction\",\"target\":{\"@type\":\"EntryPoint\",\"urlTemplate\":\"https:\\\/\\\/elleerre.it\\\/?s={search_term_string}\"},\"query-input\":{\"@type\":\"PropertyValueSpecification\",\"valueRequired\":true,\"valueName\":\"search_term_string\"}}],\"inLanguage\":\"de\"},{\"@type\":\"Organization\",\"@id\":\"https:\\\/\\\/elleerre.it\\\/#organization\",\"name\":\"ElleErre\",\"url\":\"https:\\\/\\\/elleerre.it\\\/\",\"logo\":{\"@type\":\"ImageObject\",\"inLanguage\":\"de\",\"@id\":\"https:\\\/\\\/elleerre.it\\\/#\\\/schema\\\/logo\\\/image\\\/\",\"url\":\"https:\\\/\\\/elleerre.it\\\/wp-content\\\/uploads\\\/2021\\\/04\\\/fettuccia_elleerre_var.jpg\",\"contentUrl\":\"https:\\\/\\\/elleerre.it\\\/wp-content\\\/uploads\\\/2021\\\/04\\\/fettuccia_elleerre_var.jpg\",\"width\":300,\"height\":300,\"caption\":\"ElleErre\"},\"image\":{\"@id\":\"https:\\\/\\\/elleerre.it\\\/#\\\/schema\\\/logo\\\/image\\\/\"},\"sameAs\":[\"https:\\\/\\\/www.facebook.com\\\/ElleErre.it\",\"https:\\\/\\\/www.instagram.com\\\/elleerre.it\\\/\",\"https:\\\/\\\/www.youtube.com\\\/user\\\/EasyFlag\"]}]}<\/script>\n<!-- \/ Yoast SEO plugin. -->","yoast_head_json":{"title":"PVC-BANNER - Shop online ElleErre","robots":{"index":"index","follow":"follow","max-snippet":"max-snippet:-1","max-image-preview":"max-image-preview:large","max-video-preview":"max-video-preview:-1"},"canonical":"https:\/\/elleerre.it\/de\/personalisierte-werbebanner\/transparente\/pvc-banner\/","og_locale":"de_DE","og_type":"article","og_title":"PVC-BANNER - Shop online ElleErre","og_url":"https:\/\/elleerre.it\/de\/personalisierte-werbebanner\/transparente\/pvc-banner\/","og_site_name":"ElleErre","article_publisher":"https:\/\/www.facebook.com\/ElleErre.it","article_modified_time":"2023-06-22T10:17:33+00:00","og_image":[{"width":1200,"height":800,"url":"https:\/\/elleerre.it\/wp-content\/uploads\/2021\/04\/striscione-pvc-personalizzato-enervit-elleerre.jpg","type":"image\/jpeg"}],"twitter_card":"summary_large_image","twitter_misc":{"Gesch\u00e4tzte Lesezeit":"1\u00a0Minute"},"schema":{"@context":"https:\/\/schema.org","@graph":[{"@type":"WebPage","@id":"https:\/\/elleerre.it\/de\/personalisierte-werbebanner\/transparente\/pvc-banner\/","url":"https:\/\/elleerre.it\/de\/personalisierte-werbebanner\/transparente\/pvc-banner\/","name":"PVC-BANNER - Shop online ElleErre","isPartOf":{"@id":"https:\/\/elleerre.it\/#website"},"primaryImageOfPage":{"@id":"https:\/\/elleerre.it\/de\/personalisierte-werbebanner\/transparente\/pvc-banner\/#primaryimage"},"image":{"@id":"https:\/\/elleerre.it\/de\/personalisierte-werbebanner\/transparente\/pvc-banner\/#primaryimage"},"thumbnailUrl":"https:\/\/elleerre.it\/wp-content\/uploads\/2021\/04\/striscione-pvc-personalizzato-enervit-elleerre.jpg","datePublished":"2021-04-20T15:32:09+00:00","dateModified":"2023-06-22T10:17:33+00:00","breadcrumb":{"@id":"https:\/\/elleerre.it\/de\/personalisierte-werbebanner\/transparente\/pvc-banner\/#breadcrumb"},"inLanguage":"de","potentialAction":[{"@type":"ReadAction","target":["https:\/\/elleerre.it\/de\/personalisierte-werbebanner\/transparente\/pvc-banner\/"]}]},{"@type":"ImageObject","inLanguage":"de","@id":"https:\/\/elleerre.it\/de\/personalisierte-werbebanner\/transparente\/pvc-banner\/#primaryimage","url":"https:\/\/elleerre.it\/wp-content\/uploads\/2021\/04\/striscione-pvc-personalizzato-enervit-elleerre.jpg","contentUrl":"https:\/\/elleerre.it\/wp-content\/uploads\/2021\/04\/striscione-pvc-personalizzato-enervit-elleerre.jpg","width":1200,"height":800},{"@type":"BreadcrumbList","@id":"https:\/\/elleerre.it\/de\/personalisierte-werbebanner\/transparente\/pvc-banner\/#breadcrumb","itemListElement":[{"@type":"ListItem","position":1,"name":"Home","item":"https:\/\/elleerre.it\/de\/"},{"@type":"ListItem","position":2,"name":"Shop","item":"https:\/\/elleerre.it\/shop\/"},{"@type":"ListItem","position":3,"name":"PVC-BANNER"}]},{"@type":"WebSite","@id":"https:\/\/elleerre.it\/#website","url":"https:\/\/elleerre.it\/","name":"ElleErre","description":"Abbigliamento sportivo personalizzato","publisher":{"@id":"https:\/\/elleerre.it\/#organization"},"potentialAction":[{"@type":"SearchAction","target":{"@type":"EntryPoint","urlTemplate":"https:\/\/elleerre.it\/?s={search_term_string}"},"query-input":{"@type":"PropertyValueSpecification","valueRequired":true,"valueName":"search_term_string"}}],"inLanguage":"de"},{"@type":"Organization","@id":"https:\/\/elleerre.it\/#organization","name":"ElleErre","url":"https:\/\/elleerre.it\/","logo":{"@type":"ImageObject","inLanguage":"de","@id":"https:\/\/elleerre.it\/#\/schema\/logo\/image\/","url":"https:\/\/elleerre.it\/wp-content\/uploads\/2021\/04\/fettuccia_elleerre_var.jpg","contentUrl":"https:\/\/elleerre.it\/wp-content\/uploads\/2021\/04\/fettuccia_elleerre_var.jpg","width":300,"height":300,"caption":"ElleErre"},"image":{"@id":"https:\/\/elleerre.it\/#\/schema\/logo\/image\/"},"sameAs":["https:\/\/www.facebook.com\/ElleErre.it","https:\/\/www.instagram.com\/elleerre.it\/","https:\/\/www.youtube.com\/user\/EasyFlag"]}]}},"_links":{"self":[{"href":"https:\/\/elleerre.it\/de\/wp-json\/wp\/v2\/product\/13119","targetHints":{"allow":["GET"]}}],"collection":[{"href":"https:\/\/elleerre.it\/de\/wp-json\/wp\/v2\/product"}],"about":[{"href":"https:\/\/elleerre.it\/de\/wp-json\/wp\/v2\/types\/product"}],"wp:featuredmedia":[{"embeddable":true,"href":"https:\/\/elleerre.it\/de\/wp-json\/wp\/v2\/media\/11707"}],"wp:attachment":[{"href":"https:\/\/elleerre.it\/de\/wp-json\/wp\/v2\/media?parent=13119"}],"wp:term":[{"taxonomy":"product_brand","embeddable":true,"href":"https:\/\/elleerre.it\/de\/wp-json\/wp\/v2\/product_brand?post=13119"},{"taxonomy":"product_cat","embeddable":true,"href":"https:\/\/elleerre.it\/de\/wp-json\/wp\/v2\/product_cat?post=13119"},{"taxonomy":"product_tag","embeddable":true,"href":"https:\/\/elleerre.it\/de\/wp-json\/wp\/v2\/product_tag?post=13119"}],"curies":[{"name":"wp","href":"https:\/\/api.w.org\/{rel}","templated":true}]}}