{"id":13126,"date":"2021-04-20T15:32:13","date_gmt":"2021-04-20T15:32:13","guid":{"rendered":"https:\/\/elleerre.it\/unkategorisiert\/advertising-banner\/"},"modified":"2024-11-04T22:08:19","modified_gmt":"2024-11-04T22:08:19","slug":"vliesstoff-banner","status":"publish","type":"product","link":"https:\/\/elleerre.it\/de\/personalisierte-werbebanner\/transparente\/vliesstoff-banner\/","title":{"rendered":"VLIESSTOFF BANNER"},"content":{"rendered":"<p>Vliesstoff Banner sind Werbebanner mit einem sehr wettbewerbsf\u00e4higen Preis-Leistung Verh\u00e4ltnis.<br \/>\nDer f\u00fcr das Banner verwendete Stoff entsteht aus der Kreuzung von Naturfasern auf einem speziellen Webstuhl. Das Material sieht wie ein Gewebe aus, aber anders bei einem gewirkten Stoff mit Kette und Schuss, sind die Fasern zuf\u00e4llig angeordnet. Daher die Bezeichnung TNT (\u201eTessuto non tessuto\u201c auf Italienisch), Vliesstoff.<\/p>\n<p>Personalisierte Vliesstoff Banner haben viele Vorteile und besondere Eigenschaften<br \/>\n&#8211; K\u00e4ltebest\u00e4ndigkeit<br \/>\n&#8211; extreme Weichheit<br \/>\n&#8211; wasserabweisende Wirkung<\/p>\n<p>ElleErre kann sowohl Rollen in Standardgr\u00f6\u00dfe (H.80x100cm) als auch ma\u00dfgeschneiderte Rollen (auch \u00fcber 160cm) liefern, je nach Bedarf. Personalisierte Vliesstoff Werbebanner k\u00f6nnen in Rollen unterschiedlicher L\u00e4nge geliefert werden oder bereits zugeschnitten und gebrauchsfertig verpackt werden! ElleErre bietet auch Vliestoff Banner in unterschiedlichen Ausf\u00fchrungen: mit Verst\u00e4rkungsringen aus PVC, Mehrloch-Nyloneinfassungen und \u00d6sen f\u00fcr spezielle Anwendungen, um das Vliesbanner Ihren Bed\u00fcrfnissen anzupassen.<\/p>\n","protected":false},"excerpt":{"rendered":"<p>Praktisch, effektiv und wirtschaftlich, die Endlos-Werbebanner aus Vliesstoff sind ideal f\u00fcr den Einsatz bei Sportveranstaltungen und Events. Alle unseren Vliesstoff-Produkte werden aus 100 % wiederverwertetem Material hergestellt.<\/p>\n","protected":false},"featured_media":19083,"template":"","meta":{"_acf_changed":false,"inline_featured_image":false},"product_brand":[],"product_cat":[1545,1546],"product_tag":[],"class_list":{"0":"post-13126","1":"product","2":"type-product","3":"status-publish","4":"has-post-thumbnail","6":"product_cat-personalisierte-werbebanner","7":"product_cat-transparente","9":"first","10":"instock","11":"taxable","12":"shipping-taxable","13":"purchasable","14":"product-type-variable","15":"has-default-attributes"},"acf":[],"yoast_head":"<!-- This site is optimized with the Yoast SEO plugin v27.3 - https:\/\/yoast.com\/product\/yoast-seo-wordpress\/ -->\n<title>VLIESSTOFF BANNER - Shop online ElleErre<\/title>\n<meta name=\"robots\" content=\"index, follow, max-snippet:-1, max-image-preview:large, max-video-preview:-1\" \/>\n<link rel=\"canonical\" href=\"https:\/\/elleerre.it\/de\/personalisierte-werbebanner\/transparente\/vliesstoff-banner\/\" \/>\n<meta property=\"og:locale\" content=\"de_DE\" \/>\n<meta property=\"og:type\" content=\"article\" \/>\n<meta property=\"og:title\" content=\"VLIESSTOFF BANNER - Shop online ElleErre\" \/>\n<meta property=\"og:url\" content=\"https:\/\/elleerre.it\/de\/personalisierte-werbebanner\/transparente\/vliesstoff-banner\/\" \/>\n<meta property=\"og:site_name\" content=\"ElleErre\" \/>\n<meta property=\"article:publisher\" content=\"https:\/\/www.facebook.com\/ElleErre.it\" \/>\n<meta property=\"article:modified_time\" content=\"2024-11-04T22:08:19+00:00\" \/>\n<meta property=\"og:image\" content=\"https:\/\/elleerre.it\/wp-content\/uploads\/2021\/04\/striscione-tnt-pubblicitario-personalizzato-elleerre-serigrafia.jpg\" \/>\n\t<meta property=\"og:image:width\" content=\"1200\" \/>\n\t<meta property=\"og:image:height\" content=\"800\" \/>\n\t<meta property=\"og:image:type\" content=\"image\/jpeg\" \/>\n<meta name=\"twitter:card\" content=\"summary_large_image\" \/>\n<meta name=\"twitter:label1\" content=\"Gesch\u00e4tzte Lesezeit\" \/>\n\t<meta name=\"twitter:data1\" content=\"1\u00a0Minute\" \/>\n<script type=\"application\/ld+json\" class=\"yoast-schema-graph\">{\"@context\":\"https:\\\/\\\/schema.org\",\"@graph\":[{\"@type\":\"WebPage\",\"@id\":\"https:\\\/\\\/elleerre.it\\\/de\\\/personalisierte-werbebanner\\\/transparente\\\/vliesstoff-banner\\\/\",\"url\":\"https:\\\/\\\/elleerre.it\\\/de\\\/personalisierte-werbebanner\\\/transparente\\\/vliesstoff-banner\\\/\",\"name\":\"VLIESSTOFF BANNER - Shop online ElleErre\",\"isPartOf\":{\"@id\":\"https:\\\/\\\/elleerre.it\\\/#website\"},\"primaryImageOfPage\":{\"@id\":\"https:\\\/\\\/elleerre.it\\\/de\\\/personalisierte-werbebanner\\\/transparente\\\/vliesstoff-banner\\\/#primaryimage\"},\"image\":{\"@id\":\"https:\\\/\\\/elleerre.it\\\/de\\\/personalisierte-werbebanner\\\/transparente\\\/vliesstoff-banner\\\/#primaryimage\"},\"thumbnailUrl\":\"https:\\\/\\\/elleerre.it\\\/wp-content\\\/uploads\\\/2021\\\/04\\\/TNT-TORX-2025-STRISICONI-.jpg\",\"datePublished\":\"2021-04-20T15:32:13+00:00\",\"dateModified\":\"2024-11-04T22:08:19+00:00\",\"breadcrumb\":{\"@id\":\"https:\\\/\\\/elleerre.it\\\/de\\\/personalisierte-werbebanner\\\/transparente\\\/vliesstoff-banner\\\/#breadcrumb\"},\"inLanguage\":\"de\",\"potentialAction\":[{\"@type\":\"ReadAction\",\"target\":[\"https:\\\/\\\/elleerre.it\\\/de\\\/personalisierte-werbebanner\\\/transparente\\\/vliesstoff-banner\\\/\"]}]},{\"@type\":\"ImageObject\",\"inLanguage\":\"de\",\"@id\":\"https:\\\/\\\/elleerre.it\\\/de\\\/personalisierte-werbebanner\\\/transparente\\\/vliesstoff-banner\\\/#primaryimage\",\"url\":\"https:\\\/\\\/elleerre.it\\\/wp-content\\\/uploads\\\/2021\\\/04\\\/TNT-TORX-2025-STRISICONI-.jpg\",\"contentUrl\":\"https:\\\/\\\/elleerre.it\\\/wp-content\\\/uploads\\\/2021\\\/04\\\/TNT-TORX-2025-STRISICONI-.jpg\",\"width\":1200,\"height\":800,\"caption\":\"STRISCIONI TNT\"},{\"@type\":\"BreadcrumbList\",\"@id\":\"https:\\\/\\\/elleerre.it\\\/de\\\/personalisierte-werbebanner\\\/transparente\\\/vliesstoff-banner\\\/#breadcrumb\",\"itemListElement\":[{\"@type\":\"ListItem\",\"position\":1,\"name\":\"Home\",\"item\":\"https:\\\/\\\/elleerre.it\\\/de\\\/\"},{\"@type\":\"ListItem\",\"position\":2,\"name\":\"Shop\",\"item\":\"https:\\\/\\\/elleerre.it\\\/shop\\\/\"},{\"@type\":\"ListItem\",\"position\":3,\"name\":\"VLIESSTOFF BANNER\"}]},{\"@type\":\"WebSite\",\"@id\":\"https:\\\/\\\/elleerre.it\\\/#website\",\"url\":\"https:\\\/\\\/elleerre.it\\\/\",\"name\":\"ElleErre\",\"description\":\"Abbigliamento sportivo personalizzato\",\"publisher\":{\"@id\":\"https:\\\/\\\/elleerre.it\\\/#organization\"},\"potentialAction\":[{\"@type\":\"SearchAction\",\"target\":{\"@type\":\"EntryPoint\",\"urlTemplate\":\"https:\\\/\\\/elleerre.it\\\/?s={search_term_string}\"},\"query-input\":{\"@type\":\"PropertyValueSpecification\",\"valueRequired\":true,\"valueName\":\"search_term_string\"}}],\"inLanguage\":\"de\"},{\"@type\":\"Organization\",\"@id\":\"https:\\\/\\\/elleerre.it\\\/#organization\",\"name\":\"ElleErre\",\"url\":\"https:\\\/\\\/elleerre.it\\\/\",\"logo\":{\"@type\":\"ImageObject\",\"inLanguage\":\"de\",\"@id\":\"https:\\\/\\\/elleerre.it\\\/#\\\/schema\\\/logo\\\/image\\\/\",\"url\":\"https:\\\/\\\/elleerre.it\\\/wp-content\\\/uploads\\\/2021\\\/04\\\/fettuccia_elleerre_var.jpg\",\"contentUrl\":\"https:\\\/\\\/elleerre.it\\\/wp-content\\\/uploads\\\/2021\\\/04\\\/fettuccia_elleerre_var.jpg\",\"width\":300,\"height\":300,\"caption\":\"ElleErre\"},\"image\":{\"@id\":\"https:\\\/\\\/elleerre.it\\\/#\\\/schema\\\/logo\\\/image\\\/\"},\"sameAs\":[\"https:\\\/\\\/www.facebook.com\\\/ElleErre.it\",\"https:\\\/\\\/www.instagram.com\\\/elleerre.it\\\/\",\"https:\\\/\\\/www.youtube.com\\\/user\\\/EasyFlag\"]}]}<\/script>\n<!-- \/ Yoast SEO plugin. -->","yoast_head_json":{"title":"VLIESSTOFF BANNER - Shop online ElleErre","robots":{"index":"index","follow":"follow","max-snippet":"max-snippet:-1","max-image-preview":"max-image-preview:large","max-video-preview":"max-video-preview:-1"},"canonical":"https:\/\/elleerre.it\/de\/personalisierte-werbebanner\/transparente\/vliesstoff-banner\/","og_locale":"de_DE","og_type":"article","og_title":"VLIESSTOFF BANNER - Shop online ElleErre","og_url":"https:\/\/elleerre.it\/de\/personalisierte-werbebanner\/transparente\/vliesstoff-banner\/","og_site_name":"ElleErre","article_publisher":"https:\/\/www.facebook.com\/ElleErre.it","article_modified_time":"2024-11-04T22:08:19+00:00","og_image":[{"width":1200,"height":800,"url":"https:\/\/elleerre.it\/wp-content\/uploads\/2021\/04\/striscione-tnt-pubblicitario-personalizzato-elleerre-serigrafia.jpg","type":"image\/jpeg"}],"twitter_card":"summary_large_image","twitter_misc":{"Gesch\u00e4tzte Lesezeit":"1\u00a0Minute"},"schema":{"@context":"https:\/\/schema.org","@graph":[{"@type":"WebPage","@id":"https:\/\/elleerre.it\/de\/personalisierte-werbebanner\/transparente\/vliesstoff-banner\/","url":"https:\/\/elleerre.it\/de\/personalisierte-werbebanner\/transparente\/vliesstoff-banner\/","name":"VLIESSTOFF BANNER - Shop online ElleErre","isPartOf":{"@id":"https:\/\/elleerre.it\/#website"},"primaryImageOfPage":{"@id":"https:\/\/elleerre.it\/de\/personalisierte-werbebanner\/transparente\/vliesstoff-banner\/#primaryimage"},"image":{"@id":"https:\/\/elleerre.it\/de\/personalisierte-werbebanner\/transparente\/vliesstoff-banner\/#primaryimage"},"thumbnailUrl":"https:\/\/elleerre.it\/wp-content\/uploads\/2021\/04\/TNT-TORX-2025-STRISICONI-.jpg","datePublished":"2021-04-20T15:32:13+00:00","dateModified":"2024-11-04T22:08:19+00:00","breadcrumb":{"@id":"https:\/\/elleerre.it\/de\/personalisierte-werbebanner\/transparente\/vliesstoff-banner\/#breadcrumb"},"inLanguage":"de","potentialAction":[{"@type":"ReadAction","target":["https:\/\/elleerre.it\/de\/personalisierte-werbebanner\/transparente\/vliesstoff-banner\/"]}]},{"@type":"ImageObject","inLanguage":"de","@id":"https:\/\/elleerre.it\/de\/personalisierte-werbebanner\/transparente\/vliesstoff-banner\/#primaryimage","url":"https:\/\/elleerre.it\/wp-content\/uploads\/2021\/04\/TNT-TORX-2025-STRISICONI-.jpg","contentUrl":"https:\/\/elleerre.it\/wp-content\/uploads\/2021\/04\/TNT-TORX-2025-STRISICONI-.jpg","width":1200,"height":800,"caption":"STRISCIONI TNT"},{"@type":"BreadcrumbList","@id":"https:\/\/elleerre.it\/de\/personalisierte-werbebanner\/transparente\/vliesstoff-banner\/#breadcrumb","itemListElement":[{"@type":"ListItem","position":1,"name":"Home","item":"https:\/\/elleerre.it\/de\/"},{"@type":"ListItem","position":2,"name":"Shop","item":"https:\/\/elleerre.it\/shop\/"},{"@type":"ListItem","position":3,"name":"VLIESSTOFF BANNER"}]},{"@type":"WebSite","@id":"https:\/\/elleerre.it\/#website","url":"https:\/\/elleerre.it\/","name":"ElleErre","description":"Abbigliamento sportivo personalizzato","publisher":{"@id":"https:\/\/elleerre.it\/#organization"},"potentialAction":[{"@type":"SearchAction","target":{"@type":"EntryPoint","urlTemplate":"https:\/\/elleerre.it\/?s={search_term_string}"},"query-input":{"@type":"PropertyValueSpecification","valueRequired":true,"valueName":"search_term_string"}}],"inLanguage":"de"},{"@type":"Organization","@id":"https:\/\/elleerre.it\/#organization","name":"ElleErre","url":"https:\/\/elleerre.it\/","logo":{"@type":"ImageObject","inLanguage":"de","@id":"https:\/\/elleerre.it\/#\/schema\/logo\/image\/","url":"https:\/\/elleerre.it\/wp-content\/uploads\/2021\/04\/fettuccia_elleerre_var.jpg","contentUrl":"https:\/\/elleerre.it\/wp-content\/uploads\/2021\/04\/fettuccia_elleerre_var.jpg","width":300,"height":300,"caption":"ElleErre"},"image":{"@id":"https:\/\/elleerre.it\/#\/schema\/logo\/image\/"},"sameAs":["https:\/\/www.facebook.com\/ElleErre.it","https:\/\/www.instagram.com\/elleerre.it\/","https:\/\/www.youtube.com\/user\/EasyFlag"]}]}},"_links":{"self":[{"href":"https:\/\/elleerre.it\/de\/wp-json\/wp\/v2\/product\/13126","targetHints":{"allow":["GET"]}}],"collection":[{"href":"https:\/\/elleerre.it\/de\/wp-json\/wp\/v2\/product"}],"about":[{"href":"https:\/\/elleerre.it\/de\/wp-json\/wp\/v2\/types\/product"}],"wp:featuredmedia":[{"embeddable":true,"href":"https:\/\/elleerre.it\/de\/wp-json\/wp\/v2\/media\/19083"}],"wp:attachment":[{"href":"https:\/\/elleerre.it\/de\/wp-json\/wp\/v2\/media?parent=13126"}],"wp:term":[{"taxonomy":"product_brand","embeddable":true,"href":"https:\/\/elleerre.it\/de\/wp-json\/wp\/v2\/product_brand?post=13126"},{"taxonomy":"product_cat","embeddable":true,"href":"https:\/\/elleerre.it\/de\/wp-json\/wp\/v2\/product_cat?post=13126"},{"taxonomy":"product_tag","embeddable":true,"href":"https:\/\/elleerre.it\/de\/wp-json\/wp\/v2\/product_tag?post=13126"}],"curies":[{"name":"wp","href":"https:\/\/api.w.org\/{rel}","templated":true}]}}