{"id":13139,"date":"2021-04-20T15:17:31","date_gmt":"2021-04-20T15:17:31","guid":{"rendered":"https:\/\/elleerre.it\/unkategorisiert\/easy-relax-pear\/"},"modified":"2024-11-04T09:21:50","modified_gmt":"2024-11-04T09:21:50","slug":"easy-relax-pear","status":"publish","type":"product","link":"https:\/\/elleerre.it\/de\/personalisierte-sitzplatze\/easy-relax-pear\/","title":{"rendered":"EASY-RELAX PEAR"},"content":{"rendered":"<p>Das Gewebe aus 100%igem Polyester sorgt f\u00fcr maximalen Komfort und Haltbarkeit, auch dank der sorgf\u00e4ltigen Verarbeitung der Oberfl\u00e4chen und der N\u00e4hte. Die Innenseite aus Polyester ist abriebfest und knitterarm. Der ma\u00dfgefertigte Easy-Relax Pear Sitzplatz ist bequem, wasserabweisend und feuerfest, und ist mit Polystyrol-Mikrokugeln gef\u00fcllt.<br \/>\nDer Pear Sitzplatz ist ergonomisch und kann auf 6 Seiten individuell gestaltet werden, wobei Farben, Grafiken und Fotos keine Grenzen gesetzt sind. Mit Easy-Relax Pear k\u00f6nnen Sie Ihrem Zuhause, Ihrem B\u00fcro oder Ihrem Messestand einen Hauch von Farbe und Lebendigkeit verleihen. Die Originalit\u00e4t dieses Pear Sitzplatzes verbindet sich mit dem Komfort des Sitzes dank der Polystyrol-Mikrokugeln, die sich an die Formen anpassen.<br \/>\nGr\u00f6\u00dfe: Durchmesser 67\u00d790 cm.<\/p>\n","protected":false},"excerpt":{"rendered":"<p>Easy-Relax Pear ist ein origineller Sitzplatz, ideal als Sessel und als Einrichtungsgegenstand. Der Easy-Relax Pear ist das neue Produkt Made-in-Italy der Linie ElleErre Easy-Relax.<\/p>\n","protected":false},"featured_media":11817,"template":"","meta":{"_acf_changed":false,"inline_featured_image":false},"product_brand":[],"product_cat":[1562],"product_tag":[],"class_list":{"0":"post-13139","1":"product","2":"type-product","3":"status-publish","4":"has-post-thumbnail","6":"product_cat-personalisierte-sitzplatze","8":"first","9":"instock","10":"taxable","11":"shipping-taxable","12":"purchasable","13":"product-type-variable","14":"has-default-attributes"},"acf":[],"yoast_head":"<!-- This site is optimized with the Yoast SEO plugin v27.1.1 - https:\/\/yoast.com\/product\/yoast-seo-wordpress\/ -->\n<title>EASY-RELAX PEAR - Shop online ElleErre<\/title>\n<meta name=\"robots\" content=\"index, follow, max-snippet:-1, max-image-preview:large, max-video-preview:-1\" \/>\n<link rel=\"canonical\" href=\"https:\/\/elleerre.it\/de\/personalisierte-sitzplatze\/easy-relax-pear\/\" \/>\n<meta property=\"og:locale\" content=\"de_DE\" \/>\n<meta property=\"og:type\" content=\"article\" \/>\n<meta property=\"og:title\" content=\"EASY-RELAX PEAR - Shop online ElleErre\" \/>\n<meta property=\"og:url\" content=\"https:\/\/elleerre.it\/de\/personalisierte-sitzplatze\/easy-relax-pear\/\" \/>\n<meta property=\"og:site_name\" content=\"ElleErre\" \/>\n<meta property=\"article:publisher\" content=\"https:\/\/www.facebook.com\/ElleErre.it\" \/>\n<meta property=\"article:modified_time\" content=\"2024-11-04T09:21:50+00:00\" \/>\n<meta property=\"og:image\" content=\"https:\/\/elleerre.it\/wp-content\/uploads\/2021\/04\/easy-pear-scarpa.jpg\" \/>\n\t<meta property=\"og:image:width\" content=\"1200\" \/>\n\t<meta property=\"og:image:height\" content=\"800\" \/>\n\t<meta property=\"og:image:type\" content=\"image\/jpeg\" \/>\n<meta name=\"twitter:card\" content=\"summary_large_image\" \/>\n<meta name=\"twitter:label1\" content=\"Gesch\u00e4tzte Lesezeit\" \/>\n\t<meta name=\"twitter:data1\" content=\"1\u00a0Minute\" \/>\n<script type=\"application\/ld+json\" class=\"yoast-schema-graph\">{\"@context\":\"https:\/\/schema.org\",\"@graph\":[{\"@type\":\"WebPage\",\"@id\":\"https:\/\/elleerre.it\/de\/personalisierte-sitzplatze\/easy-relax-pear\/\",\"url\":\"https:\/\/elleerre.it\/de\/personalisierte-sitzplatze\/easy-relax-pear\/\",\"name\":\"EASY-RELAX PEAR - Shop online ElleErre\",\"isPartOf\":{\"@id\":\"https:\/\/elleerre.it\/#website\"},\"primaryImageOfPage\":{\"@id\":\"https:\/\/elleerre.it\/de\/personalisierte-sitzplatze\/easy-relax-pear\/#primaryimage\"},\"image\":{\"@id\":\"https:\/\/elleerre.it\/de\/personalisierte-sitzplatze\/easy-relax-pear\/#primaryimage\"},\"thumbnailUrl\":\"https:\/\/elleerre.it\/wp-content\/uploads\/2021\/04\/easy-pear-scarpa.jpg\",\"datePublished\":\"2021-04-20T15:17:31+00:00\",\"dateModified\":\"2024-11-04T09:21:50+00:00\",\"breadcrumb\":{\"@id\":\"https:\/\/elleerre.it\/de\/personalisierte-sitzplatze\/easy-relax-pear\/#breadcrumb\"},\"inLanguage\":\"de\",\"potentialAction\":[{\"@type\":\"ReadAction\",\"target\":[\"https:\/\/elleerre.it\/de\/personalisierte-sitzplatze\/easy-relax-pear\/\"]}]},{\"@type\":\"ImageObject\",\"inLanguage\":\"de\",\"@id\":\"https:\/\/elleerre.it\/de\/personalisierte-sitzplatze\/easy-relax-pear\/#primaryimage\",\"url\":\"https:\/\/elleerre.it\/wp-content\/uploads\/2021\/04\/easy-pear-scarpa.jpg\",\"contentUrl\":\"https:\/\/elleerre.it\/wp-content\/uploads\/2021\/04\/easy-pear-scarpa.jpg\",\"width\":1200,\"height\":800},{\"@type\":\"BreadcrumbList\",\"@id\":\"https:\/\/elleerre.it\/de\/personalisierte-sitzplatze\/easy-relax-pear\/#breadcrumb\",\"itemListElement\":[{\"@type\":\"ListItem\",\"position\":1,\"name\":\"Home\",\"item\":\"https:\/\/elleerre.it\/de\/\"},{\"@type\":\"ListItem\",\"position\":2,\"name\":\"Shop\",\"item\":\"https:\/\/elleerre.it\/shop\/\"},{\"@type\":\"ListItem\",\"position\":3,\"name\":\"EASY-RELAX PEAR\"}]},{\"@type\":\"WebSite\",\"@id\":\"https:\/\/elleerre.it\/#website\",\"url\":\"https:\/\/elleerre.it\/\",\"name\":\"ElleErre\",\"description\":\"Abbigliamento sportivo personalizzato\",\"publisher\":{\"@id\":\"https:\/\/elleerre.it\/#organization\"},\"potentialAction\":[{\"@type\":\"SearchAction\",\"target\":{\"@type\":\"EntryPoint\",\"urlTemplate\":\"https:\/\/elleerre.it\/?s={search_term_string}\"},\"query-input\":{\"@type\":\"PropertyValueSpecification\",\"valueRequired\":true,\"valueName\":\"search_term_string\"}}],\"inLanguage\":\"de\"},{\"@type\":\"Organization\",\"@id\":\"https:\/\/elleerre.it\/#organization\",\"name\":\"ElleErre\",\"url\":\"https:\/\/elleerre.it\/\",\"logo\":{\"@type\":\"ImageObject\",\"inLanguage\":\"de\",\"@id\":\"https:\/\/elleerre.it\/#\/schema\/logo\/image\/\",\"url\":\"https:\/\/elleerre.it\/wp-content\/uploads\/2021\/04\/fettuccia_elleerre_var.jpg\",\"contentUrl\":\"https:\/\/elleerre.it\/wp-content\/uploads\/2021\/04\/fettuccia_elleerre_var.jpg\",\"width\":300,\"height\":300,\"caption\":\"ElleErre\"},\"image\":{\"@id\":\"https:\/\/elleerre.it\/#\/schema\/logo\/image\/\"},\"sameAs\":[\"https:\/\/www.facebook.com\/ElleErre.it\",\"https:\/\/www.instagram.com\/elleerre.it\/\",\"https:\/\/www.youtube.com\/user\/EasyFlag\"]}]}<\/script>\n<!-- \/ Yoast SEO plugin. -->","yoast_head_json":{"title":"EASY-RELAX PEAR - Shop online ElleErre","robots":{"index":"index","follow":"follow","max-snippet":"max-snippet:-1","max-image-preview":"max-image-preview:large","max-video-preview":"max-video-preview:-1"},"canonical":"https:\/\/elleerre.it\/de\/personalisierte-sitzplatze\/easy-relax-pear\/","og_locale":"de_DE","og_type":"article","og_title":"EASY-RELAX PEAR - Shop online ElleErre","og_url":"https:\/\/elleerre.it\/de\/personalisierte-sitzplatze\/easy-relax-pear\/","og_site_name":"ElleErre","article_publisher":"https:\/\/www.facebook.com\/ElleErre.it","article_modified_time":"2024-11-04T09:21:50+00:00","og_image":[{"width":1200,"height":800,"url":"https:\/\/elleerre.it\/wp-content\/uploads\/2021\/04\/easy-pear-scarpa.jpg","type":"image\/jpeg"}],"twitter_card":"summary_large_image","twitter_misc":{"Gesch\u00e4tzte Lesezeit":"1\u00a0Minute"},"schema":{"@context":"https:\/\/schema.org","@graph":[{"@type":"WebPage","@id":"https:\/\/elleerre.it\/de\/personalisierte-sitzplatze\/easy-relax-pear\/","url":"https:\/\/elleerre.it\/de\/personalisierte-sitzplatze\/easy-relax-pear\/","name":"EASY-RELAX PEAR - Shop online ElleErre","isPartOf":{"@id":"https:\/\/elleerre.it\/#website"},"primaryImageOfPage":{"@id":"https:\/\/elleerre.it\/de\/personalisierte-sitzplatze\/easy-relax-pear\/#primaryimage"},"image":{"@id":"https:\/\/elleerre.it\/de\/personalisierte-sitzplatze\/easy-relax-pear\/#primaryimage"},"thumbnailUrl":"https:\/\/elleerre.it\/wp-content\/uploads\/2021\/04\/easy-pear-scarpa.jpg","datePublished":"2021-04-20T15:17:31+00:00","dateModified":"2024-11-04T09:21:50+00:00","breadcrumb":{"@id":"https:\/\/elleerre.it\/de\/personalisierte-sitzplatze\/easy-relax-pear\/#breadcrumb"},"inLanguage":"de","potentialAction":[{"@type":"ReadAction","target":["https:\/\/elleerre.it\/de\/personalisierte-sitzplatze\/easy-relax-pear\/"]}]},{"@type":"ImageObject","inLanguage":"de","@id":"https:\/\/elleerre.it\/de\/personalisierte-sitzplatze\/easy-relax-pear\/#primaryimage","url":"https:\/\/elleerre.it\/wp-content\/uploads\/2021\/04\/easy-pear-scarpa.jpg","contentUrl":"https:\/\/elleerre.it\/wp-content\/uploads\/2021\/04\/easy-pear-scarpa.jpg","width":1200,"height":800},{"@type":"BreadcrumbList","@id":"https:\/\/elleerre.it\/de\/personalisierte-sitzplatze\/easy-relax-pear\/#breadcrumb","itemListElement":[{"@type":"ListItem","position":1,"name":"Home","item":"https:\/\/elleerre.it\/de\/"},{"@type":"ListItem","position":2,"name":"Shop","item":"https:\/\/elleerre.it\/shop\/"},{"@type":"ListItem","position":3,"name":"EASY-RELAX PEAR"}]},{"@type":"WebSite","@id":"https:\/\/elleerre.it\/#website","url":"https:\/\/elleerre.it\/","name":"ElleErre","description":"Abbigliamento sportivo personalizzato","publisher":{"@id":"https:\/\/elleerre.it\/#organization"},"potentialAction":[{"@type":"SearchAction","target":{"@type":"EntryPoint","urlTemplate":"https:\/\/elleerre.it\/?s={search_term_string}"},"query-input":{"@type":"PropertyValueSpecification","valueRequired":true,"valueName":"search_term_string"}}],"inLanguage":"de"},{"@type":"Organization","@id":"https:\/\/elleerre.it\/#organization","name":"ElleErre","url":"https:\/\/elleerre.it\/","logo":{"@type":"ImageObject","inLanguage":"de","@id":"https:\/\/elleerre.it\/#\/schema\/logo\/image\/","url":"https:\/\/elleerre.it\/wp-content\/uploads\/2021\/04\/fettuccia_elleerre_var.jpg","contentUrl":"https:\/\/elleerre.it\/wp-content\/uploads\/2021\/04\/fettuccia_elleerre_var.jpg","width":300,"height":300,"caption":"ElleErre"},"image":{"@id":"https:\/\/elleerre.it\/#\/schema\/logo\/image\/"},"sameAs":["https:\/\/www.facebook.com\/ElleErre.it","https:\/\/www.instagram.com\/elleerre.it\/","https:\/\/www.youtube.com\/user\/EasyFlag"]}]}},"_links":{"self":[{"href":"https:\/\/elleerre.it\/de\/wp-json\/wp\/v2\/product\/13139","targetHints":{"allow":["GET"]}}],"collection":[{"href":"https:\/\/elleerre.it\/de\/wp-json\/wp\/v2\/product"}],"about":[{"href":"https:\/\/elleerre.it\/de\/wp-json\/wp\/v2\/types\/product"}],"wp:featuredmedia":[{"embeddable":true,"href":"https:\/\/elleerre.it\/de\/wp-json\/wp\/v2\/media\/11817"}],"wp:attachment":[{"href":"https:\/\/elleerre.it\/de\/wp-json\/wp\/v2\/media?parent=13139"}],"wp:term":[{"taxonomy":"product_brand","embeddable":true,"href":"https:\/\/elleerre.it\/de\/wp-json\/wp\/v2\/product_brand?post=13139"},{"taxonomy":"product_cat","embeddable":true,"href":"https:\/\/elleerre.it\/de\/wp-json\/wp\/v2\/product_cat?post=13139"},{"taxonomy":"product_tag","embeddable":true,"href":"https:\/\/elleerre.it\/de\/wp-json\/wp\/v2\/product_tag?post=13139"}],"curies":[{"name":"wp","href":"https:\/\/api.w.org\/{rel}","templated":true}]}}