{"id":13143,"date":"2021-04-20T15:17:34","date_gmt":"2021-04-20T15:17:34","guid":{"rendered":"https:\/\/elleerre.it\/unkategorisiert\/easy-relax-tube\/"},"modified":"2024-11-04T09:24:30","modified_gmt":"2024-11-04T09:24:30","slug":"easy-relax-tube","status":"publish","type":"product","link":"https:\/\/elleerre.it\/de\/personalisierte-sitzplatze\/easy-relax-tube\/","title":{"rendered":"EASY-RELAX TUBE"},"content":{"rendered":"<p>Der Easy-Relax Tube ist ein weicher und bequemer zylinderf\u00f6rmiger Sitzplatz. Er besteht zu 100 % aus wasserabweisendem und feuerfestem Polyestergewebe und ist mit Polystyrol-Mikrokugeln gef\u00fcllt. Der Tube Sitzplatz kann mit einer unbegrenzten Anzahl von Farben, Grafiken und Fotos komplett personalisiert werden.<br \/>\nDie Werbesitz-Produktion von ElleErre umfasst auch den Tube-Sitzplatz der Easy-Relax-Linie: ein weicher, bequemer und personalisierter Sitzplatz, der f\u00fcr verschiedene Zwecke geeignet ist, als Dekoration und Sitzgelegenheit in Gesch\u00e4ften oder auf Messest\u00e4nden.<br \/>\nDer aus 100 % wasserabweisendem und feuerfestem Polyestergewebe mit Zertifizierung gefertigte Hockerschlauch ist sowohl f\u00fcr den Innen- als auch f\u00fcr den Au\u00dfenbereich geeignet und eignet sich perfekt f\u00fcr \u00f6ffentliche Veranstaltungen oder Messen, die h\u00e4ufig zertifiziertes Material erfordern.<br \/>\nDank der Polystyrol-Mikrokugeln im Inneren bietet der Easy-Relax-Rohrhocker einen bequemen und ergonomischen Sitz. Der Digitaldruck erm\u00f6glicht au\u00dferdem eine vollst\u00e4ndige Personalisierung des Sitzplatzes f\u00fcr Gesch\u00e4fte und Messen ohne Einschr\u00e4nkungen bei Farben, Grafiken und Fotos. Sitzfl\u00e4che und Au\u00dfenumfang k\u00f6nnen personalisiert werden.<br \/>\nAbmessungen: Durchmesser 47 cm &#8211; H.46 cm<\/p>\n","protected":false},"excerpt":{"rendered":"<p>Der Easy-Relax Tube ist ein weicher und bequemer zylinderf\u00f6rmiger Sitzplatz. Er besteht zu 100 % aus wasserabweisendem und feuerfestem Polyestergewebe und ist mit Polystyrol-Mikrokugeln gef\u00fcllt.<\/p>\n","protected":false},"featured_media":11808,"template":"","meta":{"_acf_changed":false,"inline_featured_image":false},"product_brand":[],"product_cat":[1562],"product_tag":[],"class_list":{"0":"post-13143","1":"product","2":"type-product","3":"status-publish","4":"has-post-thumbnail","6":"product_cat-personalisierte-sitzplatze","8":"first","9":"instock","10":"taxable","11":"shipping-taxable","12":"purchasable","13":"product-type-variable","14":"has-default-attributes"},"acf":[],"yoast_head":"<!-- This site is optimized with the Yoast SEO plugin v27.1.1 - https:\/\/yoast.com\/product\/yoast-seo-wordpress\/ -->\n<title>EASY-RELAX TUBE - Shop online ElleErre<\/title>\n<meta name=\"robots\" content=\"index, follow, max-snippet:-1, max-image-preview:large, max-video-preview:-1\" \/>\n<link rel=\"canonical\" href=\"https:\/\/elleerre.it\/de\/personalisierte-sitzplatze\/easy-relax-tube\/\" \/>\n<meta property=\"og:locale\" content=\"de_DE\" \/>\n<meta property=\"og:type\" content=\"article\" \/>\n<meta property=\"og:title\" content=\"EASY-RELAX TUBE - Shop online ElleErre\" \/>\n<meta property=\"og:url\" content=\"https:\/\/elleerre.it\/de\/personalisierte-sitzplatze\/easy-relax-tube\/\" \/>\n<meta property=\"og:site_name\" content=\"ElleErre\" \/>\n<meta property=\"article:publisher\" content=\"https:\/\/www.facebook.com\/ElleErre.it\" \/>\n<meta property=\"article:modified_time\" content=\"2024-11-04T09:24:30+00:00\" \/>\n<meta property=\"og:image\" content=\"https:\/\/elleerre.it\/wp-content\/uploads\/2021\/04\/easy-tube-personalizzato-pouf-salewa-mapei.jpg\" \/>\n\t<meta property=\"og:image:width\" content=\"1200\" \/>\n\t<meta property=\"og:image:height\" content=\"800\" \/>\n\t<meta property=\"og:image:type\" content=\"image\/jpeg\" \/>\n<meta name=\"twitter:card\" content=\"summary_large_image\" \/>\n<meta name=\"twitter:label1\" content=\"Gesch\u00e4tzte Lesezeit\" \/>\n\t<meta name=\"twitter:data1\" content=\"2\u00a0Minuten\" \/>\n<script type=\"application\/ld+json\" class=\"yoast-schema-graph\">{\"@context\":\"https:\/\/schema.org\",\"@graph\":[{\"@type\":\"WebPage\",\"@id\":\"https:\/\/elleerre.it\/de\/personalisierte-sitzplatze\/easy-relax-tube\/\",\"url\":\"https:\/\/elleerre.it\/de\/personalisierte-sitzplatze\/easy-relax-tube\/\",\"name\":\"EASY-RELAX TUBE - Shop online ElleErre\",\"isPartOf\":{\"@id\":\"https:\/\/elleerre.it\/#website\"},\"primaryImageOfPage\":{\"@id\":\"https:\/\/elleerre.it\/de\/personalisierte-sitzplatze\/easy-relax-tube\/#primaryimage\"},\"image\":{\"@id\":\"https:\/\/elleerre.it\/de\/personalisierte-sitzplatze\/easy-relax-tube\/#primaryimage\"},\"thumbnailUrl\":\"https:\/\/elleerre.it\/wp-content\/uploads\/2021\/04\/easy-tube-personalizzato-pouf-salewa-mapei.jpg\",\"datePublished\":\"2021-04-20T15:17:34+00:00\",\"dateModified\":\"2024-11-04T09:24:30+00:00\",\"breadcrumb\":{\"@id\":\"https:\/\/elleerre.it\/de\/personalisierte-sitzplatze\/easy-relax-tube\/#breadcrumb\"},\"inLanguage\":\"de\",\"potentialAction\":[{\"@type\":\"ReadAction\",\"target\":[\"https:\/\/elleerre.it\/de\/personalisierte-sitzplatze\/easy-relax-tube\/\"]}]},{\"@type\":\"ImageObject\",\"inLanguage\":\"de\",\"@id\":\"https:\/\/elleerre.it\/de\/personalisierte-sitzplatze\/easy-relax-tube\/#primaryimage\",\"url\":\"https:\/\/elleerre.it\/wp-content\/uploads\/2021\/04\/easy-tube-personalizzato-pouf-salewa-mapei.jpg\",\"contentUrl\":\"https:\/\/elleerre.it\/wp-content\/uploads\/2021\/04\/easy-tube-personalizzato-pouf-salewa-mapei.jpg\",\"width\":1200,\"height\":800},{\"@type\":\"BreadcrumbList\",\"@id\":\"https:\/\/elleerre.it\/de\/personalisierte-sitzplatze\/easy-relax-tube\/#breadcrumb\",\"itemListElement\":[{\"@type\":\"ListItem\",\"position\":1,\"name\":\"Home\",\"item\":\"https:\/\/elleerre.it\/de\/\"},{\"@type\":\"ListItem\",\"position\":2,\"name\":\"Shop\",\"item\":\"https:\/\/elleerre.it\/shop\/\"},{\"@type\":\"ListItem\",\"position\":3,\"name\":\"EASY-RELAX TUBE\"}]},{\"@type\":\"WebSite\",\"@id\":\"https:\/\/elleerre.it\/#website\",\"url\":\"https:\/\/elleerre.it\/\",\"name\":\"ElleErre\",\"description\":\"Abbigliamento sportivo personalizzato\",\"publisher\":{\"@id\":\"https:\/\/elleerre.it\/#organization\"},\"potentialAction\":[{\"@type\":\"SearchAction\",\"target\":{\"@type\":\"EntryPoint\",\"urlTemplate\":\"https:\/\/elleerre.it\/?s={search_term_string}\"},\"query-input\":{\"@type\":\"PropertyValueSpecification\",\"valueRequired\":true,\"valueName\":\"search_term_string\"}}],\"inLanguage\":\"de\"},{\"@type\":\"Organization\",\"@id\":\"https:\/\/elleerre.it\/#organization\",\"name\":\"ElleErre\",\"url\":\"https:\/\/elleerre.it\/\",\"logo\":{\"@type\":\"ImageObject\",\"inLanguage\":\"de\",\"@id\":\"https:\/\/elleerre.it\/#\/schema\/logo\/image\/\",\"url\":\"https:\/\/elleerre.it\/wp-content\/uploads\/2021\/04\/fettuccia_elleerre_var.jpg\",\"contentUrl\":\"https:\/\/elleerre.it\/wp-content\/uploads\/2021\/04\/fettuccia_elleerre_var.jpg\",\"width\":300,\"height\":300,\"caption\":\"ElleErre\"},\"image\":{\"@id\":\"https:\/\/elleerre.it\/#\/schema\/logo\/image\/\"},\"sameAs\":[\"https:\/\/www.facebook.com\/ElleErre.it\",\"https:\/\/www.instagram.com\/elleerre.it\/\",\"https:\/\/www.youtube.com\/user\/EasyFlag\"]}]}<\/script>\n<!-- \/ Yoast SEO plugin. -->","yoast_head_json":{"title":"EASY-RELAX TUBE - Shop online ElleErre","robots":{"index":"index","follow":"follow","max-snippet":"max-snippet:-1","max-image-preview":"max-image-preview:large","max-video-preview":"max-video-preview:-1"},"canonical":"https:\/\/elleerre.it\/de\/personalisierte-sitzplatze\/easy-relax-tube\/","og_locale":"de_DE","og_type":"article","og_title":"EASY-RELAX TUBE - Shop online ElleErre","og_url":"https:\/\/elleerre.it\/de\/personalisierte-sitzplatze\/easy-relax-tube\/","og_site_name":"ElleErre","article_publisher":"https:\/\/www.facebook.com\/ElleErre.it","article_modified_time":"2024-11-04T09:24:30+00:00","og_image":[{"width":1200,"height":800,"url":"https:\/\/elleerre.it\/wp-content\/uploads\/2021\/04\/easy-tube-personalizzato-pouf-salewa-mapei.jpg","type":"image\/jpeg"}],"twitter_card":"summary_large_image","twitter_misc":{"Gesch\u00e4tzte Lesezeit":"2\u00a0Minuten"},"schema":{"@context":"https:\/\/schema.org","@graph":[{"@type":"WebPage","@id":"https:\/\/elleerre.it\/de\/personalisierte-sitzplatze\/easy-relax-tube\/","url":"https:\/\/elleerre.it\/de\/personalisierte-sitzplatze\/easy-relax-tube\/","name":"EASY-RELAX TUBE - Shop online ElleErre","isPartOf":{"@id":"https:\/\/elleerre.it\/#website"},"primaryImageOfPage":{"@id":"https:\/\/elleerre.it\/de\/personalisierte-sitzplatze\/easy-relax-tube\/#primaryimage"},"image":{"@id":"https:\/\/elleerre.it\/de\/personalisierte-sitzplatze\/easy-relax-tube\/#primaryimage"},"thumbnailUrl":"https:\/\/elleerre.it\/wp-content\/uploads\/2021\/04\/easy-tube-personalizzato-pouf-salewa-mapei.jpg","datePublished":"2021-04-20T15:17:34+00:00","dateModified":"2024-11-04T09:24:30+00:00","breadcrumb":{"@id":"https:\/\/elleerre.it\/de\/personalisierte-sitzplatze\/easy-relax-tube\/#breadcrumb"},"inLanguage":"de","potentialAction":[{"@type":"ReadAction","target":["https:\/\/elleerre.it\/de\/personalisierte-sitzplatze\/easy-relax-tube\/"]}]},{"@type":"ImageObject","inLanguage":"de","@id":"https:\/\/elleerre.it\/de\/personalisierte-sitzplatze\/easy-relax-tube\/#primaryimage","url":"https:\/\/elleerre.it\/wp-content\/uploads\/2021\/04\/easy-tube-personalizzato-pouf-salewa-mapei.jpg","contentUrl":"https:\/\/elleerre.it\/wp-content\/uploads\/2021\/04\/easy-tube-personalizzato-pouf-salewa-mapei.jpg","width":1200,"height":800},{"@type":"BreadcrumbList","@id":"https:\/\/elleerre.it\/de\/personalisierte-sitzplatze\/easy-relax-tube\/#breadcrumb","itemListElement":[{"@type":"ListItem","position":1,"name":"Home","item":"https:\/\/elleerre.it\/de\/"},{"@type":"ListItem","position":2,"name":"Shop","item":"https:\/\/elleerre.it\/shop\/"},{"@type":"ListItem","position":3,"name":"EASY-RELAX TUBE"}]},{"@type":"WebSite","@id":"https:\/\/elleerre.it\/#website","url":"https:\/\/elleerre.it\/","name":"ElleErre","description":"Abbigliamento sportivo personalizzato","publisher":{"@id":"https:\/\/elleerre.it\/#organization"},"potentialAction":[{"@type":"SearchAction","target":{"@type":"EntryPoint","urlTemplate":"https:\/\/elleerre.it\/?s={search_term_string}"},"query-input":{"@type":"PropertyValueSpecification","valueRequired":true,"valueName":"search_term_string"}}],"inLanguage":"de"},{"@type":"Organization","@id":"https:\/\/elleerre.it\/#organization","name":"ElleErre","url":"https:\/\/elleerre.it\/","logo":{"@type":"ImageObject","inLanguage":"de","@id":"https:\/\/elleerre.it\/#\/schema\/logo\/image\/","url":"https:\/\/elleerre.it\/wp-content\/uploads\/2021\/04\/fettuccia_elleerre_var.jpg","contentUrl":"https:\/\/elleerre.it\/wp-content\/uploads\/2021\/04\/fettuccia_elleerre_var.jpg","width":300,"height":300,"caption":"ElleErre"},"image":{"@id":"https:\/\/elleerre.it\/#\/schema\/logo\/image\/"},"sameAs":["https:\/\/www.facebook.com\/ElleErre.it","https:\/\/www.instagram.com\/elleerre.it\/","https:\/\/www.youtube.com\/user\/EasyFlag"]}]}},"_links":{"self":[{"href":"https:\/\/elleerre.it\/de\/wp-json\/wp\/v2\/product\/13143","targetHints":{"allow":["GET"]}}],"collection":[{"href":"https:\/\/elleerre.it\/de\/wp-json\/wp\/v2\/product"}],"about":[{"href":"https:\/\/elleerre.it\/de\/wp-json\/wp\/v2\/types\/product"}],"wp:featuredmedia":[{"embeddable":true,"href":"https:\/\/elleerre.it\/de\/wp-json\/wp\/v2\/media\/11808"}],"wp:attachment":[{"href":"https:\/\/elleerre.it\/de\/wp-json\/wp\/v2\/media?parent=13143"}],"wp:term":[{"taxonomy":"product_brand","embeddable":true,"href":"https:\/\/elleerre.it\/de\/wp-json\/wp\/v2\/product_brand?post=13143"},{"taxonomy":"product_cat","embeddable":true,"href":"https:\/\/elleerre.it\/de\/wp-json\/wp\/v2\/product_cat?post=13143"},{"taxonomy":"product_tag","embeddable":true,"href":"https:\/\/elleerre.it\/de\/wp-json\/wp\/v2\/product_tag?post=13143"}],"curies":[{"name":"wp","href":"https:\/\/api.w.org\/{rel}","templated":true}]}}