{"id":13148,"date":"2021-04-13T15:42:08","date_gmt":"2021-04-13T15:42:08","guid":{"rendered":"https:\/\/elleerre.it\/unkategorisiert\/inflatables-arch\/"},"modified":"2026-04-14T10:03:59","modified_gmt":"2026-04-14T10:03:59","slug":"aufblasbarer-bogen","status":"publish","type":"product","link":"https:\/\/elleerre.it\/de\/aufblasbare-werbestrukturen\/aufblasbarer-bogen\/","title":{"rendered":"AUFBLASBARER BOGEN"},"content":{"rendered":"<p>Die Personalisierung der aufblasbaren Torb\u00f6gen kann entweder durch direkten Druck auf den Stoff erfolgen, aus dem der Bogen besteht, oder durch austauschbare Banner, die mit Hilfe eines praktischen Klettverschlusses an standardfarbigen Strukturen aufgeh\u00e4ngt werden. Auf diese Weise kann die Gestaltung von Zeit zu Zeit ge\u00e4ndert werden, ohne dass die gesamte Struktur des aufblasbaren Werbebogens ver\u00e4ndert werden muss, was erhebliche Kosten- und Materialeinsparungen erm\u00f6glicht. Die aufblasbaren Strukturen sind mit einem ger\u00e4uschlosen Motor ausgestattet, der kalte Luft in die Strukturen leitet, damit sie stets straff gehalten werden.<br \/>\nDer Motor muss st\u00e4ndig mit Strom versorgt werden, um seine Funktion zu erf\u00fcllen.<\/p>\n<p>Personalisierte Werbeb\u00f6gen sind in verschiedenen Gr\u00f6\u00dfen erh\u00e4ltlich, um allen Bed\u00fcrfnissen gerecht zu werden und sich an unterschiedliche Situationen anzupassen.<\/p>\n<p>Der aufblasbare Bogen wird als kompletter Bausatz mit Verankerungsseilen, internem Gebl\u00e4se, optionalem Klettverschluss zur Befestigung von Bannern und einer Tragetasche geliefert.<\/p>\n","protected":false},"excerpt":{"rendered":"<p>Elle Erre stellt aufblasbare Werbeb\u00f6gen f\u00fcr Veranstaltungen her, die in Form, Farbe und Gr\u00f6\u00dfe personalisierbar sind. Die aufblasbaren Strukturen sind mit einem ger\u00e4uschlosen Motor ausgestattet, der kalte Luft in die Strukturen leitet, damit sie stets straff gehalten werden. Wir entwerfen und fertigen verschiedene Arten von aufblasbaren Werbeb\u00f6gen: rund, quadratisch, geformt, dreidimensional, usw.<\/p>\n","protected":false},"featured_media":11096,"template":"","meta":{"_acf_changed":false,"inline_featured_image":false},"product_brand":[],"product_cat":[1570],"product_tag":[],"class_list":{"0":"post-13148","1":"product","2":"type-product","3":"status-publish","4":"has-post-thumbnail","6":"product_cat-aufblasbare-werbestrukturen","8":"first","9":"instock","10":"taxable","11":"shipping-taxable","12":"purchasable","13":"product-type-variable","14":"has-default-attributes"},"acf":[],"yoast_head":"<!-- This site is optimized with the Yoast SEO plugin v27.3 - https:\/\/yoast.com\/product\/yoast-seo-wordpress\/ -->\n<title>AUFBLASBARER BOGEN - Shop online ElleErre<\/title>\n<meta name=\"robots\" content=\"index, follow, max-snippet:-1, max-image-preview:large, max-video-preview:-1\" \/>\n<link rel=\"canonical\" href=\"https:\/\/elleerre.it\/de\/aufblasbare-werbestrukturen\/aufblasbarer-bogen\/\" \/>\n<meta property=\"og:locale\" content=\"de_DE\" \/>\n<meta property=\"og:type\" content=\"article\" \/>\n<meta property=\"og:title\" content=\"AUFBLASBARER BOGEN - Shop online ElleErre\" \/>\n<meta property=\"og:url\" content=\"https:\/\/elleerre.it\/de\/aufblasbare-werbestrukturen\/aufblasbarer-bogen\/\" \/>\n<meta property=\"og:site_name\" content=\"ElleErre\" \/>\n<meta property=\"article:publisher\" content=\"https:\/\/www.facebook.com\/ElleErre.it\" \/>\n<meta property=\"article:modified_time\" content=\"2026-04-14T10:03:59+00:00\" \/>\n<meta property=\"og:image\" content=\"https:\/\/elleerre.it\/wp-content\/uploads\/2021\/04\/arco-gonfiabile-personalizzato-gara-1.jpg\" \/>\n\t<meta property=\"og:image:width\" content=\"1200\" \/>\n\t<meta property=\"og:image:height\" content=\"800\" \/>\n\t<meta property=\"og:image:type\" content=\"image\/jpeg\" \/>\n<meta name=\"twitter:card\" content=\"summary_large_image\" \/>\n<meta name=\"twitter:label1\" content=\"Gesch\u00e4tzte Lesezeit\" \/>\n\t<meta name=\"twitter:data1\" content=\"1\u00a0Minute\" \/>\n<script type=\"application\/ld+json\" class=\"yoast-schema-graph\">{\"@context\":\"https:\\\/\\\/schema.org\",\"@graph\":[{\"@type\":\"WebPage\",\"@id\":\"https:\\\/\\\/elleerre.it\\\/de\\\/aufblasbare-werbestrukturen\\\/aufblasbarer-bogen\\\/\",\"url\":\"https:\\\/\\\/elleerre.it\\\/de\\\/aufblasbare-werbestrukturen\\\/aufblasbarer-bogen\\\/\",\"name\":\"AUFBLASBARER BOGEN - Shop online ElleErre\",\"isPartOf\":{\"@id\":\"https:\\\/\\\/elleerre.it\\\/#website\"},\"primaryImageOfPage\":{\"@id\":\"https:\\\/\\\/elleerre.it\\\/de\\\/aufblasbare-werbestrukturen\\\/aufblasbarer-bogen\\\/#primaryimage\"},\"image\":{\"@id\":\"https:\\\/\\\/elleerre.it\\\/de\\\/aufblasbare-werbestrukturen\\\/aufblasbarer-bogen\\\/#primaryimage\"},\"thumbnailUrl\":\"https:\\\/\\\/elleerre.it\\\/wp-content\\\/uploads\\\/2021\\\/04\\\/arco-gonfiabile-personalizzato-gara-1.jpg\",\"datePublished\":\"2021-04-13T15:42:08+00:00\",\"dateModified\":\"2026-04-14T10:03:59+00:00\",\"breadcrumb\":{\"@id\":\"https:\\\/\\\/elleerre.it\\\/de\\\/aufblasbare-werbestrukturen\\\/aufblasbarer-bogen\\\/#breadcrumb\"},\"inLanguage\":\"de\",\"potentialAction\":[{\"@type\":\"ReadAction\",\"target\":[\"https:\\\/\\\/elleerre.it\\\/de\\\/aufblasbare-werbestrukturen\\\/aufblasbarer-bogen\\\/\"]}]},{\"@type\":\"ImageObject\",\"inLanguage\":\"de\",\"@id\":\"https:\\\/\\\/elleerre.it\\\/de\\\/aufblasbare-werbestrukturen\\\/aufblasbarer-bogen\\\/#primaryimage\",\"url\":\"https:\\\/\\\/elleerre.it\\\/wp-content\\\/uploads\\\/2021\\\/04\\\/arco-gonfiabile-personalizzato-gara-1.jpg\",\"contentUrl\":\"https:\\\/\\\/elleerre.it\\\/wp-content\\\/uploads\\\/2021\\\/04\\\/arco-gonfiabile-personalizzato-gara-1.jpg\",\"width\":1200,\"height\":800},{\"@type\":\"BreadcrumbList\",\"@id\":\"https:\\\/\\\/elleerre.it\\\/de\\\/aufblasbare-werbestrukturen\\\/aufblasbarer-bogen\\\/#breadcrumb\",\"itemListElement\":[{\"@type\":\"ListItem\",\"position\":1,\"name\":\"Home\",\"item\":\"https:\\\/\\\/elleerre.it\\\/de\\\/\"},{\"@type\":\"ListItem\",\"position\":2,\"name\":\"Shop\",\"item\":\"https:\\\/\\\/elleerre.it\\\/shop\\\/\"},{\"@type\":\"ListItem\",\"position\":3,\"name\":\"AUFBLASBARER BOGEN\"}]},{\"@type\":\"WebSite\",\"@id\":\"https:\\\/\\\/elleerre.it\\\/#website\",\"url\":\"https:\\\/\\\/elleerre.it\\\/\",\"name\":\"ElleErre\",\"description\":\"Abbigliamento sportivo personalizzato\",\"publisher\":{\"@id\":\"https:\\\/\\\/elleerre.it\\\/#organization\"},\"potentialAction\":[{\"@type\":\"SearchAction\",\"target\":{\"@type\":\"EntryPoint\",\"urlTemplate\":\"https:\\\/\\\/elleerre.it\\\/?s={search_term_string}\"},\"query-input\":{\"@type\":\"PropertyValueSpecification\",\"valueRequired\":true,\"valueName\":\"search_term_string\"}}],\"inLanguage\":\"de\"},{\"@type\":\"Organization\",\"@id\":\"https:\\\/\\\/elleerre.it\\\/#organization\",\"name\":\"ElleErre\",\"url\":\"https:\\\/\\\/elleerre.it\\\/\",\"logo\":{\"@type\":\"ImageObject\",\"inLanguage\":\"de\",\"@id\":\"https:\\\/\\\/elleerre.it\\\/#\\\/schema\\\/logo\\\/image\\\/\",\"url\":\"https:\\\/\\\/elleerre.it\\\/wp-content\\\/uploads\\\/2021\\\/04\\\/fettuccia_elleerre_var.jpg\",\"contentUrl\":\"https:\\\/\\\/elleerre.it\\\/wp-content\\\/uploads\\\/2021\\\/04\\\/fettuccia_elleerre_var.jpg\",\"width\":300,\"height\":300,\"caption\":\"ElleErre\"},\"image\":{\"@id\":\"https:\\\/\\\/elleerre.it\\\/#\\\/schema\\\/logo\\\/image\\\/\"},\"sameAs\":[\"https:\\\/\\\/www.facebook.com\\\/ElleErre.it\",\"https:\\\/\\\/www.instagram.com\\\/elleerre.it\\\/\",\"https:\\\/\\\/www.youtube.com\\\/user\\\/EasyFlag\"]}]}<\/script>\n<!-- \/ Yoast SEO plugin. -->","yoast_head_json":{"title":"AUFBLASBARER BOGEN - Shop online ElleErre","robots":{"index":"index","follow":"follow","max-snippet":"max-snippet:-1","max-image-preview":"max-image-preview:large","max-video-preview":"max-video-preview:-1"},"canonical":"https:\/\/elleerre.it\/de\/aufblasbare-werbestrukturen\/aufblasbarer-bogen\/","og_locale":"de_DE","og_type":"article","og_title":"AUFBLASBARER BOGEN - Shop online ElleErre","og_url":"https:\/\/elleerre.it\/de\/aufblasbare-werbestrukturen\/aufblasbarer-bogen\/","og_site_name":"ElleErre","article_publisher":"https:\/\/www.facebook.com\/ElleErre.it","article_modified_time":"2026-04-14T10:03:59+00:00","og_image":[{"width":1200,"height":800,"url":"https:\/\/elleerre.it\/wp-content\/uploads\/2021\/04\/arco-gonfiabile-personalizzato-gara-1.jpg","type":"image\/jpeg"}],"twitter_card":"summary_large_image","twitter_misc":{"Gesch\u00e4tzte Lesezeit":"1\u00a0Minute"},"schema":{"@context":"https:\/\/schema.org","@graph":[{"@type":"WebPage","@id":"https:\/\/elleerre.it\/de\/aufblasbare-werbestrukturen\/aufblasbarer-bogen\/","url":"https:\/\/elleerre.it\/de\/aufblasbare-werbestrukturen\/aufblasbarer-bogen\/","name":"AUFBLASBARER BOGEN - Shop online ElleErre","isPartOf":{"@id":"https:\/\/elleerre.it\/#website"},"primaryImageOfPage":{"@id":"https:\/\/elleerre.it\/de\/aufblasbare-werbestrukturen\/aufblasbarer-bogen\/#primaryimage"},"image":{"@id":"https:\/\/elleerre.it\/de\/aufblasbare-werbestrukturen\/aufblasbarer-bogen\/#primaryimage"},"thumbnailUrl":"https:\/\/elleerre.it\/wp-content\/uploads\/2021\/04\/arco-gonfiabile-personalizzato-gara-1.jpg","datePublished":"2021-04-13T15:42:08+00:00","dateModified":"2026-04-14T10:03:59+00:00","breadcrumb":{"@id":"https:\/\/elleerre.it\/de\/aufblasbare-werbestrukturen\/aufblasbarer-bogen\/#breadcrumb"},"inLanguage":"de","potentialAction":[{"@type":"ReadAction","target":["https:\/\/elleerre.it\/de\/aufblasbare-werbestrukturen\/aufblasbarer-bogen\/"]}]},{"@type":"ImageObject","inLanguage":"de","@id":"https:\/\/elleerre.it\/de\/aufblasbare-werbestrukturen\/aufblasbarer-bogen\/#primaryimage","url":"https:\/\/elleerre.it\/wp-content\/uploads\/2021\/04\/arco-gonfiabile-personalizzato-gara-1.jpg","contentUrl":"https:\/\/elleerre.it\/wp-content\/uploads\/2021\/04\/arco-gonfiabile-personalizzato-gara-1.jpg","width":1200,"height":800},{"@type":"BreadcrumbList","@id":"https:\/\/elleerre.it\/de\/aufblasbare-werbestrukturen\/aufblasbarer-bogen\/#breadcrumb","itemListElement":[{"@type":"ListItem","position":1,"name":"Home","item":"https:\/\/elleerre.it\/de\/"},{"@type":"ListItem","position":2,"name":"Shop","item":"https:\/\/elleerre.it\/shop\/"},{"@type":"ListItem","position":3,"name":"AUFBLASBARER BOGEN"}]},{"@type":"WebSite","@id":"https:\/\/elleerre.it\/#website","url":"https:\/\/elleerre.it\/","name":"ElleErre","description":"Abbigliamento sportivo personalizzato","publisher":{"@id":"https:\/\/elleerre.it\/#organization"},"potentialAction":[{"@type":"SearchAction","target":{"@type":"EntryPoint","urlTemplate":"https:\/\/elleerre.it\/?s={search_term_string}"},"query-input":{"@type":"PropertyValueSpecification","valueRequired":true,"valueName":"search_term_string"}}],"inLanguage":"de"},{"@type":"Organization","@id":"https:\/\/elleerre.it\/#organization","name":"ElleErre","url":"https:\/\/elleerre.it\/","logo":{"@type":"ImageObject","inLanguage":"de","@id":"https:\/\/elleerre.it\/#\/schema\/logo\/image\/","url":"https:\/\/elleerre.it\/wp-content\/uploads\/2021\/04\/fettuccia_elleerre_var.jpg","contentUrl":"https:\/\/elleerre.it\/wp-content\/uploads\/2021\/04\/fettuccia_elleerre_var.jpg","width":300,"height":300,"caption":"ElleErre"},"image":{"@id":"https:\/\/elleerre.it\/#\/schema\/logo\/image\/"},"sameAs":["https:\/\/www.facebook.com\/ElleErre.it","https:\/\/www.instagram.com\/elleerre.it\/","https:\/\/www.youtube.com\/user\/EasyFlag"]}]}},"_links":{"self":[{"href":"https:\/\/elleerre.it\/de\/wp-json\/wp\/v2\/product\/13148","targetHints":{"allow":["GET"]}}],"collection":[{"href":"https:\/\/elleerre.it\/de\/wp-json\/wp\/v2\/product"}],"about":[{"href":"https:\/\/elleerre.it\/de\/wp-json\/wp\/v2\/types\/product"}],"wp:featuredmedia":[{"embeddable":true,"href":"https:\/\/elleerre.it\/de\/wp-json\/wp\/v2\/media\/11096"}],"wp:attachment":[{"href":"https:\/\/elleerre.it\/de\/wp-json\/wp\/v2\/media?parent=13148"}],"wp:term":[{"taxonomy":"product_brand","embeddable":true,"href":"https:\/\/elleerre.it\/de\/wp-json\/wp\/v2\/product_brand?post=13148"},{"taxonomy":"product_cat","embeddable":true,"href":"https:\/\/elleerre.it\/de\/wp-json\/wp\/v2\/product_cat?post=13148"},{"taxonomy":"product_tag","embeddable":true,"href":"https:\/\/elleerre.it\/de\/wp-json\/wp\/v2\/product_tag?post=13148"}],"curies":[{"name":"wp","href":"https:\/\/api.w.org\/{rel}","templated":true}]}}