{"id":13161,"date":"2021-05-25T18:03:22","date_gmt":"2021-05-25T18:03:22","guid":{"rendered":"https:\/\/elleerre.it\/unkategorisiert\/bike-training-mat\/"},"modified":"2024-11-04T22:38:59","modified_gmt":"2024-11-04T22:38:59","slug":"bike-training-mat","status":"publish","type":"product","link":"https:\/\/elleerre.it\/de\/personalisierte-teppiche\/bike-training-mat-de\/bike-training-mat\/","title":{"rendered":"Bike training mat"},"content":{"rendered":"<p>Nicht einmal Lockdown und Winter stoppen Ihren Fahrdrang? Sind Sie zu Hause und treten Sie in die Pedale, als Sie bei der Flucht bei den \u201eStrade Bianche\u201c oder in Roubaix auf der Piste w\u00e4ren?<\/p>\n<p>Dann k\u00f6nnen Sie auf die ElleErre Rollentrainer-Bodenschutzmatte nicht verzichten, die unentbehrlich ist, um Ihren Boden bei intensiven Workouts zu sch\u00fctzen! Rutschfest, ideal unter Ihrem Fahrradtrainer, um Ger\u00e4usche und Vibrationen zu reduzieren und Sch\u00e4den am Boden zu vermeiden.<br \/>\nDie Matte wurde f\u00fcr das Indoor-Training entwickelt und sollte zwischen den Rollen und dem Boden platziert werden, um sie vor Schwei\u00df und \u00d6l des Fahrradantriebs zu sch\u00fctzen.<br \/>\nDank der Vibrationsd\u00e4mpfung und Schallisolierung macht die Rollentrainer-Bodenschutzmatte von ElleErre Ihr Training leiser und angenehmer. Die leichte und wickelbare Matte ist 3 mm dick und nach Cfl-S1 feuerfest zertifiziert.<\/p>\n<p>Mit dem Kauf der Matte erhalten Sie auch eine ELLE-ERRE FLASCHE als Geschenk!<br \/>\nGr\u00f6\u00dfe: 75x200cm.<\/p>\n<p>REINIGUNG UND PFLEGE: Die Matte ist mit einem feuchten Schwamm und PH-neutraler Seife waschbar. Wir empfehlen, sie mit einem Staubsauger zu reinigen. Die Verwendung von chemischen Produkten wird nicht empfohlen. Die Verwendung von Wasserstrahlen oder Dampfreinigern wird nicht empfohlen.<\/p>\n","protected":false},"excerpt":{"rendered":"<p>Rollentrainer-Bodenschutzmatte von ElleErre, unverzichtbar f\u00fcr den Schutz Ihres Fu\u00dfbodens bei intensivem Trainieren!<\/p>\n","protected":false},"featured_media":11674,"template":"","meta":{"_acf_changed":false,"inline_featured_image":false},"product_brand":[],"product_cat":[1583,1581],"product_tag":[],"class_list":{"0":"post-13161","1":"product","2":"type-product","3":"status-publish","4":"has-post-thumbnail","6":"product_cat-bike-training-mat-de","7":"product_cat-personalisierte-teppiche","9":"first","10":"instock","11":"taxable","12":"shipping-taxable","13":"purchasable","14":"product-type-variable","15":"has-default-attributes"},"acf":[],"yoast_head":"<!-- This site is optimized with the Yoast SEO plugin v27.3 - https:\/\/yoast.com\/product\/yoast-seo-wordpress\/ -->\n<title>Bike training mat for trainer or rollers - Shop online ElleErre<\/title>\n<meta name=\"robots\" content=\"index, follow, max-snippet:-1, max-image-preview:large, max-video-preview:-1\" \/>\n<link rel=\"canonical\" href=\"https:\/\/elleerre.it\/de\/personalisierte-teppiche\/bike-training-mat-de\/bike-training-mat\/\" \/>\n<meta property=\"og:locale\" content=\"de_DE\" \/>\n<meta property=\"og:type\" content=\"article\" \/>\n<meta property=\"og:title\" content=\"Bike training mat for trainer or rollers - Shop online ElleErre\" \/>\n<meta property=\"og:url\" content=\"https:\/\/elleerre.it\/de\/personalisierte-teppiche\/bike-training-mat-de\/bike-training-mat\/\" \/>\n<meta property=\"og:site_name\" content=\"ElleErre\" \/>\n<meta property=\"article:publisher\" content=\"https:\/\/www.facebook.com\/ElleErre.it\" \/>\n<meta property=\"article:modified_time\" content=\"2024-11-04T22:38:59+00:00\" \/>\n<meta property=\"og:image\" content=\"https:\/\/elleerre.it\/wp-content\/uploads\/2021\/04\/tappeto-gommato-sottobici-yellow.jpg\" \/>\n\t<meta property=\"og:image:width\" content=\"1200\" \/>\n\t<meta property=\"og:image:height\" content=\"1200\" \/>\n\t<meta property=\"og:image:type\" content=\"image\/jpeg\" \/>\n<meta name=\"twitter:card\" content=\"summary_large_image\" \/>\n<meta name=\"twitter:label1\" content=\"Gesch\u00e4tzte Lesezeit\" \/>\n\t<meta name=\"twitter:data1\" content=\"2\u00a0Minuten\" \/>\n<script type=\"application\/ld+json\" class=\"yoast-schema-graph\">{\"@context\":\"https:\\\/\\\/schema.org\",\"@graph\":[{\"@type\":\"WebPage\",\"@id\":\"https:\\\/\\\/elleerre.it\\\/de\\\/personalisierte-teppiche\\\/bike-training-mat-de\\\/bike-training-mat\\\/\",\"url\":\"https:\\\/\\\/elleerre.it\\\/de\\\/personalisierte-teppiche\\\/bike-training-mat-de\\\/bike-training-mat\\\/\",\"name\":\"Bike training mat for trainer or rollers - Shop online ElleErre\",\"isPartOf\":{\"@id\":\"https:\\\/\\\/elleerre.it\\\/#website\"},\"primaryImageOfPage\":{\"@id\":\"https:\\\/\\\/elleerre.it\\\/de\\\/personalisierte-teppiche\\\/bike-training-mat-de\\\/bike-training-mat\\\/#primaryimage\"},\"image\":{\"@id\":\"https:\\\/\\\/elleerre.it\\\/de\\\/personalisierte-teppiche\\\/bike-training-mat-de\\\/bike-training-mat\\\/#primaryimage\"},\"thumbnailUrl\":\"https:\\\/\\\/elleerre.it\\\/wp-content\\\/uploads\\\/2021\\\/04\\\/tappeto-gommato-sottobici-yellow.jpg\",\"datePublished\":\"2021-05-25T18:03:22+00:00\",\"dateModified\":\"2024-11-04T22:38:59+00:00\",\"breadcrumb\":{\"@id\":\"https:\\\/\\\/elleerre.it\\\/de\\\/personalisierte-teppiche\\\/bike-training-mat-de\\\/bike-training-mat\\\/#breadcrumb\"},\"inLanguage\":\"de\",\"potentialAction\":[{\"@type\":\"ReadAction\",\"target\":[\"https:\\\/\\\/elleerre.it\\\/de\\\/personalisierte-teppiche\\\/bike-training-mat-de\\\/bike-training-mat\\\/\"]}]},{\"@type\":\"ImageObject\",\"inLanguage\":\"de\",\"@id\":\"https:\\\/\\\/elleerre.it\\\/de\\\/personalisierte-teppiche\\\/bike-training-mat-de\\\/bike-training-mat\\\/#primaryimage\",\"url\":\"https:\\\/\\\/elleerre.it\\\/wp-content\\\/uploads\\\/2021\\\/04\\\/tappeto-gommato-sottobici-yellow.jpg\",\"contentUrl\":\"https:\\\/\\\/elleerre.it\\\/wp-content\\\/uploads\\\/2021\\\/04\\\/tappeto-gommato-sottobici-yellow.jpg\",\"width\":1200,\"height\":1200},{\"@type\":\"BreadcrumbList\",\"@id\":\"https:\\\/\\\/elleerre.it\\\/de\\\/personalisierte-teppiche\\\/bike-training-mat-de\\\/bike-training-mat\\\/#breadcrumb\",\"itemListElement\":[{\"@type\":\"ListItem\",\"position\":1,\"name\":\"Home\",\"item\":\"https:\\\/\\\/elleerre.it\\\/de\\\/\"},{\"@type\":\"ListItem\",\"position\":2,\"name\":\"Shop\",\"item\":\"https:\\\/\\\/elleerre.it\\\/shop\\\/\"},{\"@type\":\"ListItem\",\"position\":3,\"name\":\"Bike training mat\"}]},{\"@type\":\"WebSite\",\"@id\":\"https:\\\/\\\/elleerre.it\\\/#website\",\"url\":\"https:\\\/\\\/elleerre.it\\\/\",\"name\":\"ElleErre\",\"description\":\"Abbigliamento sportivo personalizzato\",\"publisher\":{\"@id\":\"https:\\\/\\\/elleerre.it\\\/#organization\"},\"potentialAction\":[{\"@type\":\"SearchAction\",\"target\":{\"@type\":\"EntryPoint\",\"urlTemplate\":\"https:\\\/\\\/elleerre.it\\\/?s={search_term_string}\"},\"query-input\":{\"@type\":\"PropertyValueSpecification\",\"valueRequired\":true,\"valueName\":\"search_term_string\"}}],\"inLanguage\":\"de\"},{\"@type\":\"Organization\",\"@id\":\"https:\\\/\\\/elleerre.it\\\/#organization\",\"name\":\"ElleErre\",\"url\":\"https:\\\/\\\/elleerre.it\\\/\",\"logo\":{\"@type\":\"ImageObject\",\"inLanguage\":\"de\",\"@id\":\"https:\\\/\\\/elleerre.it\\\/#\\\/schema\\\/logo\\\/image\\\/\",\"url\":\"https:\\\/\\\/elleerre.it\\\/wp-content\\\/uploads\\\/2021\\\/04\\\/fettuccia_elleerre_var.jpg\",\"contentUrl\":\"https:\\\/\\\/elleerre.it\\\/wp-content\\\/uploads\\\/2021\\\/04\\\/fettuccia_elleerre_var.jpg\",\"width\":300,\"height\":300,\"caption\":\"ElleErre\"},\"image\":{\"@id\":\"https:\\\/\\\/elleerre.it\\\/#\\\/schema\\\/logo\\\/image\\\/\"},\"sameAs\":[\"https:\\\/\\\/www.facebook.com\\\/ElleErre.it\",\"https:\\\/\\\/www.instagram.com\\\/elleerre.it\\\/\",\"https:\\\/\\\/www.youtube.com\\\/user\\\/EasyFlag\"]}]}<\/script>\n<!-- \/ Yoast SEO plugin. -->","yoast_head_json":{"title":"Bike training mat for trainer or rollers - Shop online ElleErre","robots":{"index":"index","follow":"follow","max-snippet":"max-snippet:-1","max-image-preview":"max-image-preview:large","max-video-preview":"max-video-preview:-1"},"canonical":"https:\/\/elleerre.it\/de\/personalisierte-teppiche\/bike-training-mat-de\/bike-training-mat\/","og_locale":"de_DE","og_type":"article","og_title":"Bike training mat for trainer or rollers - Shop online ElleErre","og_url":"https:\/\/elleerre.it\/de\/personalisierte-teppiche\/bike-training-mat-de\/bike-training-mat\/","og_site_name":"ElleErre","article_publisher":"https:\/\/www.facebook.com\/ElleErre.it","article_modified_time":"2024-11-04T22:38:59+00:00","og_image":[{"width":1200,"height":1200,"url":"https:\/\/elleerre.it\/wp-content\/uploads\/2021\/04\/tappeto-gommato-sottobici-yellow.jpg","type":"image\/jpeg"}],"twitter_card":"summary_large_image","twitter_misc":{"Gesch\u00e4tzte Lesezeit":"2\u00a0Minuten"},"schema":{"@context":"https:\/\/schema.org","@graph":[{"@type":"WebPage","@id":"https:\/\/elleerre.it\/de\/personalisierte-teppiche\/bike-training-mat-de\/bike-training-mat\/","url":"https:\/\/elleerre.it\/de\/personalisierte-teppiche\/bike-training-mat-de\/bike-training-mat\/","name":"Bike training mat for trainer or rollers - Shop online ElleErre","isPartOf":{"@id":"https:\/\/elleerre.it\/#website"},"primaryImageOfPage":{"@id":"https:\/\/elleerre.it\/de\/personalisierte-teppiche\/bike-training-mat-de\/bike-training-mat\/#primaryimage"},"image":{"@id":"https:\/\/elleerre.it\/de\/personalisierte-teppiche\/bike-training-mat-de\/bike-training-mat\/#primaryimage"},"thumbnailUrl":"https:\/\/elleerre.it\/wp-content\/uploads\/2021\/04\/tappeto-gommato-sottobici-yellow.jpg","datePublished":"2021-05-25T18:03:22+00:00","dateModified":"2024-11-04T22:38:59+00:00","breadcrumb":{"@id":"https:\/\/elleerre.it\/de\/personalisierte-teppiche\/bike-training-mat-de\/bike-training-mat\/#breadcrumb"},"inLanguage":"de","potentialAction":[{"@type":"ReadAction","target":["https:\/\/elleerre.it\/de\/personalisierte-teppiche\/bike-training-mat-de\/bike-training-mat\/"]}]},{"@type":"ImageObject","inLanguage":"de","@id":"https:\/\/elleerre.it\/de\/personalisierte-teppiche\/bike-training-mat-de\/bike-training-mat\/#primaryimage","url":"https:\/\/elleerre.it\/wp-content\/uploads\/2021\/04\/tappeto-gommato-sottobici-yellow.jpg","contentUrl":"https:\/\/elleerre.it\/wp-content\/uploads\/2021\/04\/tappeto-gommato-sottobici-yellow.jpg","width":1200,"height":1200},{"@type":"BreadcrumbList","@id":"https:\/\/elleerre.it\/de\/personalisierte-teppiche\/bike-training-mat-de\/bike-training-mat\/#breadcrumb","itemListElement":[{"@type":"ListItem","position":1,"name":"Home","item":"https:\/\/elleerre.it\/de\/"},{"@type":"ListItem","position":2,"name":"Shop","item":"https:\/\/elleerre.it\/shop\/"},{"@type":"ListItem","position":3,"name":"Bike training mat"}]},{"@type":"WebSite","@id":"https:\/\/elleerre.it\/#website","url":"https:\/\/elleerre.it\/","name":"ElleErre","description":"Abbigliamento sportivo personalizzato","publisher":{"@id":"https:\/\/elleerre.it\/#organization"},"potentialAction":[{"@type":"SearchAction","target":{"@type":"EntryPoint","urlTemplate":"https:\/\/elleerre.it\/?s={search_term_string}"},"query-input":{"@type":"PropertyValueSpecification","valueRequired":true,"valueName":"search_term_string"}}],"inLanguage":"de"},{"@type":"Organization","@id":"https:\/\/elleerre.it\/#organization","name":"ElleErre","url":"https:\/\/elleerre.it\/","logo":{"@type":"ImageObject","inLanguage":"de","@id":"https:\/\/elleerre.it\/#\/schema\/logo\/image\/","url":"https:\/\/elleerre.it\/wp-content\/uploads\/2021\/04\/fettuccia_elleerre_var.jpg","contentUrl":"https:\/\/elleerre.it\/wp-content\/uploads\/2021\/04\/fettuccia_elleerre_var.jpg","width":300,"height":300,"caption":"ElleErre"},"image":{"@id":"https:\/\/elleerre.it\/#\/schema\/logo\/image\/"},"sameAs":["https:\/\/www.facebook.com\/ElleErre.it","https:\/\/www.instagram.com\/elleerre.it\/","https:\/\/www.youtube.com\/user\/EasyFlag"]}]}},"_links":{"self":[{"href":"https:\/\/elleerre.it\/de\/wp-json\/wp\/v2\/product\/13161","targetHints":{"allow":["GET"]}}],"collection":[{"href":"https:\/\/elleerre.it\/de\/wp-json\/wp\/v2\/product"}],"about":[{"href":"https:\/\/elleerre.it\/de\/wp-json\/wp\/v2\/types\/product"}],"wp:featuredmedia":[{"embeddable":true,"href":"https:\/\/elleerre.it\/de\/wp-json\/wp\/v2\/media\/11674"}],"wp:attachment":[{"href":"https:\/\/elleerre.it\/de\/wp-json\/wp\/v2\/media?parent=13161"}],"wp:term":[{"taxonomy":"product_brand","embeddable":true,"href":"https:\/\/elleerre.it\/de\/wp-json\/wp\/v2\/product_brand?post=13161"},{"taxonomy":"product_cat","embeddable":true,"href":"https:\/\/elleerre.it\/de\/wp-json\/wp\/v2\/product_cat?post=13161"},{"taxonomy":"product_tag","embeddable":true,"href":"https:\/\/elleerre.it\/de\/wp-json\/wp\/v2\/product_tag?post=13161"}],"curies":[{"name":"wp","href":"https:\/\/api.w.org\/{rel}","templated":true}]}}